{"id":173763,"date":"2026-04-23T12:39:15","date_gmt":"2026-04-23T17:39:15","guid":{"rendered":"https:\/\/sunyouth.org\/?page_id=173763"},"modified":"2026-05-06T12:59:32","modified_gmt":"2026-05-06T17:59:32","slug":"don-planifie","status":"publish","type":"page","link":"https:\/\/sunyouth.org\/fr\/don-planifie\/","title":{"rendered":"Don planifi\u00e9"},"content":{"rendered":"<div class=\"wpb-content-wrapper\"><p>[vc_row full_width=\u00a0\u00bbstretch_row_content\u00a0\u00bb full_height=\u00a0\u00bbyes\u00a0\u00bb el_disable_mobile=\u00a0\u00bb1&Prime; thegem_shadow_color=\u00a0\u00bb#000000&Prime; thegem_enable_shadow=\u00a0\u00bbtrue\u00a0\u00bb css=\u00a0\u00bb.vc_custom_1777570166734{margin-top: -350px !important;background-image: url(https:\/\/sunyouth.org\/wp-content\/uploads\/2026\/04\/KId2.jpg?id=173751) !important;background-position: center !important;background-repeat: no-repeat !important;background-size: cover !important;}\u00a0\u00bb][vc_column width=\u00a0\u00bb1\/2&Prime;][vc_row_inner][vc_column_inner width=\u00a0\u00bb1\/2&Prime;][\/vc_column_inner][vc_column_inner width=\u00a0\u00bb1\/2&Prime;][\/vc_column_inner][\/vc_row_inner][\/vc_column][vc_column width=\u00a0\u00bb1\/2&Prime;][vc_custom_heading text=\u00a0\u00bbSemez l\u2019espoir aujourd\u2019hui\u00a0\u00bb font_container=\u00a0\u00bbtag:h1|text_align:left|color:%23FFFFFF\u00a0\u00bb use_theme_fonts=\u00a0\u00bbyes\u00a0\u00bb css=\u00a0\u00bb\u00a0\u00bb][vc_row_inner][vc_column_inner width=\u00a0\u00bb1\/2&Prime;][vc_column_text css=\u00a0\u00bb\u00a0\u00bb]<span style=\"color: #ffffff;\">En choisissant d\u2019inclure Jeunesse au soleil dans votre planification financi\u00e8re ou successorale, vous posez un geste profond\u00e9ment significatif qui permettra de soutenir des enfants et des familles vuln\u00e9rables pour les ann\u00e9es \u00e0 venir. Votre g\u00e9n\u00e9rosit\u00e9 laissera un impact durable dans la communaut\u00e9.<\/span>[\/vc_column_text][\/vc_column_inner][vc_column_inner width=\u00a0\u00bb1\/2&Prime;][\/vc_column_inner][\/vc_row_inner][\/vc_column][\/vc_row][vc_row full_width=\u00a0\u00bbstretch_row_content\u00a0\u00bb full_height=\u00a0\u00bbyes\u00a0\u00bb el_disable_desktop=\u00a0\u00bb1&Prime; el_disable_tablet=\u00a0\u00bb1&Prime; thegem_shadow_color=\u00a0\u00bb#000000&Prime; thegem_enable_shadow=\u00a0\u00bbtrue\u00a0\u00bb css=\u00a0\u00bb.vc_custom_1777570709950{margin-top: -350px !important;background-image: url(https:\/\/sunyouth.org\/wp-content\/uploads\/2026\/04\/Copy-of-DAy-CAmp-23-_-Apes-la-cloche-scaled-e1777570459789.jpg?id=173817) !important;background-position: center !important;background-repeat: no-repeat !important;background-size: cover !important;}\u00a0\u00bb][vc_column][vc_empty_space height=\u00a0\u00bb50px\u00a0\u00bb][vc_custom_heading text=\u00a0\u00bbSemez l\u2019espoir aujourd\u2019hui\u00a0\u00bb font_container=\u00a0\u00bbtag:h1|text_align:center|color:%23000000&Prime; use_theme_fonts=\u00a0\u00bbyes\u00a0\u00bb css=\u00a0\u00bb\u00a0\u00bb][\/vc_column][\/vc_row][vc_row][vc_column][vc_empty_space][vc_custom_heading text=\u00a0\u00bbAidez les enfants \u00e0 s\u2019\u00e9panouir demain\u00a0\u00bb font_container=\u00a0\u00bbtag:h2|text_align:center|color:%23000000&Prime; use_theme_fonts=\u00a0\u00bbyes\u00a0\u00bb css=\u00a0\u00bb\u00a0\u00bb][vc_column_text css=\u00a0\u00bb\u00a0\u00bb]<\/p>\n<p style=\"text-align: center;\"><span style=\"color: #000000;\">En int\u00e9grant notre organisme \u00e0 votre planification financi\u00e8re ou successorale, vous posez un geste profond\u00e9ment humain qui permettra de soutenir des enfants et des familles vuln\u00e9rables pour les ann\u00e9es \u00e0 venir. Votre g\u00e9n\u00e9rosit\u00e9 laissera une empreinte durable.<\/span><\/p>\n<p>[\/vc_column_text][vc_empty_space][\/vc_column][\/vc_row][vc_row css=\u00a0\u00bb.vc_custom_1776708465286{background-color: #F5F5F5 !important;}\u00a0\u00bb][vc_column width=\u00a0\u00bb1\/4&Prime;][vc_empty_space][\/vc_column][vc_column width=\u00a0\u00bb1\/2&Prime;][vc_empty_space height=\u00a0\u00bb20px\u00a0\u00bb][vc_column_text css=\u00a0\u00bb\u00a0\u00bb css_animation=\u00a0\u00bbnone\u00a0\u00bb]<span style=\"color: #000000; font-size: 30px; line-height: 43px;\"><em>\u00ab En choisissant de faire un don testamentaire \u00e0 Jeunesse au soleil, je souhaite laisser un h\u00e9ritage porteur de sens\u2026 Je vous invite \u00e0 faire de m\u00eame. \u00bb<\/em><\/span><\/p>\n<p><span style=\"color: #000000; font-size: 30px; line-height: 43px;\"><em><strong>&#8211; Andr\u00e9 G.<\/strong><\/em><\/span>[\/vc_column_text][vc_empty_space][\/vc_column][vc_column width=\u00a0\u00bb1\/4&Prime;][\/vc_column][\/vc_row][vc_row][vc_column][vc_empty_space][\/vc_column][\/vc_row][vc_row disable_element=\u00a0\u00bbyes\u00a0\u00bb][vc_column width=\u00a0\u00bb1\/3&Prime;][vc_single_image image=\u00a0\u00bb173755&Prime; img_size=\u00a0\u00bblarge\u00a0\u00bb style=\u00a0\u00bbvc_box_border_circle\u00a0\u00bb css=\u00a0\u00bb.vc_custom_1775832074396{background-image: url(https:\/\/sunyouth.org\/wp-content\/uploads\/2026\/04\/ravi-patel-VMGAbeeJTKo-unsplash-scaled.jpg?id=173696) !important;}\u00a0\u00bb][vc_custom_heading text=\u00a0\u00bbPlanned giving\u00a0\u00bb font_container=\u00a0\u00bbtag:h2|text_align:center|color:%23000000&Prime; use_theme_fonts=\u00a0\u00bbyes\u00a0\u00bb css=\u00a0\u00bb\u00a0\u00bb][\/vc_column][vc_column width=\u00a0\u00bb1\/3&Prime;][vc_single_image image=\u00a0\u00bb173756&Prime; img_size=\u00a0\u00bblarge\u00a0\u00bb style=\u00a0\u00bbvc_box_border_circle\u00a0\u00bb css=\u00a0\u00bb.vc_custom_1775832086157{background-image: url(https:\/\/sunyouth.org\/wp-content\/uploads\/2026\/04\/aaron-burden-y02jEX_B0O0-unsplash-scaled.jpg?id=173698) !important;}\u00a0\u00bb][vc_custom_heading text=\u00a0\u00bbPlanned giving\u00a0\u00bb font_container=\u00a0\u00bbtag:h2|text_align:center|color:%23000000&Prime; use_theme_fonts=\u00a0\u00bbyes\u00a0\u00bb css=\u00a0\u00bb\u00a0\u00bb][\/vc_column][vc_column width=\u00a0\u00bb1\/3&Prime;][vc_single_image image=\u00a0\u00bb173757&Prime; img_size=\u00a0\u00bblarge\u00a0\u00bb style=\u00a0\u00bbvc_box_border_circle\u00a0\u00bb css=\u00a0\u00bb.vc_custom_1775832117512{background-image: url(https:\/\/sunyouth.org\/wp-content\/uploads\/2026\/04\/alexas_fotos-6W1voPFLfrc-unsplash-scaled.jpg?id=173697) !important;}\u00a0\u00bb][vc_custom_heading text=\u00a0\u00bbPlanned giving\u00a0\u00bb font_container=\u00a0\u00bbtag:h2|text_align:center|color:%23000000&Prime; use_theme_fonts=\u00a0\u00bbyes\u00a0\u00bb css=\u00a0\u00bb\u00a0\u00bb][\/vc_column][\/vc_row][vc_row][vc_column width=\u00a0\u00bb1\/3&Prime;][vc_single_image image=\u00a0\u00bb173804&Prime; img_size=\u00a0\u00bblarge\u00a0\u00bb style=\u00a0\u00bbvc_box_border_circle\u00a0\u00bb css=\u00a0\u00bb.vc_custom_1777481045752{background-image: url(https:\/\/sunyouth.org\/wp-content\/uploads\/2026\/04\/aaron-burden-y02jEX_B0O0-unsplash-scaled.jpg?id=173698) !important;}\u00a0\u00bb][vc_custom_heading text=\u00a0\u00bbDons testamentaires\u00a0\u00bb font_container=\u00a0\u00bbtag:h3|text_align:center|color:%23000000&Prime; use_theme_fonts=\u00a0\u00bbyes\u00a0\u00bb css=\u00a0\u00bb\u00a0\u00bb][vc_column_text css=\u00a0\u00bb\u00a0\u00bb]<span style=\"color: #000000;\">Les dons testamentaires sont la forme la plus courante de don planifi\u00e9. Ils consistent \u00e0 d\u00e9signer Jeunesse au soleil comme b\u00e9n\u00e9ficiaire dans votre testament. C\u2019est un geste simple, d&rsquo;un impact profond, qui permet d\u2019assurer que des enfants et des familles vuln\u00e9rables continuent de recevoir du soutien essentiel, des soins et des occasions de s\u2019\u00e9panouir pour les ann\u00e9es \u00e0 venir.<\/span>[\/vc_column_text][vc_empty_space][\/vc_column][vc_column width=\u00a0\u00bb1\/3&Prime;][vc_single_image image=\u00a0\u00bb173805&Prime; img_size=\u00a0\u00bblarge\u00a0\u00bb style=\u00a0\u00bbvc_box_border_circle\u00a0\u00bb css=\u00a0\u00bb.vc_custom_1777480597005{background-image: url(https:\/\/sunyouth.org\/wp-content\/uploads\/2026\/04\/ravi-patel-VMGAbeeJTKo-unsplash-scaled.jpg?id=173696) !important;}\u00a0\u00bb][vc_custom_heading text=\u00a0\u00bbDons en titres\u00a0\u00bb font_container=\u00a0\u00bbtag:h3|text_align:center|color:%23000000&Prime; use_theme_fonts=\u00a0\u00bbyes\u00a0\u00bb css=\u00a0\u00bb\u00a0\u00bb][vc_column_text css=\u00a0\u00bb\u00a0\u00bb]<span style=\"color: #000000;\">En choisissant de donner des titres, tels que des actions, des obligations ou des parts de fonds communs de placement, vous transformez un actif financier en un geste de g\u00e9n\u00e9rosit\u00e9 durable. Cette forme r\u00e9fl\u00e9chie de don vous permet de soutenir notre mission de mani\u00e8re particuli\u00e8rement avantageuse sur le plan fiscal, tout en contribuant \u00e0 b\u00e2tir un h\u00e9ritage qui d\u00e9passe le pr\u00e9sent.<\/span>[\/vc_column_text][vc_empty_space][\/vc_column][vc_column width=\u00a0\u00bb1\/3&Prime;][vc_single_image image=\u00a0\u00bb173806&Prime; img_size=\u00a0\u00bblarge\u00a0\u00bb style=\u00a0\u00bbvc_box_border_circle\u00a0\u00bb css=\u00a0\u00bb.vc_custom_1777485092357{background-image: url(https:\/\/sunyouth.org\/wp-content\/uploads\/2026\/04\/alexas_fotos-6W1voPFLfrc-unsplash-scaled.jpg?id=173697) !important;}\u00a0\u00bb][vc_custom_heading text=\u00a0\u00bbDons assurance-vie\u00a0\u00bb font_container=\u00a0\u00bbtag:h3|text_align:center|color:%23000000&Prime; use_theme_fonts=\u00a0\u00bbyes\u00a0\u00bb css=\u00a0\u00bb.vc_custom_1777305940780{margin-right: 30px !important;}\u00a0\u00bb][vc_column_text css=\u00a0\u00bb\u00a0\u00bb]<span style=\"color: #000000;\">En consacrant une modeste prime mensuelle \u00e0 une police d\u2019assurance vie, vous pouvez apporter une contribution durable \u00e0 Jeunesse au soleil. Cette forme r\u00e9fl\u00e9chie de don planifi\u00e9 soutient notre mission pour les ann\u00e9es \u00e0 venir et offre, en plus, d\u2019importants avantages fiscaux.\u202f<\/span>[\/vc_column_text][vc_empty_space][\/vc_column][\/vc_row][vc_row disable_element=\u00a0\u00bbyes\u00a0\u00bb][vc_column width=\u00a0\u00bb1\/3&Prime;][vc_btn title=\u00a0\u00bbEn savoir plus\u00a0\u00bb align=\u00a0\u00bbcenter\u00a0\u00bb css=\u00a0\u00bb\u00a0\u00bb][\/vc_column][vc_column width=\u00a0\u00bb1\/3&Prime;][vc_btn title=\u00a0\u00bbEn savoir plus\u00a0\u00bb align=\u00a0\u00bbcenter\u00a0\u00bb css=\u00a0\u00bb\u00a0\u00bb][\/vc_column][vc_column width=\u00a0\u00bb1\/3&Prime;][vc_btn title=\u00a0\u00bbEn savoir plus\u00a0\u00bb align=\u00a0\u00bbcenter\u00a0\u00bb css=\u00a0\u00bb\u00a0\u00bb][\/vc_column][\/vc_row][vc_row][vc_column][vc_empty_space][vc_custom_heading text=\u00a0\u00bbCommuniquez avec notre \u00e9quipe philanthropique\u00a0\u00bb font_container=\u00a0\u00bbtag:h2|text_align:center|color:%23000000&Prime; use_theme_fonts=\u00a0\u00bbyes\u00a0\u00bb css=\u00a0\u00bb\u00a0\u00bb][vc_empty_space][vc_btn title=\u00a0\u00bb\u00c9crivez-nous\u00a0\u00bb align=\u00a0\u00bbcenter\u00a0\u00bb css=\u00a0\u00bb\u00a0\u00bb link=\u00a0\u00bburl:mailto%3Agvanessa.serant%40jas-sy.org\u00a0\u00bb][\/vc_column][\/vc_row][vc_row disable_element=\u00a0\u00bbyes\u00a0\u00bb][vc_column width=\u00a0\u00bb1\/2&Prime;][vc_single_image image=\u00a0\u00bb173758&Prime; img_size=\u00a0\u00bblarge\u00a0\u00bb style=\u00a0\u00bbvc_box_shadow_3d\u00a0\u00bb css=\u00a0\u00bb\u00a0\u00bb][\/vc_column][vc_column width=\u00a0\u00bb1\/2&Prime;][vc_empty_space][vc_column_text css=\u00a0\u00bb\u00a0\u00bb]<span style=\"color: #000000;\">Lorem ipsum dolor sit amet, consectetur adipiscing elit. Phasellus vestibulum eros urna, in laoreet lorem lobortis nec. Sed vitae metus dignissim, egestas mauris sed, maximus eros. Nullam malesuada iaculis enim, eu tristique ante dignissim nec. Vestibulum neque magna, congue quis eros nec, aliquam pellentesque felis. Praesent sed auctor nisi, vel viverra lorem. Lorem ipsum dolor sit amet, consectetur adipiscing elit. In hac habitasse platea dictumst. Vestibulum pulvinar dictum pellentesque. Aliquam nibh diam, auctor eu ullamcorper nec, efficitur vel nisi. Donec sollicitudin turpis in volutpat luctus. Nam sagittis augue sit amet dictum dictum. Maecenas a congue mi. Pellentesque rhoncus arcu sem. In sed ex massa.<\/span><\/p>\n<p><span style=\"color: #000000;\">Vivamus at ultrices risus. Vestibulum porta placerat odio, vitae tempus nulla varius eget. Nulla eget aliquam ex. Proin pharetra dictum bibendum. Duis risus nunc, lacinia eget mollis non, efficitur eu sem. Nunc eget est sed massa iaculis pulvinar. Etiam nisl ligula, hendrerit non mauris a, accumsan sollicitudin tellus. Fusce finibus dapibus erat eget varius. Aenean ultricies nulla sed arcu maximus, efficitur sagittis felis pulvinar. Nullam vehicula tincidunt dolor.<\/span>[\/vc_column_text][\/vc_column][\/vc_row][vc_row disable_element=\u00a0\u00bbyes\u00a0\u00bb][vc_column width=\u00a0\u00bb1\/2&Prime;][vc_empty_space][vc_column_text css=\u00a0\u00bb\u00a0\u00bb]<span style=\"color: #000000;\">Lorem ipsum dolor sit amet, consectetur adipiscing elit. Phasellus vestibulum eros urna, in laoreet lorem lobortis nec. Sed vitae metus dignissim, egestas mauris sed, maximus eros. Nullam malesuada iaculis enim, eu tristique ante dignissim nec. Vestibulum neque magna, congue quis eros nec, aliquam pellentesque felis. Praesent sed auctor nisi, vel viverra lorem. Lorem ipsum dolor sit amet, consectetur adipiscing elit. In hac habitasse platea dictumst. Vestibulum pulvinar dictum pellentesque. Aliquam nibh diam, auctor eu ullamcorper nec, efficitur vel nisi. Donec sollicitudin turpis in volutpat luctus. Nam sagittis augue sit amet dictum dictum. Maecenas a congue mi. Pellentesque rhoncus arcu sem. In sed ex massa.<\/span><\/p>\n<p><span style=\"color: #000000;\">Vivamus at ultrices risus. Vestibulum porta placerat odio, vitae tempus nulla varius eget. Nulla eget aliquam ex. Proin pharetra dictum bibendum. Duis risus nunc, lacinia eget mollis non, efficitur eu sem. Nunc eget est sed massa iaculis pulvinar. Etiam nisl ligula, hendrerit non mauris a, accumsan sollicitudin tellus. Fusce finibus dapibus erat eget varius. Aenean ultricies nulla sed arcu maximus, efficitur sagittis felis pulvinar. Nullam vehicula tincidunt dolor.<\/span>[\/vc_column_text][\/vc_column][vc_column width=\u00a0\u00bb1\/2&Prime;][vc_single_image image=\u00a0\u00bb173759&Prime; img_size=\u00a0\u00bblarge\u00a0\u00bb alignment=\u00a0\u00bbcenter\u00a0\u00bb style=\u00a0\u00bbvc_box_shadow_3d\u00a0\u00bb css=\u00a0\u00bb\u00a0\u00bb][\/vc_column][\/vc_row][vc_row disable_element=\u00a0\u00bbyes\u00a0\u00bb][vc_column width=\u00a0\u00bb1\/2&Prime;][vc_single_image image=\u00a0\u00bb173760&Prime; img_size=\u00a0\u00bblarge\u00a0\u00bb alignment=\u00a0\u00bbcenter\u00a0\u00bb style=\u00a0\u00bbvc_box_shadow_3d\u00a0\u00bb css=\u00a0\u00bb\u00a0\u00bb][\/vc_column][vc_column width=\u00a0\u00bb1\/2&Prime;][vc_empty_space][vc_column_text css=\u00a0\u00bb\u00a0\u00bb]<span style=\"color: #000000;\">Lorem ipsum dolor sit amet, consectetur adipiscing elit. Phasellus vestibulum eros urna, in laoreet lorem lobortis nec. Sed vitae metus dignissim, egestas mauris sed, maximus eros. Nullam malesuada iaculis enim, eu tristique ante dignissim nec. Vestibulum neque magna, congue quis eros nec, aliquam pellentesque felis. Praesent sed auctor nisi, vel viverra lorem. Lorem ipsum dolor sit amet, consectetur adipiscing elit. In hac habitasse platea dictumst. Vestibulum pulvinar dictum pellentesque. Aliquam nibh diam, auctor eu ullamcorper nec, efficitur vel nisi. Donec sollicitudin turpis in volutpat luctus. Nam sagittis augue sit amet dictum dictum. Maecenas a congue mi. Pellentesque rhoncus arcu sem. In sed ex massa.<\/span><\/p>\n<p><span style=\"color: #000000;\">Vivamus at ultrices risus. Vestibulum porta placerat odio, vitae tempus nulla varius eget. Nulla eget aliquam ex. Proin pharetra dictum bibendum. Duis risus nunc, lacinia eget mollis non, efficitur eu sem. Nunc eget est sed massa iaculis pulvinar. Etiam nisl ligula, hendrerit non mauris a, accumsan sollicitudin tellus. Fusce finibus dapibus erat eget varius. Aenean ultricies nulla sed arcu maximus, efficitur sagittis felis pulvinar. Nullam vehicula tincidunt dolor.<\/span>[\/vc_column_text][\/vc_column][\/vc_row]<\/p>\n<\/div>","protected":false},"excerpt":{"rendered":"<p>[vc_row full_width=\u00a0\u00bbstretch_row_content\u00a0\u00bb full_height=\u00a0\u00bbyes\u00a0\u00bb el_disable_mobile=\u00a0\u00bb1&Prime; thegem_shadow_color=\u00a0\u00bb#000000&Prime; thegem_enable_shadow=\u00a0\u00bbtrue\u00a0\u00bb css=\u00a0\u00bb.vc_custom_1777570166734{margin-top: -350px !important;background-image: url(https:\/\/sunyouth.org\/wp-content\/uploads\/2026\/04\/KId2.jpg?id=173751) !important;background-position: center !important;background-repeat: no-repeat !important;background-size: cover !important;}\u00a0\u00bb][vc_column width=\u00a0\u00bb1\/2&Prime;][vc_row_inner][vc_column_inner width=\u00a0\u00bb1\/2&Prime;][\/vc_column_inner][vc_column_inner width=\u00a0\u00bb1\/2&Prime;][\/vc_column_inner][\/vc_row_inner][\/vc_column][vc_column width=\u00a0\u00bb1\/2&Prime;][vc_custom_heading text=\u00a0\u00bbSemez&#8230;<\/p>\n","protected":false},"author":34,"featured_media":0,"parent":0,"menu_order":0,"comment_status":"closed","ping_status":"closed","template":"","meta":{"_acf_changed":false,"_monsterinsights_skip_tracking":false,"_monsterinsights_sitenote_active":false,"_monsterinsights_sitenote_note":"","_monsterinsights_sitenote_category":0,"footnotes":""},"class_list":["post-173763","page","type-page","status-publish"],"acf":[],"yoast_head":"<!-- This site is optimized with the Yoast SEO plugin v27.5 - https:\/\/yoast.com\/product\/yoast-seo-wordpress\/ -->\n<title>Don planifi\u00e9 - Jeunesse au soleil<\/title>\n<meta name=\"robots\" content=\"index, follow, max-snippet:-1, max-image-preview:large, max-video-preview:-1\" \/>\n<link rel=\"canonical\" href=\"https:\/\/sunyouth.org\/fr\/don-planifie\/\" \/>\n<meta property=\"og:locale\" content=\"fr_FR\" \/>\n<meta property=\"og:type\" content=\"article\" \/>\n<meta property=\"og:title\" content=\"Don planifi\u00e9 - Jeunesse au soleil\" \/>\n<meta property=\"og:description\" content=\"[vc_row full_width=\u00a0\u00bbstretch_row_content\u00a0\u00bb full_height=\u00a0\u00bbyes\u00a0\u00bb el_disable_mobile=\u00a0\u00bb1&Prime; thegem_shadow_color=\u00a0\u00bb#000000&Prime; thegem_enable_shadow=\u00a0\u00bbtrue\u00a0\u00bb css=\u00a0\u00bb.vc_custom_1777570166734{margin-top: -350px !important;background-image: url(https:\/\/sunyouth.org\/wp-content\/uploads\/2026\/04\/KId2.jpg?id=173751) !important;background-position: center !important;background-repeat: no-repeat !important;background-size: cover !important;}\u00a0\u00bb][vc_column width=\u00a0\u00bb1\/2&Prime;][vc_row_inner][vc_column_inner width=\u00a0\u00bb1\/2&Prime;][\/vc_column_inner][vc_column_inner width=\u00a0\u00bb1\/2&Prime;][\/vc_column_inner][\/vc_row_inner][\/vc_column][vc_column width=\u00a0\u00bb1\/2&Prime;][vc_custom_heading text=\u00a0\u00bbSemez...\" \/>\n<meta property=\"og:url\" content=\"https:\/\/sunyouth.org\/fr\/don-planifie\/\" \/>\n<meta property=\"og:site_name\" content=\"Jeunesse au soleil\" \/>\n<meta property=\"article:modified_time\" content=\"2026-05-06T17:59:32+00:00\" \/>\n<meta name=\"twitter:card\" content=\"summary_large_image\" \/>\n<meta name=\"twitter:label1\" content=\"Dur\u00e9e de lecture estim\u00e9e\" \/>\n\t<meta name=\"twitter:data1\" content=\"5 minutes\" \/>\n<script type=\"application\/ld+json\" class=\"yoast-schema-graph\">{\"@context\":\"https:\\\/\\\/schema.org\",\"@graph\":[{\"@type\":\"WebPage\",\"@id\":\"https:\\\/\\\/sunyouth.org\\\/fr\\\/don-planifie\\\/\",\"url\":\"https:\\\/\\\/sunyouth.org\\\/fr\\\/don-planifie\\\/\",\"name\":\"Don planifi\u00e9 - Jeunesse au soleil\",\"isPartOf\":{\"@id\":\"https:\\\/\\\/sunyouth.org\\\/#website\"},\"datePublished\":\"2026-04-23T17:39:15+00:00\",\"dateModified\":\"2026-05-06T17:59:32+00:00\",\"breadcrumb\":{\"@id\":\"https:\\\/\\\/sunyouth.org\\\/fr\\\/don-planifie\\\/#breadcrumb\"},\"inLanguage\":\"fr-FR\",\"potentialAction\":[{\"@type\":\"ReadAction\",\"target\":[\"https:\\\/\\\/sunyouth.org\\\/fr\\\/don-planifie\\\/\"]}]},{\"@type\":\"BreadcrumbList\",\"@id\":\"https:\\\/\\\/sunyouth.org\\\/fr\\\/don-planifie\\\/#breadcrumb\",\"itemListElement\":[{\"@type\":\"ListItem\",\"position\":1,\"name\":\"Home\",\"item\":\"https:\\\/\\\/sunyouth.org\\\/fr\\\/\"},{\"@type\":\"ListItem\",\"position\":2,\"name\":\"Don planifi\u00e9\"}]},{\"@type\":\"WebSite\",\"@id\":\"https:\\\/\\\/sunyouth.org\\\/#website\",\"url\":\"https:\\\/\\\/sunyouth.org\\\/\",\"name\":\"Jeunesse au soleil\",\"description\":\"Dedicated since 1954!\",\"publisher\":{\"@id\":\"https:\\\/\\\/sunyouth.org\\\/#organization\"},\"potentialAction\":[{\"@type\":\"SearchAction\",\"target\":{\"@type\":\"EntryPoint\",\"urlTemplate\":\"https:\\\/\\\/sunyouth.org\\\/?s={search_term_string}\"},\"query-input\":{\"@type\":\"PropertyValueSpecification\",\"valueRequired\":true,\"valueName\":\"search_term_string\"}}],\"inLanguage\":\"fr-FR\"},{\"@type\":\"Organization\",\"@id\":\"https:\\\/\\\/sunyouth.org\\\/#organization\",\"name\":\"SUN YOUTH\",\"url\":\"https:\\\/\\\/sunyouth.org\\\/\",\"logo\":{\"@type\":\"ImageObject\",\"inLanguage\":\"fr-FR\",\"@id\":\"https:\\\/\\\/sunyouth.org\\\/#\\\/schema\\\/logo\\\/image\\\/\",\"url\":\"https:\\\/\\\/sunyouth.org\\\/wp-content\\\/uploads\\\/2018\\\/11\\\/LOGO-SUNYOUTH.png\",\"contentUrl\":\"https:\\\/\\\/sunyouth.org\\\/wp-content\\\/uploads\\\/2018\\\/11\\\/LOGO-SUNYOUTH.png\",\"width\":251,\"height\":251,\"caption\":\"SUN YOUTH\"},\"image\":{\"@id\":\"https:\\\/\\\/sunyouth.org\\\/#\\\/schema\\\/logo\\\/image\\\/\"}}]}<\/script>\n<!-- \/ Yoast SEO plugin. -->","yoast_head_json":{"title":"Don planifi\u00e9 - Jeunesse au soleil","robots":{"index":"index","follow":"follow","max-snippet":"max-snippet:-1","max-image-preview":"max-image-preview:large","max-video-preview":"max-video-preview:-1"},"canonical":"https:\/\/sunyouth.org\/fr\/don-planifie\/","og_locale":"fr_FR","og_type":"article","og_title":"Don planifi\u00e9 - Jeunesse au soleil","og_description":"[vc_row full_width=\u00a0\u00bbstretch_row_content\u00a0\u00bb full_height=\u00a0\u00bbyes\u00a0\u00bb el_disable_mobile=\u00a0\u00bb1&Prime; thegem_shadow_color=\u00a0\u00bb#000000&Prime; thegem_enable_shadow=\u00a0\u00bbtrue\u00a0\u00bb css=\u00a0\u00bb.vc_custom_1777570166734{margin-top: -350px !important;background-image: url(https:\/\/sunyouth.org\/wp-content\/uploads\/2026\/04\/KId2.jpg?id=173751) !important;background-position: center !important;background-repeat: no-repeat !important;background-size: cover !important;}\u00a0\u00bb][vc_column width=\u00a0\u00bb1\/2&Prime;][vc_row_inner][vc_column_inner width=\u00a0\u00bb1\/2&Prime;][\/vc_column_inner][vc_column_inner width=\u00a0\u00bb1\/2&Prime;][\/vc_column_inner][\/vc_row_inner][\/vc_column][vc_column width=\u00a0\u00bb1\/2&Prime;][vc_custom_heading text=\u00a0\u00bbSemez...","og_url":"https:\/\/sunyouth.org\/fr\/don-planifie\/","og_site_name":"Jeunesse au soleil","article_modified_time":"2026-05-06T17:59:32+00:00","twitter_card":"summary_large_image","twitter_misc":{"Dur\u00e9e de lecture estim\u00e9e":"5 minutes"},"schema":{"@context":"https:\/\/schema.org","@graph":[{"@type":"WebPage","@id":"https:\/\/sunyouth.org\/fr\/don-planifie\/","url":"https:\/\/sunyouth.org\/fr\/don-planifie\/","name":"Don planifi\u00e9 - Jeunesse au soleil","isPartOf":{"@id":"https:\/\/sunyouth.org\/#website"},"datePublished":"2026-04-23T17:39:15+00:00","dateModified":"2026-05-06T17:59:32+00:00","breadcrumb":{"@id":"https:\/\/sunyouth.org\/fr\/don-planifie\/#breadcrumb"},"inLanguage":"fr-FR","potentialAction":[{"@type":"ReadAction","target":["https:\/\/sunyouth.org\/fr\/don-planifie\/"]}]},{"@type":"BreadcrumbList","@id":"https:\/\/sunyouth.org\/fr\/don-planifie\/#breadcrumb","itemListElement":[{"@type":"ListItem","position":1,"name":"Home","item":"https:\/\/sunyouth.org\/fr\/"},{"@type":"ListItem","position":2,"name":"Don planifi\u00e9"}]},{"@type":"WebSite","@id":"https:\/\/sunyouth.org\/#website","url":"https:\/\/sunyouth.org\/","name":"Jeunesse au soleil","description":"Dedicated since 1954!","publisher":{"@id":"https:\/\/sunyouth.org\/#organization"},"potentialAction":[{"@type":"SearchAction","target":{"@type":"EntryPoint","urlTemplate":"https:\/\/sunyouth.org\/?s={search_term_string}"},"query-input":{"@type":"PropertyValueSpecification","valueRequired":true,"valueName":"search_term_string"}}],"inLanguage":"fr-FR"},{"@type":"Organization","@id":"https:\/\/sunyouth.org\/#organization","name":"SUN YOUTH","url":"https:\/\/sunyouth.org\/","logo":{"@type":"ImageObject","inLanguage":"fr-FR","@id":"https:\/\/sunyouth.org\/#\/schema\/logo\/image\/","url":"https:\/\/sunyouth.org\/wp-content\/uploads\/2018\/11\/LOGO-SUNYOUTH.png","contentUrl":"https:\/\/sunyouth.org\/wp-content\/uploads\/2018\/11\/LOGO-SUNYOUTH.png","width":251,"height":251,"caption":"SUN YOUTH"},"image":{"@id":"https:\/\/sunyouth.org\/#\/schema\/logo\/image\/"}}]}},"_links":{"self":[{"href":"https:\/\/sunyouth.org\/fr\/wp-json\/wp\/v2\/pages\/173763","targetHints":{"allow":["GET"]}}],"collection":[{"href":"https:\/\/sunyouth.org\/fr\/wp-json\/wp\/v2\/pages"}],"about":[{"href":"https:\/\/sunyouth.org\/fr\/wp-json\/wp\/v2\/types\/page"}],"author":[{"embeddable":true,"href":"https:\/\/sunyouth.org\/fr\/wp-json\/wp\/v2\/users\/34"}],"replies":[{"embeddable":true,"href":"https:\/\/sunyouth.org\/fr\/wp-json\/wp\/v2\/comments?post=173763"}],"version-history":[{"count":27,"href":"https:\/\/sunyouth.org\/fr\/wp-json\/wp\/v2\/pages\/173763\/revisions"}],"predecessor-version":[{"id":173883,"href":"https:\/\/sunyouth.org\/fr\/wp-json\/wp\/v2\/pages\/173763\/revisions\/173883"}],"wp:attachment":[{"href":"https:\/\/sunyouth.org\/fr\/wp-json\/wp\/v2\/media?parent=173763"}],"curies":[{"name":"wp","href":"https:\/\/api.w.org\/{rel}","templated":true}]}}