{"id":171980,"date":"2025-09-18T14:39:45","date_gmt":"2025-09-18T19:39:45","guid":{"rendered":"https:\/\/sunyouth.org\/?page_id=171980"},"modified":"2026-01-29T10:46:26","modified_gmt":"2026-01-29T15:46:26","slug":"futsal","status":"publish","type":"page","link":"https:\/\/sunyouth.org\/fr\/futsal\/","title":{"rendered":"FUTSAL"},"content":{"rendered":"<div class=\"wpb-content-wrapper\"><p>[vc_row full_width=\u00a0\u00bbstretch_row_content\u00a0\u00bb full_height=\u00a0\u00bbyes\u00a0\u00bb equal_height=\u00a0\u00bbyes\u00a0\u00bb thegem_shadow_color=\u00a0\u00bb#000000&Prime; thegem_enable_shadow=\u00a0\u00bbtrue\u00a0\u00bb css=\u00a0\u00bb.vc_custom_1769701563208{margin-top: -400px !important;background-image: url(https:\/\/sunyouth.org\/wp-content\/uploads\/2026\/01\/WideScreenFutsal-1.png?id=173229) !important;background-position: center !important;background-repeat: no-repeat !important;background-size: cover !important;}\u00a0\u00bb][vc_column][vc_custom_heading text=\u00a0\u00bbFUTSAL\u00a0\u00bb font_container=\u00a0\u00bbtag:h2|font_size:80|text_align:center|color:%23000000&Prime; use_theme_fonts=\u00a0\u00bbyes\u00a0\u00bb css=\u00a0\u00bb.vc_custom_1769701353161{margin-top: 460px !important;}\u00a0\u00bb][\/vc_column][\/vc_row][vc_row][vc_column width=\u00a0\u00bb1\/2&Prime;][vc_empty_space][vc_column_text css=\u00a0\u00bb\u00a0\u00bb]<strong><span style=\"color: #000000;\">FUTSAL<\/span><\/strong><\/p>\n<p><span style=\"color: #000000;\">Au Canada, le futsal pour enfants est une version \u00e0 effectif r\u00e9duit du soccer, reconnue par la FIFA, qui se joue en salle avec un ballon plus petit, plus dur et moins rebondissant. L&rsquo;accent est mis sur le contr\u00f4le du ballon, la rapidit\u00e9 de prise de d\u00e9cision et le d\u00e9veloppement des habilet\u00e9s techniques. Jou\u00e9 avec cinq joueurs par \u00e9quipe sur un terrain plus petit, il favorise un plus grand nombre de touches de balle et un jeu plus rapide que le soccer traditionnel, ce qui en fait un moyen id\u00e9al de d\u00e9velopper des habilet\u00e9s comme les passes, le dribble et le contr\u00f4le rapproch\u00e9 dans un environnement s\u00e9curitaire et stimulant.<\/span>[\/vc_column_text][vc_btn title=\u00a0\u00bbInscriptions\u00a0\u00bb align=\u00a0\u00bbcenter\u00a0\u00bb css=\u00a0\u00bb\u00a0\u00bb link=\u00a0\u00bburl:https%3A%2F%2Fapp.amilia.com%2Fstore%2Ffr%2Fsun-youth%2Fapi%2FProgram%2FList\u00a0\u00bb][\/vc_column][vc_column width=\u00a0\u00bb1\/2&Prime;][vc_empty_space][vc_single_image image=\u00a0\u00bb171311&Prime; img_size=\u00a0\u00bblarge\u00a0\u00bb style=\u00a0\u00bbvc_box_shadow_3d\u00a0\u00bb onclick=\u00a0\u00bbcustom_link\u00a0\u00bb css=\u00a0\u00bb\u00a0\u00bb link=\u00a0\u00bbhttps:\/\/sunyouth.org\/wp-content\/uploads\/2025\/07\/Grille-tariffaire-5&#215;7-1.pdf\u00a0\u00bb][vc_column_text css=\u00a0\u00bb\u00a0\u00bb]<span data-ogsc=\"rgb(0, 0, 0)\" data-olk-copy-source=\"MessageBody\"><span style=\"color: #000000;\">Si vous pensez \u00eatre \u00e9ligibles \u00e0 recevoir un rabais, selon la grille tarifaire, veuillez nous contacter par courriel au<\/span> <a href=\"mailto:rec@jas-sy.org?subject=\u00e9ligibles \u00e0 recevoir un rabais\">rec@jas-sy.org<\/a><span style=\"color: #000000;\"> afin de recevoir votre code promotionnel.<\/span><\/span><\/p>\n<div class=\"x_elementToProof\" data-ogsc=\"rgb(0, 0, 0)\"><\/div>\n<p>[\/vc_column_text][\/vc_column][\/vc_row]<\/p>\n<\/div>","protected":false},"excerpt":{"rendered":"<p>[vc_row full_width=\u00a0\u00bbstretch_row_content\u00a0\u00bb full_height=\u00a0\u00bbyes\u00a0\u00bb equal_height=\u00a0\u00bbyes\u00a0\u00bb thegem_shadow_color=\u00a0\u00bb#000000&Prime; thegem_enable_shadow=\u00a0\u00bbtrue\u00a0\u00bb css=\u00a0\u00bb.vc_custom_1769701563208{margin-top: -400px !important;background-image: url(https:\/\/sunyouth.org\/wp-content\/uploads\/2026\/01\/WideScreenFutsal-1.png?id=173229) !important;background-position: center !important;background-repeat: no-repeat !important;background-size: cover !important;}\u00a0\u00bb][vc_column][vc_custom_heading text=\u00a0\u00bbFUTSAL\u00a0\u00bb font_container=\u00a0\u00bbtag:h2|font_size:80|text_align:center|color:%23000000&Prime; use_theme_fonts=\u00a0\u00bbyes\u00a0\u00bb css=\u00a0\u00bb.vc_custom_1769701353161{margin-top: 460px&#8230;<\/p>\n","protected":false},"author":34,"featured_media":0,"parent":0,"menu_order":0,"comment_status":"closed","ping_status":"closed","template":"","meta":{"_acf_changed":false,"_monsterinsights_skip_tracking":false,"_monsterinsights_sitenote_active":false,"_monsterinsights_sitenote_note":"","_monsterinsights_sitenote_category":0,"footnotes":""},"class_list":["post-171980","page","type-page","status-publish"],"acf":[],"yoast_head":"<!-- This site is optimized with the Yoast SEO plugin v27.2 - https:\/\/yoast.com\/product\/yoast-seo-wordpress\/ -->\n<title>FUTSAL - Jeunesse au soleil<\/title>\n<meta name=\"robots\" content=\"index, follow, max-snippet:-1, max-image-preview:large, max-video-preview:-1\" \/>\n<link rel=\"canonical\" href=\"https:\/\/sunyouth.org\/fr\/futsal\/\" \/>\n<meta property=\"og:locale\" content=\"fr_FR\" \/>\n<meta property=\"og:type\" content=\"article\" \/>\n<meta property=\"og:title\" content=\"FUTSAL - Jeunesse au soleil\" \/>\n<meta property=\"og:description\" content=\"[vc_row full_width=\u00a0\u00bbstretch_row_content\u00a0\u00bb full_height=\u00a0\u00bbyes\u00a0\u00bb equal_height=\u00a0\u00bbyes\u00a0\u00bb thegem_shadow_color=\u00a0\u00bb#000000&Prime; thegem_enable_shadow=\u00a0\u00bbtrue\u00a0\u00bb css=\u00a0\u00bb.vc_custom_1769701563208{margin-top: -400px !important;background-image: url(https:\/\/sunyouth.org\/wp-content\/uploads\/2026\/01\/WideScreenFutsal-1.png?id=173229) !important;background-position: center !important;background-repeat: no-repeat !important;background-size: cover !important;}\u00a0\u00bb][vc_column][vc_custom_heading text=\u00a0\u00bbFUTSAL\u00a0\u00bb font_container=\u00a0\u00bbtag:h2|font_size:80|text_align:center|color:%23000000&Prime; use_theme_fonts=\u00a0\u00bbyes\u00a0\u00bb css=\u00a0\u00bb.vc_custom_1769701353161{margin-top: 460px...\" \/>\n<meta property=\"og:url\" content=\"https:\/\/sunyouth.org\/fr\/futsal\/\" \/>\n<meta property=\"og:site_name\" content=\"Jeunesse au soleil\" \/>\n<meta property=\"article:modified_time\" content=\"2026-01-29T15:46:26+00:00\" \/>\n<meta name=\"twitter:card\" content=\"summary_large_image\" \/>\n<meta name=\"twitter:label1\" content=\"Dur\u00e9e de lecture estim\u00e9e\" \/>\n\t<meta name=\"twitter:data1\" content=\"1 minute\" \/>\n<script type=\"application\/ld+json\" class=\"yoast-schema-graph\">{\"@context\":\"https:\/\/schema.org\",\"@graph\":[{\"@type\":\"WebPage\",\"@id\":\"https:\/\/sunyouth.org\/fr\/futsal\/\",\"url\":\"https:\/\/sunyouth.org\/fr\/futsal\/\",\"name\":\"FUTSAL - Jeunesse au soleil\",\"isPartOf\":{\"@id\":\"https:\/\/sunyouth.org\/#website\"},\"datePublished\":\"2025-09-18T19:39:45+00:00\",\"dateModified\":\"2026-01-29T15:46:26+00:00\",\"breadcrumb\":{\"@id\":\"https:\/\/sunyouth.org\/fr\/futsal\/#breadcrumb\"},\"inLanguage\":\"fr-FR\",\"potentialAction\":[{\"@type\":\"ReadAction\",\"target\":[\"https:\/\/sunyouth.org\/fr\/futsal\/\"]}]},{\"@type\":\"BreadcrumbList\",\"@id\":\"https:\/\/sunyouth.org\/fr\/futsal\/#breadcrumb\",\"itemListElement\":[{\"@type\":\"ListItem\",\"position\":1,\"name\":\"Home\",\"item\":\"https:\/\/sunyouth.org\/fr\/\"},{\"@type\":\"ListItem\",\"position\":2,\"name\":\"FUTSAL\"}]},{\"@type\":\"WebSite\",\"@id\":\"https:\/\/sunyouth.org\/#website\",\"url\":\"https:\/\/sunyouth.org\/\",\"name\":\"Jeunesse au soleil\",\"description\":\"Dedicated since 1954!\",\"publisher\":{\"@id\":\"https:\/\/sunyouth.org\/#organization\"},\"potentialAction\":[{\"@type\":\"SearchAction\",\"target\":{\"@type\":\"EntryPoint\",\"urlTemplate\":\"https:\/\/sunyouth.org\/?s={search_term_string}\"},\"query-input\":{\"@type\":\"PropertyValueSpecification\",\"valueRequired\":true,\"valueName\":\"search_term_string\"}}],\"inLanguage\":\"fr-FR\"},{\"@type\":\"Organization\",\"@id\":\"https:\/\/sunyouth.org\/#organization\",\"name\":\"SUN YOUTH\",\"url\":\"https:\/\/sunyouth.org\/\",\"logo\":{\"@type\":\"ImageObject\",\"inLanguage\":\"fr-FR\",\"@id\":\"https:\/\/sunyouth.org\/#\/schema\/logo\/image\/\",\"url\":\"https:\/\/sunyouth.org\/wp-content\/uploads\/2018\/11\/LOGO-SUNYOUTH.png\",\"contentUrl\":\"https:\/\/sunyouth.org\/wp-content\/uploads\/2018\/11\/LOGO-SUNYOUTH.png\",\"width\":251,\"height\":251,\"caption\":\"SUN YOUTH\"},\"image\":{\"@id\":\"https:\/\/sunyouth.org\/#\/schema\/logo\/image\/\"}}]}<\/script>\n<!-- \/ Yoast SEO plugin. -->","yoast_head_json":{"title":"FUTSAL - Jeunesse au soleil","robots":{"index":"index","follow":"follow","max-snippet":"max-snippet:-1","max-image-preview":"max-image-preview:large","max-video-preview":"max-video-preview:-1"},"canonical":"https:\/\/sunyouth.org\/fr\/futsal\/","og_locale":"fr_FR","og_type":"article","og_title":"FUTSAL - Jeunesse au soleil","og_description":"[vc_row full_width=\u00a0\u00bbstretch_row_content\u00a0\u00bb full_height=\u00a0\u00bbyes\u00a0\u00bb equal_height=\u00a0\u00bbyes\u00a0\u00bb thegem_shadow_color=\u00a0\u00bb#000000&Prime; thegem_enable_shadow=\u00a0\u00bbtrue\u00a0\u00bb css=\u00a0\u00bb.vc_custom_1769701563208{margin-top: -400px !important;background-image: url(https:\/\/sunyouth.org\/wp-content\/uploads\/2026\/01\/WideScreenFutsal-1.png?id=173229) !important;background-position: center !important;background-repeat: no-repeat !important;background-size: cover !important;}\u00a0\u00bb][vc_column][vc_custom_heading text=\u00a0\u00bbFUTSAL\u00a0\u00bb font_container=\u00a0\u00bbtag:h2|font_size:80|text_align:center|color:%23000000&Prime; use_theme_fonts=\u00a0\u00bbyes\u00a0\u00bb css=\u00a0\u00bb.vc_custom_1769701353161{margin-top: 460px...","og_url":"https:\/\/sunyouth.org\/fr\/futsal\/","og_site_name":"Jeunesse au soleil","article_modified_time":"2026-01-29T15:46:26+00:00","twitter_card":"summary_large_image","twitter_misc":{"Dur\u00e9e de lecture estim\u00e9e":"1 minute"},"schema":{"@context":"https:\/\/schema.org","@graph":[{"@type":"WebPage","@id":"https:\/\/sunyouth.org\/fr\/futsal\/","url":"https:\/\/sunyouth.org\/fr\/futsal\/","name":"FUTSAL - Jeunesse au soleil","isPartOf":{"@id":"https:\/\/sunyouth.org\/#website"},"datePublished":"2025-09-18T19:39:45+00:00","dateModified":"2026-01-29T15:46:26+00:00","breadcrumb":{"@id":"https:\/\/sunyouth.org\/fr\/futsal\/#breadcrumb"},"inLanguage":"fr-FR","potentialAction":[{"@type":"ReadAction","target":["https:\/\/sunyouth.org\/fr\/futsal\/"]}]},{"@type":"BreadcrumbList","@id":"https:\/\/sunyouth.org\/fr\/futsal\/#breadcrumb","itemListElement":[{"@type":"ListItem","position":1,"name":"Home","item":"https:\/\/sunyouth.org\/fr\/"},{"@type":"ListItem","position":2,"name":"FUTSAL"}]},{"@type":"WebSite","@id":"https:\/\/sunyouth.org\/#website","url":"https:\/\/sunyouth.org\/","name":"Jeunesse au soleil","description":"Dedicated since 1954!","publisher":{"@id":"https:\/\/sunyouth.org\/#organization"},"potentialAction":[{"@type":"SearchAction","target":{"@type":"EntryPoint","urlTemplate":"https:\/\/sunyouth.org\/?s={search_term_string}"},"query-input":{"@type":"PropertyValueSpecification","valueRequired":true,"valueName":"search_term_string"}}],"inLanguage":"fr-FR"},{"@type":"Organization","@id":"https:\/\/sunyouth.org\/#organization","name":"SUN YOUTH","url":"https:\/\/sunyouth.org\/","logo":{"@type":"ImageObject","inLanguage":"fr-FR","@id":"https:\/\/sunyouth.org\/#\/schema\/logo\/image\/","url":"https:\/\/sunyouth.org\/wp-content\/uploads\/2018\/11\/LOGO-SUNYOUTH.png","contentUrl":"https:\/\/sunyouth.org\/wp-content\/uploads\/2018\/11\/LOGO-SUNYOUTH.png","width":251,"height":251,"caption":"SUN YOUTH"},"image":{"@id":"https:\/\/sunyouth.org\/#\/schema\/logo\/image\/"}}]}},"_links":{"self":[{"href":"https:\/\/sunyouth.org\/fr\/wp-json\/wp\/v2\/pages\/171980","targetHints":{"allow":["GET"]}}],"collection":[{"href":"https:\/\/sunyouth.org\/fr\/wp-json\/wp\/v2\/pages"}],"about":[{"href":"https:\/\/sunyouth.org\/fr\/wp-json\/wp\/v2\/types\/page"}],"author":[{"embeddable":true,"href":"https:\/\/sunyouth.org\/fr\/wp-json\/wp\/v2\/users\/34"}],"replies":[{"embeddable":true,"href":"https:\/\/sunyouth.org\/fr\/wp-json\/wp\/v2\/comments?post=171980"}],"version-history":[{"count":10,"href":"https:\/\/sunyouth.org\/fr\/wp-json\/wp\/v2\/pages\/171980\/revisions"}],"predecessor-version":[{"id":173233,"href":"https:\/\/sunyouth.org\/fr\/wp-json\/wp\/v2\/pages\/171980\/revisions\/173233"}],"wp:attachment":[{"href":"https:\/\/sunyouth.org\/fr\/wp-json\/wp\/v2\/media?parent=171980"}],"curies":[{"name":"wp","href":"https:\/\/api.w.org\/{rel}","templated":true}]}}