{"id":171955,"date":"2025-09-18T14:16:20","date_gmt":"2025-09-18T19:16:20","guid":{"rendered":"https:\/\/sunyouth.org\/?page_id=171955"},"modified":"2026-01-26T09:40:54","modified_gmt":"2026-01-26T14:40:54","slug":"tennis","status":"publish","type":"page","link":"https:\/\/sunyouth.org\/fr\/tennis\/","title":{"rendered":"Tennis"},"content":{"rendered":"<div class=\"wpb-content-wrapper\"><p>[vc_row full_width=\u00a0\u00bbstretch_row_content\u00a0\u00bb full_height=\u00a0\u00bbyes\u00a0\u00bb thegem_shadow_color=\u00a0\u00bb#000000&Prime; thegem_enable_shadow=\u00a0\u00bbtrue\u00a0\u00bb css=\u00a0\u00bb.vc_custom_1758225333640{margin-top: -400px !important;background-image: url(https:\/\/sunyouth.org\/wp-content\/uploads\/2025\/09\/Tennis_1H1A6094-scaled.png?id=171933) !important;background-position: center !important;background-repeat: no-repeat !important;background-size: cover !important;}\u00a0\u00bb][vc_column][vc_custom_heading text=\u00a0\u00bbTennis\u00a0\u00bb font_container=\u00a0\u00bbtag:h1|text_align:center|color:%23FFFFFF\u00a0\u00bb use_theme_fonts=\u00a0\u00bbyes\u00a0\u00bb css=\u00a0\u00bb\u00a0\u00bb][\/vc_column][\/vc_row][vc_row][vc_column][vc_empty_space][\/vc_column][\/vc_row][vc_row][vc_column width=\u00a0\u00bb1\/2&Prime; thegem_content_alignment=\u00a0\u00bbcenter\u00a0\u00bb][vc_custom_heading text=\u00a0\u00bbTennis progressif\u00a0\u00bb font_container=\u00a0\u00bbtag:h2|text_align:center\u00a0\u00bb use_theme_fonts=\u00a0\u00bbyes\u00a0\u00bb css=\u00a0\u00bb\u00a0\u00bb][vc_empty_space][vc_column_text css=\u00a0\u00bb\u00a0\u00bb]<\/p>\n<p style=\"text-align: left;\"><span style=\"color: #000000;\">Le tennis progressif favorise un apprentissage plus rapide et plus agr\u00e9able du tennis gr\u00e2ce \u00e0 une s\u00e9rie d\u2019adaptations qui rendent ce sport accessible \u00e0 tous.<\/span><\/p>\n<p style=\"text-align: left;\"><span style=\"color: #000000;\">En ajustant la taille des terrains, la hauteur des filets, ainsi que le type de balles et de raquettes, il devient plus simple de d\u00e9velopper ses habilet\u00e9s, peu importe l\u2019\u00e2ge ou le niveau d\u2019exp\u00e9rience.<\/span><\/p>\n<p>[\/vc_column_text][vc_empty_space][vc_btn title=\u00a0\u00bbinscription\u00a0\u00bb align=\u00a0\u00bbcenter\u00a0\u00bb css=\u00a0\u00bb\u00a0\u00bb link=\u00a0\u00bburl:https%3A%2F%2Fapp.amilia.com%2Fstore%2Ffr%2Fsun-youth%2Fshop%2Fprograms%2F115937&Prime;][\/vc_column][vc_column width=\u00a0\u00bb1\/2&Prime;][vc_single_image image=\u00a0\u00bb171311&Prime; img_size=\u00a0\u00bblarge\u00a0\u00bb alignment=\u00a0\u00bbcenter\u00a0\u00bb style=\u00a0\u00bbvc_box_shadow_3d\u00a0\u00bb onclick=\u00a0\u00bbcustom_link\u00a0\u00bb css=\u00a0\u00bb\u00a0\u00bb link=\u00a0\u00bbhttps:\/\/sunyouth.org\/wp-content\/uploads\/2025\/07\/Grille-tariffaire-5&#215;7-1.pdf\u00a0\u00bb][vc_column_text css=\u00a0\u00bb\u00a0\u00bb]<span data-ogsc=\"rgb(0, 0, 0)\" data-olk-copy-source=\"MessageBody\"><span style=\"color: #000000;\">Si vous pensez \u00eatre \u00e9ligibles \u00e0 recevoir un rabais, selon la grille tarifaire, veuillez nous contacter par courriel au <\/span><a href=\"mailto:rec@jas-sy.org?subject=\u00e9ligibles \u00e0 recevoir un rabais\"><span style=\"color: #333399;\">rec@jas-sy.org<\/span><\/a> <span style=\"color: #000000;\">afin de recevoir votre code promotionnel.<\/span><\/span><\/p>\n<div class=\"x_elementToProof\" data-ogsc=\"rgb(0, 0, 0)\"><\/div>\n<p>[\/vc_column_text][\/vc_column][\/vc_row][vc_row][vc_column][vc_empty_space][\/vc_column][\/vc_row][vc_row][vc_column width=\u00a0\u00bb1\/2&Prime;][vc_single_image image=\u00a0\u00bb172000&Prime; img_size=\u00a0\u00bblarge\u00a0\u00bb alignment=\u00a0\u00bbcenter\u00a0\u00bb style=\u00a0\u00bbvc_box_shadow_3d\u00a0\u00bb css=\u00a0\u00bb\u00a0\u00bb][vc_single_image image=\u00a0\u00bb172008&Prime; img_size=\u00a0\u00bblarge\u00a0\u00bb alignment=\u00a0\u00bbcenter\u00a0\u00bb style=\u00a0\u00bbvc_box_shadow_3d\u00a0\u00bb css=\u00a0\u00bb\u00a0\u00bb][\/vc_column][vc_column width=\u00a0\u00bb1\/2&Prime;][vc_single_image image=\u00a0\u00bb172002&Prime; img_size=\u00a0\u00bblarge\u00a0\u00bb alignment=\u00a0\u00bbcenter\u00a0\u00bb style=\u00a0\u00bbvc_box_shadow_3d\u00a0\u00bb css=\u00a0\u00bb\u00a0\u00bb][vc_single_image image=\u00a0\u00bb172006&Prime; img_size=\u00a0\u00bblarge\u00a0\u00bb alignment=\u00a0\u00bbcenter\u00a0\u00bb style=\u00a0\u00bbvc_box_shadow_3d\u00a0\u00bb css=\u00a0\u00bb\u00a0\u00bb][\/vc_column][\/vc_row][vc_row][vc_column][vc_single_image image=\u00a0\u00bb172010&Prime; img_size=\u00a0\u00bblarge\u00a0\u00bb alignment=\u00a0\u00bbcenter\u00a0\u00bb style=\u00a0\u00bbvc_box_shadow_border\u00a0\u00bb css=\u00a0\u00bb\u00a0\u00bb][\/vc_column][\/vc_row]<\/p>\n<\/div>","protected":false},"excerpt":{"rendered":"<p>[vc_row full_width=\u00a0\u00bbstretch_row_content\u00a0\u00bb full_height=\u00a0\u00bbyes\u00a0\u00bb thegem_shadow_color=\u00a0\u00bb#000000&Prime; thegem_enable_shadow=\u00a0\u00bbtrue\u00a0\u00bb css=\u00a0\u00bb.vc_custom_1758225333640{margin-top: -400px !important;background-image: url(https:\/\/sunyouth.org\/wp-content\/uploads\/2025\/09\/Tennis_1H1A6094-scaled.png?id=171933) !important;background-position: center !important;background-repeat: no-repeat !important;background-size: cover !important;}\u00a0\u00bb][vc_column][vc_custom_heading text=\u00a0\u00bbTennis\u00a0\u00bb font_container=\u00a0\u00bbtag:h1|text_align:center|color:%23FFFFFF\u00a0\u00bb use_theme_fonts=\u00a0\u00bbyes\u00a0\u00bb css=\u00a0\u00bb\u00a0\u00bb][\/vc_column][\/vc_row][vc_row][vc_column][vc_empty_space][\/vc_column][\/vc_row][vc_row][vc_column width=\u00a0\u00bb1\/2&Prime; thegem_content_alignment=\u00a0\u00bbcenter\u00a0\u00bb][vc_custom_heading&#8230;<\/p>\n","protected":false},"author":34,"featured_media":0,"parent":0,"menu_order":0,"comment_status":"closed","ping_status":"closed","template":"","meta":{"_acf_changed":false,"_monsterinsights_skip_tracking":false,"_monsterinsights_sitenote_active":false,"_monsterinsights_sitenote_note":"","_monsterinsights_sitenote_category":0,"footnotes":""},"class_list":["post-171955","page","type-page","status-publish"],"acf":[],"yoast_head":"<!-- This site is optimized with the Yoast SEO plugin v27.2 - https:\/\/yoast.com\/product\/yoast-seo-wordpress\/ -->\n<title>Tennis - Jeunesse au soleil<\/title>\n<meta name=\"robots\" content=\"index, follow, max-snippet:-1, max-image-preview:large, max-video-preview:-1\" \/>\n<link rel=\"canonical\" href=\"https:\/\/sunyouth.org\/fr\/tennis\/\" \/>\n<meta property=\"og:locale\" content=\"fr_FR\" \/>\n<meta property=\"og:type\" content=\"article\" \/>\n<meta property=\"og:title\" content=\"Tennis - Jeunesse au soleil\" \/>\n<meta property=\"og:description\" content=\"[vc_row full_width=\u00a0\u00bbstretch_row_content\u00a0\u00bb full_height=\u00a0\u00bbyes\u00a0\u00bb thegem_shadow_color=\u00a0\u00bb#000000&Prime; thegem_enable_shadow=\u00a0\u00bbtrue\u00a0\u00bb css=\u00a0\u00bb.vc_custom_1758225333640{margin-top: -400px !important;background-image: url(https:\/\/sunyouth.org\/wp-content\/uploads\/2025\/09\/Tennis_1H1A6094-scaled.png?id=171933) !important;background-position: center !important;background-repeat: no-repeat !important;background-size: cover !important;}\u00a0\u00bb][vc_column][vc_custom_heading text=\u00a0\u00bbTennis\u00a0\u00bb font_container=\u00a0\u00bbtag:h1|text_align:center|color:%23FFFFFF\u00a0\u00bb use_theme_fonts=\u00a0\u00bbyes\u00a0\u00bb css=\u00a0\u00bb\u00a0\u00bb][\/vc_column][\/vc_row][vc_row][vc_column][vc_empty_space][\/vc_column][\/vc_row][vc_row][vc_column width=\u00a0\u00bb1\/2&Prime; thegem_content_alignment=\u00a0\u00bbcenter\u00a0\u00bb][vc_custom_heading...\" \/>\n<meta property=\"og:url\" content=\"https:\/\/sunyouth.org\/fr\/tennis\/\" \/>\n<meta property=\"og:site_name\" content=\"Jeunesse au soleil\" \/>\n<meta property=\"article:modified_time\" content=\"2026-01-26T14:40:54+00:00\" \/>\n<meta name=\"twitter:card\" content=\"summary_large_image\" \/>\n<meta name=\"twitter:label1\" content=\"Dur\u00e9e de lecture estim\u00e9e\" \/>\n\t<meta name=\"twitter:data1\" content=\"2 minutes\" \/>\n<script type=\"application\/ld+json\" class=\"yoast-schema-graph\">{\"@context\":\"https:\/\/schema.org\",\"@graph\":[{\"@type\":\"WebPage\",\"@id\":\"https:\/\/sunyouth.org\/fr\/tennis\/\",\"url\":\"https:\/\/sunyouth.org\/fr\/tennis\/\",\"name\":\"Tennis - Jeunesse au soleil\",\"isPartOf\":{\"@id\":\"https:\/\/sunyouth.org\/#website\"},\"datePublished\":\"2025-09-18T19:16:20+00:00\",\"dateModified\":\"2026-01-26T14:40:54+00:00\",\"breadcrumb\":{\"@id\":\"https:\/\/sunyouth.org\/fr\/tennis\/#breadcrumb\"},\"inLanguage\":\"fr-FR\",\"potentialAction\":[{\"@type\":\"ReadAction\",\"target\":[\"https:\/\/sunyouth.org\/fr\/tennis\/\"]}]},{\"@type\":\"BreadcrumbList\",\"@id\":\"https:\/\/sunyouth.org\/fr\/tennis\/#breadcrumb\",\"itemListElement\":[{\"@type\":\"ListItem\",\"position\":1,\"name\":\"Home\",\"item\":\"https:\/\/sunyouth.org\/fr\/\"},{\"@type\":\"ListItem\",\"position\":2,\"name\":\"Tennis\"}]},{\"@type\":\"WebSite\",\"@id\":\"https:\/\/sunyouth.org\/#website\",\"url\":\"https:\/\/sunyouth.org\/\",\"name\":\"Jeunesse au soleil\",\"description\":\"Dedicated since 1954!\",\"publisher\":{\"@id\":\"https:\/\/sunyouth.org\/#organization\"},\"potentialAction\":[{\"@type\":\"SearchAction\",\"target\":{\"@type\":\"EntryPoint\",\"urlTemplate\":\"https:\/\/sunyouth.org\/?s={search_term_string}\"},\"query-input\":{\"@type\":\"PropertyValueSpecification\",\"valueRequired\":true,\"valueName\":\"search_term_string\"}}],\"inLanguage\":\"fr-FR\"},{\"@type\":\"Organization\",\"@id\":\"https:\/\/sunyouth.org\/#organization\",\"name\":\"SUN YOUTH\",\"url\":\"https:\/\/sunyouth.org\/\",\"logo\":{\"@type\":\"ImageObject\",\"inLanguage\":\"fr-FR\",\"@id\":\"https:\/\/sunyouth.org\/#\/schema\/logo\/image\/\",\"url\":\"https:\/\/sunyouth.org\/wp-content\/uploads\/2018\/11\/LOGO-SUNYOUTH.png\",\"contentUrl\":\"https:\/\/sunyouth.org\/wp-content\/uploads\/2018\/11\/LOGO-SUNYOUTH.png\",\"width\":251,\"height\":251,\"caption\":\"SUN YOUTH\"},\"image\":{\"@id\":\"https:\/\/sunyouth.org\/#\/schema\/logo\/image\/\"}}]}<\/script>\n<!-- \/ Yoast SEO plugin. -->","yoast_head_json":{"title":"Tennis - Jeunesse au soleil","robots":{"index":"index","follow":"follow","max-snippet":"max-snippet:-1","max-image-preview":"max-image-preview:large","max-video-preview":"max-video-preview:-1"},"canonical":"https:\/\/sunyouth.org\/fr\/tennis\/","og_locale":"fr_FR","og_type":"article","og_title":"Tennis - Jeunesse au soleil","og_description":"[vc_row full_width=\u00a0\u00bbstretch_row_content\u00a0\u00bb full_height=\u00a0\u00bbyes\u00a0\u00bb thegem_shadow_color=\u00a0\u00bb#000000&Prime; thegem_enable_shadow=\u00a0\u00bbtrue\u00a0\u00bb css=\u00a0\u00bb.vc_custom_1758225333640{margin-top: -400px !important;background-image: url(https:\/\/sunyouth.org\/wp-content\/uploads\/2025\/09\/Tennis_1H1A6094-scaled.png?id=171933) !important;background-position: center !important;background-repeat: no-repeat !important;background-size: cover !important;}\u00a0\u00bb][vc_column][vc_custom_heading text=\u00a0\u00bbTennis\u00a0\u00bb font_container=\u00a0\u00bbtag:h1|text_align:center|color:%23FFFFFF\u00a0\u00bb use_theme_fonts=\u00a0\u00bbyes\u00a0\u00bb css=\u00a0\u00bb\u00a0\u00bb][\/vc_column][\/vc_row][vc_row][vc_column][vc_empty_space][\/vc_column][\/vc_row][vc_row][vc_column width=\u00a0\u00bb1\/2&Prime; thegem_content_alignment=\u00a0\u00bbcenter\u00a0\u00bb][vc_custom_heading...","og_url":"https:\/\/sunyouth.org\/fr\/tennis\/","og_site_name":"Jeunesse au soleil","article_modified_time":"2026-01-26T14:40:54+00:00","twitter_card":"summary_large_image","twitter_misc":{"Dur\u00e9e de lecture estim\u00e9e":"2 minutes"},"schema":{"@context":"https:\/\/schema.org","@graph":[{"@type":"WebPage","@id":"https:\/\/sunyouth.org\/fr\/tennis\/","url":"https:\/\/sunyouth.org\/fr\/tennis\/","name":"Tennis - Jeunesse au soleil","isPartOf":{"@id":"https:\/\/sunyouth.org\/#website"},"datePublished":"2025-09-18T19:16:20+00:00","dateModified":"2026-01-26T14:40:54+00:00","breadcrumb":{"@id":"https:\/\/sunyouth.org\/fr\/tennis\/#breadcrumb"},"inLanguage":"fr-FR","potentialAction":[{"@type":"ReadAction","target":["https:\/\/sunyouth.org\/fr\/tennis\/"]}]},{"@type":"BreadcrumbList","@id":"https:\/\/sunyouth.org\/fr\/tennis\/#breadcrumb","itemListElement":[{"@type":"ListItem","position":1,"name":"Home","item":"https:\/\/sunyouth.org\/fr\/"},{"@type":"ListItem","position":2,"name":"Tennis"}]},{"@type":"WebSite","@id":"https:\/\/sunyouth.org\/#website","url":"https:\/\/sunyouth.org\/","name":"Jeunesse au soleil","description":"Dedicated since 1954!","publisher":{"@id":"https:\/\/sunyouth.org\/#organization"},"potentialAction":[{"@type":"SearchAction","target":{"@type":"EntryPoint","urlTemplate":"https:\/\/sunyouth.org\/?s={search_term_string}"},"query-input":{"@type":"PropertyValueSpecification","valueRequired":true,"valueName":"search_term_string"}}],"inLanguage":"fr-FR"},{"@type":"Organization","@id":"https:\/\/sunyouth.org\/#organization","name":"SUN YOUTH","url":"https:\/\/sunyouth.org\/","logo":{"@type":"ImageObject","inLanguage":"fr-FR","@id":"https:\/\/sunyouth.org\/#\/schema\/logo\/image\/","url":"https:\/\/sunyouth.org\/wp-content\/uploads\/2018\/11\/LOGO-SUNYOUTH.png","contentUrl":"https:\/\/sunyouth.org\/wp-content\/uploads\/2018\/11\/LOGO-SUNYOUTH.png","width":251,"height":251,"caption":"SUN YOUTH"},"image":{"@id":"https:\/\/sunyouth.org\/#\/schema\/logo\/image\/"}}]}},"_links":{"self":[{"href":"https:\/\/sunyouth.org\/fr\/wp-json\/wp\/v2\/pages\/171955","targetHints":{"allow":["GET"]}}],"collection":[{"href":"https:\/\/sunyouth.org\/fr\/wp-json\/wp\/v2\/pages"}],"about":[{"href":"https:\/\/sunyouth.org\/fr\/wp-json\/wp\/v2\/types\/page"}],"author":[{"embeddable":true,"href":"https:\/\/sunyouth.org\/fr\/wp-json\/wp\/v2\/users\/34"}],"replies":[{"embeddable":true,"href":"https:\/\/sunyouth.org\/fr\/wp-json\/wp\/v2\/comments?post=171955"}],"version-history":[{"count":19,"href":"https:\/\/sunyouth.org\/fr\/wp-json\/wp\/v2\/pages\/171955\/revisions"}],"predecessor-version":[{"id":173171,"href":"https:\/\/sunyouth.org\/fr\/wp-json\/wp\/v2\/pages\/171955\/revisions\/173171"}],"wp:attachment":[{"href":"https:\/\/sunyouth.org\/fr\/wp-json\/wp\/v2\/media?parent=171955"}],"curies":[{"name":"wp","href":"https:\/\/api.w.org\/{rel}","templated":true}]}}