{"id":170560,"date":"2025-05-22T14:31:10","date_gmt":"2025-05-22T19:31:10","guid":{"rendered":"https:\/\/sunyouth.org\/?page_id=170560"},"modified":"2025-06-03T10:31:44","modified_gmt":"2025-06-03T15:31:44","slug":"aide-au-chauffage","status":"publish","type":"page","link":"https:\/\/sunyouth.org\/fr\/aide-au-chauffage\/","title":{"rendered":"chauffage"},"content":{"rendered":"<div class=\"wpb-content-wrapper\"><p>[vc_row full_width=\u00a0\u00bbstretch_row_content\u00a0\u00bb full_height=\u00a0\u00bbyes\u00a0\u00bb thegem_shadow_color=\u00a0\u00bb#000000&Prime; thegem_enable_shadow=\u00a0\u00bbtrue\u00a0\u00bb css=\u00a0\u00bb.vc_custom_1748964695770{margin-top: -270px !important;background-image: url(https:\/\/sunyouth.org\/wp-content\/uploads\/2025\/04\/power-lines-925538_1920.jpg?id=169374) !important;background-position: center !important;background-repeat: no-repeat !important;background-size: cover !important;}\u00a0\u00bb][vc_column][vc_column_text css=\u00a0\u00bb\u00a0\u00bb]<\/p>\n<h2 style=\"text-align: center;\"><span style=\"color: #ffffff;\">Aide au chauffage<\/span><\/h2>\n<p>[\/vc_column_text][\/vc_column][\/vc_row][vc_row][vc_column][vc_column_text css=\u00a0\u00bb\u00a0\u00bb]<strong><span style=\"color: #000000;\">Nous offrons une aide aux personnes et aux familles \u00e0 faible revenu qui peinent \u00e0 payer leurs factures d\u2019\u00e9lectricit\u00e9 et\/ou de chauffage. Pour obtenir une aide financi\u00e8re, les gens doivent avoir d\u00e9j\u00e0 tent\u00e9 de conclure une entente avec leur fournisseur de service.<\/span><\/strong>[\/vc_column_text][\/vc_column][\/vc_row][vc_row][vc_column][vc_column_text css=\u00a0\u00bb.vc_custom_1747940336022{background-color: #FFD934 !important;}\u00a0\u00bb]<\/p>\n<h4 style=\"text-align: center;\"><span style=\"color: #000000;\"><b>N\u00e9gociation d\u2019entente avec Hydro-Qu\u00e9bec<\/b><\/span><\/h4>\n<p>[\/vc_column_text][\/vc_column][\/vc_row][vc_row][vc_column][vc_column_text css=\u00a0\u00bb\u00a0\u00bb]<span style=\"color: #000000;\">Les interruptions de service d\u2019Hydro-Qu\u00e9bec ont g\u00e9n\u00e9ralement lieu \u00e0 partir du 1er avril de chaque ann\u00e9e. Les personnes vis\u00e9es par ces interruptions et autres retards de paiement sont pr\u00e9alablement avis\u00e9es par \u00e9crit. \u00c0 la suite de la r\u00e9ception d\u2019un avis du service de recouvrement, une personne \u00e0 faible revenu peut faire appel \u00e0 nos services pour la n\u00e9gociation d\u2019entente de paiement. Seuls les r\u00e9sidents de l\u2019\u00eele de Montr\u00e9al peuvent faire une entente avec Hydro-Qu\u00e9bec par l\u2019interm\u00e9diaire de Jeunesse au Soleil.<\/span>[\/vc_column_text][\/vc_column][\/vc_row][vc_row][vc_column][vc_column_text css=\u00a0\u00bb.vc_custom_1747940348766{background-color: #FFD934 !important;}\u00a0\u00bb]<\/p>\n<h4 style=\"text-align: center;\"><span style=\"color: #000000;\"><b>Distribution de mazout<\/b><\/span><\/h4>\n<p>[\/vc_column_text][\/vc_column][\/vc_row][vc_row][vc_column][vc_column_text css=\u00a0\u00bb\u00a0\u00bb]<span style=\"color: #000000;\">La distribution de mazout se fait habituellement entre les mois de d\u00e9cembre et de mars. Elle s\u2019adresse aux personnes habitant Montr\u00e9al et la r\u00e9gion. Ce programme est en partie rendu possible gr\u00e2ce \u00e0 la collaboration renouvel\u00e9e de p\u00e9troli\u00e8res membres de l&rsquo;Association des distributeurs d&rsquo;\u00e9nergie du Qu\u00e9bec (ADEQ), lesquelles nous permettent d&rsquo;offrir gratuitement du mazout aux familles dans le besoin. Au cours de 24 derni\u00e8res ann\u00e9es, ce sont pr\u00e8s de 325 000 litres de mazout qui ont pu \u00eatre gracieusement livr\u00e9s \u00e0 ces familles.<\/span>[\/vc_column_text][\/vc_column][\/vc_row][vc_row][vc_column][vc_custom_heading text=\u00a0\u00bbautres services\u00a0\u00bb font_container=\u00a0\u00bbtag:h2|text_align:center|color:%23000000&Prime; use_theme_fonts=\u00a0\u00bbyes\u00a0\u00bb css=\u00a0\u00bb.vc_custom_1744310687958{background-color: #FFD94A !important;}\u00a0\u00bb][\/vc_column][\/vc_row][vc_row][vc_column width=\u00a0\u00bb1\/3&Prime;][vc_single_image image=\u00a0\u00bb169392&Prime; img_size=\u00a0\u00bbmedium\u00a0\u00bb alignment=\u00a0\u00bbcenter\u00a0\u00bb style=\u00a0\u00bbvc_box_shadow_3d\u00a0\u00bb onclick=\u00a0\u00bbcustom_link\u00a0\u00bb css=\u00a0\u00bb\u00a0\u00bb link=\u00a0\u00bbhttps:\/\/sunyouth.org\/fr\/aide-alimentaire\/\u00a0\u00bb][vc_column_text css=\u00a0\u00bb\u00a0\u00bb]<\/p>\n<p style=\"text-align: center;\"><a href=\"https:\/\/sunyouth.org\/fr\/aide-alimentaire\/\"><strong><span style=\"color: #000000;\">Aide alimentaire<\/span><\/strong><\/a><\/p>\n<p>[\/vc_column_text][\/vc_column][vc_column width=\u00a0\u00bb1\/3&Prime;][vc_single_image image=\u00a0\u00bb169375&Prime; img_size=\u00a0\u00bbmedium\u00a0\u00bb alignment=\u00a0\u00bbcenter\u00a0\u00bb style=\u00a0\u00bbvc_box_shadow_3d\u00a0\u00bb onclick=\u00a0\u00bbcustom_link\u00a0\u00bb css=\u00a0\u00bb\u00a0\u00bb link=\u00a0\u00bbhttps:\/\/sunyouth.org\/fr\/aide-au-chauffage\/\u00a0\u00bb][vc_column_text css=\u00a0\u00bb\u00a0\u00bb]<\/p>\n<p style=\"text-align: center;\"><a href=\"https:\/\/sunyouth.org\/fr\/aide-au-chauffage\/\"><span style=\"color: #000000;\"><strong>Aide au chauffage\u00a0<\/strong><\/span><\/a><\/p>\n<p>[\/vc_column_text][\/vc_column][vc_column width=\u00a0\u00bb1\/3&Prime;][vc_single_image image=\u00a0\u00bb169388&Prime; img_size=\u00a0\u00bbmedium\u00a0\u00bb alignment=\u00a0\u00bbcenter\u00a0\u00bb style=\u00a0\u00bbvc_box_shadow_3d\u00a0\u00bb onclick=\u00a0\u00bbcustom_link\u00a0\u00bb css=\u00a0\u00bb\u00a0\u00bb link=\u00a0\u00bbhttps:\/\/sunyouth.org\/fr\/aide-a-lenfance\/\u00a0\u00bb][vc_column_text css=\u00a0\u00bb\u00a0\u00bb]<\/p>\n<p style=\"text-align: center;\"><a href=\"https:\/\/sunyouth.org\/fr\/aide-a-lenfance\/\"><strong><span style=\"color: #000000;\">Aide \u00e0 l\u2019enfance<\/span><\/strong><\/a><\/p>\n<p>[\/vc_column_text][\/vc_column][\/vc_row][vc_row][vc_column width=\u00a0\u00bb1\/3&Prime;][vc_single_image image=\u00a0\u00bb169534&Prime; img_size=\u00a0\u00bbmedium\u00a0\u00bb alignment=\u00a0\u00bbcenter\u00a0\u00bb onclick=\u00a0\u00bbcustom_link\u00a0\u00bb css=\u00a0\u00bb\u00a0\u00bb link=\u00a0\u00bbhttps:\/\/sunyouth.org\/fr\/services\/aide-aux-victimes-dactes-criminels\/\u00a0\u00bb][vc_column_text css=\u00a0\u00bb\u00a0\u00bb]<\/p>\n<p style=\"text-align: center;\"><a href=\"https:\/\/sunyouth.org\/fr\/services\/aide-aux-victimes-dactes-criminels\/\"><span style=\"color: #000000;\"><strong>Aide aux victimes d\u2019actes criminels<\/strong><\/span><\/a><\/p>\n<p style=\"text-align: center;\"><a href=\"https:\/\/sunyouth.org\/fr\/services\/medicaments\/\"><span style=\"color: #000000;\">\u00a0<\/span><\/a><\/p>\n<p>[\/vc_column_text][\/vc_column][vc_column width=\u00a0\u00bb1\/3&Prime;][vc_single_image image=\u00a0\u00bb169538&Prime; img_size=\u00a0\u00bbmedium\u00a0\u00bb alignment=\u00a0\u00bbcenter\u00a0\u00bb style=\u00a0\u00bbvc_box_shadow_3d\u00a0\u00bb onclick=\u00a0\u00bbcustom_link\u00a0\u00bb css=\u00a0\u00bb\u00a0\u00bb link=\u00a0\u00bbhttps:\/\/sunyouth.org\/fr\/aide-aux-sinistres\/\u00a0\u00bb][vc_column_text css=\u00a0\u00bb\u00a0\u00bb]<\/p>\n<p style=\"text-align: center;\"><span style=\"color: #000000;\"><strong><a style=\"color: #000000;\" href=\"https:\/\/sunyouth.org\/fr\/aide-aux-sinistres\/\">Aide aux sinistr\u00e9s\u00a0<\/a><\/strong><\/span><\/p>\n<p>[\/vc_column_text][\/vc_column][vc_column width=\u00a0\u00bb1\/3&Prime;][vc_single_image image=\u00a0\u00bb169782&Prime; img_size=\u00a0\u00bbmedium\u00a0\u00bb alignment=\u00a0\u00bbcenter\u00a0\u00bb style=\u00a0\u00bbvc_box_shadow_3d\u00a0\u00bb onclick=\u00a0\u00bbcustom_link\u00a0\u00bb css=\u00a0\u00bb\u00a0\u00bb link=\u00a0\u00bbhttps:\/\/sunyouth.org\/fr\/aide-materielle\/\u00a0\u00bb][vc_column_text css=\u00a0\u00bb\u00a0\u00bb]<\/p>\n<p style=\"text-align: center;\"><a href=\"https:\/\/sunyouth.org\/material-assistance\/\"><span style=\"color: #000000;\"><strong>Aide mat\u00e9rielle<\/strong><\/span><\/a><\/p>\n<p>[\/vc_column_text][\/vc_column][\/vc_row]<\/p>\n<\/div>","protected":false},"excerpt":{"rendered":"<p>[vc_row full_width=\u00a0\u00bbstretch_row_content\u00a0\u00bb full_height=\u00a0\u00bbyes\u00a0\u00bb thegem_shadow_color=\u00a0\u00bb#000000&Prime; thegem_enable_shadow=\u00a0\u00bbtrue\u00a0\u00bb css=\u00a0\u00bb.vc_custom_1748964695770{margin-top: -270px !important;background-image: url(https:\/\/sunyouth.org\/wp-content\/uploads\/2025\/04\/power-lines-925538_1920.jpg?id=169374) !important;background-position: center !important;background-repeat: no-repeat !important;background-size: cover !important;}\u00a0\u00bb][vc_column][vc_column_text css=\u00a0\u00bb\u00a0\u00bb] Aide au chauffage [\/vc_column_text][\/vc_column][\/vc_row][vc_row][vc_column][vc_column_text css=\u00a0\u00bb\u00a0\u00bb]Nous&#8230;<\/p>\n","protected":false},"author":34,"featured_media":0,"parent":0,"menu_order":0,"comment_status":"closed","ping_status":"closed","template":"","meta":{"_acf_changed":false,"_monsterinsights_skip_tracking":false,"_monsterinsights_sitenote_active":false,"_monsterinsights_sitenote_note":"","_monsterinsights_sitenote_category":0,"footnotes":""},"class_list":["post-170560","page","type-page","status-publish"],"acf":[],"yoast_head":"<!-- This site is optimized with the Yoast SEO plugin v27.4 - https:\/\/yoast.com\/product\/yoast-seo-wordpress\/ -->\n<title>chauffage - Jeunesse au soleil<\/title>\n<meta name=\"robots\" content=\"index, follow, max-snippet:-1, max-image-preview:large, max-video-preview:-1\" \/>\n<link rel=\"canonical\" href=\"https:\/\/sunyouth.org\/fr\/aide-au-chauffage\/\" \/>\n<meta property=\"og:locale\" content=\"fr_FR\" \/>\n<meta property=\"og:type\" content=\"article\" \/>\n<meta property=\"og:title\" content=\"chauffage - Jeunesse au soleil\" \/>\n<meta property=\"og:description\" content=\"[vc_row full_width=\u00a0\u00bbstretch_row_content\u00a0\u00bb full_height=\u00a0\u00bbyes\u00a0\u00bb thegem_shadow_color=\u00a0\u00bb#000000&Prime; thegem_enable_shadow=\u00a0\u00bbtrue\u00a0\u00bb css=\u00a0\u00bb.vc_custom_1748964695770{margin-top: -270px !important;background-image: url(https:\/\/sunyouth.org\/wp-content\/uploads\/2025\/04\/power-lines-925538_1920.jpg?id=169374) !important;background-position: center !important;background-repeat: no-repeat !important;background-size: cover !important;}\u00a0\u00bb][vc_column][vc_column_text css=\u00a0\u00bb\u00a0\u00bb] Aide au chauffage [\/vc_column_text][\/vc_column][\/vc_row][vc_row][vc_column][vc_column_text css=\u00a0\u00bb\u00a0\u00bb]Nous...\" \/>\n<meta property=\"og:url\" content=\"https:\/\/sunyouth.org\/fr\/aide-au-chauffage\/\" \/>\n<meta property=\"og:site_name\" content=\"Jeunesse au soleil\" \/>\n<meta property=\"article:modified_time\" content=\"2025-06-03T15:31:44+00:00\" \/>\n<meta name=\"twitter:card\" content=\"summary_large_image\" \/>\n<meta name=\"twitter:label1\" content=\"Dur\u00e9e de lecture estim\u00e9e\" \/>\n\t<meta name=\"twitter:data1\" content=\"3 minutes\" \/>\n<script type=\"application\/ld+json\" class=\"yoast-schema-graph\">{\"@context\":\"https:\\\/\\\/schema.org\",\"@graph\":[{\"@type\":\"WebPage\",\"@id\":\"https:\\\/\\\/sunyouth.org\\\/fr\\\/aide-au-chauffage\\\/\",\"url\":\"https:\\\/\\\/sunyouth.org\\\/fr\\\/aide-au-chauffage\\\/\",\"name\":\"chauffage - Jeunesse au soleil\",\"isPartOf\":{\"@id\":\"https:\\\/\\\/sunyouth.org\\\/#website\"},\"datePublished\":\"2025-05-22T19:31:10+00:00\",\"dateModified\":\"2025-06-03T15:31:44+00:00\",\"breadcrumb\":{\"@id\":\"https:\\\/\\\/sunyouth.org\\\/fr\\\/aide-au-chauffage\\\/#breadcrumb\"},\"inLanguage\":\"fr-FR\",\"potentialAction\":[{\"@type\":\"ReadAction\",\"target\":[\"https:\\\/\\\/sunyouth.org\\\/fr\\\/aide-au-chauffage\\\/\"]}]},{\"@type\":\"BreadcrumbList\",\"@id\":\"https:\\\/\\\/sunyouth.org\\\/fr\\\/aide-au-chauffage\\\/#breadcrumb\",\"itemListElement\":[{\"@type\":\"ListItem\",\"position\":1,\"name\":\"Home\",\"item\":\"https:\\\/\\\/sunyouth.org\\\/fr\\\/\"},{\"@type\":\"ListItem\",\"position\":2,\"name\":\"chauffage\"}]},{\"@type\":\"WebSite\",\"@id\":\"https:\\\/\\\/sunyouth.org\\\/#website\",\"url\":\"https:\\\/\\\/sunyouth.org\\\/\",\"name\":\"Jeunesse au soleil\",\"description\":\"Dedicated since 1954!\",\"publisher\":{\"@id\":\"https:\\\/\\\/sunyouth.org\\\/#organization\"},\"potentialAction\":[{\"@type\":\"SearchAction\",\"target\":{\"@type\":\"EntryPoint\",\"urlTemplate\":\"https:\\\/\\\/sunyouth.org\\\/?s={search_term_string}\"},\"query-input\":{\"@type\":\"PropertyValueSpecification\",\"valueRequired\":true,\"valueName\":\"search_term_string\"}}],\"inLanguage\":\"fr-FR\"},{\"@type\":\"Organization\",\"@id\":\"https:\\\/\\\/sunyouth.org\\\/#organization\",\"name\":\"SUN YOUTH\",\"url\":\"https:\\\/\\\/sunyouth.org\\\/\",\"logo\":{\"@type\":\"ImageObject\",\"inLanguage\":\"fr-FR\",\"@id\":\"https:\\\/\\\/sunyouth.org\\\/#\\\/schema\\\/logo\\\/image\\\/\",\"url\":\"https:\\\/\\\/sunyouth.org\\\/wp-content\\\/uploads\\\/2018\\\/11\\\/LOGO-SUNYOUTH.png\",\"contentUrl\":\"https:\\\/\\\/sunyouth.org\\\/wp-content\\\/uploads\\\/2018\\\/11\\\/LOGO-SUNYOUTH.png\",\"width\":251,\"height\":251,\"caption\":\"SUN YOUTH\"},\"image\":{\"@id\":\"https:\\\/\\\/sunyouth.org\\\/#\\\/schema\\\/logo\\\/image\\\/\"}}]}<\/script>\n<!-- \/ Yoast SEO plugin. -->","yoast_head_json":{"title":"chauffage - Jeunesse au soleil","robots":{"index":"index","follow":"follow","max-snippet":"max-snippet:-1","max-image-preview":"max-image-preview:large","max-video-preview":"max-video-preview:-1"},"canonical":"https:\/\/sunyouth.org\/fr\/aide-au-chauffage\/","og_locale":"fr_FR","og_type":"article","og_title":"chauffage - Jeunesse au soleil","og_description":"[vc_row full_width=\u00a0\u00bbstretch_row_content\u00a0\u00bb full_height=\u00a0\u00bbyes\u00a0\u00bb thegem_shadow_color=\u00a0\u00bb#000000&Prime; thegem_enable_shadow=\u00a0\u00bbtrue\u00a0\u00bb css=\u00a0\u00bb.vc_custom_1748964695770{margin-top: -270px !important;background-image: url(https:\/\/sunyouth.org\/wp-content\/uploads\/2025\/04\/power-lines-925538_1920.jpg?id=169374) !important;background-position: center !important;background-repeat: no-repeat !important;background-size: cover !important;}\u00a0\u00bb][vc_column][vc_column_text css=\u00a0\u00bb\u00a0\u00bb] Aide au chauffage [\/vc_column_text][\/vc_column][\/vc_row][vc_row][vc_column][vc_column_text css=\u00a0\u00bb\u00a0\u00bb]Nous...","og_url":"https:\/\/sunyouth.org\/fr\/aide-au-chauffage\/","og_site_name":"Jeunesse au soleil","article_modified_time":"2025-06-03T15:31:44+00:00","twitter_card":"summary_large_image","twitter_misc":{"Dur\u00e9e de lecture estim\u00e9e":"3 minutes"},"schema":{"@context":"https:\/\/schema.org","@graph":[{"@type":"WebPage","@id":"https:\/\/sunyouth.org\/fr\/aide-au-chauffage\/","url":"https:\/\/sunyouth.org\/fr\/aide-au-chauffage\/","name":"chauffage - Jeunesse au soleil","isPartOf":{"@id":"https:\/\/sunyouth.org\/#website"},"datePublished":"2025-05-22T19:31:10+00:00","dateModified":"2025-06-03T15:31:44+00:00","breadcrumb":{"@id":"https:\/\/sunyouth.org\/fr\/aide-au-chauffage\/#breadcrumb"},"inLanguage":"fr-FR","potentialAction":[{"@type":"ReadAction","target":["https:\/\/sunyouth.org\/fr\/aide-au-chauffage\/"]}]},{"@type":"BreadcrumbList","@id":"https:\/\/sunyouth.org\/fr\/aide-au-chauffage\/#breadcrumb","itemListElement":[{"@type":"ListItem","position":1,"name":"Home","item":"https:\/\/sunyouth.org\/fr\/"},{"@type":"ListItem","position":2,"name":"chauffage"}]},{"@type":"WebSite","@id":"https:\/\/sunyouth.org\/#website","url":"https:\/\/sunyouth.org\/","name":"Jeunesse au soleil","description":"Dedicated since 1954!","publisher":{"@id":"https:\/\/sunyouth.org\/#organization"},"potentialAction":[{"@type":"SearchAction","target":{"@type":"EntryPoint","urlTemplate":"https:\/\/sunyouth.org\/?s={search_term_string}"},"query-input":{"@type":"PropertyValueSpecification","valueRequired":true,"valueName":"search_term_string"}}],"inLanguage":"fr-FR"},{"@type":"Organization","@id":"https:\/\/sunyouth.org\/#organization","name":"SUN YOUTH","url":"https:\/\/sunyouth.org\/","logo":{"@type":"ImageObject","inLanguage":"fr-FR","@id":"https:\/\/sunyouth.org\/#\/schema\/logo\/image\/","url":"https:\/\/sunyouth.org\/wp-content\/uploads\/2018\/11\/LOGO-SUNYOUTH.png","contentUrl":"https:\/\/sunyouth.org\/wp-content\/uploads\/2018\/11\/LOGO-SUNYOUTH.png","width":251,"height":251,"caption":"SUN YOUTH"},"image":{"@id":"https:\/\/sunyouth.org\/#\/schema\/logo\/image\/"}}]}},"_links":{"self":[{"href":"https:\/\/sunyouth.org\/fr\/wp-json\/wp\/v2\/pages\/170560","targetHints":{"allow":["GET"]}}],"collection":[{"href":"https:\/\/sunyouth.org\/fr\/wp-json\/wp\/v2\/pages"}],"about":[{"href":"https:\/\/sunyouth.org\/fr\/wp-json\/wp\/v2\/types\/page"}],"author":[{"embeddable":true,"href":"https:\/\/sunyouth.org\/fr\/wp-json\/wp\/v2\/users\/34"}],"replies":[{"embeddable":true,"href":"https:\/\/sunyouth.org\/fr\/wp-json\/wp\/v2\/comments?post=170560"}],"version-history":[{"count":5,"href":"https:\/\/sunyouth.org\/fr\/wp-json\/wp\/v2\/pages\/170560\/revisions"}],"predecessor-version":[{"id":170809,"href":"https:\/\/sunyouth.org\/fr\/wp-json\/wp\/v2\/pages\/170560\/revisions\/170809"}],"wp:attachment":[{"href":"https:\/\/sunyouth.org\/fr\/wp-json\/wp\/v2\/media?parent=170560"}],"curies":[{"name":"wp","href":"https:\/\/api.w.org\/{rel}","templated":true}]}}