{"id":170526,"date":"2025-05-22T12:17:50","date_gmt":"2025-05-22T17:17:50","guid":{"rendered":"https:\/\/sunyouth.org\/?page_id=170526"},"modified":"2025-05-22T12:17:50","modified_gmt":"2025-05-22T17:17:50","slug":"dons-materiels","status":"publish","type":"page","link":"https:\/\/sunyouth.org\/fr\/dons-materiels\/","title":{"rendered":"Dons Mat\u00e9riels"},"content":{"rendered":"<div class=\"wpb-content-wrapper\"><p>[vc_row full_height=\u00a0\u00bbyes\u00a0\u00bb thegem_enable_shadow=\u00a0\u00bbtrue\u00a0\u00bb css=\u00a0\u00bb.vc_custom_1747929794659{margin-top: -270px !important;background-image: url(https:\/\/sunyouth.org\/wp-content\/uploads\/2025\/05\/Donate-a-Car.jpg?id=170516) !important;background-position: center !important;background-repeat: no-repeat !important;background-size: contain !important;}\u00a0\u00bb][vc_column][\/vc_column][\/vc_row][vc_row][vc_column][vc_column_text css=\u00a0\u00bb\u00a0\u00bb]<span style=\"color: #000000;\">Jeunesse au Soleil recueille tout au long de l&rsquo;ann\u00e9e les dons de la population et les redistribue aux gens dans le besoin. Les personnes qui souhaitent faire un don de v\u00eatements pourront le faire en utilisant les bacs de dons identifi\u00e9s \u00e0 nos couleurs \u00e0 Jeunesse au Soleil (6700, Avenue du Parc) et \u00e0 la Maison Blanche situ\u00e9e au pied du mon Royal (370, Mont-Royal Ouest). Les dons suivants ne sont pas accept\u00e9s : meubles, matelas, accessoires m\u00e9nagers, de petits appareils \u00e9lectroniques, gros \u00e9lectrom\u00e9nagers (r\u00e9frig\u00e9rateur, laveuse, s\u00e9cheuse), t\u00e9l\u00e9viseurs \u00e0 \u00e9cran cathodique et ordinateurs.<\/span><\/p>\n<p><span style=\"color: #000000;\">Jeunesse au Soleil accepte aussi les dons de nourriture non p\u00e9rissable. Ces dons peuvent \u00eatre apport\u00e9s \u00e0 Jeunesse au Soleil entre 8 h et 16 h, du lundi au vendredi au 6700, Avenue du Parc. Un service de cueillette est disponible pour les dons en grande quantit\u00e9 (nourriture amass\u00e9e lors d&rsquo;une collecte organis\u00e9e par des particuliers et des entreprises, dons corporatifs). Une grande partie de la nourriture re\u00e7ue par Jeunesse au Soleil est amass\u00e9e lors de la guignol\u00e9e des m\u00e9dias, laquelle a lieu chaque ann\u00e9e au d\u00e9but d\u00e9cembre. De plus, Jeunesse au Soleil organise des collectes de nourriture durant les p\u00e9riodes cruciales de l&rsquo;ann\u00e9e soit durant l&rsquo;\u00e9t\u00e9 et \u00e0 l&rsquo;approche du temps des F\u00eates.<\/span>[\/vc_column_text][\/vc_column][\/vc_row][vc_row][vc_column][vc_column_text css=\u00a0\u00bb.vc_custom_1747933742059{background-color: #FDD934 !important;}\u00a0\u00bb]<\/p>\n<h4 style=\"text-align: center;\"><span style=\"color: #000000;\">FAITES DON DE VOTRE V\u00c9HICULE \u00c0 JEUNESSE AU SOLEIL<\/span><\/h4>\n<p>[\/vc_column_text][\/vc_column][\/vc_row][vc_row][vc_column][vc_column_text css=\u00a0\u00bb\u00a0\u00bb]<a href=\"http:\/\/www.donatecar.ca\/\"><img class=\"aligncenter size-full wp-image-27802\" src=\"https:\/\/sunyouth.org\/wp-content\/uploads\/2018\/11\/faecb60854c5dc77fe084b4b4fcee0b8_f1659.jpg\" alt=\"\" width=\"639\" height=\"256\" srcset=\"https:\/\/sunyouth.org\/wp-content\/uploads\/2018\/11\/faecb60854c5dc77fe084b4b4fcee0b8_f1659.jpg 639w, https:\/\/sunyouth.org\/wp-content\/uploads\/2018\/11\/faecb60854c5dc77fe084b4b4fcee0b8_f1659-300x120.jpg 300w\" sizes=\"(max-width: 639px) 100vw, 639px\" \/><\/a><\/p>\n<p><span style=\"color: #000000;\"><strong><a style=\"color: #000000;\" href=\"http:\/\/www.donatecar.ca\/\">Donate a Car Canada<\/a><\/strong>\u00a0accepte les\u00a0<a style=\"color: #000000;\" href=\"https:\/\/donatecar.ca\/org\/charitypage\/donate.php?charity=1283\">dons de v\u00e9hicules au profit de Jeunesse<\/a>\u00a0au Soleil. Le remorquage est offert gratuitement presque partout au Canada. Il vous est aussi possible de venir porter votre v\u00e9hicule afin de maximiser le montant de votre don. Lorsque vous faites\u00a0<a style=\"color: #000000;\" href=\"https:\/\/donatecar.ca\/org\/charitypage\/donate.php?charity=1283\">don de votre voiture, camion, VR, bateau ou motocyclette \u00e0 Jeunesse au Soleil<\/a>\u00a0par l&rsquo;entremise de\u00a0<a style=\"color: #000000;\" href=\"http:\/\/www.donatecar.ca\/\">Donate a Car Canada<\/a>, votre v\u00e9hicule sera recycl\u00e9 ou mis \u00e0 l&rsquo;encan (en fonction de sa condition, son \u00e2ge et son emplacement).\u00a0<a style=\"color: #000000;\" href=\"http:\/\/www.donatecar.ca\/\">Donate a Car Canada<\/a>\u00a0s&rsquo;occupera de tous les d\u00e9tails afin de faciliter le don \u00e0 Jeunesse au Soleil. Une fois le processus de\u00a0<a style=\"color: #000000;\" href=\"https:\/\/donatecar.ca\/org\/charitypage\/donate.php?charity=1283\">don de votre v\u00e9hicule<\/a>\u00a0compl\u00e9t\u00e9, notre organisme vous fera parvenir un re\u00e7u aux fins de l&rsquo;imp\u00f4t et mettra votre don \u00e0 profit.<\/span><\/p>\n<p style=\"text-align: center;\"><a href=\"https:\/\/donatecar.ca\/org\/charitypage\/donate.php?charity=1283\"><strong><span style=\"color: #000000;\">Cliquez ICI pour donner votre v\u00e9hicule \u00e0 Jeunesse au Soleil (site de don en anglais seulement)<\/span><\/strong><\/a><\/p>\n<p>[\/vc_column_text][\/vc_column][\/vc_row][vc_row][vc_column][\/vc_column][\/vc_row]<\/p>\n<\/div>","protected":false},"excerpt":{"rendered":"<p>[vc_row full_height=\u00a0\u00bbyes\u00a0\u00bb thegem_enable_shadow=\u00a0\u00bbtrue\u00a0\u00bb css=\u00a0\u00bb.vc_custom_1747929794659{margin-top: -270px !important;background-image: url(https:\/\/sunyouth.org\/wp-content\/uploads\/2025\/05\/Donate-a-Car.jpg?id=170516) !important;background-position: center !important;background-repeat: no-repeat !important;background-size: contain !important;}\u00a0\u00bb][vc_column][\/vc_column][\/vc_row][vc_row][vc_column][vc_column_text css=\u00a0\u00bb\u00a0\u00bb]Jeunesse au Soleil recueille tout au long de&#8230;<\/p>\n","protected":false},"author":34,"featured_media":0,"parent":0,"menu_order":0,"comment_status":"closed","ping_status":"closed","template":"","meta":{"_acf_changed":false,"_monsterinsights_skip_tracking":false,"_monsterinsights_sitenote_active":false,"_monsterinsights_sitenote_note":"","_monsterinsights_sitenote_category":0,"footnotes":""},"class_list":["post-170526","page","type-page","status-publish"],"acf":[],"yoast_head":"<!-- This site is optimized with the Yoast SEO plugin v27.4 - https:\/\/yoast.com\/product\/yoast-seo-wordpress\/ -->\n<title>Dons Mat\u00e9riels - Jeunesse au soleil<\/title>\n<meta name=\"robots\" content=\"index, follow, max-snippet:-1, max-image-preview:large, max-video-preview:-1\" \/>\n<link rel=\"canonical\" href=\"https:\/\/sunyouth.org\/fr\/dons-materiels\/\" \/>\n<meta property=\"og:locale\" content=\"fr_FR\" \/>\n<meta property=\"og:type\" content=\"article\" \/>\n<meta property=\"og:title\" content=\"Dons Mat\u00e9riels - Jeunesse au soleil\" \/>\n<meta property=\"og:description\" content=\"[vc_row full_height=\u00a0\u00bbyes\u00a0\u00bb thegem_enable_shadow=\u00a0\u00bbtrue\u00a0\u00bb css=\u00a0\u00bb.vc_custom_1747929794659{margin-top: -270px !important;background-image: url(https:\/\/sunyouth.org\/wp-content\/uploads\/2025\/05\/Donate-a-Car.jpg?id=170516) !important;background-position: center !important;background-repeat: no-repeat !important;background-size: contain !important;}\u00a0\u00bb][vc_column][\/vc_column][\/vc_row][vc_row][vc_column][vc_column_text css=\u00a0\u00bb\u00a0\u00bb]Jeunesse au Soleil recueille tout au long de...\" \/>\n<meta property=\"og:url\" content=\"https:\/\/sunyouth.org\/fr\/dons-materiels\/\" \/>\n<meta property=\"og:site_name\" content=\"Jeunesse au soleil\" \/>\n<meta property=\"og:image\" content=\"https:\/\/sunyouth.org\/wp-content\/uploads\/2018\/11\/faecb60854c5dc77fe084b4b4fcee0b8_f1659.jpg\" \/>\n\t<meta property=\"og:image:width\" content=\"639\" \/>\n\t<meta property=\"og:image:height\" content=\"256\" \/>\n\t<meta property=\"og:image:type\" content=\"image\/jpeg\" \/>\n<meta name=\"twitter:card\" content=\"summary_large_image\" \/>\n<meta name=\"twitter:label1\" content=\"Dur\u00e9e de lecture estim\u00e9e\" \/>\n\t<meta name=\"twitter:data1\" content=\"2 minutes\" \/>\n<script type=\"application\/ld+json\" class=\"yoast-schema-graph\">{\"@context\":\"https:\\\/\\\/schema.org\",\"@graph\":[{\"@type\":\"WebPage\",\"@id\":\"https:\\\/\\\/sunyouth.org\\\/fr\\\/dons-materiels\\\/\",\"url\":\"https:\\\/\\\/sunyouth.org\\\/fr\\\/dons-materiels\\\/\",\"name\":\"Dons Mat\u00e9riels - Jeunesse au soleil\",\"isPartOf\":{\"@id\":\"https:\\\/\\\/sunyouth.org\\\/#website\"},\"primaryImageOfPage\":{\"@id\":\"https:\\\/\\\/sunyouth.org\\\/fr\\\/dons-materiels\\\/#primaryimage\"},\"image\":{\"@id\":\"https:\\\/\\\/sunyouth.org\\\/fr\\\/dons-materiels\\\/#primaryimage\"},\"thumbnailUrl\":\"https:\\\/\\\/sunyouth.org\\\/wp-content\\\/uploads\\\/2018\\\/11\\\/faecb60854c5dc77fe084b4b4fcee0b8_f1659.jpg\",\"datePublished\":\"2025-05-22T17:17:50+00:00\",\"breadcrumb\":{\"@id\":\"https:\\\/\\\/sunyouth.org\\\/fr\\\/dons-materiels\\\/#breadcrumb\"},\"inLanguage\":\"fr-FR\",\"potentialAction\":[{\"@type\":\"ReadAction\",\"target\":[\"https:\\\/\\\/sunyouth.org\\\/fr\\\/dons-materiels\\\/\"]}]},{\"@type\":\"ImageObject\",\"inLanguage\":\"fr-FR\",\"@id\":\"https:\\\/\\\/sunyouth.org\\\/fr\\\/dons-materiels\\\/#primaryimage\",\"url\":\"https:\\\/\\\/sunyouth.org\\\/wp-content\\\/uploads\\\/2018\\\/11\\\/faecb60854c5dc77fe084b4b4fcee0b8_f1659.jpg\",\"contentUrl\":\"https:\\\/\\\/sunyouth.org\\\/wp-content\\\/uploads\\\/2018\\\/11\\\/faecb60854c5dc77fe084b4b4fcee0b8_f1659.jpg\"},{\"@type\":\"BreadcrumbList\",\"@id\":\"https:\\\/\\\/sunyouth.org\\\/fr\\\/dons-materiels\\\/#breadcrumb\",\"itemListElement\":[{\"@type\":\"ListItem\",\"position\":1,\"name\":\"Home\",\"item\":\"https:\\\/\\\/sunyouth.org\\\/fr\\\/\"},{\"@type\":\"ListItem\",\"position\":2,\"name\":\"Dons Mat\u00e9riels\"}]},{\"@type\":\"WebSite\",\"@id\":\"https:\\\/\\\/sunyouth.org\\\/#website\",\"url\":\"https:\\\/\\\/sunyouth.org\\\/\",\"name\":\"Jeunesse au soleil\",\"description\":\"Dedicated since 1954!\",\"publisher\":{\"@id\":\"https:\\\/\\\/sunyouth.org\\\/#organization\"},\"potentialAction\":[{\"@type\":\"SearchAction\",\"target\":{\"@type\":\"EntryPoint\",\"urlTemplate\":\"https:\\\/\\\/sunyouth.org\\\/?s={search_term_string}\"},\"query-input\":{\"@type\":\"PropertyValueSpecification\",\"valueRequired\":true,\"valueName\":\"search_term_string\"}}],\"inLanguage\":\"fr-FR\"},{\"@type\":\"Organization\",\"@id\":\"https:\\\/\\\/sunyouth.org\\\/#organization\",\"name\":\"SUN YOUTH\",\"url\":\"https:\\\/\\\/sunyouth.org\\\/\",\"logo\":{\"@type\":\"ImageObject\",\"inLanguage\":\"fr-FR\",\"@id\":\"https:\\\/\\\/sunyouth.org\\\/#\\\/schema\\\/logo\\\/image\\\/\",\"url\":\"https:\\\/\\\/sunyouth.org\\\/wp-content\\\/uploads\\\/2018\\\/11\\\/LOGO-SUNYOUTH.png\",\"contentUrl\":\"https:\\\/\\\/sunyouth.org\\\/wp-content\\\/uploads\\\/2018\\\/11\\\/LOGO-SUNYOUTH.png\",\"width\":251,\"height\":251,\"caption\":\"SUN YOUTH\"},\"image\":{\"@id\":\"https:\\\/\\\/sunyouth.org\\\/#\\\/schema\\\/logo\\\/image\\\/\"}}]}<\/script>\n<!-- \/ Yoast SEO plugin. -->","yoast_head_json":{"title":"Dons Mat\u00e9riels - Jeunesse au soleil","robots":{"index":"index","follow":"follow","max-snippet":"max-snippet:-1","max-image-preview":"max-image-preview:large","max-video-preview":"max-video-preview:-1"},"canonical":"https:\/\/sunyouth.org\/fr\/dons-materiels\/","og_locale":"fr_FR","og_type":"article","og_title":"Dons Mat\u00e9riels - Jeunesse au soleil","og_description":"[vc_row full_height=\u00a0\u00bbyes\u00a0\u00bb thegem_enable_shadow=\u00a0\u00bbtrue\u00a0\u00bb css=\u00a0\u00bb.vc_custom_1747929794659{margin-top: -270px !important;background-image: url(https:\/\/sunyouth.org\/wp-content\/uploads\/2025\/05\/Donate-a-Car.jpg?id=170516) !important;background-position: center !important;background-repeat: no-repeat !important;background-size: contain !important;}\u00a0\u00bb][vc_column][\/vc_column][\/vc_row][vc_row][vc_column][vc_column_text css=\u00a0\u00bb\u00a0\u00bb]Jeunesse au Soleil recueille tout au long de...","og_url":"https:\/\/sunyouth.org\/fr\/dons-materiels\/","og_site_name":"Jeunesse au soleil","og_image":[{"width":639,"height":256,"url":"https:\/\/sunyouth.org\/wp-content\/uploads\/2018\/11\/faecb60854c5dc77fe084b4b4fcee0b8_f1659.jpg","type":"image\/jpeg"}],"twitter_card":"summary_large_image","twitter_misc":{"Dur\u00e9e de lecture estim\u00e9e":"2 minutes"},"schema":{"@context":"https:\/\/schema.org","@graph":[{"@type":"WebPage","@id":"https:\/\/sunyouth.org\/fr\/dons-materiels\/","url":"https:\/\/sunyouth.org\/fr\/dons-materiels\/","name":"Dons Mat\u00e9riels - Jeunesse au soleil","isPartOf":{"@id":"https:\/\/sunyouth.org\/#website"},"primaryImageOfPage":{"@id":"https:\/\/sunyouth.org\/fr\/dons-materiels\/#primaryimage"},"image":{"@id":"https:\/\/sunyouth.org\/fr\/dons-materiels\/#primaryimage"},"thumbnailUrl":"https:\/\/sunyouth.org\/wp-content\/uploads\/2018\/11\/faecb60854c5dc77fe084b4b4fcee0b8_f1659.jpg","datePublished":"2025-05-22T17:17:50+00:00","breadcrumb":{"@id":"https:\/\/sunyouth.org\/fr\/dons-materiels\/#breadcrumb"},"inLanguage":"fr-FR","potentialAction":[{"@type":"ReadAction","target":["https:\/\/sunyouth.org\/fr\/dons-materiels\/"]}]},{"@type":"ImageObject","inLanguage":"fr-FR","@id":"https:\/\/sunyouth.org\/fr\/dons-materiels\/#primaryimage","url":"https:\/\/sunyouth.org\/wp-content\/uploads\/2018\/11\/faecb60854c5dc77fe084b4b4fcee0b8_f1659.jpg","contentUrl":"https:\/\/sunyouth.org\/wp-content\/uploads\/2018\/11\/faecb60854c5dc77fe084b4b4fcee0b8_f1659.jpg"},{"@type":"BreadcrumbList","@id":"https:\/\/sunyouth.org\/fr\/dons-materiels\/#breadcrumb","itemListElement":[{"@type":"ListItem","position":1,"name":"Home","item":"https:\/\/sunyouth.org\/fr\/"},{"@type":"ListItem","position":2,"name":"Dons Mat\u00e9riels"}]},{"@type":"WebSite","@id":"https:\/\/sunyouth.org\/#website","url":"https:\/\/sunyouth.org\/","name":"Jeunesse au soleil","description":"Dedicated since 1954!","publisher":{"@id":"https:\/\/sunyouth.org\/#organization"},"potentialAction":[{"@type":"SearchAction","target":{"@type":"EntryPoint","urlTemplate":"https:\/\/sunyouth.org\/?s={search_term_string}"},"query-input":{"@type":"PropertyValueSpecification","valueRequired":true,"valueName":"search_term_string"}}],"inLanguage":"fr-FR"},{"@type":"Organization","@id":"https:\/\/sunyouth.org\/#organization","name":"SUN YOUTH","url":"https:\/\/sunyouth.org\/","logo":{"@type":"ImageObject","inLanguage":"fr-FR","@id":"https:\/\/sunyouth.org\/#\/schema\/logo\/image\/","url":"https:\/\/sunyouth.org\/wp-content\/uploads\/2018\/11\/LOGO-SUNYOUTH.png","contentUrl":"https:\/\/sunyouth.org\/wp-content\/uploads\/2018\/11\/LOGO-SUNYOUTH.png","width":251,"height":251,"caption":"SUN YOUTH"},"image":{"@id":"https:\/\/sunyouth.org\/#\/schema\/logo\/image\/"}}]}},"_links":{"self":[{"href":"https:\/\/sunyouth.org\/fr\/wp-json\/wp\/v2\/pages\/170526","targetHints":{"allow":["GET"]}}],"collection":[{"href":"https:\/\/sunyouth.org\/fr\/wp-json\/wp\/v2\/pages"}],"about":[{"href":"https:\/\/sunyouth.org\/fr\/wp-json\/wp\/v2\/types\/page"}],"author":[{"embeddable":true,"href":"https:\/\/sunyouth.org\/fr\/wp-json\/wp\/v2\/users\/34"}],"replies":[{"embeddable":true,"href":"https:\/\/sunyouth.org\/fr\/wp-json\/wp\/v2\/comments?post=170526"}],"version-history":[{"count":3,"href":"https:\/\/sunyouth.org\/fr\/wp-json\/wp\/v2\/pages\/170526\/revisions"}],"predecessor-version":[{"id":170530,"href":"https:\/\/sunyouth.org\/fr\/wp-json\/wp\/v2\/pages\/170526\/revisions\/170530"}],"wp:attachment":[{"href":"https:\/\/sunyouth.org\/fr\/wp-json\/wp\/v2\/media?parent=170526"}],"curies":[{"name":"wp","href":"https:\/\/api.w.org\/{rel}","templated":true}]}}