{"id":170452,"date":"2025-05-21T13:44:24","date_gmt":"2025-05-21T18:44:24","guid":{"rendered":"https:\/\/sunyouth.org\/?page_id=170452"},"modified":"2025-05-21T13:44:24","modified_gmt":"2025-05-21T18:44:24","slug":"benevole","status":"publish","type":"page","link":"https:\/\/sunyouth.org\/fr\/benevole\/","title":{"rendered":"B\u00e9n\u00e9vole"},"content":{"rendered":"<div class=\"wpb-content-wrapper\"><p>[vc_row full_width=\u00a0\u00bbstretch_row_content\u00a0\u00bb full_height=\u00a0\u00bbyes\u00a0\u00bb thegem_shadow_color=\u00a0\u00bb#000000&Prime; thegem_enable_shadow=\u00a0\u00bbtrue\u00a0\u00bb css=\u00a0\u00bb.vc_custom_1747852705366{margin-top: -255px !important;background-image: url(https:\/\/sunyouth.org\/wp-content\/uploads\/2025\/05\/Giving-Back-scaled.jpg?id=170439) !important;background-position: center !important;background-repeat: no-repeat !important;background-size: cover !important;}\u00a0\u00bb][vc_column][vc_column_text css=\u00a0\u00bb.vc_custom_1747853048863{margin-top: -170px !important;}\u00a0\u00bb]<\/p>\n<h1 style=\"text-align: center;\"><span style=\"color: #ffffff;\">B\u00e9n\u00e9vole<\/span><\/h1>\n<p>[\/vc_column_text][\/vc_column][\/vc_row][vc_row][vc_column][vc_column_text css=\u00a0\u00bb\u00a0\u00bb]<span style=\"color: #000000;\">On sait \u00e0 quel point les b\u00e9n\u00e9voles sont importants dans notre soci\u00e9t\u00e9. Ils sont \u00e0 la base du d\u00e9veloppement de nombreux services \u00e0 la communaut\u00e9 et il difficile d&rsquo;imaginer l&rsquo;impact qu&rsquo;aurait leur absence sur la dispensation de services essentiels dans notre soci\u00e9t\u00e9.<\/span><\/p>\n<p><span style=\"color: #000000;\">\u00c0 Jeunesse au Soleil, les b\u00e9n\u00e9voles sont au c\u0153ur des activit\u00e9s quotidiennes. Vous y trouverez des occasions de b\u00e9n\u00e9volat pour tous les go\u00fbts et pour tous les \u00e2ges. Du tri de la marchandise \u00e0 la pr\u00e9paration des paniers de nourriture en passant par la culture des potagers, du service \u00e0 la client\u00e8le \u00e0 l&rsquo;entra\u00eenement d&rsquo;une \u00e9quipe sportive, du recyclage \u00e0 la recherche de financement et \u00e0 l\u2019administration de l\u2019organisme, ils sont plus de 1 500 dans l&rsquo;ann\u00e9e \u00e0 pr\u00eater main forte au personnel.<\/span><\/p>\n<p><span style=\"color: #000000;\">Les b\u00e9n\u00e9voles s&rsquo;affairent tant dans l&rsquo;\u00e9difice principal de Jeunesse au Soleil que dans son entrep\u00f4t. L&rsquo;entrep\u00f4t est d&rsquo;ailleurs l&rsquo;endroit id\u00e9al pour les entreprises qui d\u00e9sirent organiser des journ\u00e9es de consolidation d&rsquo;\u00e9quipe (\u00ab Team Building \u00bb) avec leur personnel en effectuant le tri de vivres et la confection de paniers de nourriture.<\/span><\/p>\n<p><span style=\"color: #000000;\">Veuillez noter que pour certains postes, Jeunesse au Soleil doit effectuer une v\u00e9rification des ant\u00e9c\u00e9dents judiciaires du candidat b\u00e9n\u00e9vole. Pour plus d&rsquo;informations ou pour postuler \u00e0 titre de b\u00e9n\u00e9vole, nous vous invitons \u00e0 communiquer avec nous en utilisant le formulaire ci-dessous.<\/span><\/p>\n<p><span style=\"color: #000000;\">B\u00e9n\u00e9voles disponible:<\/span><\/p>\n<p><span style=\"color: #000000;\">Du lundi au vendredi<\/span><\/p>\n<p><span style=\"color: #000000;\">9h-12h ou 13h-16h<\/span><\/p>\n<p><span style=\"color: #000000;\">CONTRIBUEZ EN DONNANT DE VOTRE TEMPS!<\/span>[\/vc_column_text][vc_empty_space][vc_btn title=\u00a0\u00bbRegister\u00a0\u00bb link=\u00a0\u00bburl:https%3A%2F%2Fwww.imakeanonlinedonation.org%2Fjeunesseausoleil-sunyouth%2FVOLUNTEER%2F|\u00a0\u00bb][vc_empty_space][\/vc_column][\/vc_row][vc_row][vc_column][vc_column_text css=\u00a0\u00bb.vc_custom_1747852198080{background-color: #FFD934 !important;}\u00a0\u00bb]<\/p>\n<h4 style=\"text-align: center;\">T\u00e9moignages b\u00e9n\u00e9voles<\/h4>\n<p>[\/vc_column_text][\/vc_column][\/vc_row][vc_row][vc_column][vc_column_text css=\u00a0\u00bb\u00a0\u00bb]<span style=\"color: #000000;\">J\u2019ai commenc\u00e9 \u00e0 faire du b\u00e9n\u00e9volat parce qu\u2019un jour, j\u2019\u00e9tais \u00e0 la maison et d\u2019un c\u00f4t\u00e9 je regardais Netflix et de l\u2019autre, je me promenais sur Instagram, et je me suis dit que tout \u00e7a \u00e9tait une \u00e9norme perte de temps et que je devrais trouver quelque chose de mieux pour occuper mon temps libre, quelque chose de plus significatif. Je ne travaille pas non plus le vendredi, alors disposant d\u2019un jour libre dans ma semaine, j\u2019ai d\u00e9cid\u00e9 de faire du b\u00e9n\u00e9volat. J\u2019aurais pu choisir un nouveau passe-temps, mais je voulais faire quelque chose d\u2019utile, quelque chose qui aiderait les autres. J\u2019ai fait quelques recherches sur Google cette nuit-l\u00e0 et on m\u2019a propos\u00e9 Jeunesse au Soleil \u00e0 cause de la proximit\u00e9 de mon domicile. Et je me suis aussi souvenue que mon copain avait d\u00e9j\u00e0 mentionn\u00e9 leur nom\u2026 Il jouait contre leur \u00e9quipe de basket quand il \u00e9tait enfant (et il avait perdu, \u00e9videmment. LOL.).<\/span><\/p>\n<p><span style=\"color: #000000;\">Il y a beaucoup de choses que je retire du b\u00e9n\u00e9volat. Tout d\u2019abord, c\u2019est amusant, tout le monde est super gentil et amical. L\u2019environnement et l\u2019atmosph\u00e8re sont formidables.<\/span><br \/>\n<span style=\"color: #000000;\">Deuxi\u00e8mement, quand je fais du b\u00e9n\u00e9volat, je fais une pause dans ma vie quotidienne, mes t\u00e2ches et mes responsabilit\u00e9s, je peux m\u2019oublier et me concentrer sur les autres.<\/span><br \/>\n<span style=\"color: #000000;\">Troisi\u00e8mement, c\u2019est tr\u00e8s gratifiant de passer mon temps libre \u00e0 faire quelque chose qui aide la communaut\u00e9 et qui rend service d\u2019une certaine mani\u00e8re. J\u2019esp\u00e8re pouvoir m\u2019impliquer davantage dans des projets communautaires \u00e0 l\u2019avenir, c\u2019est certain.<\/span><\/p>\n<p><span style=\"color: #000000;\">Merci,<\/span><br \/>\n<span style=\"color: #000000;\">Melissa Elbaz<\/span><\/p>\n<hr \/>\n<p><span style=\"color: #000000;\">J\u2019ai toujours voulu faire du b\u00e9n\u00e9volat pour Jeunesse au Soleil, depuis que je suis adolescente et que je vois aux nouvelles comment Sid Stevens et son \u00e9quipe ont aid\u00e9 les gens au fil des ans. J\u2019ai commenc\u00e9 \u00e0 faire du b\u00e9n\u00e9volat \u00e0 l\u2019\u00e2ge de 14 ans dans diff\u00e9rents domaines. Jeunesse au Soleil \u00e9tait sur ma \u00ab\u2009bucket list\u2009\u00bb de choses \u00e0 faire absolument. Le c\u0153ur de Jeunesse au Soleil, ce sont toutes les personnes qui travaillent dans les coulisses, qui sont int\u00e8gres et qui travaillent toutes sur la m\u00eame longueur d\u2019onde en vue d\u2019aider. Faire du b\u00e9n\u00e9volat est pour moi une le\u00e7on d\u2019humilit\u00e9 qui me fait appr\u00e9cier tout ce que j\u2019ai, car nous avons tendance \u00e0 oublier. J\u2019ai v\u00e9cu quelques histoires touchantes en faisant du b\u00e9n\u00e9volat. Par exemple, je me souviens de cette femme qui est venue avec son travailleur social et son fils : elle avait vraiment besoin d\u2019aide. Quand nous avons termin\u00e9, elle m\u2019a remerci\u00e9 et m\u2019a demand\u00e9 si elle pouvait me faire un c\u00e2lin. J\u2019ai d\u00fb retenir mes larmes.<\/span><\/p>\n<p><span style=\"color: #000000;\">Je pourrais continuer. Voil\u00e0 ce que c\u2019est le b\u00e9n\u00e9volat pour moi.<\/span><\/p>\n<p><span style=\"color: #000000;\">Diane Arseneault<\/span><\/p>\n<hr \/>\n<p><span style=\"color: #000000;\">Mon int\u00e9r\u00eat pour Jeunesse au Soleil vient d\u2019abord et avant tout de votre notori\u00e9t\u00e9 dans le milieu communautaire.<\/span><\/p>\n<p><span style=\"color: #000000;\">En 2018, j\u2019ai \u00e9t\u00e9 diagnostiqu\u00e9 avec une maladie incurable ce qui fait que j\u2019ai cess\u00e9 mes activit\u00e9s professionnelles. En 2020, j\u2019ai commenc\u00e9 \u00e0 me pr\u00e9occuper du gaspillage alimentaire. J\u2019ai donc pris l\u2019initiative de m\u2019informer comment les grandes cha\u00eenes alimentaires disposaient des invendus, pertes, etc. \u00c0 ma grande surprise, j\u2019ai appris que la majorit\u00e9 \u00e9tait jet\u00e9e et que m\u00eame les employ\u00e9s n\u2019avaient pas droit de rapporter les denr\u00e9es pour leurs familles.<\/span><\/p>\n<p><span style=\"color: #000000;\">Ceci m\u2019a profond\u00e9ment troubl\u00e9 et en m\u2019informant j\u2019ai appris que certains faisaient des dons \u00e0 Jeunesse au<\/span><br \/>\n<span style=\"color: #000000;\">Soleil. Ceci m\u2019a redonn\u00e9 un peu d\u2019espoir \u00e0 faire partie d\u2019une association ou je peux voir un r\u00e9el impact sur l\u2019aide qui est donn\u00e9 aux plus d\u00e9munis et ceci refl\u00e8te mes valeurs.<\/span><\/p>\n<p><span style=\"color: #000000;\">J\u2019aime savoir que certaines personnes travaillent fort \u00e0 vivre dans une soci\u00e9t\u00e9 moins capitaliste o\u00f9 l\u2019\u00e9quit\u00e9 et la justice sont un droit pour tous.<\/span><\/p>\n<p><span style=\"color: #000000;\">Donc depuis l\u2019\u00e9t\u00e9 2020, j\u2019ai int\u00e9gr\u00e9 une fabuleuse \u00e9quipe et chaque jour je peux y voir des gens sinc\u00e8res et motiv\u00e9s \u00e0 partager un peu de bonheur dans une ambiance simple, amicale et chaleureuse. \u00c0 ce jour, ceci est ma plus belle exp\u00e9rience de b\u00e9n\u00e9volat.<\/span><\/p>\n<p><span style=\"color: #000000;\">Kim Genois<\/span><\/p>\n<hr \/>\n<p><span style=\"color: #000000;\">J\u2019ai connu Jeunesse au Soleil gr\u00e2ce \u00e0 mon emploi \u00e0 la Banque TD, o\u00f9 j\u2019ai travaill\u00e9 pendant pr\u00e8s de 40 ans avant de prendre ma retraite. J\u2019ai \u00e9galement v\u00e9cu sur le Plateau \u00e0 Montr\u00e9al, rue Esplanade, pendant 17 ans, et Jeunesse au Soleil \u00e9tait situ\u00e9 juste au coin des rues Saint-Urbain et Rachel pendant de nombreuses ann\u00e9es, avant son d\u00e9m\u00e9nagement sur l\u2019avenue du Parc.<\/span><\/p>\n<p><span style=\"color: #000000;\">Lorsque je travaillais, nous faisions souvent du b\u00e9n\u00e9volat chez Jeunesse au Soleil pour aider \u00e0 recueillir et \u00e0 emballer des aliments pour le programme de paniers de No\u00ebl. Lorsque j\u2019ai pris ma retraite, j\u2019ai d\u00e9cid\u00e9 que je voulais faire du b\u00e9n\u00e9volat et Jeunesse au Soleil m\u2019est venu \u00e0 l\u2019esprit. J\u2019ai commenc\u00e9 \u00e0 y faire du b\u00e9n\u00e9volat il y a six ans, sur la rue Saint-Urbain, et je continue \u00e0 en faire sur l\u2019avenue du Parc. En raison de la pand\u00e9mie, je fais du b\u00e9n\u00e9volat \u00e0 partir de chez moi. L\u2019exp\u00e9rience du b\u00e9n\u00e9volat a \u00e9t\u00e9 tr\u00e8s enrichissante pour moi. J\u2019en retire beaucoup et je continuerai \u00e0 en faire aussi longtemps que possible.<\/span><\/p>\n<p><span style=\"color: #000000;\">Brenda Bailey<\/span>[\/vc_column_text][\/vc_column][\/vc_row]<\/p>\n<\/div>","protected":false},"excerpt":{"rendered":"<p>[vc_row full_width=\u00a0\u00bbstretch_row_content\u00a0\u00bb full_height=\u00a0\u00bbyes\u00a0\u00bb thegem_shadow_color=\u00a0\u00bb#000000&Prime; thegem_enable_shadow=\u00a0\u00bbtrue\u00a0\u00bb css=\u00a0\u00bb.vc_custom_1747852705366{margin-top: -255px !important;background-image: url(https:\/\/sunyouth.org\/wp-content\/uploads\/2025\/05\/Giving-Back-scaled.jpg?id=170439) !important;background-position: center !important;background-repeat: no-repeat !important;background-size: cover !important;}\u00a0\u00bb][vc_column][vc_column_text css=\u00a0\u00bb.vc_custom_1747853048863{margin-top: -170px !important;}\u00a0\u00bb] B\u00e9n\u00e9vole [\/vc_column_text][\/vc_column][\/vc_row][vc_row][vc_column][vc_column_text css=\u00a0\u00bb\u00a0\u00bb]On&#8230;<\/p>\n","protected":false},"author":34,"featured_media":0,"parent":0,"menu_order":0,"comment_status":"closed","ping_status":"closed","template":"","meta":{"_acf_changed":false,"_monsterinsights_skip_tracking":false,"_monsterinsights_sitenote_active":false,"_monsterinsights_sitenote_note":"","_monsterinsights_sitenote_category":0,"footnotes":""},"class_list":["post-170452","page","type-page","status-publish"],"acf":[],"yoast_head":"<!-- This site is optimized with the Yoast SEO plugin v27.2 - https:\/\/yoast.com\/product\/yoast-seo-wordpress\/ -->\n<title>B\u00e9n\u00e9vole - Jeunesse au soleil<\/title>\n<meta name=\"robots\" content=\"index, follow, max-snippet:-1, max-image-preview:large, max-video-preview:-1\" \/>\n<link rel=\"canonical\" href=\"https:\/\/sunyouth.org\/fr\/benevole\/\" \/>\n<meta property=\"og:locale\" content=\"fr_FR\" \/>\n<meta property=\"og:type\" content=\"article\" \/>\n<meta property=\"og:title\" content=\"B\u00e9n\u00e9vole - Jeunesse au soleil\" \/>\n<meta property=\"og:description\" content=\"[vc_row full_width=\u00a0\u00bbstretch_row_content\u00a0\u00bb full_height=\u00a0\u00bbyes\u00a0\u00bb thegem_shadow_color=\u00a0\u00bb#000000&Prime; thegem_enable_shadow=\u00a0\u00bbtrue\u00a0\u00bb css=\u00a0\u00bb.vc_custom_1747852705366{margin-top: -255px !important;background-image: url(https:\/\/sunyouth.org\/wp-content\/uploads\/2025\/05\/Giving-Back-scaled.jpg?id=170439) !important;background-position: center !important;background-repeat: no-repeat !important;background-size: cover !important;}\u00a0\u00bb][vc_column][vc_column_text css=\u00a0\u00bb.vc_custom_1747853048863{margin-top: -170px !important;}\u00a0\u00bb] B\u00e9n\u00e9vole [\/vc_column_text][\/vc_column][\/vc_row][vc_row][vc_column][vc_column_text css=\u00a0\u00bb\u00a0\u00bb]On...\" \/>\n<meta property=\"og:url\" content=\"https:\/\/sunyouth.org\/fr\/benevole\/\" \/>\n<meta property=\"og:site_name\" content=\"Jeunesse au soleil\" \/>\n<meta name=\"twitter:card\" content=\"summary_large_image\" \/>\n<meta name=\"twitter:label1\" content=\"Dur\u00e9e de lecture estim\u00e9e\" \/>\n\t<meta name=\"twitter:data1\" content=\"5 minutes\" \/>\n<script type=\"application\/ld+json\" class=\"yoast-schema-graph\">{\"@context\":\"https:\/\/schema.org\",\"@graph\":[{\"@type\":\"WebPage\",\"@id\":\"https:\/\/sunyouth.org\/fr\/benevole\/\",\"url\":\"https:\/\/sunyouth.org\/fr\/benevole\/\",\"name\":\"B\u00e9n\u00e9vole - Jeunesse au soleil\",\"isPartOf\":{\"@id\":\"https:\/\/sunyouth.org\/#website\"},\"datePublished\":\"2025-05-21T18:44:24+00:00\",\"breadcrumb\":{\"@id\":\"https:\/\/sunyouth.org\/fr\/benevole\/#breadcrumb\"},\"inLanguage\":\"fr-FR\",\"potentialAction\":[{\"@type\":\"ReadAction\",\"target\":[\"https:\/\/sunyouth.org\/fr\/benevole\/\"]}]},{\"@type\":\"BreadcrumbList\",\"@id\":\"https:\/\/sunyouth.org\/fr\/benevole\/#breadcrumb\",\"itemListElement\":[{\"@type\":\"ListItem\",\"position\":1,\"name\":\"Home\",\"item\":\"https:\/\/sunyouth.org\/fr\/\"},{\"@type\":\"ListItem\",\"position\":2,\"name\":\"B\u00e9n\u00e9vole\"}]},{\"@type\":\"WebSite\",\"@id\":\"https:\/\/sunyouth.org\/#website\",\"url\":\"https:\/\/sunyouth.org\/\",\"name\":\"Jeunesse au soleil\",\"description\":\"Dedicated since 1954!\",\"publisher\":{\"@id\":\"https:\/\/sunyouth.org\/#organization\"},\"potentialAction\":[{\"@type\":\"SearchAction\",\"target\":{\"@type\":\"EntryPoint\",\"urlTemplate\":\"https:\/\/sunyouth.org\/?s={search_term_string}\"},\"query-input\":{\"@type\":\"PropertyValueSpecification\",\"valueRequired\":true,\"valueName\":\"search_term_string\"}}],\"inLanguage\":\"fr-FR\"},{\"@type\":\"Organization\",\"@id\":\"https:\/\/sunyouth.org\/#organization\",\"name\":\"SUN YOUTH\",\"url\":\"https:\/\/sunyouth.org\/\",\"logo\":{\"@type\":\"ImageObject\",\"inLanguage\":\"fr-FR\",\"@id\":\"https:\/\/sunyouth.org\/#\/schema\/logo\/image\/\",\"url\":\"https:\/\/sunyouth.org\/wp-content\/uploads\/2018\/11\/LOGO-SUNYOUTH.png\",\"contentUrl\":\"https:\/\/sunyouth.org\/wp-content\/uploads\/2018\/11\/LOGO-SUNYOUTH.png\",\"width\":251,\"height\":251,\"caption\":\"SUN YOUTH\"},\"image\":{\"@id\":\"https:\/\/sunyouth.org\/#\/schema\/logo\/image\/\"}}]}<\/script>\n<!-- \/ Yoast SEO plugin. -->","yoast_head_json":{"title":"B\u00e9n\u00e9vole - Jeunesse au soleil","robots":{"index":"index","follow":"follow","max-snippet":"max-snippet:-1","max-image-preview":"max-image-preview:large","max-video-preview":"max-video-preview:-1"},"canonical":"https:\/\/sunyouth.org\/fr\/benevole\/","og_locale":"fr_FR","og_type":"article","og_title":"B\u00e9n\u00e9vole - Jeunesse au soleil","og_description":"[vc_row full_width=\u00a0\u00bbstretch_row_content\u00a0\u00bb full_height=\u00a0\u00bbyes\u00a0\u00bb thegem_shadow_color=\u00a0\u00bb#000000&Prime; thegem_enable_shadow=\u00a0\u00bbtrue\u00a0\u00bb css=\u00a0\u00bb.vc_custom_1747852705366{margin-top: -255px !important;background-image: url(https:\/\/sunyouth.org\/wp-content\/uploads\/2025\/05\/Giving-Back-scaled.jpg?id=170439) !important;background-position: center !important;background-repeat: no-repeat !important;background-size: cover !important;}\u00a0\u00bb][vc_column][vc_column_text css=\u00a0\u00bb.vc_custom_1747853048863{margin-top: -170px !important;}\u00a0\u00bb] B\u00e9n\u00e9vole [\/vc_column_text][\/vc_column][\/vc_row][vc_row][vc_column][vc_column_text css=\u00a0\u00bb\u00a0\u00bb]On...","og_url":"https:\/\/sunyouth.org\/fr\/benevole\/","og_site_name":"Jeunesse au soleil","twitter_card":"summary_large_image","twitter_misc":{"Dur\u00e9e de lecture estim\u00e9e":"5 minutes"},"schema":{"@context":"https:\/\/schema.org","@graph":[{"@type":"WebPage","@id":"https:\/\/sunyouth.org\/fr\/benevole\/","url":"https:\/\/sunyouth.org\/fr\/benevole\/","name":"B\u00e9n\u00e9vole - Jeunesse au soleil","isPartOf":{"@id":"https:\/\/sunyouth.org\/#website"},"datePublished":"2025-05-21T18:44:24+00:00","breadcrumb":{"@id":"https:\/\/sunyouth.org\/fr\/benevole\/#breadcrumb"},"inLanguage":"fr-FR","potentialAction":[{"@type":"ReadAction","target":["https:\/\/sunyouth.org\/fr\/benevole\/"]}]},{"@type":"BreadcrumbList","@id":"https:\/\/sunyouth.org\/fr\/benevole\/#breadcrumb","itemListElement":[{"@type":"ListItem","position":1,"name":"Home","item":"https:\/\/sunyouth.org\/fr\/"},{"@type":"ListItem","position":2,"name":"B\u00e9n\u00e9vole"}]},{"@type":"WebSite","@id":"https:\/\/sunyouth.org\/#website","url":"https:\/\/sunyouth.org\/","name":"Jeunesse au soleil","description":"Dedicated since 1954!","publisher":{"@id":"https:\/\/sunyouth.org\/#organization"},"potentialAction":[{"@type":"SearchAction","target":{"@type":"EntryPoint","urlTemplate":"https:\/\/sunyouth.org\/?s={search_term_string}"},"query-input":{"@type":"PropertyValueSpecification","valueRequired":true,"valueName":"search_term_string"}}],"inLanguage":"fr-FR"},{"@type":"Organization","@id":"https:\/\/sunyouth.org\/#organization","name":"SUN YOUTH","url":"https:\/\/sunyouth.org\/","logo":{"@type":"ImageObject","inLanguage":"fr-FR","@id":"https:\/\/sunyouth.org\/#\/schema\/logo\/image\/","url":"https:\/\/sunyouth.org\/wp-content\/uploads\/2018\/11\/LOGO-SUNYOUTH.png","contentUrl":"https:\/\/sunyouth.org\/wp-content\/uploads\/2018\/11\/LOGO-SUNYOUTH.png","width":251,"height":251,"caption":"SUN YOUTH"},"image":{"@id":"https:\/\/sunyouth.org\/#\/schema\/logo\/image\/"}}]}},"_links":{"self":[{"href":"https:\/\/sunyouth.org\/fr\/wp-json\/wp\/v2\/pages\/170452","targetHints":{"allow":["GET"]}}],"collection":[{"href":"https:\/\/sunyouth.org\/fr\/wp-json\/wp\/v2\/pages"}],"about":[{"href":"https:\/\/sunyouth.org\/fr\/wp-json\/wp\/v2\/types\/page"}],"author":[{"embeddable":true,"href":"https:\/\/sunyouth.org\/fr\/wp-json\/wp\/v2\/users\/34"}],"replies":[{"embeddable":true,"href":"https:\/\/sunyouth.org\/fr\/wp-json\/wp\/v2\/comments?post=170452"}],"version-history":[{"count":10,"href":"https:\/\/sunyouth.org\/fr\/wp-json\/wp\/v2\/pages\/170452\/revisions"}],"predecessor-version":[{"id":170468,"href":"https:\/\/sunyouth.org\/fr\/wp-json\/wp\/v2\/pages\/170452\/revisions\/170468"}],"wp:attachment":[{"href":"https:\/\/sunyouth.org\/fr\/wp-json\/wp\/v2\/media?parent=170452"}],"curies":[{"name":"wp","href":"https:\/\/api.w.org\/{rel}","templated":true}]}}