{"id":170294,"date":"2025-05-16T10:55:30","date_gmt":"2025-05-16T15:55:30","guid":{"rendered":"https:\/\/sunyouth.org\/?page_id=170294"},"modified":"2026-03-23T10:07:43","modified_gmt":"2026-03-23T15:07:43","slug":"heros-a-velo","status":"publish","type":"page","link":"https:\/\/sunyouth.org\/fr\/heros-a-velo\/","title":{"rendered":"H\u00e9ros \u00e0 v\u00e9lo"},"content":{"rendered":"<div class=\"wpb-content-wrapper\"><p>[vc_row full_width=\u00a0\u00bbstretch_row_content\u00a0\u00bb full_height=\u00a0\u00bbyes\u00a0\u00bb equal_height=\u00a0\u00bbyes\u00a0\u00bb el_disable_tablet=\u00a0\u00bb1&Prime; thegem_shadow_color=\u00a0\u00bb#000000&Prime; thegem_enable_shadow=\u00a0\u00bbtrue\u00a0\u00bb css=\u00a0\u00bb.vc_custom_1768495695087{margin-top: -270px !important;background-image: url(https:\/\/sunyouth.org\/wp-content\/uploads\/2025\/05\/Bike-Girl2.jpg?id=170275) !important;background-position: center !important;background-repeat: no-repeat !important;background-size: cover !important;}\u00a0\u00bb][vc_column][vc_column_text css=\u00a0\u00bb.vc_custom_1747411740656{margin-top: 375px !important;}\u00a0\u00bb]<\/p>\n<div class=\"title-xlarge\" style=\"text-align: center;\"><span style=\"color: #ffffff;\"><strong>Des h\u00e9ros \u00e0 v\u00e9lo<\/strong><\/span><\/div>\n<p>[\/vc_column_text][\/vc_column][\/vc_row][vc_row full_width=\u00a0\u00bbstretch_row_content\u00a0\u00bb full_height=\u00a0\u00bbyes\u00a0\u00bb equal_height=\u00a0\u00bbyes\u00a0\u00bb el_disable_desktop=\u00a0\u00bb1&Prime; el_disable_tablet=\u00a0\u00bb1&Prime; el_disable_mobile=\u00a0\u00bb1&Prime; thegem_shadow_color=\u00a0\u00bb#000000&Prime; thegem_enable_shadow=\u00a0\u00bbtrue\u00a0\u00bb css=\u00a0\u00bb.vc_custom_1768486558870{margin-top: -270px !important;background-image: url(https:\/\/sunyouth.org\/wp-content\/uploads\/2026\/01\/2026Bike_Fr_Done1.gif?id=173017) !important;background-position: center !important;background-repeat: no-repeat !important;background-size: cover !important;}\u00a0\u00bb][vc_column][\/vc_column][\/vc_row][vc_row full_width=\u00a0\u00bbstretch_row_content\u00a0\u00bb full_height=\u00a0\u00bbyes\u00a0\u00bb equal_height=\u00a0\u00bbyes\u00a0\u00bb el_disable_desktop=\u00a0\u00bb1&Prime; el_disable_tablet=\u00a0\u00bb1&Prime; el_disable_mobile=\u00a0\u00bb1&Prime; thegem_shadow_color=\u00a0\u00bb#000000&Prime; thegem_enable_shadow=\u00a0\u00bbtrue\u00a0\u00bb css=\u00a0\u00bb.vc_custom_1768495685604{margin-top: -270px !important;background-image: url(https:\/\/sunyouth.org\/wp-content\/uploads\/2026\/01\/2026Bike_Fn_Mobile.png?id=173026) !important;background-position: center !important;background-repeat: no-repeat !important;background-size: cover !important;}\u00a0\u00bb][vc_column][\/vc_column][\/vc_row][vc_row][vc_column][vc_empty_space][\/vc_column][\/vc_row][vc_row][vc_column][vc_column_text css=\u00a0\u00bb\u00a0\u00bb]<span style=\"color: #000000;\">Pour encourager les jeunes \u00e0 se d\u00e9passer et \u00e0 faire du bien autour de soi, Jeunesse au soleil r\u00e9compense cent (100) jeunes \u00e2g\u00e9s entre 6 \u00e0 17 ans de la grande r\u00e9gion de Montr\u00e9al. Au mois de mai, ils recevront v\u00e9lo, casque, cadenas et chandail avec r\u00e9flecteurs.<\/span><\/p>\n<p><span style=\"color: #000000;\">Si vous connaissez un jeune qui s\u2019est d\u00e9marqu\u00e9 cette ann\u00e9e par son courage exceptionnel dans une situation difficile, ou par son impact au sein de sa communaut\u00e9 en \u00e9tant bienveillant, g\u00e9n\u00e9reux ou encore un leader, soumettez sa candidature en cliquant sur le bouton ci-dessous.<\/span><\/p>\n<p><span style=\"color: #000000;\">Plus nous aurons de d\u00e9tails sur ce qui fait ressortir l&rsquo;enfant du lot, plus ses chances seront bonnes de recevoir un v\u00e9lo. N&rsquo;h\u00e9sitez pas \u00e0 prendre toute la place destin\u00e9e \u00e0 cette description dans le formulaire.<\/span><\/p>\n<p><strong><span style=\"color: #000000;\">Quand un v\u00e9lo neuf est un baume au c\u0153ur<\/span><\/strong><\/p>\n<p><span style=\"color: #000000;\">Pour bien des jeunes, le quotidien peut \u00eatre jonch\u00e9 de d\u00e9fis. Et dans des moments difficiles, un recevoir v\u00e9lo neuf en guise de reconnaissance peut \u00eatre une v\u00e9ritable lueur d\u2019espoir!<\/span><\/p>\n<p><span style=\"color: #000000;\">Cet \u00e9v\u00e9nement est destin\u00e9e aux enfants \u00e2g\u00e9s de 6 \u00e0 17 ans r\u00e9sidant dans la grande r\u00e9gion de Montr\u00e9al. Pour soumettre le nom d\u2019un enfant pour cette ann\u00e9e, veuillez remplir la demande en ligne ci-dessous (les champs marqu\u00e9s d\u2019un ast\u00e9risque sont obligatoires). Veuillez noter que les candidatures doivent \u00eatre soumises avant le 31 mars et qu&rsquo;aucune demande ne sera prise en compte apr\u00e8s cette date.\u00a0<\/span>[\/vc_column_text][\/vc_column][\/vc_row][vc_row][vc_column][vc_empty_space]<style type=\"text\/css\">.thegem-button-69f05036c9ad91253 .gem-button svg {fill: #ffffff;}.thegem-button-69f05036c9ad91253 .gem-button:hover svg {fill: #000000;}<\/style><div class=\"gem-button-container gem-button-position-center thegem-button-69f05036c9ad91253    \"  ><a class=\"gem-button gem-button-size-large gem-button-style-flat gem-button-text-weight-normal\" data-ll-effect=\"drop-right-without-wrap\" style=\"border-radius: 3px;background-color: #FFCB08;color: #ffffff;\" onmouseleave=\"this.style.backgroundColor='#FFCB08';this.style.color='#ffffff';\" onmouseenter=\"this.style.backgroundColor='#ffffff';this.style.color='#000000';\" href=\"https:\/\/forms.office.com\/r\/LiDJdpakJB\" target=\"_blank\">Formulaire d&#039;inscription<\/a><\/div> [\/vc_column][\/vc_row][vc_row][vc_column][vc_empty_space height=\u00a0\u00bb50px\u00a0\u00bb][\/vc_column][\/vc_row][vc_row][vc_column][vc_column_text css=\u00a0\u00bb\u00a0\u00bb]<\/p>\n<h2 class=\"vc_custom_heading\" style=\"text-align: center;\">Les gagnants de l&rsquo;an dernier<\/h2>\n<p>[\/vc_column_text][vc_row_inner][vc_column_inner width=\u00a0\u00bb1\/2&Prime;][vc_single_image image=\u00a0\u00bb170643&Prime; img_size=\u00a0\u00bbfull\u00a0\u00bb css=\u00a0\u00bb\u00a0\u00bb][vc_column_text css=\u00a0\u00bb\u00a0\u00bb]<span style=\"color: #000000;\"><strong>Theodore, 11 ans. <\/strong>Plus de 70 rendez-vous m\u00e9dicaux, incluant une biopsie au cerveau n\u2019ont jamais arr\u00eat\u00e9 ce gar\u00e7on. Malgr\u00e9 ces d\u00e9fis, il n\u2019a cess\u00e9 de penser aux autres. Il a notamment fabriqu\u00e9, un \u00e0 un, de son lit d\u2019h\u00f4pital, des bracelets pour chacun de ses camarades et eu le plaisir de leur remettre d\u00e8s qu\u2019il a pu revenir en classe.<\/span>[\/vc_column_text][\/vc_column_inner][vc_column_inner width=\u00a0\u00bb1\/2&Prime;][vc_single_image image=\u00a0\u00bb170641&Prime; img_size=\u00a0\u00bbfull\u00a0\u00bb css=\u00a0\u00bb\u00a0\u00bb][vc_column_text css=\u00a0\u00bb\u00a0\u00bb]<span style=\"color: #000000;\"><strong>Michel, 13 ans<\/strong>. Victime d\u2019intimidation le jour de la rentr\u00e9e scolaire, Michel a transform\u00e9 sa d\u00e9tresse en force gr\u00e2ce au sport. Appuy\u00e9 par ses professeurs, il a d\u00e9couvert son amour et son talent pour le cross-country. Il a m\u00eame remport\u00e9 des m\u00e9dailles et, ce faisant, et devenu un mod\u00e8le de r\u00e9silience et de fiert\u00e9 pour tous les jeunes de son \u00e9cole.<\/span>[\/vc_column_text][\/vc_column_inner][\/vc_row_inner][vc_row_inner][vc_column_inner width=\u00a0\u00bb1\/2&Prime;][vc_single_image image=\u00a0\u00bb170639&Prime; img_size=\u00a0\u00bbfull\u00a0\u00bb css=\u00a0\u00bb\u00a0\u00bb][vc_column_text css=\u00a0\u00bb\u00a0\u00bb]<span style=\"color: #000000;\"><strong>Isabella<\/strong>, <strong>13 ans<\/strong>, est l\u2019instigatrice de l&rsquo;\u00ab Op\u00e9ration repas chauds \u00bb il y a trois ans. Avec l\u2019aide de parents, amis et voisins, elle a servi 400 repas aux personnes sans abri pendant les F\u00eates, faisant preuve d\u2019une grande compassion et d\u2019un grand sens du leadership.<\/span>[\/vc_column_text][\/vc_column_inner][vc_column_inner width=\u00a0\u00bb1\/2&Prime;][vc_single_image image=\u00a0\u00bb170686&Prime; img_size=\u00a0\u00bbfull\u00a0\u00bb css=\u00a0\u00bb\u00a0\u00bb][vc_column_text css=\u00a0\u00bb\u00a0\u00bb]<span style=\"color: #000000;\"><strong>Henri, 13 ans<\/strong>. Quand sa petite s\u0153ur a \u00e9t\u00e9 port\u00e9e disparue, Henri a particip\u00e9 activement aux recherches aux c\u00f4t\u00e9s des policiers et des b\u00e9n\u00e9voles. Il n\u2019a jamais perdu espoir, il n\u2019a jamais arr\u00eat\u00e9, jusqu\u2019\u00e0 ce que celle-ci ait heureusement \u00e9t\u00e9 retrouv\u00e9e.<\/span>[\/vc_column_text][\/vc_column_inner][\/vc_row_inner][\/vc_column][\/vc_row]<\/p>\n<\/div>","protected":false},"excerpt":{"rendered":"<p>[vc_row full_width=\u00a0\u00bbstretch_row_content\u00a0\u00bb full_height=\u00a0\u00bbyes\u00a0\u00bb equal_height=\u00a0\u00bbyes\u00a0\u00bb el_disable_tablet=\u00a0\u00bb1&Prime; thegem_shadow_color=\u00a0\u00bb#000000&Prime; thegem_enable_shadow=\u00a0\u00bbtrue\u00a0\u00bb css=\u00a0\u00bb.vc_custom_1768495695087{margin-top: -270px !important;background-image: url(https:\/\/sunyouth.org\/wp-content\/uploads\/2025\/05\/Bike-Girl2.jpg?id=170275) !important;background-position: center !important;background-repeat: no-repeat !important;background-size: cover !important;}\u00a0\u00bb][vc_column][vc_column_text css=\u00a0\u00bb.vc_custom_1747411740656{margin-top: 375px !important;}\u00a0\u00bb] Des&#8230;<\/p>\n","protected":false},"author":34,"featured_media":170276,"parent":0,"menu_order":0,"comment_status":"closed","ping_status":"closed","template":"","meta":{"_acf_changed":false,"_monsterinsights_skip_tracking":false,"_monsterinsights_sitenote_active":false,"_monsterinsights_sitenote_note":"","_monsterinsights_sitenote_category":0,"footnotes":""},"class_list":["post-170294","page","type-page","status-publish","has-post-thumbnail"],"acf":[],"yoast_head":"<!-- This site is optimized with the Yoast SEO plugin v27.4 - https:\/\/yoast.com\/product\/yoast-seo-wordpress\/ -->\n<title>H\u00e9ros \u00e0 v\u00e9lo - Jeunesse au soleil<\/title>\n<meta name=\"description\" content=\"Jeunesse au soleil r\u00e9compense cent jeunes pour les encourager \u00e0 se d\u00e9passer et \u00e0 faire du bien autour d&#039;eux.\" \/>\n<meta name=\"robots\" content=\"index, follow, max-snippet:-1, max-image-preview:large, max-video-preview:-1\" \/>\n<link rel=\"canonical\" href=\"https:\/\/sunyouth.org\/fr\/heros-a-velo\/\" \/>\n<meta property=\"og:locale\" content=\"fr_FR\" \/>\n<meta property=\"og:type\" content=\"article\" \/>\n<meta property=\"og:title\" content=\"H\u00e9ros \u00e0 v\u00e9lo - Jeunesse au soleil\" \/>\n<meta property=\"og:description\" content=\"Jeunesse au soleil r\u00e9compense cent jeunes pour les encourager \u00e0 se d\u00e9passer et \u00e0 faire du bien autour d&#039;eux.\" \/>\n<meta property=\"og:url\" content=\"https:\/\/sunyouth.org\/fr\/heros-a-velo\/\" \/>\n<meta property=\"og:site_name\" content=\"Jeunesse au soleil\" \/>\n<meta property=\"article:modified_time\" content=\"2026-03-23T15:07:43+00:00\" \/>\n<meta property=\"og:image\" content=\"https:\/\/sunyouth.org\/wp-content\/uploads\/2025\/05\/Bike-Girl2.jpg\" \/>\n\t<meta property=\"og:image:width\" content=\"1029\" \/>\n\t<meta property=\"og:image:height\" content=\"543\" \/>\n\t<meta property=\"og:image:type\" content=\"image\/jpeg\" \/>\n<meta name=\"twitter:card\" content=\"summary_large_image\" \/>\n<meta name=\"twitter:label1\" content=\"Dur\u00e9e de lecture estim\u00e9e\" \/>\n\t<meta name=\"twitter:data1\" content=\"3 minutes\" \/>\n<script type=\"application\/ld+json\" class=\"yoast-schema-graph\">{\"@context\":\"https:\\\/\\\/schema.org\",\"@graph\":[{\"@type\":\"WebPage\",\"@id\":\"https:\\\/\\\/sunyouth.org\\\/fr\\\/heros-a-velo\\\/\",\"url\":\"https:\\\/\\\/sunyouth.org\\\/fr\\\/heros-a-velo\\\/\",\"name\":\"H\u00e9ros \u00e0 v\u00e9lo - Jeunesse au soleil\",\"isPartOf\":{\"@id\":\"https:\\\/\\\/sunyouth.org\\\/#website\"},\"primaryImageOfPage\":{\"@id\":\"https:\\\/\\\/sunyouth.org\\\/fr\\\/heros-a-velo\\\/#primaryimage\"},\"image\":{\"@id\":\"https:\\\/\\\/sunyouth.org\\\/fr\\\/heros-a-velo\\\/#primaryimage\"},\"thumbnailUrl\":\"https:\\\/\\\/sunyouth.org\\\/wp-content\\\/uploads\\\/2025\\\/05\\\/Bike-Girl2.jpg\",\"datePublished\":\"2025-05-16T15:55:30+00:00\",\"dateModified\":\"2026-03-23T15:07:43+00:00\",\"description\":\"Jeunesse au soleil r\u00e9compense cent jeunes pour les encourager \u00e0 se d\u00e9passer et \u00e0 faire du bien autour d'eux.\",\"breadcrumb\":{\"@id\":\"https:\\\/\\\/sunyouth.org\\\/fr\\\/heros-a-velo\\\/#breadcrumb\"},\"inLanguage\":\"fr-FR\",\"potentialAction\":[{\"@type\":\"ReadAction\",\"target\":[\"https:\\\/\\\/sunyouth.org\\\/fr\\\/heros-a-velo\\\/\"]}]},{\"@type\":\"ImageObject\",\"inLanguage\":\"fr-FR\",\"@id\":\"https:\\\/\\\/sunyouth.org\\\/fr\\\/heros-a-velo\\\/#primaryimage\",\"url\":\"https:\\\/\\\/sunyouth.org\\\/wp-content\\\/uploads\\\/2025\\\/05\\\/Bike-Girl2.jpg\",\"contentUrl\":\"https:\\\/\\\/sunyouth.org\\\/wp-content\\\/uploads\\\/2025\\\/05\\\/Bike-Girl2.jpg\",\"width\":1029,\"height\":543},{\"@type\":\"BreadcrumbList\",\"@id\":\"https:\\\/\\\/sunyouth.org\\\/fr\\\/heros-a-velo\\\/#breadcrumb\",\"itemListElement\":[{\"@type\":\"ListItem\",\"position\":1,\"name\":\"Home\",\"item\":\"https:\\\/\\\/sunyouth.org\\\/fr\\\/\"},{\"@type\":\"ListItem\",\"position\":2,\"name\":\"H\u00e9ros \u00e0 v\u00e9lo\"}]},{\"@type\":\"WebSite\",\"@id\":\"https:\\\/\\\/sunyouth.org\\\/#website\",\"url\":\"https:\\\/\\\/sunyouth.org\\\/\",\"name\":\"Jeunesse au soleil\",\"description\":\"Dedicated since 1954!\",\"publisher\":{\"@id\":\"https:\\\/\\\/sunyouth.org\\\/#organization\"},\"potentialAction\":[{\"@type\":\"SearchAction\",\"target\":{\"@type\":\"EntryPoint\",\"urlTemplate\":\"https:\\\/\\\/sunyouth.org\\\/?s={search_term_string}\"},\"query-input\":{\"@type\":\"PropertyValueSpecification\",\"valueRequired\":true,\"valueName\":\"search_term_string\"}}],\"inLanguage\":\"fr-FR\"},{\"@type\":\"Organization\",\"@id\":\"https:\\\/\\\/sunyouth.org\\\/#organization\",\"name\":\"SUN YOUTH\",\"url\":\"https:\\\/\\\/sunyouth.org\\\/\",\"logo\":{\"@type\":\"ImageObject\",\"inLanguage\":\"fr-FR\",\"@id\":\"https:\\\/\\\/sunyouth.org\\\/#\\\/schema\\\/logo\\\/image\\\/\",\"url\":\"https:\\\/\\\/sunyouth.org\\\/wp-content\\\/uploads\\\/2018\\\/11\\\/LOGO-SUNYOUTH.png\",\"contentUrl\":\"https:\\\/\\\/sunyouth.org\\\/wp-content\\\/uploads\\\/2018\\\/11\\\/LOGO-SUNYOUTH.png\",\"width\":251,\"height\":251,\"caption\":\"SUN YOUTH\"},\"image\":{\"@id\":\"https:\\\/\\\/sunyouth.org\\\/#\\\/schema\\\/logo\\\/image\\\/\"}}]}<\/script>\n<!-- \/ Yoast SEO plugin. -->","yoast_head_json":{"title":"H\u00e9ros \u00e0 v\u00e9lo - Jeunesse au soleil","description":"Jeunesse au soleil r\u00e9compense cent jeunes pour les encourager \u00e0 se d\u00e9passer et \u00e0 faire du bien autour d'eux.","robots":{"index":"index","follow":"follow","max-snippet":"max-snippet:-1","max-image-preview":"max-image-preview:large","max-video-preview":"max-video-preview:-1"},"canonical":"https:\/\/sunyouth.org\/fr\/heros-a-velo\/","og_locale":"fr_FR","og_type":"article","og_title":"H\u00e9ros \u00e0 v\u00e9lo - Jeunesse au soleil","og_description":"Jeunesse au soleil r\u00e9compense cent jeunes pour les encourager \u00e0 se d\u00e9passer et \u00e0 faire du bien autour d'eux.","og_url":"https:\/\/sunyouth.org\/fr\/heros-a-velo\/","og_site_name":"Jeunesse au soleil","article_modified_time":"2026-03-23T15:07:43+00:00","og_image":[{"width":1029,"height":543,"url":"https:\/\/sunyouth.org\/wp-content\/uploads\/2025\/05\/Bike-Girl2.jpg","type":"image\/jpeg"}],"twitter_card":"summary_large_image","twitter_misc":{"Dur\u00e9e de lecture estim\u00e9e":"3 minutes"},"schema":{"@context":"https:\/\/schema.org","@graph":[{"@type":"WebPage","@id":"https:\/\/sunyouth.org\/fr\/heros-a-velo\/","url":"https:\/\/sunyouth.org\/fr\/heros-a-velo\/","name":"H\u00e9ros \u00e0 v\u00e9lo - Jeunesse au soleil","isPartOf":{"@id":"https:\/\/sunyouth.org\/#website"},"primaryImageOfPage":{"@id":"https:\/\/sunyouth.org\/fr\/heros-a-velo\/#primaryimage"},"image":{"@id":"https:\/\/sunyouth.org\/fr\/heros-a-velo\/#primaryimage"},"thumbnailUrl":"https:\/\/sunyouth.org\/wp-content\/uploads\/2025\/05\/Bike-Girl2.jpg","datePublished":"2025-05-16T15:55:30+00:00","dateModified":"2026-03-23T15:07:43+00:00","description":"Jeunesse au soleil r\u00e9compense cent jeunes pour les encourager \u00e0 se d\u00e9passer et \u00e0 faire du bien autour d'eux.","breadcrumb":{"@id":"https:\/\/sunyouth.org\/fr\/heros-a-velo\/#breadcrumb"},"inLanguage":"fr-FR","potentialAction":[{"@type":"ReadAction","target":["https:\/\/sunyouth.org\/fr\/heros-a-velo\/"]}]},{"@type":"ImageObject","inLanguage":"fr-FR","@id":"https:\/\/sunyouth.org\/fr\/heros-a-velo\/#primaryimage","url":"https:\/\/sunyouth.org\/wp-content\/uploads\/2025\/05\/Bike-Girl2.jpg","contentUrl":"https:\/\/sunyouth.org\/wp-content\/uploads\/2025\/05\/Bike-Girl2.jpg","width":1029,"height":543},{"@type":"BreadcrumbList","@id":"https:\/\/sunyouth.org\/fr\/heros-a-velo\/#breadcrumb","itemListElement":[{"@type":"ListItem","position":1,"name":"Home","item":"https:\/\/sunyouth.org\/fr\/"},{"@type":"ListItem","position":2,"name":"H\u00e9ros \u00e0 v\u00e9lo"}]},{"@type":"WebSite","@id":"https:\/\/sunyouth.org\/#website","url":"https:\/\/sunyouth.org\/","name":"Jeunesse au soleil","description":"Dedicated since 1954!","publisher":{"@id":"https:\/\/sunyouth.org\/#organization"},"potentialAction":[{"@type":"SearchAction","target":{"@type":"EntryPoint","urlTemplate":"https:\/\/sunyouth.org\/?s={search_term_string}"},"query-input":{"@type":"PropertyValueSpecification","valueRequired":true,"valueName":"search_term_string"}}],"inLanguage":"fr-FR"},{"@type":"Organization","@id":"https:\/\/sunyouth.org\/#organization","name":"SUN YOUTH","url":"https:\/\/sunyouth.org\/","logo":{"@type":"ImageObject","inLanguage":"fr-FR","@id":"https:\/\/sunyouth.org\/#\/schema\/logo\/image\/","url":"https:\/\/sunyouth.org\/wp-content\/uploads\/2018\/11\/LOGO-SUNYOUTH.png","contentUrl":"https:\/\/sunyouth.org\/wp-content\/uploads\/2018\/11\/LOGO-SUNYOUTH.png","width":251,"height":251,"caption":"SUN YOUTH"},"image":{"@id":"https:\/\/sunyouth.org\/#\/schema\/logo\/image\/"}}]}},"_links":{"self":[{"href":"https:\/\/sunyouth.org\/fr\/wp-json\/wp\/v2\/pages\/170294","targetHints":{"allow":["GET"]}}],"collection":[{"href":"https:\/\/sunyouth.org\/fr\/wp-json\/wp\/v2\/pages"}],"about":[{"href":"https:\/\/sunyouth.org\/fr\/wp-json\/wp\/v2\/types\/page"}],"author":[{"embeddable":true,"href":"https:\/\/sunyouth.org\/fr\/wp-json\/wp\/v2\/users\/34"}],"replies":[{"embeddable":true,"href":"https:\/\/sunyouth.org\/fr\/wp-json\/wp\/v2\/comments?post=170294"}],"version-history":[{"count":31,"href":"https:\/\/sunyouth.org\/fr\/wp-json\/wp\/v2\/pages\/170294\/revisions"}],"predecessor-version":[{"id":173496,"href":"https:\/\/sunyouth.org\/fr\/wp-json\/wp\/v2\/pages\/170294\/revisions\/173496"}],"wp:featuredmedia":[{"embeddable":true,"href":"https:\/\/sunyouth.org\/fr\/wp-json\/wp\/v2\/media\/170276"}],"wp:attachment":[{"href":"https:\/\/sunyouth.org\/fr\/wp-json\/wp\/v2\/media?parent=170294"}],"curies":[{"name":"wp","href":"https:\/\/api.w.org\/{rel}","templated":true}]}}