{"id":170146,"date":"2025-05-14T14:57:04","date_gmt":"2025-05-14T19:57:04","guid":{"rendered":"https:\/\/sunyouth.org\/?page_id=170146"},"modified":"2025-08-12T12:32:28","modified_gmt":"2025-08-12T17:32:28","slug":"bourses-detudes","status":"publish","type":"page","link":"https:\/\/sunyouth.org\/fr\/bourses-detudes\/","title":{"rendered":"Bourses d\u2019\u00e9tudes"},"content":{"rendered":"<div class=\"wpb-content-wrapper\"><p>[vc_row full_width=\u00a0\u00bbstretch_row_content\u00a0\u00bb full_height=\u00a0\u00bbyes\u00a0\u00bb equal_height=\u00a0\u00bbyes\u00a0\u00bb el_disable_mobile=\u00a0\u00bb1&Prime; css=\u00a0\u00bb.vc_custom_1747839116126{margin-top: -270px !important;background-image: url(https:\/\/sunyouth.org\/wp-content\/uploads\/2025\/05\/Scholarships_3.jpg?id=170183) !important;background-position: center !important;background-repeat: no-repeat !important;background-size: cover !important;}\u00a0\u00bb][vc_column][vc_column_text css=\u00a0\u00bb\u00a0\u00bb]<\/p>\n<h1 style=\"text-align: center;\"><span style=\"color: #000000;\"><strong>Bourses d\u2019\u00e9tudes<\/strong><\/span><\/h1>\n<p>[\/vc_column_text][\/vc_column][\/vc_row][vc_row full_width=\u00a0\u00bbstretch_row_content\u00a0\u00bb full_height=\u00a0\u00bbyes\u00a0\u00bb equal_height=\u00a0\u00bbyes\u00a0\u00bb el_disable_desktop=\u00a0\u00bb1&Prime; css=\u00a0\u00bb.vc_custom_1747342196323{margin-top: -250px !important;background-image: url(https:\/\/sunyouth.org\/wp-content\/uploads\/2025\/05\/Katerina-Stoupas-Mobile.jpg?id=170209) !important;background-position: center !important;background-repeat: no-repeat !important;background-size: cover !important;}\u00a0\u00bb][vc_column][vc_column_text css=\u00a0\u00bb\u00a0\u00bb]<\/p>\n<div class=\"title-xlarge\" style=\"text-align: center;\"><span style=\"color: #000000;\"><strong>Bourses d\u2019\u00e9tudes<\/strong><\/span><\/div>\n<p>[\/vc_column_text][\/vc_column][\/vc_row][vc_row el_disable_desktop=\u00a0\u00bb1&Prime;][vc_column][vc_column_text css=\u00a0\u00bb\u00a0\u00bb]<span style=\"font-weight: 400; color: #000000;\">Ces initiatives s\u2019inscrivent dans le continuum de services que nous offrons aux jeunes (d\u00e8s l\u2019\u00e2ge de 5 ans) visant \u00e0 favoriser leur d\u00e9veloppement (acc\u00e8s \u00e0 des activit\u00e9s sportives, camps de jour, tutorat et mentorat). Notre ambition est d\u2019accompagner les jeunes tout au long de leur cheminement.<\/span><\/p>\n<p><span style=\"font-weight: 400; color: #000000;\">Bien que l&rsquo;athl\u00e9tisme soit important pour nos jeunes, l&rsquo;\u00e9cole est la priorit\u00e9. L\u2019objectif de nos bourses d&rsquo;\u00e9tudes est de donner \u00e0 nos jeunes la possibilit\u00e9 de poursuivre des \u00e9tudes postsecondaires et d\u2019obtenir un dipl\u00f4me. Notre objectif ultime est de leur assurer un meilleur avenir.<\/span>[\/vc_column_text][\/vc_column][\/vc_row][vc_row][vc_column][vc_custom_heading text=\u00a0\u00bbBourses jeunesse au soleil\u00a0\u00bb font_container=\u00a0\u00bbtag:h4|text_align:center|color:%23000000&Prime; use_theme_fonts=\u00a0\u00bbyes\u00a0\u00bb css=\u00a0\u00bb.vc_custom_1747245168595{background-color: #FFD934 !important;}\u00a0\u00bb][\/vc_column][\/vc_row][vc_row][vc_column][vc_column_text css=\u00a0\u00bb\u00a0\u00bb]<\/p>\n<p style=\"text-align: justify;\"><span style=\"color: #000000;\">Les bourses de Jeunesse au Soleil s&rsquo;adressent aux jeunes inscrits aux activit\u00e9s de l&rsquo;organisme afin de les aider dans leurs \u00e9tudes de <strong>niveau coll\u00e9gial<\/strong>.<\/span><\/p>\n<p><span style=\"color: #000000;\">Les candidats doivent:<\/span><\/p>\n<ul>\n<li><span style=\"color: #000000;\">pr\u00e9senter une lettre d&rsquo;intention, accompagn\u00e9e d&rsquo;une preuve d&rsquo;admission\/acceptation au CEGEP,<\/span><\/li>\n<li><span style=\"color: #000000;\">\u00eatre recommand\u00e9s par leur entra\u00eeneur (le cas \u00e9ch\u00e9ant),<\/span><\/li>\n<li><span style=\"color: #000000;\">\u00eatre recommand\u00e9s par un professeur.<\/span><\/li>\n<\/ul>\n<p>[\/vc_column_text][\/vc_column][\/vc_row][vc_row][vc_column][vc_custom_heading text=\u00a0\u00bbBourse Bob Mironowicz\u00a0\u00bb font_container=\u00a0\u00bbtag:h4|text_align:center|color:%23000000&Prime; use_theme_fonts=\u00a0\u00bbyes\u00a0\u00bb css=\u00a0\u00bb.vc_custom_1747245176228{background-color: #FFD934 !important;}\u00a0\u00bb][\/vc_column][\/vc_row][vc_row][vc_column width=\u00a0\u00bb2\/3&Prime;][vc_column_text css=\u00a0\u00bb\u00a0\u00bb]<\/p>\n<p class=\"IndentedParagraph\" style=\"text-align: justify;\"><span style=\"color: #000000;\">La bourse Bob Mironowicz s&rsquo;adresse aux joueurs de football de niveau midget du Qu\u00e9bec afin de les aider \u00e0 poursuivre leurs \u00e9tudes et leur carri\u00e8re sportive au <strong>niveau coll\u00e9gial. <\/strong><\/span><\/p>\n<p><strong><span style=\"color: #000000;\">Les candidats doivent:<\/span><\/strong><\/p>\n<ul>\n<li><span style=\"color: #000000;\">pr\u00e9senter une lettre d&rsquo;intention, accompagn\u00e9e d&rsquo;une preuve d&rsquo;admission\/acceptation au CEGEP<\/span><\/li>\n<li><span style=\"color: #000000;\">\u00eatre recommand\u00e9s par leur entra\u00eeneur<\/span><\/li>\n<li><span style=\"color: #000000;\">\u00eatre recommand\u00e9s par un professeur.<\/span><\/li>\n<\/ul>\n<p>[\/vc_column_text][vc_btn title=\u00a0\u00bbSoumettez votre candidature\u00a0\u00bb align=\u00a0\u00bbcenter\u00a0\u00bb css=\u00a0\u00bb\u00a0\u00bb link=\u00a0\u00bburl:https%3A%2F%2Fwww.jedonneenligne.org%2Fjeunesseausoleil-sunyouth%2FBOBSCHOLARSHIPS%2F%3Flng%3D0&Prime;][\/vc_column][vc_column width=\u00a0\u00bb1\/3&Prime;][vc_single_image image=\u00a0\u00bb170105&Prime; img_size=\u00a0\u00bbfull\u00a0\u00bb css=\u00a0\u00bb\u00a0\u00bb][vc_column_text css=\u00a0\u00bb\u00a0\u00bb]<span style=\"color: #000000;\"><em>Ci-dessus, Samuel Verdugo, r\u00e9cipiendaire de la bourse Bob Mironowicz 2024, en compagnie de la famille de ce dernier, Tim, Jennifer et Scott Mironowicz.<\/em><\/span>[\/vc_column_text][\/vc_column][\/vc_row][vc_row][vc_column][vc_custom_heading text=\u00a0\u00bbBourse Earl De La Perralle\u00a0\u00bb font_container=\u00a0\u00bbtag:h4|text_align:center|color:%23000000&Prime; use_theme_fonts=\u00a0\u00bbyes\u00a0\u00bb css=\u00a0\u00bb.vc_custom_1747245188012{background-color: #FFD934 !important;}\u00a0\u00bb][\/vc_column][\/vc_row][vc_row][vc_column width=\u00a0\u00bb2\/3&Prime;][vc_column_text css=\u00a0\u00bb\u00a0\u00bb]<\/p>\n<p style=\"text-align: justify;\"><span style=\"color: #000000;\">La bourse Earl De La Perralle s&rsquo;adresse aux anciens Hornets de Jeunesse au Soleil afin de les aider \u00e0 poursuivre leur carri\u00e8re sportive au <strong>niveau universitaire.<\/strong><\/span><\/p>\n<p><strong><span style=\"color: #000000;\">Les candidats doivent:<\/span><\/strong><\/p>\n<ul>\n<li><span style=\"color: #000000;\">pr\u00e9senter une lettre d&rsquo;intention, accompagn\u00e9e d&rsquo;une preuve d&rsquo;admission\/acceptation \u00e0 l&rsquo;universit\u00e9,<\/span><\/li>\n<li><span style=\"color: #000000;\">\u00eatre recommand\u00e9s par leur entra\u00eeneur,<\/span><\/li>\n<li><span style=\"color: #000000;\">\u00eatre recommand\u00e9s par un professeur.<\/span><\/li>\n<\/ul>\n<p>[\/vc_column_text][vc_btn title=\u00a0\u00bb\u00c9crivez-nous\u00a0\u00bb align=\u00a0\u00bbcenter\u00a0\u00bb css=\u00a0\u00bb\u00a0\u00bb link=\u00a0\u00bburl:mailto%3Ascholarships%40jas-sy.org%3Fsubject%3DBourse%20Earl%20De%20La%20Perralle|target:_blank\u00a0\u00bb][\/vc_column][vc_column width=\u00a0\u00bb1\/3&Prime;][vc_single_image image=\u00a0\u00bb164447&Prime; img_size=\u00a0\u00bbfull\u00a0\u00bb css=\u00a0\u00bb\u00a0\u00bb][vc_column_text css=\u00a0\u00bb\u00a0\u00bb]<span style=\"color: #000000;\"><em>Ci-dessus, Katerina Stoupas, r\u00e9cipiendaire de la bourse Earl De La Perralle 2024, et Guinness Rider, directeur des services communautaires et des sports, entour\u00e9s des filles de notre programme de basketball.<\/em><\/span>[\/vc_column_text][\/vc_column][\/vc_row][vc_row][vc_column][\/vc_column][\/vc_row]<\/p>\n<\/div>","protected":false},"excerpt":{"rendered":"<p>[vc_row full_width=\u00a0\u00bbstretch_row_content\u00a0\u00bb full_height=\u00a0\u00bbyes\u00a0\u00bb equal_height=\u00a0\u00bbyes\u00a0\u00bb el_disable_mobile=\u00a0\u00bb1&Prime; css=\u00a0\u00bb.vc_custom_1747839116126{margin-top: -270px !important;background-image: url(https:\/\/sunyouth.org\/wp-content\/uploads\/2025\/05\/Scholarships_3.jpg?id=170183) !important;background-position: center !important;background-repeat: no-repeat !important;background-size: cover !important;}\u00a0\u00bb][vc_column][vc_column_text css=\u00a0\u00bb\u00a0\u00bb] Bourses d\u2019\u00e9tudes [\/vc_column_text][\/vc_column][\/vc_row][vc_row full_width=\u00a0\u00bbstretch_row_content\u00a0\u00bb full_height=\u00a0\u00bbyes\u00a0\u00bb&#8230;<\/p>\n","protected":false},"author":34,"featured_media":0,"parent":0,"menu_order":0,"comment_status":"closed","ping_status":"closed","template":"","meta":{"_acf_changed":false,"_monsterinsights_skip_tracking":false,"_monsterinsights_sitenote_active":false,"_monsterinsights_sitenote_note":"","_monsterinsights_sitenote_category":0,"footnotes":""},"class_list":["post-170146","page","type-page","status-publish"],"acf":[],"yoast_head":"<!-- This site is optimized with the Yoast SEO plugin v27.2 - https:\/\/yoast.com\/product\/yoast-seo-wordpress\/ -->\n<title>Bourses d\u2019\u00e9tudes - Jeunesse au soleil<\/title>\n<meta name=\"robots\" content=\"index, follow, max-snippet:-1, max-image-preview:large, max-video-preview:-1\" \/>\n<link rel=\"canonical\" href=\"https:\/\/sunyouth.org\/fr\/bourses-detudes\/\" \/>\n<meta property=\"og:locale\" content=\"fr_FR\" \/>\n<meta property=\"og:type\" content=\"article\" \/>\n<meta property=\"og:title\" content=\"Bourses d\u2019\u00e9tudes - Jeunesse au soleil\" \/>\n<meta property=\"og:description\" content=\"[vc_row full_width=\u00a0\u00bbstretch_row_content\u00a0\u00bb full_height=\u00a0\u00bbyes\u00a0\u00bb equal_height=\u00a0\u00bbyes\u00a0\u00bb el_disable_mobile=\u00a0\u00bb1&Prime; css=\u00a0\u00bb.vc_custom_1747839116126{margin-top: -270px !important;background-image: url(https:\/\/sunyouth.org\/wp-content\/uploads\/2025\/05\/Scholarships_3.jpg?id=170183) !important;background-position: center !important;background-repeat: no-repeat !important;background-size: cover !important;}\u00a0\u00bb][vc_column][vc_column_text css=\u00a0\u00bb\u00a0\u00bb] Bourses d\u2019\u00e9tudes [\/vc_column_text][\/vc_column][\/vc_row][vc_row full_width=\u00a0\u00bbstretch_row_content\u00a0\u00bb full_height=\u00a0\u00bbyes\u00a0\u00bb...\" \/>\n<meta property=\"og:url\" content=\"https:\/\/sunyouth.org\/fr\/bourses-detudes\/\" \/>\n<meta property=\"og:site_name\" content=\"Jeunesse au soleil\" \/>\n<meta property=\"article:modified_time\" content=\"2025-08-12T17:32:28+00:00\" \/>\n<meta name=\"twitter:card\" content=\"summary_large_image\" \/>\n<meta name=\"twitter:label1\" content=\"Dur\u00e9e de lecture estim\u00e9e\" \/>\n\t<meta name=\"twitter:data1\" content=\"2 minutes\" \/>\n<script type=\"application\/ld+json\" class=\"yoast-schema-graph\">{\"@context\":\"https:\/\/schema.org\",\"@graph\":[{\"@type\":\"WebPage\",\"@id\":\"https:\/\/sunyouth.org\/fr\/bourses-detudes\/\",\"url\":\"https:\/\/sunyouth.org\/fr\/bourses-detudes\/\",\"name\":\"Bourses d\u2019\u00e9tudes - Jeunesse au soleil\",\"isPartOf\":{\"@id\":\"https:\/\/sunyouth.org\/#website\"},\"datePublished\":\"2025-05-14T19:57:04+00:00\",\"dateModified\":\"2025-08-12T17:32:28+00:00\",\"breadcrumb\":{\"@id\":\"https:\/\/sunyouth.org\/fr\/bourses-detudes\/#breadcrumb\"},\"inLanguage\":\"fr-FR\",\"potentialAction\":[{\"@type\":\"ReadAction\",\"target\":[\"https:\/\/sunyouth.org\/fr\/bourses-detudes\/\"]}]},{\"@type\":\"BreadcrumbList\",\"@id\":\"https:\/\/sunyouth.org\/fr\/bourses-detudes\/#breadcrumb\",\"itemListElement\":[{\"@type\":\"ListItem\",\"position\":1,\"name\":\"Home\",\"item\":\"https:\/\/sunyouth.org\/fr\/\"},{\"@type\":\"ListItem\",\"position\":2,\"name\":\"Bourses d\u2019\u00e9tudes\"}]},{\"@type\":\"WebSite\",\"@id\":\"https:\/\/sunyouth.org\/#website\",\"url\":\"https:\/\/sunyouth.org\/\",\"name\":\"Jeunesse au soleil\",\"description\":\"Dedicated since 1954!\",\"publisher\":{\"@id\":\"https:\/\/sunyouth.org\/#organization\"},\"potentialAction\":[{\"@type\":\"SearchAction\",\"target\":{\"@type\":\"EntryPoint\",\"urlTemplate\":\"https:\/\/sunyouth.org\/?s={search_term_string}\"},\"query-input\":{\"@type\":\"PropertyValueSpecification\",\"valueRequired\":true,\"valueName\":\"search_term_string\"}}],\"inLanguage\":\"fr-FR\"},{\"@type\":\"Organization\",\"@id\":\"https:\/\/sunyouth.org\/#organization\",\"name\":\"SUN YOUTH\",\"url\":\"https:\/\/sunyouth.org\/\",\"logo\":{\"@type\":\"ImageObject\",\"inLanguage\":\"fr-FR\",\"@id\":\"https:\/\/sunyouth.org\/#\/schema\/logo\/image\/\",\"url\":\"https:\/\/sunyouth.org\/wp-content\/uploads\/2018\/11\/LOGO-SUNYOUTH.png\",\"contentUrl\":\"https:\/\/sunyouth.org\/wp-content\/uploads\/2018\/11\/LOGO-SUNYOUTH.png\",\"width\":251,\"height\":251,\"caption\":\"SUN YOUTH\"},\"image\":{\"@id\":\"https:\/\/sunyouth.org\/#\/schema\/logo\/image\/\"}}]}<\/script>\n<!-- \/ Yoast SEO plugin. -->","yoast_head_json":{"title":"Bourses d\u2019\u00e9tudes - Jeunesse au soleil","robots":{"index":"index","follow":"follow","max-snippet":"max-snippet:-1","max-image-preview":"max-image-preview:large","max-video-preview":"max-video-preview:-1"},"canonical":"https:\/\/sunyouth.org\/fr\/bourses-detudes\/","og_locale":"fr_FR","og_type":"article","og_title":"Bourses d\u2019\u00e9tudes - Jeunesse au soleil","og_description":"[vc_row full_width=\u00a0\u00bbstretch_row_content\u00a0\u00bb full_height=\u00a0\u00bbyes\u00a0\u00bb equal_height=\u00a0\u00bbyes\u00a0\u00bb el_disable_mobile=\u00a0\u00bb1&Prime; css=\u00a0\u00bb.vc_custom_1747839116126{margin-top: -270px !important;background-image: url(https:\/\/sunyouth.org\/wp-content\/uploads\/2025\/05\/Scholarships_3.jpg?id=170183) !important;background-position: center !important;background-repeat: no-repeat !important;background-size: cover !important;}\u00a0\u00bb][vc_column][vc_column_text css=\u00a0\u00bb\u00a0\u00bb] Bourses d\u2019\u00e9tudes [\/vc_column_text][\/vc_column][\/vc_row][vc_row full_width=\u00a0\u00bbstretch_row_content\u00a0\u00bb full_height=\u00a0\u00bbyes\u00a0\u00bb...","og_url":"https:\/\/sunyouth.org\/fr\/bourses-detudes\/","og_site_name":"Jeunesse au soleil","article_modified_time":"2025-08-12T17:32:28+00:00","twitter_card":"summary_large_image","twitter_misc":{"Dur\u00e9e de lecture estim\u00e9e":"2 minutes"},"schema":{"@context":"https:\/\/schema.org","@graph":[{"@type":"WebPage","@id":"https:\/\/sunyouth.org\/fr\/bourses-detudes\/","url":"https:\/\/sunyouth.org\/fr\/bourses-detudes\/","name":"Bourses d\u2019\u00e9tudes - Jeunesse au soleil","isPartOf":{"@id":"https:\/\/sunyouth.org\/#website"},"datePublished":"2025-05-14T19:57:04+00:00","dateModified":"2025-08-12T17:32:28+00:00","breadcrumb":{"@id":"https:\/\/sunyouth.org\/fr\/bourses-detudes\/#breadcrumb"},"inLanguage":"fr-FR","potentialAction":[{"@type":"ReadAction","target":["https:\/\/sunyouth.org\/fr\/bourses-detudes\/"]}]},{"@type":"BreadcrumbList","@id":"https:\/\/sunyouth.org\/fr\/bourses-detudes\/#breadcrumb","itemListElement":[{"@type":"ListItem","position":1,"name":"Home","item":"https:\/\/sunyouth.org\/fr\/"},{"@type":"ListItem","position":2,"name":"Bourses d\u2019\u00e9tudes"}]},{"@type":"WebSite","@id":"https:\/\/sunyouth.org\/#website","url":"https:\/\/sunyouth.org\/","name":"Jeunesse au soleil","description":"Dedicated since 1954!","publisher":{"@id":"https:\/\/sunyouth.org\/#organization"},"potentialAction":[{"@type":"SearchAction","target":{"@type":"EntryPoint","urlTemplate":"https:\/\/sunyouth.org\/?s={search_term_string}"},"query-input":{"@type":"PropertyValueSpecification","valueRequired":true,"valueName":"search_term_string"}}],"inLanguage":"fr-FR"},{"@type":"Organization","@id":"https:\/\/sunyouth.org\/#organization","name":"SUN YOUTH","url":"https:\/\/sunyouth.org\/","logo":{"@type":"ImageObject","inLanguage":"fr-FR","@id":"https:\/\/sunyouth.org\/#\/schema\/logo\/image\/","url":"https:\/\/sunyouth.org\/wp-content\/uploads\/2018\/11\/LOGO-SUNYOUTH.png","contentUrl":"https:\/\/sunyouth.org\/wp-content\/uploads\/2018\/11\/LOGO-SUNYOUTH.png","width":251,"height":251,"caption":"SUN YOUTH"},"image":{"@id":"https:\/\/sunyouth.org\/#\/schema\/logo\/image\/"}}]}},"_links":{"self":[{"href":"https:\/\/sunyouth.org\/fr\/wp-json\/wp\/v2\/pages\/170146","targetHints":{"allow":["GET"]}}],"collection":[{"href":"https:\/\/sunyouth.org\/fr\/wp-json\/wp\/v2\/pages"}],"about":[{"href":"https:\/\/sunyouth.org\/fr\/wp-json\/wp\/v2\/types\/page"}],"author":[{"embeddable":true,"href":"https:\/\/sunyouth.org\/fr\/wp-json\/wp\/v2\/users\/34"}],"replies":[{"embeddable":true,"href":"https:\/\/sunyouth.org\/fr\/wp-json\/wp\/v2\/comments?post=170146"}],"version-history":[{"count":30,"href":"https:\/\/sunyouth.org\/fr\/wp-json\/wp\/v2\/pages\/170146\/revisions"}],"predecessor-version":[{"id":170241,"href":"https:\/\/sunyouth.org\/fr\/wp-json\/wp\/v2\/pages\/170146\/revisions\/170241"}],"wp:attachment":[{"href":"https:\/\/sunyouth.org\/fr\/wp-json\/wp\/v2\/media?parent=170146"}],"curies":[{"name":"wp","href":"https:\/\/api.w.org\/{rel}","templated":true}]}}