{"id":170053,"date":"2025-05-13T13:37:08","date_gmt":"2025-05-13T18:37:08","guid":{"rendered":"https:\/\/sunyouth.org\/?page_id=170053"},"modified":"2025-06-03T11:01:24","modified_gmt":"2025-06-03T16:01:24","slug":"aide-materielle","status":"publish","type":"page","link":"https:\/\/sunyouth.org\/fr\/aide-materielle\/","title":{"rendered":"Aide mat\u00e9rielle"},"content":{"rendered":"<div class=\"wpb-content-wrapper\"><p>[vc_row full_width=\u00a0\u00bbstretch_row_content\u00a0\u00bb full_height=\u00a0\u00bbyes\u00a0\u00bb equal_height=\u00a0\u00bbyes\u00a0\u00bb css=\u00a0\u00bb.vc_custom_1747848661891{margin-top: -270px !important;background-image: url(https:\/\/sunyouth.org\/wp-content\/uploads\/2025\/05\/Material.jpg?id=170028) !important;}\u00a0\u00bb][vc_column][vc_column_text css=\u00a0\u00bb.vc_custom_1747159737112{margin-top: -100px !important;}\u00a0\u00bb]<\/p>\n<h1 style=\"text-align: center;\"><span style=\"color: #ffffff;\"><strong>Aide mat\u00e9rielle<\/strong><\/span><\/h1>\n<p>[\/vc_column_text][\/vc_column][\/vc_row][vc_row][vc_column][vc_column_text css=\u00a0\u00bb\u00a0\u00bb]<span style=\"color: #000000;\">Nous recevons r\u00e9guli\u00e8rement de la part de la population des dons de vaisselle, de literie, de petits \u00e9lectrom\u00e9nagers, tels que des fours \u00e0 micro-ondes, et des appareils \u00e9lectroniques (t\u00e9l\u00e9visions, radios). Ce dons sont offerts d\u2019abord aux personnes sinistr\u00e9es, puis \u00e0 notre client\u00e8le \u00e0 faible revenu afin d\u2019aider ceux-ci \u00e0 prendre un nouveau d\u00e9part.<\/span><\/p>\n<p><span style=\"color: #000000;\">Pour y avoir acc\u00e8s, il faut prendre rendez-vous au 514- 842-1214, du lundi au vendredi, de 9 h \u00e0 midi. Les rendez-vous sont donn\u00e9s la veille de la visite, selon les disponibilit\u00e9s.<\/span><\/p>\n<p><strong><span style=\"color: #000000;\">\u00c0 savoir<\/span><\/strong><\/p>\n<p><span style=\"color: #000000;\">Il est \u00e9galement possible de se procurer des livres, des enregistrements musicaux et des films d\u2019occasion \u00e0 faible co\u00fbt. Les profits servent \u00e0 financer nos services.<\/span>[\/vc_column_text][\/vc_column][\/vc_row][vc_row][vc_column][vc_custom_heading text=\u00a0\u00bbDistribution de fournitures scolaires\u00a0\u00bb font_container=\u00a0\u00bbtag:h2|text_align:center|color:%23000000&Prime; use_theme_fonts=\u00a0\u00bbyes\u00a0\u00bb css=\u00a0\u00bb.vc_custom_1747159050670{background-color: #FFD934 !important;}\u00a0\u00bb][\/vc_column][\/vc_row][vc_row][vc_column][vc_column_text css=\u00a0\u00bb\u00a0\u00bb]<span style=\"font-weight: 400; color: #000000;\">La rentr\u00e9e scolaire est souvent un moment difficile \u00e0 traverser pour les familles. La facture des fournitures scolaires peut \u00eatre dure \u00e0 avaler, particuli\u00e8rement pour les familles \u00e0 faible revenu.<\/span><\/p>\n<p><span style=\"font-weight: 400; color: #000000;\">Pour venir en aide \u00e0 ces familles, Jeunesse au Soleil tient une distribution annuelle d\u2019effets scolaires au mois d&rsquo;ao\u00fbt et r\u00e9pond \u00e0 des demandes tout au long de l&rsquo;ann\u00e9e de la part des intervenants scolaires de Montr\u00e9al.<\/span><\/p>\n<p><span style=\"font-weight: 400; color: #000000;\">Nous offrons divers articles indispensables (sacs \u00e0 dos, cahiers, \u00e9tuis, crayons, etc.) re\u00e7us en dons et nous compl\u00e9tons ces items en achetant du mat\u00e9riel neuf gr\u00e2ce aux dons en argent que nous recevons. <\/span><\/p>\n<p><span style=\"color: #000000;\">Vous pouvez contribuer \u00e0 la r\u00e9ussite scolaire des enfants de trois mani\u00e8res.<\/span>[\/vc_column_text][\/vc_column][\/vc_row][vc_row][vc_column][vc_custom_heading text=\u00a0\u00bbFaites un don en argent\u00a0\u00bb font_container=\u00a0\u00bbtag:h2|font_size:20|text_align:center|color:%23000000&Prime; use_theme_fonts=\u00a0\u00bbyes\u00a0\u00bb css=\u00a0\u00bb.vc_custom_1747159063897{background-color: #FFD934 !important;}\u00a0\u00bb][vc_column_text css=\u00a0\u00bb\u00a0\u00bb]<\/p>\n<p style=\"text-align: center;\"><span style=\"color: #000000;\"><span style=\"font-weight: 400;\">Chaque ann\u00e9e, ce sont des centaines d&rsquo;enfants qui sont \u00e9quip\u00e9s pour la rentr\u00e9e scolaire. <\/span>Pour Jeunesse au Soleil, prendre soin des familles, c\u2019est contribuer \u00e0 un meilleur avenir pour leurs enfants.<\/span><\/p>\n<p>[\/vc_column_text][vc_btn title=\u00a0\u00bbFaire un don\u00a0\u00bb align=\u00a0\u00bbcenter\u00a0\u00bb css=\u00a0\u00bb\u00a0\u00bb link=\u00a0\u00bburl:https%3A%2F%2Fwww.jedonneenligne.org%2Fjeunesseausoleil-sunyouth%2FSCHOOL%2F\u00a0\u00bb][\/vc_column][\/vc_row][vc_row css=\u00a0\u00bb.vc_custom_1689265875843{background-color: #f5f5f5 !important;}\u00a0\u00bb][vc_column][vc_custom_heading text=\u00a0\u00bbFaites un don de mat\u00e9riel scolaire\u00a0\u00bb font_container=\u00a0\u00bbtag:h2|font_size:20|text_align:center|color:%23000000&Prime; use_theme_fonts=\u00a0\u00bbyes\u00a0\u00bb css=\u00a0\u00bb.vc_custom_1747159075342{background-color: #FFD934 !important;}\u00a0\u00bb][vc_column_text css=\u00a0\u00bb\u00a0\u00bb]<span style=\"color: #000000;\">Voici la liste des articles dont les familles ont le plus besoin.<\/span>[\/vc_column_text][vc_row_inner][vc_column_inner width=\u00a0\u00bb1\/2&Prime;][vc_column_text css=\u00a0\u00bb\u00a0\u00bb]<\/p>\n<ul>\n<li><span style=\"color: #000000;\">Ensemble de crayons de plomb HB<\/span><\/li>\n<li><span style=\"color: #000000;\">Surligneurs de couleurs jaunes<\/span><\/li>\n<li><span style=\"color: #000000;\">\u00c9tuis \u00e0 crayons<\/span><\/li>\n<li><span style=\"color: #000000;\">Crayon \u00e0 colorier<\/span><\/li>\n<li><span style=\"color: #000000;\">Gommes \u00e0 effacer blanches<\/span><\/li>\n<li><span style=\"color: #000000;\">Taille crayons avec r\u00e9servoir<\/span><\/li>\n<li><span style=\"color: #000000;\">Paires de ciseaux<\/span><\/li>\n<li><span style=\"color: #000000;\">B\u00e2tons de colle<\/span><\/li>\n<li><span style=\"color: #000000;\">Stylos Bleu<\/span><\/li>\n<li><span style=\"color: #000000;\">Stylos Rouge<\/span><\/li>\n<\/ul>\n<p>[\/vc_column_text][\/vc_column_inner][vc_column_inner width=\u00a0\u00bb1\/2&Prime;][vc_column_text css=\u00a0\u00bb\u00a0\u00bb]<span style=\"color: #000000;\">R\u00e8gle 30cm<\/span><br \/>\n<span style=\"color: #000000;\">Paquets de feuilles mobiles, 8\u00bd X 11 po (100 feuilles)<\/span><br \/>\n<span style=\"color: #000000;\">Duotangs avec pochette<\/span><br \/>\n<span style=\"color: #000000;\">Cartable 2 pouces<\/span><br \/>\n<span style=\"color: #000000;\">Cahier Canada 32 pages<\/span><br \/>\n<span style=\"color: #000000;\">Cahier Canada 80 pages<\/span><br \/>\n<span style=\"color: #000000;\">Calculatrice scientifique<\/span><br \/>\n<span style=\"color: #000000;\">Kit de g\u00e9om\u00e9trie<\/span><br \/>\n<span style=\"color: #000000;\">Marqueurs Crayola<\/span><br \/>\n<span style=\"color: #000000;\">Sac \u00e0 dos Primaire (15 pouces)<\/span><br \/>\n<span style=\"color: #000000;\">Sac \u00e0 dos Secondaire (17 pouces)<\/span>[\/vc_column_text][\/vc_column_inner][\/vc_row_inner][\/vc_column][\/vc_row][vc_row css=\u00a0\u00bb.vc_custom_1689265926853{background-color: #f5f5f5 !important;}\u00a0\u00bb][vc_column][vc_custom_heading text=\u00a0\u00bbPour s&rsquo;inscrire\u00a0\u00bb font_container=\u00a0\u00bbtag:h2|font_size:20|text_align:center|color:%23000000&Prime; use_theme_fonts=\u00a0\u00bbyes\u00a0\u00bb css=\u00a0\u00bb.vc_custom_1747159093537{background-color: #FFD934 !important;}\u00a0\u00bb][vc_column_text css=\u00a0\u00bb\u00a0\u00bb]<\/p>\n<p style=\"text-align: center;\"><span style=\"color: #000000;\"><strong>La participation \u00e0 la distribution se fait sur rendez-vous<\/strong>.<\/span><\/p>\n<p><span style=\"color: #000000;\">(Les personnes qui ne sont pas d\u00e9j\u00e0 nos clients devront nous fournir les documents suivants pour participer \u00e0 la distribution : pi\u00e8ces d&rsquo;identit\u00e9 de chaque membre, preuve d\u2019adresse, preuve de revenu.)<\/span><\/p>\n<p><span style=\"color: #000000;\">Pour prendre rendez-vous, veuillez \u00e9crire<\/span> <a href=\"mailto:services@jas-sy.org\">services@jas-sy.org<\/a><span style=\"color: #000000;\"> ou t\u00e9l\u00e9phoner au 514 842-1214.<\/span><\/p>\n<p><span style=\"color: #000000;\">Vous pourrez vous pr\u00e9senter \u00e0 pied ou au service \u00e0 l&rsquo;auto pour r\u00e9cup\u00e9rer vos articles \u00e0 la date fix\u00e9e. (Nous ne faisons pas de livraison, sauf aux personnes \u00e0 mobilit\u00e9 r\u00e9duite ou dans des situations exceptionnelles.)<\/span><\/p>\n<p><span style=\"color: #000000;\">Nous ne pouvons garantir des fournitures qu\u2019aux 1000 premiers enfants inscrits.<\/span>[\/vc_column_text][\/vc_column][\/vc_row][vc_row][vc_column][vc_custom_heading text=\u00a0\u00bbB\u00e9n\u00e9volat\u00a0\u00bb font_container=\u00a0\u00bbtag:h2|font_size:20|text_align:center|color:%23000000&Prime; use_theme_fonts=\u00a0\u00bbyes\u00a0\u00bb css=\u00a0\u00bb.vc_custom_1747159107343{background-color: #FFD934 !important;}\u00a0\u00bb][vc_column_text css=\u00a0\u00bb\u00a0\u00bb]<\/p>\n<p style=\"text-align: center;\"><span style=\"font-weight: 400; color: #000000;\">Pour aider \u00e0 trier le mat\u00e9riel, pr\u00e9parer les sacs et\/ou les distribuer, nous comptons sur le soutien de centaines de b\u00e9n\u00e9voles.<\/span><\/p>\n<p>[\/vc_column_text][vc_btn title=\u00a0\u00bbDEvenir b\u00e9n\u00e9vole\u00a0\u00bb align=\u00a0\u00bbcenter\u00a0\u00bb css=\u00a0\u00bb\u00a0\u00bb link=\u00a0\u00bburl:https%3A%2F%2Fwww.jedonneenligne.org%2Fjeunesseausoleil-sunyouth%2FVOLUNTEER%2F\u00a0\u00bb][\/vc_column][\/vc_row][vc_row][vc_column][vc_custom_heading text=\u00a0\u00bbObtention de lunettes\u00a0\u00bb font_container=\u00a0\u00bbtag:h2|text_align:center|color:%23000000&Prime; use_theme_fonts=\u00a0\u00bbyes\u00a0\u00bb css=\u00a0\u00bb.vc_custom_1747159119418{background-color: #FFD934 !important;}\u00a0\u00bb][\/vc_column][\/vc_row][vc_row][vc_column][vc_column_text css=\u00a0\u00bb\u00a0\u00bb]<span style=\"color: #000000;\">Par l\u2019interm\u00e9diaire de Jeunesse au Soleil, des personnes \u00e0 faible revenu ou qui ne sont pas couvertes par l\u2019assurance publique ou une assurance priv\u00e9e (nouveaux arrivants, nouveaux prestataires de l\u2019aide sociale, etc.) peuvent se procurer des lunettes gratuitement ou \u00e0 prix r\u00e9duit, gr\u00e2ce \u00e0 la collaboration d\u2019Essilor, laboratoire r\u00e9put\u00e9 mondialement pour ses produits ophtalmiques de qualit\u00e9, et \u00e0 Philippe Rochette, opticien.<\/span>[\/vc_column_text][\/vc_column][\/vc_row][vc_row][vc_column][vc_custom_heading text=\u00a0\u00bbPr\u00eat d\u2019appareil contre l\u2019\u00e9nur\u00e9sie nocturne\u00a0\u00bb font_container=\u00a0\u00bbtag:h2|text_align:center|color:%23000000&Prime; use_theme_fonts=\u00a0\u00bbyes\u00a0\u00bb css=\u00a0\u00bb.vc_custom_1747159133623{background-color: #FFD934 !important;}\u00a0\u00bb][\/vc_column][\/vc_row][vc_row][vc_column][vc_column_text css=\u00a0\u00bb\u00a0\u00bb]<span style=\"color: #000000;\">En collaboration avec la soci\u00e9t\u00e9 Ledoux R\u00e9flexe, nous pr\u00eatons gratuitement aux familles \u00e0 faible revenu un appareil pour traiter l\u2019\u00e9nur\u00e9sie nocturne. Ces appareils proviennent de la client\u00e8le de Ledoux R\u00e9flexe qui propose \u00e0 ses clients de faire parvenir leur appareil \u00e0 Jeunesse au Soleil une fois qu\u2019ils ont termin\u00e9 de l\u2019utiliser. Les appareils en bon \u00e9tat sont ensuite remis \u00e0 des familles qui en ont besoin. La soci\u00e9t\u00e9 Ledoux R\u00e9flexe offre un suivi \u00e0 ces familles.<\/span>[\/vc_column_text][\/vc_column][\/vc_row][vc_row][vc_column][vc_custom_heading text=\u00a0\u00bbautres services\u00a0\u00bb font_container=\u00a0\u00bbtag:h2|text_align:center|color:%23000000&Prime; use_theme_fonts=\u00a0\u00bbyes\u00a0\u00bb css=\u00a0\u00bb.vc_custom_1744310687958{background-color: #FFD94A !important;}\u00a0\u00bb][\/vc_column][\/vc_row][vc_row][vc_column width=\u00a0\u00bb1\/3&Prime;][vc_single_image image=\u00a0\u00bb169392&Prime; img_size=\u00a0\u00bbmedium\u00a0\u00bb alignment=\u00a0\u00bbcenter\u00a0\u00bb style=\u00a0\u00bbvc_box_shadow_3d\u00a0\u00bb onclick=\u00a0\u00bbcustom_link\u00a0\u00bb css=\u00a0\u00bb\u00a0\u00bb link=\u00a0\u00bbhttps:\/\/sunyouth.org\/fr\/aide-alimentaire\/\u00a0\u00bb][vc_column_text css=\u00a0\u00bb\u00a0\u00bb]<\/p>\n<p style=\"text-align: center;\"><a href=\"https:\/\/sunyouth.org\/fr\/aide-alimentaire\/\"><strong><span style=\"color: #000000;\">Aide alimentaire<\/span><\/strong><\/a><\/p>\n<p>[\/vc_column_text][\/vc_column][vc_column width=\u00a0\u00bb1\/3&Prime;][vc_single_image image=\u00a0\u00bb169373&Prime; img_size=\u00a0\u00bbmedium\u00a0\u00bb alignment=\u00a0\u00bbcenter\u00a0\u00bb style=\u00a0\u00bbvc_box_shadow_3d\u00a0\u00bb onclick=\u00a0\u00bbcustom_link\u00a0\u00bb css=\u00a0\u00bb\u00a0\u00bb link=\u00a0\u00bbhttps:\/\/sunyouth.org\/fr\/medicaments\/\u00a0\u00bb][vc_column_text css=\u00a0\u00bb\u00a0\u00bb]<\/p>\n<p style=\"text-align: center;\"><a href=\"https:\/\/sunyouth.org\/fr\/medicaments\/\"><span style=\"color: #000000;\"><strong>M\u00e9dicaments<\/strong> <\/span><\/a><\/p>\n<p>[\/vc_column_text][\/vc_column][vc_column width=\u00a0\u00bb1\/3&Prime;][vc_single_image image=\u00a0\u00bb169388&Prime; img_size=\u00a0\u00bbmedium\u00a0\u00bb alignment=\u00a0\u00bbcenter\u00a0\u00bb style=\u00a0\u00bbvc_box_shadow_3d\u00a0\u00bb onclick=\u00a0\u00bbcustom_link\u00a0\u00bb css=\u00a0\u00bb\u00a0\u00bb link=\u00a0\u00bbhttps:\/\/sunyouth.org\/fr\/aide-a-lenfance\/\u00a0\u00bb][vc_column_text css=\u00a0\u00bb\u00a0\u00bb]<\/p>\n<p style=\"text-align: center;\"><a href=\"https:\/\/sunyouth.org\/fr\/aide-a-lenfance\/\"><strong><span style=\"color: #000000;\">Aide \u00e0 l\u2019enfance<\/span><\/strong><\/a><\/p>\n<p>[\/vc_column_text][\/vc_column][\/vc_row][vc_row][vc_column width=\u00a0\u00bb1\/3&Prime;][vc_single_image image=\u00a0\u00bb169375&Prime; img_size=\u00a0\u00bbmedium\u00a0\u00bb alignment=\u00a0\u00bbcenter\u00a0\u00bb style=\u00a0\u00bbvc_box_shadow_3d\u00a0\u00bb onclick=\u00a0\u00bbcustom_link\u00a0\u00bb css=\u00a0\u00bb\u00a0\u00bb link=\u00a0\u00bbhttps:\/\/sunyouth.org\/fr\/services\/aide-au-chauffage\/\u00a0\u00bb][vc_column_text css=\u00a0\u00bb\u00a0\u00bb]<\/p>\n<p style=\"text-align: center;\"><a href=\"https:\/\/sunyouth.org\/fr\/services\/aide-au-chauffage\/\"><span style=\"color: #000000;\"><strong>Aide au chauffage\u00a0<\/strong><\/span><\/a><\/p>\n<p>[\/vc_column_text][\/vc_column][vc_column width=\u00a0\u00bb1\/3&Prime;][vc_single_image image=\u00a0\u00bb169284&Prime; img_size=\u00a0\u00bbmedium\u00a0\u00bb alignment=\u00a0\u00bbcenter\u00a0\u00bb style=\u00a0\u00bbvc_box_shadow_3d\u00a0\u00bb onclick=\u00a0\u00bbcustom_link\u00a0\u00bb css=\u00a0\u00bb\u00a0\u00bb link=\u00a0\u00bbhttps:\/\/sunyouth.org\/fr\/services\/patrouille-a-velo\/\u00a0\u00bb][vc_column_text css=\u00a0\u00bb\u00a0\u00bb]<\/p>\n<p style=\"text-align: center;\"><a href=\"https:\/\/sunyouth.org\/fr\/services\/patrouille-a-velo\/\"><span style=\"color: #000000;\"><strong>Patrouille \u00e0 v\u00e9lo<\/strong><\/span><\/a><\/p>\n<p>[\/vc_column_text][\/vc_column][vc_column width=\u00a0\u00bb1\/3&Prime;][vc_single_image image=\u00a0\u00bb169534&Prime; img_size=\u00a0\u00bbmedium\u00a0\u00bb alignment=\u00a0\u00bbcenter\u00a0\u00bb onclick=\u00a0\u00bbcustom_link\u00a0\u00bb css=\u00a0\u00bb\u00a0\u00bb link=\u00a0\u00bbhttps:\/\/sunyouth.org\/fr\/services\/aide-aux-victimes-dactes-criminels\/\u00a0\u00bb][vc_column_text css=\u00a0\u00bb\u00a0\u00bb]<\/p>\n<p style=\"text-align: center;\"><a href=\"https:\/\/sunyouth.org\/fr\/services\/aide-aux-victimes-dactes-criminels\/\"><span style=\"color: #000000;\"><strong>Aide aux victimes d\u2019actes criminels<\/strong><\/span><\/a><\/p>\n<p style=\"text-align: center;\"><a href=\"https:\/\/sunyouth.org\/fr\/services\/medicaments\/\"><span style=\"color: #000000;\">\u00a0<\/span><\/a><\/p>\n<p>[\/vc_column_text][\/vc_column][\/vc_row][vc_row][vc_column width=\u00a0\u00bb1\/2&Prime;][vc_single_image image=\u00a0\u00bb169377&Prime; img_size=\u00a0\u00bbmedium\u00a0\u00bb alignment=\u00a0\u00bbcenter\u00a0\u00bb style=\u00a0\u00bbvc_box_shadow_3d\u00a0\u00bb onclick=\u00a0\u00bbcustom_link\u00a0\u00bb css=\u00a0\u00bb\u00a0\u00bb link=\u00a0\u00bbhttps:\/\/sunyouth.org\/fr\/services\/aide-aux-sinistres\/\u00a0\u00bb][vc_column_text css=\u00a0\u00bb\u00a0\u00bb]<\/p>\n<p style=\"text-align: center;\"><span style=\"color: #000000;\"><strong><a style=\"color: #000000;\" href=\"https:\/\/sunyouth.org\/fr\/services\/aide-aux-sinistres\/\">Aide aux sinistr\u00e9s\u00a0<\/a><\/strong><\/span><\/p>\n<p>[\/vc_column_text][\/vc_column][vc_column width=\u00a0\u00bb1\/2&Prime;][vc_single_image image=\u00a0\u00bb169307&Prime; img_size=\u00a0\u00bbmedium\u00a0\u00bb alignment=\u00a0\u00bbcenter\u00a0\u00bb style=\u00a0\u00bbvc_box_shadow_3d\u00a0\u00bb onclick=\u00a0\u00bbcustom_link\u00a0\u00bb css=\u00a0\u00bb\u00a0\u00bb link=\u00a0\u00bbhttps:\/\/sunyouth.org\/fr\/recompenses\/\u00a0\u00bb][vc_column_text css=\u00a0\u00bb\u00a0\u00bb]<\/p>\n<p style=\"text-align: center;\"><a href=\"https:\/\/sunyouth.org\/fr\/recompenses\/\"><span style=\"color: #000000;\"><strong>R\u00e9compenses<\/strong> <\/span><\/a><\/p>\n<p>[\/vc_column_text][\/vc_column][\/vc_row]<\/p>\n<\/div>","protected":false},"excerpt":{"rendered":"<p>[vc_row full_width=\u00a0\u00bbstretch_row_content\u00a0\u00bb full_height=\u00a0\u00bbyes\u00a0\u00bb equal_height=\u00a0\u00bbyes\u00a0\u00bb css=\u00a0\u00bb.vc_custom_1747848661891{margin-top: -270px !important;background-image: url(https:\/\/sunyouth.org\/wp-content\/uploads\/2025\/05\/Material.jpg?id=170028) !important;}\u00a0\u00bb][vc_column][vc_column_text css=\u00a0\u00bb.vc_custom_1747159737112{margin-top: -100px !important;}\u00a0\u00bb] Aide mat\u00e9rielle [\/vc_column_text][\/vc_column][\/vc_row][vc_row][vc_column][vc_column_text css=\u00a0\u00bb\u00a0\u00bb]Nous recevons r\u00e9guli\u00e8rement de la part de&#8230;<\/p>\n","protected":false},"author":34,"featured_media":0,"parent":0,"menu_order":0,"comment_status":"closed","ping_status":"closed","template":"","meta":{"_acf_changed":false,"_monsterinsights_skip_tracking":false,"_monsterinsights_sitenote_active":false,"_monsterinsights_sitenote_note":"","_monsterinsights_sitenote_category":0,"footnotes":""},"class_list":["post-170053","page","type-page","status-publish"],"acf":[],"yoast_head":"<!-- This site is optimized with the Yoast SEO plugin v27.2 - https:\/\/yoast.com\/product\/yoast-seo-wordpress\/ -->\n<title>Aide mat\u00e9rielle - Jeunesse au soleil<\/title>\n<meta name=\"robots\" content=\"index, follow, max-snippet:-1, max-image-preview:large, max-video-preview:-1\" \/>\n<link rel=\"canonical\" href=\"https:\/\/sunyouth.org\/fr\/aide-materielle\/\" \/>\n<meta property=\"og:locale\" content=\"fr_FR\" \/>\n<meta property=\"og:type\" content=\"article\" \/>\n<meta property=\"og:title\" content=\"Aide mat\u00e9rielle - Jeunesse au soleil\" \/>\n<meta property=\"og:description\" content=\"[vc_row full_width=\u00a0\u00bbstretch_row_content\u00a0\u00bb full_height=\u00a0\u00bbyes\u00a0\u00bb equal_height=\u00a0\u00bbyes\u00a0\u00bb css=\u00a0\u00bb.vc_custom_1747848661891{margin-top: -270px !important;background-image: url(https:\/\/sunyouth.org\/wp-content\/uploads\/2025\/05\/Material.jpg?id=170028) !important;}\u00a0\u00bb][vc_column][vc_column_text css=\u00a0\u00bb.vc_custom_1747159737112{margin-top: -100px !important;}\u00a0\u00bb] Aide mat\u00e9rielle [\/vc_column_text][\/vc_column][\/vc_row][vc_row][vc_column][vc_column_text css=\u00a0\u00bb\u00a0\u00bb]Nous recevons r\u00e9guli\u00e8rement de la part de...\" \/>\n<meta property=\"og:url\" content=\"https:\/\/sunyouth.org\/fr\/aide-materielle\/\" \/>\n<meta property=\"og:site_name\" content=\"Jeunesse au soleil\" \/>\n<meta property=\"article:modified_time\" content=\"2025-06-03T16:01:24+00:00\" \/>\n<meta name=\"twitter:card\" content=\"summary_large_image\" \/>\n<meta name=\"twitter:label1\" content=\"Dur\u00e9e de lecture estim\u00e9e\" \/>\n\t<meta name=\"twitter:data1\" content=\"6 minutes\" \/>\n<script type=\"application\/ld+json\" class=\"yoast-schema-graph\">{\"@context\":\"https:\/\/schema.org\",\"@graph\":[{\"@type\":\"WebPage\",\"@id\":\"https:\/\/sunyouth.org\/fr\/aide-materielle\/\",\"url\":\"https:\/\/sunyouth.org\/fr\/aide-materielle\/\",\"name\":\"Aide mat\u00e9rielle - Jeunesse au soleil\",\"isPartOf\":{\"@id\":\"https:\/\/sunyouth.org\/#website\"},\"datePublished\":\"2025-05-13T18:37:08+00:00\",\"dateModified\":\"2025-06-03T16:01:24+00:00\",\"breadcrumb\":{\"@id\":\"https:\/\/sunyouth.org\/fr\/aide-materielle\/#breadcrumb\"},\"inLanguage\":\"fr-FR\",\"potentialAction\":[{\"@type\":\"ReadAction\",\"target\":[\"https:\/\/sunyouth.org\/fr\/aide-materielle\/\"]}]},{\"@type\":\"BreadcrumbList\",\"@id\":\"https:\/\/sunyouth.org\/fr\/aide-materielle\/#breadcrumb\",\"itemListElement\":[{\"@type\":\"ListItem\",\"position\":1,\"name\":\"Home\",\"item\":\"https:\/\/sunyouth.org\/fr\/\"},{\"@type\":\"ListItem\",\"position\":2,\"name\":\"Aide mat\u00e9rielle\"}]},{\"@type\":\"WebSite\",\"@id\":\"https:\/\/sunyouth.org\/#website\",\"url\":\"https:\/\/sunyouth.org\/\",\"name\":\"Jeunesse au soleil\",\"description\":\"Dedicated since 1954!\",\"publisher\":{\"@id\":\"https:\/\/sunyouth.org\/#organization\"},\"potentialAction\":[{\"@type\":\"SearchAction\",\"target\":{\"@type\":\"EntryPoint\",\"urlTemplate\":\"https:\/\/sunyouth.org\/?s={search_term_string}\"},\"query-input\":{\"@type\":\"PropertyValueSpecification\",\"valueRequired\":true,\"valueName\":\"search_term_string\"}}],\"inLanguage\":\"fr-FR\"},{\"@type\":\"Organization\",\"@id\":\"https:\/\/sunyouth.org\/#organization\",\"name\":\"SUN YOUTH\",\"url\":\"https:\/\/sunyouth.org\/\",\"logo\":{\"@type\":\"ImageObject\",\"inLanguage\":\"fr-FR\",\"@id\":\"https:\/\/sunyouth.org\/#\/schema\/logo\/image\/\",\"url\":\"https:\/\/sunyouth.org\/wp-content\/uploads\/2018\/11\/LOGO-SUNYOUTH.png\",\"contentUrl\":\"https:\/\/sunyouth.org\/wp-content\/uploads\/2018\/11\/LOGO-SUNYOUTH.png\",\"width\":251,\"height\":251,\"caption\":\"SUN YOUTH\"},\"image\":{\"@id\":\"https:\/\/sunyouth.org\/#\/schema\/logo\/image\/\"}}]}<\/script>\n<!-- \/ Yoast SEO plugin. -->","yoast_head_json":{"title":"Aide mat\u00e9rielle - Jeunesse au soleil","robots":{"index":"index","follow":"follow","max-snippet":"max-snippet:-1","max-image-preview":"max-image-preview:large","max-video-preview":"max-video-preview:-1"},"canonical":"https:\/\/sunyouth.org\/fr\/aide-materielle\/","og_locale":"fr_FR","og_type":"article","og_title":"Aide mat\u00e9rielle - Jeunesse au soleil","og_description":"[vc_row full_width=\u00a0\u00bbstretch_row_content\u00a0\u00bb full_height=\u00a0\u00bbyes\u00a0\u00bb equal_height=\u00a0\u00bbyes\u00a0\u00bb css=\u00a0\u00bb.vc_custom_1747848661891{margin-top: -270px !important;background-image: url(https:\/\/sunyouth.org\/wp-content\/uploads\/2025\/05\/Material.jpg?id=170028) !important;}\u00a0\u00bb][vc_column][vc_column_text css=\u00a0\u00bb.vc_custom_1747159737112{margin-top: -100px !important;}\u00a0\u00bb] Aide mat\u00e9rielle [\/vc_column_text][\/vc_column][\/vc_row][vc_row][vc_column][vc_column_text css=\u00a0\u00bb\u00a0\u00bb]Nous recevons r\u00e9guli\u00e8rement de la part de...","og_url":"https:\/\/sunyouth.org\/fr\/aide-materielle\/","og_site_name":"Jeunesse au soleil","article_modified_time":"2025-06-03T16:01:24+00:00","twitter_card":"summary_large_image","twitter_misc":{"Dur\u00e9e de lecture estim\u00e9e":"6 minutes"},"schema":{"@context":"https:\/\/schema.org","@graph":[{"@type":"WebPage","@id":"https:\/\/sunyouth.org\/fr\/aide-materielle\/","url":"https:\/\/sunyouth.org\/fr\/aide-materielle\/","name":"Aide mat\u00e9rielle - Jeunesse au soleil","isPartOf":{"@id":"https:\/\/sunyouth.org\/#website"},"datePublished":"2025-05-13T18:37:08+00:00","dateModified":"2025-06-03T16:01:24+00:00","breadcrumb":{"@id":"https:\/\/sunyouth.org\/fr\/aide-materielle\/#breadcrumb"},"inLanguage":"fr-FR","potentialAction":[{"@type":"ReadAction","target":["https:\/\/sunyouth.org\/fr\/aide-materielle\/"]}]},{"@type":"BreadcrumbList","@id":"https:\/\/sunyouth.org\/fr\/aide-materielle\/#breadcrumb","itemListElement":[{"@type":"ListItem","position":1,"name":"Home","item":"https:\/\/sunyouth.org\/fr\/"},{"@type":"ListItem","position":2,"name":"Aide mat\u00e9rielle"}]},{"@type":"WebSite","@id":"https:\/\/sunyouth.org\/#website","url":"https:\/\/sunyouth.org\/","name":"Jeunesse au soleil","description":"Dedicated since 1954!","publisher":{"@id":"https:\/\/sunyouth.org\/#organization"},"potentialAction":[{"@type":"SearchAction","target":{"@type":"EntryPoint","urlTemplate":"https:\/\/sunyouth.org\/?s={search_term_string}"},"query-input":{"@type":"PropertyValueSpecification","valueRequired":true,"valueName":"search_term_string"}}],"inLanguage":"fr-FR"},{"@type":"Organization","@id":"https:\/\/sunyouth.org\/#organization","name":"SUN YOUTH","url":"https:\/\/sunyouth.org\/","logo":{"@type":"ImageObject","inLanguage":"fr-FR","@id":"https:\/\/sunyouth.org\/#\/schema\/logo\/image\/","url":"https:\/\/sunyouth.org\/wp-content\/uploads\/2018\/11\/LOGO-SUNYOUTH.png","contentUrl":"https:\/\/sunyouth.org\/wp-content\/uploads\/2018\/11\/LOGO-SUNYOUTH.png","width":251,"height":251,"caption":"SUN YOUTH"},"image":{"@id":"https:\/\/sunyouth.org\/#\/schema\/logo\/image\/"}}]}},"_links":{"self":[{"href":"https:\/\/sunyouth.org\/fr\/wp-json\/wp\/v2\/pages\/170053","targetHints":{"allow":["GET"]}}],"collection":[{"href":"https:\/\/sunyouth.org\/fr\/wp-json\/wp\/v2\/pages"}],"about":[{"href":"https:\/\/sunyouth.org\/fr\/wp-json\/wp\/v2\/types\/page"}],"author":[{"embeddable":true,"href":"https:\/\/sunyouth.org\/fr\/wp-json\/wp\/v2\/users\/34"}],"replies":[{"embeddable":true,"href":"https:\/\/sunyouth.org\/fr\/wp-json\/wp\/v2\/comments?post=170053"}],"version-history":[{"count":33,"href":"https:\/\/sunyouth.org\/fr\/wp-json\/wp\/v2\/pages\/170053\/revisions"}],"predecessor-version":[{"id":170819,"href":"https:\/\/sunyouth.org\/fr\/wp-json\/wp\/v2\/pages\/170053\/revisions\/170819"}],"wp:attachment":[{"href":"https:\/\/sunyouth.org\/fr\/wp-json\/wp\/v2\/media?parent=170053"}],"curies":[{"name":"wp","href":"https:\/\/api.w.org\/{rel}","templated":true}]}}