{"id":169545,"date":"2025-05-08T13:35:48","date_gmt":"2025-05-08T18:35:48","guid":{"rendered":"https:\/\/sunyouth.org\/?page_id=169545"},"modified":"2025-05-14T09:13:44","modified_gmt":"2025-05-14T14:13:44","slug":"aide-a-lenfance","status":"publish","type":"page","link":"https:\/\/sunyouth.org\/fr\/aide-a-lenfance\/","title":{"rendered":"Aide \u00e0 l\u2019enfance"},"content":{"rendered":"<div class=\"wpb-content-wrapper\"><p>[vc_row full_width=\u00a0\u00bbstretch_row_content\u00a0\u00bb full_height=\u00a0\u00bbyes\u00a0\u00bb equal_height=\u00a0\u00bbyes\u00a0\u00bb css=\u00a0\u00bb.vc_custom_1746728493935{margin-top: -250px !important;background-image: url(https:\/\/sunyouth.org\/wp-content\/uploads\/2025\/04\/1H1A2274-scaled.jpg?id=169541) !important;background-position: center !important;background-repeat: no-repeat !important;background-size: cover !important;}\u00a0\u00bb][vc_column][vc_column_text css=\u00a0\u00bb.vc_custom_1746731101082{margin-top: 450px !important;margin-bottom: 150px !important;}\u00a0\u00bb]<\/p>\n<div class=\"title-xlarge\" style=\"text-align: center;\"><span style=\"color: #ffffff;\">Aide \u00e0 l\u2019enfance<\/span><\/div>\n<p>[\/vc_column_text][\/vc_column][\/vc_row][vc_row][vc_column][vc_column_text css=\u00a0\u00bb\u00a0\u00bb]<span style=\"color: #000000;\"><strong>Nous avons toujours eu \u00e0 coeur le bien-\u00eatre des enfants. En partenariat avec des organismes et \u00e9tablissements du secteur de la sant\u00e9 et des services sociaux, nous offrons sur r\u00e9f\u00e9rence une aide mat\u00e9rielle (de la nourriture, des v\u00eatements neufs), une aide financi\u00e8re (paiement de factures pour des services essentiels, cartes-cadeaux, m\u00e9dicaments, \u00e9quipement m\u00e9dical, titres de transport en commun) et un soutien social aux enfants malades ou en difficult\u00e9 ainsi qu&rsquo;\u00e0 leur famille.<\/strong><\/span><\/p>\n<h4><span style=\"color: #000000;\"><b>Personnes r\u00e9f\u00e9r\u00e9es dans le cadre de la Loi sur la protection de la jeunesse<\/b><\/span><\/h4>\n<p><span style=\"font-weight: 400; color: #000000;\">Certains des cas les plus difficiles sont r\u00e9f\u00e9r\u00e9s par le Centre jeunesse de Montr\u00e9al et les centres de la jeunesse et de la famille Batshaw. Conform\u00e9ment au plan d&rsquo;intervention \u00e9tabli pour chaque cas, notre aide contribuera \u00e0 maintenir les enfants dans leur milieu familial ou d\u2019acc\u00e9l\u00e9rer le retour des enfants aupr\u00e8s de leurs parents.<\/span><\/p>\n<h4><span style=\"color: #000000;\"><b>Personnes r\u00e9f\u00e9r\u00e9es par les travailleurs sociaux des h\u00f4pitaux pour enfants<\/b><\/span><\/h4>\n<p><span style=\"font-weight: 400; color: #000000;\">La maladie d\u2019un enfant peut faire basculer une famille dans une situation de pauvret\u00e9. Les familles qui habitent \u00e0 l\u2019ext\u00e9rieur de la r\u00e9gion m\u00e9tropolitaine doivent venir r\u00e9sider dans la m\u00e9tropole afin de pouvoir rester aupr\u00e8s de leur enfant malade. Cela occasionne des co\u00fbts suppl\u00e9mentaires que la plupart d&rsquo;entre elles ne peuvent se permettre. Nous intervenons donc aupr\u00e8s des familles r\u00e9f\u00e9r\u00e9es par le Centre hospitalier universitaire Sainte-Justine et l\u2019H\u00f4pital de Montr\u00e9al pour enfants en apportant une aide concr\u00e8te pour combler leurs besoins imm\u00e9diats et ainsi leur permettre de consacrer leurs \u00e9nergies \u00e0 la gu\u00e9rison de leur enfant. <\/span><\/p>\n<p><span style=\"font-weight: 400; color: #000000;\">Ce programme est r\u00e9alis\u00e9 en partenariat avec la Fondation Marcelle et Jean Coutu.<\/span><\/p>\n<p>[\/vc_column_text][\/vc_column][\/vc_row][vc_row][vc_column][vc_custom_heading text=\u00a0\u00bbMentorat social\u00a0\u00bb font_container=\u00a0\u00bbtag:h2|text_align:center|color:%23000000&Prime; use_theme_fonts=\u00a0\u00bbyes\u00a0\u00bb css=\u00a0\u00bb.vc_custom_1746804730500{background-color: #FFD94A !important;}\u00a0\u00bb][\/vc_column][\/vc_row][vc_row][vc_column][vc_column_text css=\u00a0\u00bb\u00a0\u00bb]<span style=\"color: #000000;\">Depuis 2001, notre programme de mentors sociaux fait une diff\u00e9rence dans les \u00e9coles publiques de Montr\u00e9al. Choisis tant pour leurs comp\u00e9tences professionnelles que pour leurs qualit\u00e9s relationnelles, nos mentors sociaux travaillent de concert avec le personnel de l\u2019\u00e9cole afin de favoriser des relations positives entre les \u00e9l\u00e8ves.<\/span><\/p>\n<p style=\"text-align: center;\"><strong><span style=\"color: #000000;\">DES INTERVENTIONS ADAPT\u00c9ES<\/span><\/strong><\/p>\n<p><span style=\"color: #000000;\">Nos mentors sociaux font face \u00e0 diff\u00e9rentes probl\u00e9matiques selon les \u00e9coles. Ils doivent s\u2019adapter aux besoins sp\u00e9cifiques de chaque classe ou de chaque \u00e9l\u00e8ve. Les interventions comprennent des ateliers de groupe sur le leadership, la m\u00e9diation par les pairs, la r\u00e9solution de conflits, la socialisation, et sur les d\u00e9fis auxquels les jeunes font face dans leur entourage. Nos mentors organisent aussi des activit\u00e9s parascolaires qui d\u00e9veloppent l\u2019esprit d\u2019\u00e9quipe (sports, collectes de nourriture pour les personnes d\u00e9munies, cr\u00e9ation d\u2019un journal d\u2019\u00e9cole). Les interventions individuelles portent souvent sur l\u2019aide aux devoirs et la m\u00e9diation.<\/span><\/p>\n<p><span style=\"color: #000000;\">\u00c0 court terme, chaque enfant en profite; notre programme contribue \u00e0 la diminution des ph\u00e9nom\u00e8nes de taxage et d\u2019intimidation. L\u2019implication de nos mentors sociaux dans les \u00e9coles et l\u2019appui des enseignants sont des facteurs importants pour la r\u00e9ussite scolaire.<\/span><\/p>\n<p><span style=\"color: #000000;\">Besoin d\u2019aide ou envie d\u2019aider? Contactez-nous<\/span>[\/vc_column_text][\/vc_column][\/vc_row][vc_row][vc_column][vc_custom_heading text=\u00a0\u00bbAide aux \u00e9tudiants\u00a0\u00bb font_container=\u00a0\u00bbtag:h2|text_align:center|color:%23000000&Prime; use_theme_fonts=\u00a0\u00bbyes\u00a0\u00bb css=\u00a0\u00bb.vc_custom_1747230697691{background-color: #FFD034 !important;}\u00a0\u00bb][\/vc_column][\/vc_row][vc_row][vc_column][vc_column_text css=\u00a0\u00bb\u00a0\u00bb]<span style=\"color: #000000;\">Plusieurs \u00e9tudiants du niveau coll\u00e9gial et universitaire n\u2019arrivent pas \u00e0 joindre les deux bouts, particuli\u00e8rement ceux qui retournent sur les bancs d\u2019\u00e9cole ou qui ont une famille ou des enfants \u00e0 charge. Depuis 1999, nous venons en aide aux \u00e9tudiants qui ont des probl\u00e8mes financiers, sur r\u00e9f\u00e9rence du personnel de l&rsquo;\u00e9tablissement d&rsquo;enseignement qu&rsquo;ils fr\u00e9quentent. Cette aide se traduit par une assistance mat\u00e9rielle au niveau des besoins essentiels (nourriture, v\u00eatements et accessoires m\u00e9nagers).<\/span>[\/vc_column_text][\/vc_column][\/vc_row][vc_row][vc_column][vc_custom_heading text=\u00a0\u00bbautres services\u00a0\u00bb font_container=\u00a0\u00bbtag:h2|text_align:center|color:%23000000&Prime; use_theme_fonts=\u00a0\u00bbyes\u00a0\u00bb css=\u00a0\u00bb.vc_custom_1744310687958{background-color: #FFD94A !important;}\u00a0\u00bb][\/vc_column][\/vc_row][vc_row][vc_column width=\u00a0\u00bb1\/3&Prime;][vc_single_image image=\u00a0\u00bb169450&Prime; img_size=\u00a0\u00bbmedium\u00a0\u00bb alignment=\u00a0\u00bbcenter\u00a0\u00bb style=\u00a0\u00bbvc_box_shadow_3d\u00a0\u00bb onclick=\u00a0\u00bbcustom_link\u00a0\u00bb css=\u00a0\u00bb\u00a0\u00bb link=\u00a0\u00bbhttps:\/\/sunyouth.org\/fr\/aide-alimentaire\/\u00a0\u00bb][vc_column_text css=\u00a0\u00bb\u00a0\u00bb]<\/p>\n<p style=\"text-align: center;\"><a href=\"https:\/\/sunyouth.org\/fr\/aide-alimentaire\/\"><span style=\"color: #000000;\"><strong>Aide alimentaire<\/strong><\/span><\/a><\/p>\n<p>[\/vc_column_text][\/vc_column][vc_column width=\u00a0\u00bb1\/3&Prime;][vc_single_image image=\u00a0\u00bb169372&Prime; img_size=\u00a0\u00bbmedium\u00a0\u00bb alignment=\u00a0\u00bbcenter\u00a0\u00bb style=\u00a0\u00bbvc_box_shadow_3d\u00a0\u00bb onclick=\u00a0\u00bbcustom_link\u00a0\u00bb css=\u00a0\u00bb\u00a0\u00bb link=\u00a0\u00bbhttps:\/\/sunyouth.org\/fr\/medicaments\/\u00a0\u00bb][vc_column_text css=\u00a0\u00bb\u00a0\u00bb]<\/p>\n<p style=\"text-align: center;\"><a href=\"https:\/\/sunyouth.org\/fr\/medicaments\/\"><span style=\"color: #000000;\"><strong>M\u00e9dicaments<\/strong><\/span><\/a><\/p>\n<p>[\/vc_column_text][\/vc_column][vc_column width=\u00a0\u00bb1\/3&Prime;][vc_single_image image=\u00a0\u00bb169374&Prime; img_size=\u00a0\u00bbmedium\u00a0\u00bb alignment=\u00a0\u00bbcenter\u00a0\u00bb style=\u00a0\u00bbvc_box_shadow_3d\u00a0\u00bb css=\u00a0\u00bb\u00a0\u00bb][vc_column_text css=\u00a0\u00bb\u00a0\u00bb]<\/p>\n<p style=\"text-align: center;\"><a href=\"https:\/\/sunyouth.org\/fr\/services\/aide-au-chauffage\/\"><strong><span style=\"color: #000000;\">Aide au chauffage<\/span><\/strong><\/a><\/p>\n<p>[\/vc_column_text][\/vc_column][\/vc_row][vc_row][vc_column width=\u00a0\u00bb1\/3&Prime;][vc_single_image image=\u00a0\u00bb169782&Prime; img_size=\u00a0\u00bbmedium\u00a0\u00bb alignment=\u00a0\u00bbcenter\u00a0\u00bb style=\u00a0\u00bbvc_box_shadow_3d\u00a0\u00bb css=\u00a0\u00bb\u00a0\u00bb][vc_column_text css=\u00a0\u00bb\u00a0\u00bb]<\/p>\n<p style=\"text-align: center;\"><a href=\"https:\/\/sunyouth.org\/fr\/services\/aide-materielle\/\"><strong><span style=\"color: #000000;\">Aide mat\u00e9rielle<\/span><\/strong><\/a><\/p>\n<p>[\/vc_column_text][\/vc_column][vc_column width=\u00a0\u00bb1\/3&Prime;][vc_single_image image=\u00a0\u00bb169537&Prime; img_size=\u00a0\u00bbmedium\u00a0\u00bb alignment=\u00a0\u00bbcenter\u00a0\u00bb style=\u00a0\u00bbvc_box_shadow_3d\u00a0\u00bb css=\u00a0\u00bb\u00a0\u00bb][vc_column_text css=\u00a0\u00bb\u00a0\u00bb]<\/p>\n<p style=\"text-align: center;\"><a href=\"https:\/\/sunyouth.org\/fr\/services\/aide-aux-sinistres\/\"><span style=\"color: #000000;\"><strong>Aide aux sinistr\u00e9s<\/strong><\/span><\/a><\/p>\n<p>[\/vc_column_text][\/vc_column][vc_column width=\u00a0\u00bb1\/3&Prime;][vc_single_image image=\u00a0\u00bb169533&Prime; img_size=\u00a0\u00bbmedium\u00a0\u00bb alignment=\u00a0\u00bbcenter\u00a0\u00bb style=\u00a0\u00bbvc_box_shadow_3d\u00a0\u00bb css=\u00a0\u00bb\u00a0\u00bb][vc_column_text css=\u00a0\u00bb\u00a0\u00bb]<\/p>\n<p style=\"text-align: center;\"><a href=\"https:\/\/sunyouth.org\/fr\/services\/aide-aux-victimes-dactes-criminels\/\"><span style=\"color: #000000;\"><strong>Aide aux victimes d\u2019actes criminels<\/strong><\/span><\/a><\/p>\n<p>[\/vc_column_text][\/vc_column][\/vc_row][vc_row][vc_column width=\u00a0\u00bb1\/3&Prime;][vc_single_image image=\u00a0\u00bb169949&Prime; img_size=\u00a0\u00bbmedium\u00a0\u00bb alignment=\u00a0\u00bbcenter\u00a0\u00bb style=\u00a0\u00bbvc_box_shadow_3d\u00a0\u00bb onclick=\u00a0\u00bbcustom_link\u00a0\u00bb css=\u00a0\u00bb\u00a0\u00bb link=\u00a0\u00bbhttps:\/\/sunyouth.org\/fr\/aide-materielle\/\u00a0\u00bb][vc_column_text css=\u00a0\u00bb\u00a0\u00bb]<\/p>\n<p style=\"text-align: center;\"><a href=\"https:\/\/sunyouth.org\/fr\/services\/distribution-de-fournitures-scolaires\/\"><span style=\"color: #000000;\"><strong>Distribution de fournitures scolaires<\/strong><\/span><\/a><\/p>\n<p>[\/vc_column_text][\/vc_column][vc_column width=\u00a0\u00bb1\/3&Prime;][vc_single_image image=\u00a0\u00bb169955&Prime; img_size=\u00a0\u00bbmedium\u00a0\u00bb alignment=\u00a0\u00bbcenter\u00a0\u00bb style=\u00a0\u00bbvc_box_shadow_3d\u00a0\u00bb onclick=\u00a0\u00bbcustom_link\u00a0\u00bb css=\u00a0\u00bb\u00a0\u00bb link=\u00a0\u00bbhttps:\/\/sunyouth.org\/sports-and-recreation\/\u00a0\u00bb][vc_column_text css=\u00a0\u00bb\u00a0\u00bb]<\/p>\n<p style=\"text-align: center;\"><a href=\"https:\/\/sunyouth.org\/fr\/sport-et-loisirs\/\"><span style=\"color: #000000;\"><strong>Jeunesse<\/strong><\/span><\/a><\/p>\n<p>[\/vc_column_text][\/vc_column][vc_column width=\u00a0\u00bb1\/3&Prime;][vc_single_image image=\u00a0\u00bb168054&Prime; img_size=\u00a0\u00bbmedium\u00a0\u00bb alignment=\u00a0\u00bbcenter\u00a0\u00bb style=\u00a0\u00bbvc_box_shadow_3d\u00a0\u00bb css=\u00a0\u00bb\u00a0\u00bb][vc_column_text css=\u00a0\u00bb\u00a0\u00bb]<\/p>\n<p style=\"text-align: center;\"><a href=\"https:\/\/sunyouth.org\/fr\/services\/heros-a-velo\/\"><span style=\"color: #000000;\"><strong>Des h\u00e9ros \u00e0 v\u00e9lo<\/strong><\/span><\/a><\/p>\n<p>[\/vc_column_text][\/vc_column][\/vc_row]<\/p>\n<\/div>","protected":false},"excerpt":{"rendered":"<p>[vc_row full_width=\u00a0\u00bbstretch_row_content\u00a0\u00bb full_height=\u00a0\u00bbyes\u00a0\u00bb equal_height=\u00a0\u00bbyes\u00a0\u00bb css=\u00a0\u00bb.vc_custom_1746728493935{margin-top: -250px !important;background-image: url(https:\/\/sunyouth.org\/wp-content\/uploads\/2025\/04\/1H1A2274-scaled.jpg?id=169541) !important;background-position: center !important;background-repeat: no-repeat !important;background-size: cover !important;}\u00a0\u00bb][vc_column][vc_column_text css=\u00a0\u00bb.vc_custom_1746731101082{margin-top: 450px !important;margin-bottom: 150px !important;}\u00a0\u00bb] Aide \u00e0&#8230;<\/p>\n","protected":false},"author":34,"featured_media":0,"parent":0,"menu_order":0,"comment_status":"closed","ping_status":"closed","template":"","meta":{"_acf_changed":false,"_monsterinsights_skip_tracking":false,"_monsterinsights_sitenote_active":false,"_monsterinsights_sitenote_note":"","_monsterinsights_sitenote_category":0,"footnotes":""},"class_list":["post-169545","page","type-page","status-publish"],"acf":[],"yoast_head":"<!-- This site is optimized with the Yoast SEO plugin v27.2 - https:\/\/yoast.com\/product\/yoast-seo-wordpress\/ -->\n<title>Aide \u00e0 l\u2019enfance - Jeunesse au soleil<\/title>\n<meta name=\"robots\" content=\"index, follow, max-snippet:-1, max-image-preview:large, max-video-preview:-1\" \/>\n<link rel=\"canonical\" href=\"https:\/\/sunyouth.org\/fr\/aide-a-lenfance\/\" \/>\n<meta property=\"og:locale\" content=\"fr_FR\" \/>\n<meta property=\"og:type\" content=\"article\" \/>\n<meta property=\"og:title\" content=\"Aide \u00e0 l\u2019enfance - Jeunesse au soleil\" \/>\n<meta property=\"og:description\" content=\"[vc_row full_width=\u00a0\u00bbstretch_row_content\u00a0\u00bb full_height=\u00a0\u00bbyes\u00a0\u00bb equal_height=\u00a0\u00bbyes\u00a0\u00bb css=\u00a0\u00bb.vc_custom_1746728493935{margin-top: -250px !important;background-image: url(https:\/\/sunyouth.org\/wp-content\/uploads\/2025\/04\/1H1A2274-scaled.jpg?id=169541) !important;background-position: center !important;background-repeat: no-repeat !important;background-size: cover !important;}\u00a0\u00bb][vc_column][vc_column_text css=\u00a0\u00bb.vc_custom_1746731101082{margin-top: 450px !important;margin-bottom: 150px !important;}\u00a0\u00bb] Aide \u00e0...\" \/>\n<meta property=\"og:url\" content=\"https:\/\/sunyouth.org\/fr\/aide-a-lenfance\/\" \/>\n<meta property=\"og:site_name\" content=\"Jeunesse au soleil\" \/>\n<meta property=\"article:modified_time\" content=\"2025-05-14T14:13:44+00:00\" \/>\n<meta name=\"twitter:card\" content=\"summary_large_image\" \/>\n<meta name=\"twitter:label1\" content=\"Dur\u00e9e de lecture estim\u00e9e\" \/>\n\t<meta name=\"twitter:data1\" content=\"5 minutes\" \/>\n<script type=\"application\/ld+json\" class=\"yoast-schema-graph\">{\"@context\":\"https:\/\/schema.org\",\"@graph\":[{\"@type\":\"WebPage\",\"@id\":\"https:\/\/sunyouth.org\/fr\/aide-a-lenfance\/\",\"url\":\"https:\/\/sunyouth.org\/fr\/aide-a-lenfance\/\",\"name\":\"Aide \u00e0 l\u2019enfance - Jeunesse au soleil\",\"isPartOf\":{\"@id\":\"https:\/\/sunyouth.org\/#website\"},\"datePublished\":\"2025-05-08T18:35:48+00:00\",\"dateModified\":\"2025-05-14T14:13:44+00:00\",\"breadcrumb\":{\"@id\":\"https:\/\/sunyouth.org\/fr\/aide-a-lenfance\/#breadcrumb\"},\"inLanguage\":\"fr-FR\",\"potentialAction\":[{\"@type\":\"ReadAction\",\"target\":[\"https:\/\/sunyouth.org\/fr\/aide-a-lenfance\/\"]}]},{\"@type\":\"BreadcrumbList\",\"@id\":\"https:\/\/sunyouth.org\/fr\/aide-a-lenfance\/#breadcrumb\",\"itemListElement\":[{\"@type\":\"ListItem\",\"position\":1,\"name\":\"Home\",\"item\":\"https:\/\/sunyouth.org\/fr\/\"},{\"@type\":\"ListItem\",\"position\":2,\"name\":\"Aide \u00e0 l\u2019enfance\"}]},{\"@type\":\"WebSite\",\"@id\":\"https:\/\/sunyouth.org\/#website\",\"url\":\"https:\/\/sunyouth.org\/\",\"name\":\"Jeunesse au soleil\",\"description\":\"Dedicated since 1954!\",\"publisher\":{\"@id\":\"https:\/\/sunyouth.org\/#organization\"},\"potentialAction\":[{\"@type\":\"SearchAction\",\"target\":{\"@type\":\"EntryPoint\",\"urlTemplate\":\"https:\/\/sunyouth.org\/?s={search_term_string}\"},\"query-input\":{\"@type\":\"PropertyValueSpecification\",\"valueRequired\":true,\"valueName\":\"search_term_string\"}}],\"inLanguage\":\"fr-FR\"},{\"@type\":\"Organization\",\"@id\":\"https:\/\/sunyouth.org\/#organization\",\"name\":\"SUN YOUTH\",\"url\":\"https:\/\/sunyouth.org\/\",\"logo\":{\"@type\":\"ImageObject\",\"inLanguage\":\"fr-FR\",\"@id\":\"https:\/\/sunyouth.org\/#\/schema\/logo\/image\/\",\"url\":\"https:\/\/sunyouth.org\/wp-content\/uploads\/2018\/11\/LOGO-SUNYOUTH.png\",\"contentUrl\":\"https:\/\/sunyouth.org\/wp-content\/uploads\/2018\/11\/LOGO-SUNYOUTH.png\",\"width\":251,\"height\":251,\"caption\":\"SUN YOUTH\"},\"image\":{\"@id\":\"https:\/\/sunyouth.org\/#\/schema\/logo\/image\/\"}}]}<\/script>\n<!-- \/ Yoast SEO plugin. -->","yoast_head_json":{"title":"Aide \u00e0 l\u2019enfance - Jeunesse au soleil","robots":{"index":"index","follow":"follow","max-snippet":"max-snippet:-1","max-image-preview":"max-image-preview:large","max-video-preview":"max-video-preview:-1"},"canonical":"https:\/\/sunyouth.org\/fr\/aide-a-lenfance\/","og_locale":"fr_FR","og_type":"article","og_title":"Aide \u00e0 l\u2019enfance - Jeunesse au soleil","og_description":"[vc_row full_width=\u00a0\u00bbstretch_row_content\u00a0\u00bb full_height=\u00a0\u00bbyes\u00a0\u00bb equal_height=\u00a0\u00bbyes\u00a0\u00bb css=\u00a0\u00bb.vc_custom_1746728493935{margin-top: -250px !important;background-image: url(https:\/\/sunyouth.org\/wp-content\/uploads\/2025\/04\/1H1A2274-scaled.jpg?id=169541) !important;background-position: center !important;background-repeat: no-repeat !important;background-size: cover !important;}\u00a0\u00bb][vc_column][vc_column_text css=\u00a0\u00bb.vc_custom_1746731101082{margin-top: 450px !important;margin-bottom: 150px !important;}\u00a0\u00bb] Aide \u00e0...","og_url":"https:\/\/sunyouth.org\/fr\/aide-a-lenfance\/","og_site_name":"Jeunesse au soleil","article_modified_time":"2025-05-14T14:13:44+00:00","twitter_card":"summary_large_image","twitter_misc":{"Dur\u00e9e de lecture estim\u00e9e":"5 minutes"},"schema":{"@context":"https:\/\/schema.org","@graph":[{"@type":"WebPage","@id":"https:\/\/sunyouth.org\/fr\/aide-a-lenfance\/","url":"https:\/\/sunyouth.org\/fr\/aide-a-lenfance\/","name":"Aide \u00e0 l\u2019enfance - Jeunesse au soleil","isPartOf":{"@id":"https:\/\/sunyouth.org\/#website"},"datePublished":"2025-05-08T18:35:48+00:00","dateModified":"2025-05-14T14:13:44+00:00","breadcrumb":{"@id":"https:\/\/sunyouth.org\/fr\/aide-a-lenfance\/#breadcrumb"},"inLanguage":"fr-FR","potentialAction":[{"@type":"ReadAction","target":["https:\/\/sunyouth.org\/fr\/aide-a-lenfance\/"]}]},{"@type":"BreadcrumbList","@id":"https:\/\/sunyouth.org\/fr\/aide-a-lenfance\/#breadcrumb","itemListElement":[{"@type":"ListItem","position":1,"name":"Home","item":"https:\/\/sunyouth.org\/fr\/"},{"@type":"ListItem","position":2,"name":"Aide \u00e0 l\u2019enfance"}]},{"@type":"WebSite","@id":"https:\/\/sunyouth.org\/#website","url":"https:\/\/sunyouth.org\/","name":"Jeunesse au soleil","description":"Dedicated since 1954!","publisher":{"@id":"https:\/\/sunyouth.org\/#organization"},"potentialAction":[{"@type":"SearchAction","target":{"@type":"EntryPoint","urlTemplate":"https:\/\/sunyouth.org\/?s={search_term_string}"},"query-input":{"@type":"PropertyValueSpecification","valueRequired":true,"valueName":"search_term_string"}}],"inLanguage":"fr-FR"},{"@type":"Organization","@id":"https:\/\/sunyouth.org\/#organization","name":"SUN YOUTH","url":"https:\/\/sunyouth.org\/","logo":{"@type":"ImageObject","inLanguage":"fr-FR","@id":"https:\/\/sunyouth.org\/#\/schema\/logo\/image\/","url":"https:\/\/sunyouth.org\/wp-content\/uploads\/2018\/11\/LOGO-SUNYOUTH.png","contentUrl":"https:\/\/sunyouth.org\/wp-content\/uploads\/2018\/11\/LOGO-SUNYOUTH.png","width":251,"height":251,"caption":"SUN YOUTH"},"image":{"@id":"https:\/\/sunyouth.org\/#\/schema\/logo\/image\/"}}]}},"_links":{"self":[{"href":"https:\/\/sunyouth.org\/fr\/wp-json\/wp\/v2\/pages\/169545","targetHints":{"allow":["GET"]}}],"collection":[{"href":"https:\/\/sunyouth.org\/fr\/wp-json\/wp\/v2\/pages"}],"about":[{"href":"https:\/\/sunyouth.org\/fr\/wp-json\/wp\/v2\/types\/page"}],"author":[{"embeddable":true,"href":"https:\/\/sunyouth.org\/fr\/wp-json\/wp\/v2\/users\/34"}],"replies":[{"embeddable":true,"href":"https:\/\/sunyouth.org\/fr\/wp-json\/wp\/v2\/comments?post=169545"}],"version-history":[{"count":24,"href":"https:\/\/sunyouth.org\/fr\/wp-json\/wp\/v2\/pages\/169545\/revisions"}],"predecessor-version":[{"id":170114,"href":"https:\/\/sunyouth.org\/fr\/wp-json\/wp\/v2\/pages\/169545\/revisions\/170114"}],"wp:attachment":[{"href":"https:\/\/sunyouth.org\/fr\/wp-json\/wp\/v2\/media?parent=169545"}],"curies":[{"name":"wp","href":"https:\/\/api.w.org\/{rel}","templated":true}]}}