{"id":168122,"date":"2025-02-05T12:32:07","date_gmt":"2025-02-05T17:32:07","guid":{"rendered":"https:\/\/sunyouth.org\/?page_id=168122"},"modified":"2026-04-01T08:55:27","modified_gmt":"2026-04-01T13:55:27","slug":"camp-de-jour","status":"publish","type":"page","link":"https:\/\/sunyouth.org\/fr\/camp-de-jour\/","title":{"rendered":"Camp de jour"},"content":{"rendered":"<div class=\"wpb-content-wrapper\"><p>[vc_row full_width=\u00a0\u00bbstretch_row\u00a0\u00bb full_height=\u00a0\u00bbyes\u00a0\u00bb columns_placement=\u00a0\u00bbtop\u00a0\u00bb equal_height=\u00a0\u00bbyes\u00a0\u00bb el_disable_mobile=\u00a0\u00bb1&Prime; thegem_shadow_color=\u00a0\u00bb#000000&Prime; thegem_enable_shadow=\u00a0\u00bbtrue\u00a0\u00bb css=\u00a0\u00bb.vc_custom_1758038309360{margin-top: -400px !important;background-image: url(https:\/\/sunyouth.org\/wp-content\/uploads\/2025\/09\/2025_DayCamp.png?id=171807) !important;background-position: center !important;background-repeat: no-repeat !important;background-size: cover !important;}\u00a0\u00bb][vc_column][vc_custom_heading text=\u00a0\u00bbCAMP DE JOUR\u00a0\u00bb font_container=\u00a0\u00bbtag:h1|font_size:125px|text_align:center|color:%23FFFFFF\u00a0\u00bb use_theme_fonts=\u00a0\u00bbyes\u00a0\u00bb css=\u00a0\u00bb.vc_custom_1758036633248{margin-top: 200px !important;}\u00a0\u00bb][\/vc_column][\/vc_row][vc_row full_width=\u00a0\u00bbstretch_row\u00a0\u00bb full_height=\u00a0\u00bbyes\u00a0\u00bb columns_placement=\u00a0\u00bbtop\u00a0\u00bb equal_height=\u00a0\u00bbyes\u00a0\u00bb el_disable_desktop=\u00a0\u00bb1&Prime; css=\u00a0\u00bb.vc_custom_1758118450700{margin-top: -400px !important;background-image: url(https:\/\/sunyouth.org\/wp-content\/uploads\/2025\/09\/Camp_Cell.png?id=171851) !important;background-position: center !important;background-repeat: no-repeat !important;background-size: cover !important;}\u00a0\u00bb][vc_column][vc_custom_heading text=\u00a0\u00bbCamp de jour\u00a0\u00bb font_container=\u00a0\u00bbtag:h1|font_size:40px|text_align:center|color:%23FFFFFF\u00a0\u00bb use_theme_fonts=\u00a0\u00bbyes\u00a0\u00bb css=\u00a0\u00bb.vc_custom_1738866936623{margin-top: 750px !important;}\u00a0\u00bb][\/vc_column][\/vc_row][vc_row][vc_column width=\u00a0\u00bb1\/2&Prime;][vc_custom_heading text=\u00a0\u00bbUn \u00e9t\u00e9 haut en couleurs\u00a0\u00bb font_container=\u00a0\u00bbtag:h2|text_align:center\u00a0\u00bb use_theme_fonts=\u00a0\u00bbyes\u00a0\u00bb css=\u00a0\u00bb\u00a0\u00bb][vc_column_text css=\u00a0\u00bb\u00a0\u00bb]<span style=\"color: #000000;\">Offrez une exp\u00e9rience exceptionnelle \u00e0 vos enfants, \u00e2g\u00e9s entre 5 et 12 ans, cet \u00e9t\u00e9 en les inscrivant au camp de jour de Jeunesse au soleil. Profitez de notre grille de tarification solidaire et payez selon vos moyens!<\/span><\/p>\n<p><span style=\"color: #000000;\">Encadr\u00e9s par une \u00e9quipe de moniteurs qualifi\u00e9s et bilingues, nos campeurs pratiquent plusieurs sports, d\u00e9couvrent le jardinage, visitent des parcs d\u2019attraction, des mus\u00e9es et parcs aquatiques et s\u2019adonnent aussi \u00e0 des activit\u00e9s artistiques. Ils s\u2019amusent tout en apprenant!<\/span><\/p>\n<p><span style=\"color: #000000;\">Les inscriptions sont \u00e0 la semaine, vous permettant de choisir des dates en fonction de votre travail et de vos vacances<\/span>.<\/p>\n<p>[\/vc_column_text][vc_empty_space][vc_empty_space][vc_btn title=\u00a0\u00bbInscription\u00a0\u00bb css=\u00a0\u00bb\u00a0\u00bb link=\u00a0\u00bburl:https%3A%2F%2Fapp.amilia.com%2Fstore%2Ffr%2Fsun-youth%2Fshop%2Fprograms|title:FUTSAL\u00a0\u00bb][\/vc_column][vc_column width=\u00a0\u00bb1\/2&Prime; thegem_content_alignment=\u00a0\u00bbcenter\u00a0\u00bb][vc_single_image image=\u00a0\u00bb171311&Prime; img_size=\u00a0\u00bblarge\u00a0\u00bb alignment=\u00a0\u00bbcenter\u00a0\u00bb style=\u00a0\u00bbvc_box_shadow_3d\u00a0\u00bb onclick=\u00a0\u00bbcustom_link\u00a0\u00bb css=\u00a0\u00bb\u00a0\u00bb link=\u00a0\u00bbhttps:\/\/sunyouth.org\/wp-content\/uploads\/2025\/07\/Grille-tariffaire-5&#215;7-1.pdf\u00a0\u00bb][vc_empty_space height=\u00a0\u00bb20px\u00a0\u00bb][vc_column_text css=\u00a0\u00bb\u00a0\u00bb]<\/p>\n<p style=\"text-align: center;\"><span data-ogsc=\"rgb(0, 0, 0)\" data-olk-copy-source=\"MessageBody\"><span style=\"color: #000000;\">Si vous pensez \u00eatre \u00e9ligibles \u00e0 recevoir un rabais, selon la grille tarifaire, veuillez nous contacter par courriel au<\/span> <a href=\"mailto:camp@jas-sy.org?subject=\u00e9ligibles \u00e0 recevoir un rabais\">camp@jas-sy.org<\/a> <span style=\"color: #000000;\">afin de recevoir votre code promotionnel.<\/span><\/span><\/p>\n<div class=\"x_elementToProof\" data-ogsc=\"rgb(0, 0, 0)\"><\/div>\n<div class=\"x_elementToProof\" data-ogsc=\"rgb(0, 0, 0)\"><\/div>\n<p>[\/vc_column_text][\/vc_column][\/vc_row][vc_row disable_element=\u00a0\u00bbyes\u00a0\u00bb el_disable_desktop=\u00a0\u00bb1&Prime; el_disable_tablet=\u00a0\u00bb1&Prime; el_disable_mobile=\u00a0\u00bb1&Prime;][vc_column width=\u00a0\u00bb1\/2&Prime;][vc_custom_heading text=\u00a0\u00bbUn \u00e9t\u00e9 haut en couleurs\u00a0\u00bb font_container=\u00a0\u00bbtag:h2|text_align:center\u00a0\u00bb use_theme_fonts=\u00a0\u00bbyes\u00a0\u00bb css=\u00a0\u00bb\u00a0\u00bb][vc_column_text css=\u00a0\u00bb\u00a0\u00bb]<\/p>\n<p style=\"text-align: left;\"><span style=\"color: #000000;\">Offrez une exp\u00e9rience exceptionnelle \u00e0 vos enfants, \u00e2g\u00e9s entre 5 et 12 ans, cet \u00e9t\u00e9 en les inscrivant au camp de jour de Jeunesse au soleil. Profitez de notre grille de tarification solidaire et payez selon vos moyens!<\/span><\/p>\n<p style=\"text-align: left;\"><span style=\"color: #000000;\">Encadr\u00e9s par une \u00e9quipe de moniteurs qualifi\u00e9s et bilingues, nos campeurs pratiquent plusieurs sports, d\u00e9couvrent le jardinage, visitent des parcs d\u2019attraction, des mus\u00e9es et parcs aquatiques et s\u2019adonnent aussi \u00e0 des activit\u00e9s artistiques. Ils s\u2019amusent tout en apprenant!<\/span><\/p>\n<p style=\"text-align: left;\"><span style=\"color: #000000;\">Les inscriptions sont \u00e0 la semaine, vous permettant de choisir des dates en fonction de votre travail et de vos vacances.<\/span><\/p>\n<p>[\/vc_column_text][vc_empty_space][vc_empty_space][vc_btn title=\u00a0\u00bbInscription\u00a0\u00bb css=\u00a0\u00bb\u00a0\u00bb link=\u00a0\u00bburl:https%3A%2F%2Fapp.amilia.com%2Fstore%2Ffr%2Fsun-youth%2Fshop%2Fprograms%2F115937&Prime;][\/vc_column][vc_column width=\u00a0\u00bb1\/2&Prime; thegem_content_alignment=\u00a0\u00bbcenter\u00a0\u00bb][vc_single_image image=\u00a0\u00bb171311&Prime; img_size=\u00a0\u00bblarge\u00a0\u00bb alignment=\u00a0\u00bbcenter\u00a0\u00bb style=\u00a0\u00bbvc_box_shadow_3d\u00a0\u00bb onclick=\u00a0\u00bbcustom_link\u00a0\u00bb css=\u00a0\u00bb\u00a0\u00bb link=\u00a0\u00bbhttps:\/\/sunyouth.org\/wp-content\/uploads\/2025\/07\/Grille-tariffaire-5&#215;7-1.pdf\u00a0\u00bb][vc_empty_space height=\u00a0\u00bb20px\u00a0\u00bb][vc_column_text css=\u00a0\u00bb\u00a0\u00bb]<\/p>\n<p style=\"text-align: center;\"><span data-ogsc=\"rgb(0, 0, 0)\" data-olk-copy-source=\"MessageBody\"><span style=\"color: #000000;\">Si vous pensez \u00eatre \u00e9ligibles \u00e0 recevoir un rabais, selon la grille tarifaire, veuillez nous contacter par courriel au<\/span> <a href=\"mailto:camp@jas-sy.org?subject=\u00e9ligibles \u00e0 recevoir un rabais\">camp@jas-sy.org<\/a> <span style=\"color: #000000;\">afin de recevoir votre code promotionnel.<\/span><\/span><\/p>\n<div class=\"x_elementToProof\" data-ogsc=\"rgb(0, 0, 0)\"><\/div>\n<div class=\"x_elementToProof\" data-ogsc=\"rgb(0, 0, 0)\"><\/div>\n<p>[\/vc_column_text][\/vc_column][\/vc_row][vc_row disable_element=\u00a0\u00bbyes\u00a0\u00bb][vc_column width=\u00a0\u00bb1\/3&Prime;][vc_single_image image=\u00a0\u00bb168177&Prime; img_size=\u00a0\u00bbmedium\u00a0\u00bb alignment=\u00a0\u00bbcenter\u00a0\u00bb style=\u00a0\u00bbvc_box_shadow_3d\u00a0\u00bb css=\u00a0\u00bb\u00a0\u00bb][\/vc_column][vc_column width=\u00a0\u00bb1\/3&Prime;][vc_single_image image=\u00a0\u00bb168389&Prime; img_size=\u00a0\u00bb300&#215;225&Prime; alignment=\u00a0\u00bbcenter\u00a0\u00bb style=\u00a0\u00bbvc_box_shadow_3d\u00a0\u00bb css=\u00a0\u00bb\u00a0\u00bb][\/vc_column][vc_column width=\u00a0\u00bb1\/3&Prime;][vc_single_image image=\u00a0\u00bb168174&Prime; img_size=\u00a0\u00bbmedium\u00a0\u00bb alignment=\u00a0\u00bbcenter\u00a0\u00bb style=\u00a0\u00bbvc_box_shadow_3d\u00a0\u00bb css=\u00a0\u00bb\u00a0\u00bb][\/vc_column][\/vc_row][vc_row][vc_column][vc_empty_space][\/vc_column][\/vc_row][vc_row disable_element=\u00a0\u00bbyes\u00a0\u00bb][vc_column][vc_column_text css=\u00a0\u00bb\u00a0\u00bb]<\/p>\n<p style=\"text-align: center;\"><span style=\"color: #000000;\">Le programme \u00ab Petits c\u0153urs \u00e0 nourrir \u00bb est rendu possible gr\u00e2ce \u00e0 la superbe g\u00e9n\u00e9rosit\u00e9 de <a class=\"_ps2id\" href=\"https:\/\/www.desjardins.com\/qc\/fr\/nous-trouver\/caisse-desjardins\/coeur-de-lile.html\" data-ps2id-offset=\"\">Caisse Desjardins de C\u0153ur-de-l&rsquo;\u00eele<\/a>.<\/span><\/p>\n<p style=\"text-align: center;\"><span style=\"color: #000000;\">Il permet aux enfants fr\u00e9quentant notre camp de jour de participer \u00e0 des ateliers \u00e9ducatifs en alimentation, en nutrition et en agriculture urbaine. Les activit\u00e9s se d\u00e9roulent chez Jeunesse au soleil, dans notre potager urbain, et le Jardin botanique de Montr\u00e9al et visent \u00e0 leur transmettre des connaissances pratiques pour faire des choix alimentaires \u00e9clair\u00e9s.<\/span><\/p>\n<p style=\"text-align: center;\"><span style=\"color: #000000;\">En parall\u00e8le, des collations et repas nutritifs sont offerts gratuitement aux enfants, dont plusieurs arrivent au camp sans avoir d\u00e9jeun\u00e9 ou avec des boites \u00e0 lunch insuffisante pour soutenir la journ\u00e9e de camp.<\/span><\/p>\n<p style=\"text-align: center;\"><span style=\"color: #000000;\">Inscrivez vos enfants en cliquant sur le bouton ci-dessous. Pour plus d\u2019information, appelez le 514-842-6822, poste 270, du lundi au vendredi, entre 9 h et 16 h, ou \u00e9crivez \u00e0<\/span> <a href=\"mailto:camp@jas-sy.org\">camp@jas-sy.org<\/a>.<\/p>\n<p>[\/vc_column_text][\/vc_column][\/vc_row][vc_row disable_element=\u00a0\u00bbyes\u00a0\u00bb][vc_column][vc_single_image image=\u00a0\u00bb171879&Prime; img_size=\u00a0\u00bb800&#215;500&Prime; alignment=\u00a0\u00bbcenter\u00a0\u00bb css=\u00a0\u00bb\u00a0\u00bb][\/vc_column][\/vc_row][vc_row disable_element=\u00a0\u00bbyes\u00a0\u00bb el_disable_desktop=\u00a0\u00bb1&Prime; el_disable_tablet=\u00a0\u00bb1&Prime; el_disable_mobile=\u00a0\u00bb1&Prime;][vc_column width=\u00a0\u00bb1\/2&Prime;][vc_btn title=\u00a0\u00bbInscriptions\u00a0\u00bb align=\u00a0\u00bbcenter\u00a0\u00bb css=\u00a0\u00bb\u00a0\u00bb link=\u00a0\u00bburl:https%3A%2F%2Fapp.amilia.com%2Fstore%2Ffr%2Fsun-youth%2Fapi%2FProgram%2FDetail%3FprogramId%3DxrVmW6x%26subCategoryIds%3D5528050&Prime;][vc_empty_space][\/vc_column][vc_column width=\u00a0\u00bb1\/2&Prime;][vc_btn title=\u00a0\u00bbOffre d&#8217;emploi\u00a0\u00bb align=\u00a0\u00bbcenter\u00a0\u00bb css=\u00a0\u00bb\u00a0\u00bb link=\u00a0\u00bburl:https%3A%2F%2Fapp.amilia.com%2FJobs%2Ffr%2Fsun-youth%2FJobPosting%2FkLD8dak\u00a0\u00bb][\/vc_column][\/vc_row][vc_row disable_element=\u00a0\u00bbyes\u00a0\u00bb][vc_column][vc_custom_heading text=\u00a0\u00bbLes tarifs\u00a0\u00bb font_container=\u00a0\u00bbtag:h2|text_align:center|color:%23111111&Prime; use_theme_fonts=\u00a0\u00bbyes\u00a0\u00bb css=\u00a0\u00bb\u00a0\u00bb][\/vc_column][\/vc_row][vc_row disable_element=\u00a0\u00bbyes\u00a0\u00bb][vc_column][vc_single_image image=\u00a0\u00bb168144&Prime; img_size=\u00a0\u00bblarge\u00a0\u00bb alignment=\u00a0\u00bbcenter\u00a0\u00bb style=\u00a0\u00bbvc_box_shadow_3d\u00a0\u00bb css=\u00a0\u00bb\u00a0\u00bb][vc_column_text css=\u00a0\u00bb\u00a0\u00bb]<\/p>\n<p style=\"text-align: center;\"><span style=\"color: #000000;\">Les tarifs varient selon la dur\u00e9e du s\u00e9jour choisi; la <strong>dur\u00e9e minimale d\u2019un s\u00e9jour au camp est de trois semaines<\/strong>.\u00a0<\/span><\/p>\n<p>[\/vc_column_text][\/vc_column][\/vc_row][vc_row disable_element=\u00a0\u00bbyes\u00a0\u00bb][vc_column width=\u00a0\u00bb1\/2&Prime;][vc_single_image image=\u00a0\u00bb168144&Prime; img_size=\u00a0\u00bblarge\u00a0\u00bb alignment=\u00a0\u00bbcenter\u00a0\u00bb style=\u00a0\u00bbvc_box_shadow_3d\u00a0\u00bb css=\u00a0\u00bb\u00a0\u00bb][vc_column_text css=\u00a0\u00bb\u00a0\u00bb]<\/p>\n<p style=\"text-align: center;\"><span style=\"color: #000000;\">Les tarifs varient selon la dur\u00e9e du s\u00e9jour choisi; la <strong>dur\u00e9e minimale d\u2019un s\u00e9jour au camp est de trois semaines<\/strong>.\u00a0<\/span><\/p>\n<p>[\/vc_column_text][\/vc_column][vc_column width=\u00a0\u00bb1\/2&Prime; thegem_content_alignment=\u00a0\u00bbcenter\u00a0\u00bb][vc_single_image image=\u00a0\u00bb171311&Prime; img_size=\u00a0\u00bblarge\u00a0\u00bb alignment=\u00a0\u00bbcenter\u00a0\u00bb style=\u00a0\u00bbvc_box_shadow_3d\u00a0\u00bb onclick=\u00a0\u00bbcustom_link\u00a0\u00bb css=\u00a0\u00bb\u00a0\u00bb link=\u00a0\u00bbhttps:\/\/sunyouth.org\/wp-content\/uploads\/2025\/07\/Grille-tariffaire-5&#215;7-1.pdf\u00a0\u00bb][vc_empty_space height=\u00a0\u00bb20px\u00a0\u00bb][vc_column_text css=\u00a0\u00bb\u00a0\u00bb]<span style=\"color: #000000;\">Nos forfaits incluent des collations saines afin que les jeunes aient de l\u2019\u00e9nergie pour toute la journ\u00e9e.<\/span><\/p>\n<p><span style=\"color: #000000;\"><strong>Les tarifs peuvent \u00eatre ajust\u00e9s en fonction du revenu familial.<\/strong><\/span>[\/vc_column_text][\/vc_column][\/vc_row][vc_row el_disable_desktop=\u00a0\u00bb1&Prime; el_disable_tablet=\u00a0\u00bb1&Prime; el_disable_mobile=\u00a0\u00bb1&Prime;][vc_column thegem_content_alignment=\u00a0\u00bbcenter\u00a0\u00bb][vc_empty_space height=\u00a0\u00bb20px\u00a0\u00bb][vc_custom_heading text=\u00a0\u00bbCamp de jour 2025&Prime; font_container=\u00a0\u00bbtag:h2|text_align:center|color:%23111111&Prime; use_theme_fonts=\u00a0\u00bbyes\u00a0\u00bb css=\u00a0\u00bb\u00a0\u00bb][vc_column_text css=\u00a0\u00bb\u00a0\u00bb]<span style=\"color: #000000;\">Semaine 1 \u2013 25 juin au 27 juin<\/span><br \/>\n<span style=\"color: #000000;\">Semaine 2 \u2013 du 2 juillet au 4 juillet<\/span><br \/>\n<span style=\"color: #000000;\">Semaine 3 \u2013 du 7 juillet au 11 juillet<\/span><br \/>\n<span style=\"color: #000000;\">Semaine 4 \u2013 14 juillet au 18 juillet<\/span><br \/>\n<span style=\"color: #000000;\">Semaine 5 \u2013 21 juillet au 25 juillet<\/span><br \/>\n<span style=\"color: #000000;\">Semaine 6 \u2013 28 juillet au 1 ao\u00fbt<\/span><br \/>\n<span style=\"color: #000000;\">Semaine 7 \u2013 du 4 ao\u00fbt au 8 ao\u00fbt<\/span><br \/>\n<span style=\"color: #000000;\">Semaine 8 \u2013 11 ao\u00fbt au 15 ao\u00fbt<\/span><\/p>\n<p><span style=\"color: #000000;\"><strong>Heures d\u2019ouverture<\/strong> \u2013 7h30 \u00e0 17h30<\/span><\/p>\n<p><span style=\"color: #000000;\">Adresse \u2013 6610 Rue Hutchison, Outremont, QC H2V 1A5<\/span>[\/vc_column_text][\/vc_column][\/vc_row][vc_row disable_element=\u00a0\u00bbyes\u00a0\u00bb][vc_column][vc_btn title=\u00a0\u00bbGrille de tarification solidaire\u00a0\u00bb align=\u00a0\u00bbcenter\u00a0\u00bb css=\u00a0\u00bb\u00a0\u00bb][\/vc_column][\/vc_row][vc_row][vc_column][vc_empty_space][\/vc_column][\/vc_row][vc_row][vc_column width=\u00a0\u00bb1\/4&Prime;][vc_single_image image=\u00a0\u00bb171834&Prime; img_size=\u00a0\u00bblarge\u00a0\u00bb alignment=\u00a0\u00bbcenter\u00a0\u00bb style=\u00a0\u00bbvc_box_shadow_3d\u00a0\u00bb css=\u00a0\u00bb\u00a0\u00bb][\/vc_column][vc_column width=\u00a0\u00bb1\/4&Prime;][vc_single_image image=\u00a0\u00bb171838&Prime; img_size=\u00a0\u00bblarge\u00a0\u00bb alignment=\u00a0\u00bbcenter\u00a0\u00bb style=\u00a0\u00bbvc_box_shadow_3d\u00a0\u00bb css=\u00a0\u00bb\u00a0\u00bb][\/vc_column][vc_column width=\u00a0\u00bb1\/4&Prime;][vc_single_image image=\u00a0\u00bb171840&Prime; img_size=\u00a0\u00bblarge\u00a0\u00bb alignment=\u00a0\u00bbcenter\u00a0\u00bb style=\u00a0\u00bbvc_box_shadow_3d\u00a0\u00bb css=\u00a0\u00bb\u00a0\u00bb][\/vc_column][vc_column width=\u00a0\u00bb1\/4&Prime;][vc_single_image image=\u00a0\u00bb171836&Prime; img_size=\u00a0\u00bblarge\u00a0\u00bb alignment=\u00a0\u00bbcenter\u00a0\u00bb style=\u00a0\u00bbvc_box_shadow_3d\u00a0\u00bb css=\u00a0\u00bb\u00a0\u00bb][\/vc_column][\/vc_row][vc_row][vc_column width=\u00a0\u00bb1\/4&Prime;][vc_single_image image=\u00a0\u00bb171821&Prime; img_size=\u00a0\u00bblarge\u00a0\u00bb alignment=\u00a0\u00bbcenter\u00a0\u00bb style=\u00a0\u00bbvc_box_shadow_3d\u00a0\u00bb css=\u00a0\u00bb\u00a0\u00bb][\/vc_column][vc_column width=\u00a0\u00bb1\/4&Prime;][vc_single_image image=\u00a0\u00bb171827&Prime; img_size=\u00a0\u00bblarge\u00a0\u00bb alignment=\u00a0\u00bbcenter\u00a0\u00bb style=\u00a0\u00bbvc_box_shadow_3d\u00a0\u00bb css=\u00a0\u00bb\u00a0\u00bb][\/vc_column][vc_column width=\u00a0\u00bb1\/4&Prime;][vc_single_image image=\u00a0\u00bb171823&Prime; img_size=\u00a0\u00bblarge\u00a0\u00bb alignment=\u00a0\u00bbcenter\u00a0\u00bb style=\u00a0\u00bbvc_box_shadow_3d\u00a0\u00bb css=\u00a0\u00bb\u00a0\u00bb][\/vc_column][vc_column width=\u00a0\u00bb1\/4&Prime;][vc_single_image image=\u00a0\u00bb171845&Prime; img_size=\u00a0\u00bblarge\u00a0\u00bb alignment=\u00a0\u00bbcenter\u00a0\u00bb css=\u00a0\u00bb\u00a0\u00bb][\/vc_column][\/vc_row][vc_row disable_element=\u00a0\u00bbyes\u00a0\u00bb][vc_column][vc_custom_heading text=\u00a0\u00bbLes inscriptions\u00a0\u00bb font_container=\u00a0\u00bbtag:h2|text_align:center|color:%23111111&Prime; use_theme_fonts=\u00a0\u00bbyes\u00a0\u00bb css=\u00a0\u00bb\u00a0\u00bb][vc_column_text css=\u00a0\u00bb\u00a0\u00bb]<\/p>\n<p style=\"text-align: center;\"><span style=\"color: #000000;\">Jeunesse au soleil met l\u2019accent sur un mode de vie sain, dans le respect de notre environnement et de notre voisinage. Nous encourageons les campeurs \u00e0 \u00eatre respectueux de leur environnement. La s\u00e9curit\u00e9 est notre principale pr\u00e9occupation, et nos moniteurs sont certifi\u00e9s et form\u00e9s en premiers soins. Les Montr\u00e9alais adorent notre camp de jour qui propose des activit\u00e9s en plein air lorsque le temps le permet. Les jeux et les arts plastiques se d\u00e9roulent \u00e0 l\u2019int\u00e9rieur en cas de mauvais temps.<\/span><\/p>\n<p>[\/vc_column_text][\/vc_column][\/vc_row][vc_row][vc_column][\/vc_column][\/vc_row]<\/p>\n<\/div>","protected":false},"excerpt":{"rendered":"<p>[vc_row full_width=\u00a0\u00bbstretch_row\u00a0\u00bb full_height=\u00a0\u00bbyes\u00a0\u00bb columns_placement=\u00a0\u00bbtop\u00a0\u00bb equal_height=\u00a0\u00bbyes\u00a0\u00bb el_disable_mobile=\u00a0\u00bb1&Prime; thegem_shadow_color=\u00a0\u00bb#000000&Prime; thegem_enable_shadow=\u00a0\u00bbtrue\u00a0\u00bb css=\u00a0\u00bb.vc_custom_1758038309360{margin-top: -400px !important;background-image: url(https:\/\/sunyouth.org\/wp-content\/uploads\/2025\/09\/2025_DayCamp.png?id=171807) !important;background-position: center !important;background-repeat: no-repeat !important;background-size: cover !important;}\u00a0\u00bb][vc_column][vc_custom_heading text=\u00a0\u00bbCAMP DE JOUR\u00a0\u00bb&#8230;<\/p>\n","protected":false},"author":34,"featured_media":0,"parent":0,"menu_order":0,"comment_status":"closed","ping_status":"closed","template":"","meta":{"_acf_changed":false,"_monsterinsights_skip_tracking":false,"_monsterinsights_sitenote_active":false,"_monsterinsights_sitenote_note":"","_monsterinsights_sitenote_category":0,"footnotes":""},"class_list":["post-168122","page","type-page","status-publish"],"acf":[],"yoast_head":"<!-- This site is optimized with the Yoast SEO plugin v27.2 - https:\/\/yoast.com\/product\/yoast-seo-wordpress\/ -->\n<title>Camp de jour - Jeunesse au soleil<\/title>\n<meta name=\"robots\" content=\"index, follow, max-snippet:-1, max-image-preview:large, max-video-preview:-1\" \/>\n<link rel=\"canonical\" href=\"https:\/\/sunyouth.org\/fr\/camp-de-jour\/\" \/>\n<meta property=\"og:locale\" content=\"fr_FR\" \/>\n<meta property=\"og:type\" content=\"article\" \/>\n<meta property=\"og:title\" content=\"Camp de jour - Jeunesse au soleil\" \/>\n<meta property=\"og:description\" content=\"[vc_row full_width=\u00a0\u00bbstretch_row\u00a0\u00bb full_height=\u00a0\u00bbyes\u00a0\u00bb columns_placement=\u00a0\u00bbtop\u00a0\u00bb equal_height=\u00a0\u00bbyes\u00a0\u00bb el_disable_mobile=\u00a0\u00bb1&Prime; thegem_shadow_color=\u00a0\u00bb#000000&Prime; thegem_enable_shadow=\u00a0\u00bbtrue\u00a0\u00bb css=\u00a0\u00bb.vc_custom_1758038309360{margin-top: -400px !important;background-image: url(https:\/\/sunyouth.org\/wp-content\/uploads\/2025\/09\/2025_DayCamp.png?id=171807) !important;background-position: center !important;background-repeat: no-repeat !important;background-size: cover !important;}\u00a0\u00bb][vc_column][vc_custom_heading text=\u00a0\u00bbCAMP DE JOUR\u00a0\u00bb...\" \/>\n<meta property=\"og:url\" content=\"https:\/\/sunyouth.org\/fr\/camp-de-jour\/\" \/>\n<meta property=\"og:site_name\" content=\"Jeunesse au soleil\" \/>\n<meta property=\"article:modified_time\" content=\"2026-04-01T13:55:27+00:00\" \/>\n<meta name=\"twitter:card\" content=\"summary_large_image\" \/>\n<meta name=\"twitter:label1\" content=\"Dur\u00e9e de lecture estim\u00e9e\" \/>\n\t<meta name=\"twitter:data1\" content=\"8 minutes\" \/>\n<script type=\"application\/ld+json\" class=\"yoast-schema-graph\">{\"@context\":\"https:\/\/schema.org\",\"@graph\":[{\"@type\":\"WebPage\",\"@id\":\"https:\/\/sunyouth.org\/fr\/camp-de-jour\/\",\"url\":\"https:\/\/sunyouth.org\/fr\/camp-de-jour\/\",\"name\":\"Camp de jour - Jeunesse au soleil\",\"isPartOf\":{\"@id\":\"https:\/\/sunyouth.org\/#website\"},\"datePublished\":\"2025-02-05T17:32:07+00:00\",\"dateModified\":\"2026-04-01T13:55:27+00:00\",\"breadcrumb\":{\"@id\":\"https:\/\/sunyouth.org\/fr\/camp-de-jour\/#breadcrumb\"},\"inLanguage\":\"fr-FR\",\"potentialAction\":[{\"@type\":\"ReadAction\",\"target\":[\"https:\/\/sunyouth.org\/fr\/camp-de-jour\/\"]}]},{\"@type\":\"BreadcrumbList\",\"@id\":\"https:\/\/sunyouth.org\/fr\/camp-de-jour\/#breadcrumb\",\"itemListElement\":[{\"@type\":\"ListItem\",\"position\":1,\"name\":\"Home\",\"item\":\"https:\/\/sunyouth.org\/fr\/\"},{\"@type\":\"ListItem\",\"position\":2,\"name\":\"Camp de jour\"}]},{\"@type\":\"WebSite\",\"@id\":\"https:\/\/sunyouth.org\/#website\",\"url\":\"https:\/\/sunyouth.org\/\",\"name\":\"Jeunesse au soleil\",\"description\":\"Dedicated since 1954!\",\"publisher\":{\"@id\":\"https:\/\/sunyouth.org\/#organization\"},\"potentialAction\":[{\"@type\":\"SearchAction\",\"target\":{\"@type\":\"EntryPoint\",\"urlTemplate\":\"https:\/\/sunyouth.org\/?s={search_term_string}\"},\"query-input\":{\"@type\":\"PropertyValueSpecification\",\"valueRequired\":true,\"valueName\":\"search_term_string\"}}],\"inLanguage\":\"fr-FR\"},{\"@type\":\"Organization\",\"@id\":\"https:\/\/sunyouth.org\/#organization\",\"name\":\"SUN YOUTH\",\"url\":\"https:\/\/sunyouth.org\/\",\"logo\":{\"@type\":\"ImageObject\",\"inLanguage\":\"fr-FR\",\"@id\":\"https:\/\/sunyouth.org\/#\/schema\/logo\/image\/\",\"url\":\"https:\/\/sunyouth.org\/wp-content\/uploads\/2018\/11\/LOGO-SUNYOUTH.png\",\"contentUrl\":\"https:\/\/sunyouth.org\/wp-content\/uploads\/2018\/11\/LOGO-SUNYOUTH.png\",\"width\":251,\"height\":251,\"caption\":\"SUN YOUTH\"},\"image\":{\"@id\":\"https:\/\/sunyouth.org\/#\/schema\/logo\/image\/\"}}]}<\/script>\n<!-- \/ Yoast SEO plugin. -->","yoast_head_json":{"title":"Camp de jour - Jeunesse au soleil","robots":{"index":"index","follow":"follow","max-snippet":"max-snippet:-1","max-image-preview":"max-image-preview:large","max-video-preview":"max-video-preview:-1"},"canonical":"https:\/\/sunyouth.org\/fr\/camp-de-jour\/","og_locale":"fr_FR","og_type":"article","og_title":"Camp de jour - Jeunesse au soleil","og_description":"[vc_row full_width=\u00a0\u00bbstretch_row\u00a0\u00bb full_height=\u00a0\u00bbyes\u00a0\u00bb columns_placement=\u00a0\u00bbtop\u00a0\u00bb equal_height=\u00a0\u00bbyes\u00a0\u00bb el_disable_mobile=\u00a0\u00bb1&Prime; thegem_shadow_color=\u00a0\u00bb#000000&Prime; thegem_enable_shadow=\u00a0\u00bbtrue\u00a0\u00bb css=\u00a0\u00bb.vc_custom_1758038309360{margin-top: -400px !important;background-image: url(https:\/\/sunyouth.org\/wp-content\/uploads\/2025\/09\/2025_DayCamp.png?id=171807) !important;background-position: center !important;background-repeat: no-repeat !important;background-size: cover !important;}\u00a0\u00bb][vc_column][vc_custom_heading text=\u00a0\u00bbCAMP DE JOUR\u00a0\u00bb...","og_url":"https:\/\/sunyouth.org\/fr\/camp-de-jour\/","og_site_name":"Jeunesse au soleil","article_modified_time":"2026-04-01T13:55:27+00:00","twitter_card":"summary_large_image","twitter_misc":{"Dur\u00e9e de lecture estim\u00e9e":"8 minutes"},"schema":{"@context":"https:\/\/schema.org","@graph":[{"@type":"WebPage","@id":"https:\/\/sunyouth.org\/fr\/camp-de-jour\/","url":"https:\/\/sunyouth.org\/fr\/camp-de-jour\/","name":"Camp de jour - Jeunesse au soleil","isPartOf":{"@id":"https:\/\/sunyouth.org\/#website"},"datePublished":"2025-02-05T17:32:07+00:00","dateModified":"2026-04-01T13:55:27+00:00","breadcrumb":{"@id":"https:\/\/sunyouth.org\/fr\/camp-de-jour\/#breadcrumb"},"inLanguage":"fr-FR","potentialAction":[{"@type":"ReadAction","target":["https:\/\/sunyouth.org\/fr\/camp-de-jour\/"]}]},{"@type":"BreadcrumbList","@id":"https:\/\/sunyouth.org\/fr\/camp-de-jour\/#breadcrumb","itemListElement":[{"@type":"ListItem","position":1,"name":"Home","item":"https:\/\/sunyouth.org\/fr\/"},{"@type":"ListItem","position":2,"name":"Camp de jour"}]},{"@type":"WebSite","@id":"https:\/\/sunyouth.org\/#website","url":"https:\/\/sunyouth.org\/","name":"Jeunesse au soleil","description":"Dedicated since 1954!","publisher":{"@id":"https:\/\/sunyouth.org\/#organization"},"potentialAction":[{"@type":"SearchAction","target":{"@type":"EntryPoint","urlTemplate":"https:\/\/sunyouth.org\/?s={search_term_string}"},"query-input":{"@type":"PropertyValueSpecification","valueRequired":true,"valueName":"search_term_string"}}],"inLanguage":"fr-FR"},{"@type":"Organization","@id":"https:\/\/sunyouth.org\/#organization","name":"SUN YOUTH","url":"https:\/\/sunyouth.org\/","logo":{"@type":"ImageObject","inLanguage":"fr-FR","@id":"https:\/\/sunyouth.org\/#\/schema\/logo\/image\/","url":"https:\/\/sunyouth.org\/wp-content\/uploads\/2018\/11\/LOGO-SUNYOUTH.png","contentUrl":"https:\/\/sunyouth.org\/wp-content\/uploads\/2018\/11\/LOGO-SUNYOUTH.png","width":251,"height":251,"caption":"SUN YOUTH"},"image":{"@id":"https:\/\/sunyouth.org\/#\/schema\/logo\/image\/"}}]}},"_links":{"self":[{"href":"https:\/\/sunyouth.org\/fr\/wp-json\/wp\/v2\/pages\/168122","targetHints":{"allow":["GET"]}}],"collection":[{"href":"https:\/\/sunyouth.org\/fr\/wp-json\/wp\/v2\/pages"}],"about":[{"href":"https:\/\/sunyouth.org\/fr\/wp-json\/wp\/v2\/types\/page"}],"author":[{"embeddable":true,"href":"https:\/\/sunyouth.org\/fr\/wp-json\/wp\/v2\/users\/34"}],"replies":[{"embeddable":true,"href":"https:\/\/sunyouth.org\/fr\/wp-json\/wp\/v2\/comments?post=168122"}],"version-history":[{"count":101,"href":"https:\/\/sunyouth.org\/fr\/wp-json\/wp\/v2\/pages\/168122\/revisions"}],"predecessor-version":[{"id":173651,"href":"https:\/\/sunyouth.org\/fr\/wp-json\/wp\/v2\/pages\/168122\/revisions\/173651"}],"wp:attachment":[{"href":"https:\/\/sunyouth.org\/fr\/wp-json\/wp\/v2\/media?parent=168122"}],"curies":[{"name":"wp","href":"https:\/\/api.w.org\/{rel}","templated":true}]}}