{"id":166568,"date":"2024-11-01T15:04:51","date_gmt":"2024-11-01T20:04:51","guid":{"rendered":"https:\/\/sunyouth.org\/?page_id=166568"},"modified":"2025-08-19T09:07:43","modified_gmt":"2025-08-19T14:07:43","slug":"sid-stevens","status":"publish","type":"page","link":"https:\/\/sunyouth.org\/fr\/sid-stevens\/","title":{"rendered":"Sid Stevens"},"content":{"rendered":"<div class=\"wpb-content-wrapper\"><p>[vc_row full_width=\u00a0\u00bbstretch_row\u00a0\u00bb full_height=\u00a0\u00bbyes\u00a0\u00bb content_placement=\u00a0\u00bbmiddle\u00a0\u00bb background_position_desktop=\u00a0\u00bbcenter center\u00a0\u00bb css=\u00a0\u00bb.vc_custom_1729789323086{margin-bottom: 0px !important;padding-top: 150px !important;padding-bottom: 150px !important;background-image: url(https:\/\/sunyouth.org\/wp-content\/uploads\/2024\/10\/SidStevens-1.jpg?id=166571) !important;background-position: center !important;background-repeat: no-repeat !important;background-size: cover !important;}\u00a0\u00bb el_class=\u00a0\u00bbpetition-page-header\u00a0\u00bb][vc_column css_animation=\u00a0\u00bbnone\u00a0\u00bb css=\u00a0\u00bb.vc_custom_1583696361063{padding-left: 80px !important;}\u00a0\u00bb][vc_custom_heading text=\u00a0\u00bbSid Stevens\u00a0\u00bb font_container=\u00a0\u00bbtag:h2|font_size:70|text_align:left|color:%23FFFFFF\u00a0\u00bb use_theme_fonts=\u00a0\u00bbyes\u00a0\u00bb css=\u00a0\u00bb\u00a0\u00bb][vc_custom_heading text=\u00a0\u00bb1940-2025&Prime; font_container=\u00a0\u00bbtag:h3|font_size:50|text_align:left|color:%23FFFFFF\u00a0\u00bb use_theme_fonts=\u00a0\u00bbyes\u00a0\u00bb css=\u00a0\u00bb\u00a0\u00bb][vc_single_image image=\u00a0\u00bb154833&Prime; css=\u00a0\u00bb\u00a0\u00bb][vc_empty_space height=\u00a0\u00bb20px\u00a0\u00bb][vc_empty_space height=\u00a0\u00bb10px\u00a0\u00bb][\/vc_column][\/vc_row][vc_row][vc_column][vc_column_text css=\u00a0\u00bb\u00a0\u00bb]<\/p>\n<h1 style=\"font-size: 30px; color: #000000; line-height: 40px; font-family: Tinos; font-weight: 400; font-style: italic; text-transform: unset; text-align: center;\"><strong>En m\u00e9moire de notre cher cofondateur qui a vou\u00e9 sa vie \u00e0 aider autrui.<\/strong><\/h1>\n<p>[\/vc_column_text][vc_column_text css=\u00a0\u00bb\u00a0\u00bb]<\/p>\n<p style=\"text-align: center;\"><span style=\"color: #000000;\">Sid Stevens est d\u00e9c\u00e9d\u00e9 le 17 ao\u00fbt 2025, entour\u00e9 de ses proches, laissant derri\u00e8re lui un riche h\u00e9ritage de g\u00e9n\u00e9rosit\u00e9, de solidarit\u00e9 et d&rsquo;engagement communautaire. C&rsquo;est avec beaucoup de tristesse, mais aussi de fiert\u00e9, que Jeunesse au soleil c\u00e9l\u00e8bre la m\u00e9moire de l&rsquo;un de ses fondateurs, M. Sid Stevens.<\/span><\/p>\n<p style=\"text-align: center;\"><span style=\"color: #000000;\">Sid Stevens \u00e9tait tr\u00e8s fier de ses sept d\u00e9cennies de service communautaire, sachant qu\u2019il avait r\u00e9alis\u00e9 son r\u00eave d\u2019enfance de \u00ab\u202ffaire une diff\u00e9rence\u202f\u00bb.<\/span><\/p>\n<p style=\"text-align: center;\"><span style=\"color: #000000;\"><strong>D&rsquo;innombrables Montr\u00e9alais, pass\u00e9s et pr\u00e9sents, lui sont reconnaissants pour son d\u00e9vouement.<\/strong><\/span><\/p>\n<p>[\/vc_column_text][vc_empty_space][vc_btn title=\u00a0\u00bbFun\u00e9railles\u00a0\u00bb align=\u00a0\u00bbcenter\u00a0\u00bb css=\u00a0\u00bb\u00a0\u00bb link=\u00a0\u00bburl:https%3A%2F%2Fwww.paperman.com%2Ffr%2Ffunerals%2FSid-Stevens-DC8DED22|target:_blank\u00a0\u00bb][\/vc_column][\/vc_row][vc_row][vc_column][vc_empty_space height=\u00a0\u00bb25px\u00a0\u00bb][vc_custom_heading text=\u00a0\u00bbLes ann\u00e9es formatrices\u00a0\u00bb font_container=\u00a0\u00bbtag:h3|font_size:40|text_align:left|color:%23000000&Prime; use_theme_fonts=\u00a0\u00bbyes\u00a0\u00bb css=\u00a0\u00bb\u00a0\u00bb][vc_column_text css=\u00a0\u00bb\u00a0\u00bb]<span style=\"color: #000000;\">Sidney Stavidsky est n\u00e9 en 1940, de parents immigrants juifs, sur le Plateau Mont-Royal, pr\u00e8s de la Main (boulevard Saint-Laurent). L\u2019environnement multiculturel dans lequel il a grandi, o\u00f9 le sentiment de communaut\u00e9 est fort, a profond\u00e9ment marqu\u00e9 son rapport au monde, sa carri\u00e8re et sa vie. Il a fr\u00e9quent\u00e9 l\u2019\u00e9cole primaire Devonshire, l&rsquo;\u00e9cole secondaire Baron Byng et l\u2019Universit\u00e9 Sir George Williams.<\/span><\/p>\n<p><span style=\"color: #000000;\">En 1954, Sid Stevens (13 ans) et un groupe d\u2019amis, dont le regrett\u00e9 Earl De La Perralle (9 ans), fondent un club consacr\u00e9 aux sports et aux loisirs. Cet organisme deviendra Jeunesse au soleil. Soixante-dix ans plus tard, l\u2019organisme vient en aide \u00e0 quelque 30 000 Montr\u00e9alais chaque ann\u00e9e, en leur fournissant de la nourriture, des v\u00eatements, de l\u2019aide financi\u00e8re et des services d\u2019urgence, ainsi que de nombreux programmes jeunesse. <\/span><\/p>\n<p><span style=\"color: #000000;\">L\u2019aventure commence avec la cr\u00e9ation d\u2019un journal appel\u00e9 <em>The Clark Street Sun<\/em>; produit en seulement deux exemplaires manuscrits par publication, il est \u00ablou\u00e9\u00bb quelques jours aux familles du quartier pour la modique somme de deux cents, et les profits r\u00e9colt\u00e9s servent \u00e0 acheter de l\u2019\u00e9quipement sportif et \u00e0 organiser des activit\u00e9s sportives pour les enfants des quartiers d\u00e9favoris\u00e9s.<\/span>[\/vc_column_text][\/vc_column][\/vc_row][vc_row][vc_column width=\u00a0\u00bb1\/3&Prime;][vc_single_image image=\u00a0\u00bb166515&Prime; img_size=\u00a0\u00bb1024 x 644&Prime; onclick=\u00a0\u00bblink_image\u00a0\u00bb css=\u00a0\u00bb\u00a0\u00bb][\/vc_column][vc_column width=\u00a0\u00bb1\/3&Prime;][vc_single_image image=\u00a0\u00bb166758&Prime; img_size=\u00a0\u00bb1024 x 644&Prime; onclick=\u00a0\u00bblink_image\u00a0\u00bb css=\u00a0\u00bb\u00a0\u00bb][\/vc_column][vc_column width=\u00a0\u00bb1\/3&Prime;][vc_single_image image=\u00a0\u00bb167356&Prime; img_size=\u00a0\u00bb1024 x 644&Prime; onclick=\u00a0\u00bblink_image\u00a0\u00bb css=\u00a0\u00bb\u00a0\u00bb][\/vc_column][\/vc_row][vc_row][vc_column][vc_empty_space height=\u00a0\u00bb25px\u00a0\u00bb][vc_custom_heading text=\u00a0\u00bbService \u00e0 la communaut\u00e9\u00a0\u00bb font_container=\u00a0\u00bbtag:h3|font_size:40|text_align:left|color:%23000000&Prime; use_theme_fonts=\u00a0\u00bbyes\u00a0\u00bb css=\u00a0\u00bb\u00a0\u00bb][vc_column_text css=\u00a0\u00bb\u00a0\u00bb]<span style=\"color: #000000;\">Tous reconnaissent le d\u00e9vouement exceptionnel de Sid Stevens envers la jeunesse montr\u00e9alaise. Tout au long de sa vie, il se consacre au travail communautaire par l\u2019entremise de Jeunesse au soleil. Ayant grandi \u00e0 Montr\u00e9al, Sid Stevens conna\u00eet bien les difficult\u00e9s auxquelles font face les jeunes Montr\u00e9alais et propose des r\u00e9ponses concr\u00e8tes pour leur venir en aide.<\/span><\/p>\n<p><span style=\"color: #000000;\">Sid Stevens est le pr\u00e9sident de la F\u00e9d\u00e9ration de basketball communautaire et il est \u00e0 l\u2019origine de la cr\u00e9ation de ligues pour les jeunes joueurs de basketball sur l\u2019ensemble de l\u2019\u00eele. De plus, il aide le Service de police de Montr\u00e9al \u00e0 mettre sur pied des sections jeunesse dans les postes de quartier 16 et 17 de l\u2019ancienne CUM. <\/span><\/p>\n<p><span style=\"color: #000000;\">Il permet le resserrement des normes de s\u00e9curit\u00e9 dans les ar\u00e9nas, les parcs et les centres communautaires, et met en place des installations de premiers soins au lac des Castors, au parc du mont Royal. De plus, il milite en faveur de mises \u00e0 niveau dans plusieurs parcs montr\u00e9alais, comme le parc Jeanne-Mance, o\u00f9 des terrains de football et de tennis, ainsi qu\u2019un passage pour pi\u00e9tons, sont ajout\u00e9s. <\/span><\/p>\n<p><span style=\"color: #000000;\">Il est \u00e9galement engag\u00e9 dans divers projets d\u2019\u00e9changes culturels \u00e9tudiants entre pays, provinces et villes, qui laisseront une impression durable chez de nombreux Montr\u00e9alais.<\/span><\/p>\n<p><span style=\"color: #000000;\">Au cours des ann\u00e9es 1970, alors que les incendies criminels deviennent plus fr\u00e9quents dans le quartier, Sid et ses coll\u00e8gues de Jeunesse au soleil, viennent en aide \u00e0 un nombre croissant de victimes. Ils n\u2019h\u00e9sitent pas \u00e0 \u00ab\u2009r\u00e9quisitionner\u2009\u00bb des autobus municipaux pour offrir un refuge temporaire aux personnes sinistr\u00e9es.<\/span>[\/vc_column_text][vc_empty_space height=\u00a0\u00bb25px\u00a0\u00bb][\/vc_column][\/vc_row][vc_row][vc_column width=\u00a0\u00bb1\/3&Prime;][vc_single_image image=\u00a0\u00bb166770&Prime; img_size=\u00a0\u00bb1024 x644&Prime; onclick=\u00a0\u00bblink_image\u00a0\u00bb css=\u00a0\u00bb\u00a0\u00bb][\/vc_column][vc_column width=\u00a0\u00bb1\/3&Prime;][vc_single_image image=\u00a0\u00bb166670&Prime; img_size=\u00a0\u00bb1024 x 644&Prime; alignment=\u00a0\u00bbcenter\u00a0\u00bb onclick=\u00a0\u00bblink_image\u00a0\u00bb css=\u00a0\u00bb\u00a0\u00bb][\/vc_column][vc_column width=\u00a0\u00bb1\/3&Prime;][vc_single_image image=\u00a0\u00bb166646&Prime; img_size=\u00a0\u00bb1024&#215;644&Prime; css=\u00a0\u00bb\u00a0\u00bb][\/vc_column][\/vc_row][vc_row][vc_column][vc_empty_space height=\u00a0\u00bb25px\u00a0\u00bb][vc_custom_heading text=\u00a0\u00bbLe Montr\u00e9alais\u00a0\u00bb font_container=\u00a0\u00bbtag:h3|font_size:40|text_align:left|color:%23000000&Prime; use_theme_fonts=\u00a0\u00bbyes\u00a0\u00bb css=\u00a0\u00bb\u00a0\u00bb][vc_column_text css=\u00a0\u00bb\u00a0\u00bb]<span style=\"color: #000000;\">M. Stevens, \u00e9lu au conseil municipal de Montr\u00e9al en 1978, se distingue rapidement par son approche pragmatique des enjeux communautaires. Il gagne le respect et l\u2019admiration de ses coll\u00e8gues conseillers et de la population en g\u00e9n\u00e9ral pour son engagement dans la pr\u00e9vention du crime et pour ses autres initiatives communautaires. <\/span><\/p>\n<p><span style=\"color: #000000;\">Il \u00e9tablit la branche locale de l\u2019Association canadienne d\u2019\u00e9chec au crime et il est nomm\u00e9 responsable de l\u2019Op\u00e9ration Tandem, un projet de pr\u00e9vention du crime de plusieurs millions de dollars. <\/span><\/p>\n<p><span style=\"color: #000000;\">Apr\u00e8s sa carri\u00e8re en politique, Sid retourne \u00e0 Jeunesse au soleil et se consacre enti\u00e8rement \u00e0 l&rsquo;aide aux plus d\u00e9munis de Montr\u00e9al. Il croit fermement que c\u2019est l\u00e0 qu\u2019il peut avoir le plus grand impact. <\/span><\/p>\n<p><span style=\"color: #000000;\">Sous sa direction en tant que vice-pr\u00e9sident ex\u00e9cutif, Jeunesse au soleil continue d&rsquo;innover.<br \/>\n<\/span><\/p>\n<p><span style=\"color: #000000;\">En 1981, l&rsquo;organisme met sur pied la premi\u00e8re banque alimentaire du Qu\u00e9bec &#8211; un nouveau concept \u00e0 l&rsquo;\u00e9poque, import\u00e9 de l&rsquo;Alberta, qui permettait aux familles d&rsquo;avoir acc\u00e8s \u00e0 de la nourriture sans avoir \u00e0 aller \u00e0 la soupe populaire. Les ann\u00e9es 90 voient \u00e9galement la cr\u00e9ation du programme m\u00e9dicaments, pour lequel Sid a \u00e9t\u00e9 honor\u00e9 par l&rsquo;Ordre des psychologues du Qu\u00e9bec.<br \/>\n<\/span><\/p>\n<p><span style=\"color: #000000;\">Sous la gouverne de Sid Stevens, Jeunesse au soleil d\u00e9ploie d&rsquo;importantes op\u00e9rations de secours pour les victimes des inondations au Saguenay en 1996 et l&rsquo;ann\u00e9e suivante au Manitoba, ainsi que pour les personnes touch\u00e9es par la temp\u00eate de verglas \u00e0 Montr\u00e9al en 1998.<br \/>\n<\/span><\/p>\n<p><span style=\"color: #000000;\">Pour Sid, les personnes \u00e0 mobilit\u00e9 r\u00e9duite sont une priorit\u00e9 et il met en place le d\u00e9ploiement d&rsquo;un service crucial de livraison \u00e0 domicile.<br \/>\n<\/span><\/p>\n<p><span style=\"color: #000000;\">La politique n\u2019a jamais vraiment quitt\u00e9 Sid Stevens, puisque presque tous les premiers ministres f\u00e9d\u00e9raux et provinciaux le rencontraient au moins une fois par ann\u00e9e pour prendre le pouls de la communaut\u00e9.<\/span>[\/vc_column_text][vc_empty_space height=\u00a0\u00bb25px\u00a0\u00bb][\/vc_column][\/vc_row][vc_row][vc_column][vc_row_inner][vc_column_inner width=\u00a0\u00bb1\/4&Prime;][vc_single_image image=\u00a0\u00bb166760&Prime; img_size=\u00a0\u00bb300&#215;250&Prime; onclick=\u00a0\u00bblink_image\u00a0\u00bb css=\u00a0\u00bb\u00a0\u00bb][\/vc_column_inner][vc_column_inner width=\u00a0\u00bb1\/4&Prime;][vc_single_image image=\u00a0\u00bb167354&Prime; img_size=\u00a0\u00bb300&#215;250&Prime; onclick=\u00a0\u00bblink_image\u00a0\u00bb css=\u00a0\u00bb\u00a0\u00bb][\/vc_column_inner][vc_column_inner width=\u00a0\u00bb1\/4&Prime;][vc_single_image image=\u00a0\u00bb166768&Prime; img_size=\u00a0\u00bb300&#215;250&Prime; onclick=\u00a0\u00bblink_image\u00a0\u00bb css=\u00a0\u00bb\u00a0\u00bb][\/vc_column_inner][vc_column_inner width=\u00a0\u00bb1\/4&Prime;][vc_single_image image=\u00a0\u00bb154640&Prime; img_size=\u00a0\u00bb300&#215;250&Prime; onclick=\u00a0\u00bblink_image\u00a0\u00bb css=\u00a0\u00bb\u00a0\u00bb][\/vc_column_inner][\/vc_row_inner][\/vc_column][\/vc_row][vc_row][vc_column width=\u00a0\u00bb1\/2&Prime;][vc_empty_space height=\u00a0\u00bb25px\u00a0\u00bb][vc_custom_heading text=\u00a0\u00bbDistinctions\u00a0\u00bb font_container=\u00a0\u00bbtag:h3|font_size:40|text_align:left|color:%23000000&Prime; use_theme_fonts=\u00a0\u00bbyes\u00a0\u00bb css=\u00a0\u00bb\u00a0\u00bb][vc_column_text css=\u00a0\u00bb\u00a0\u00bb]<span style=\"color: #000000;\"><strong>En 1968<\/strong>, les Chevaliers de Pythias lui d\u00e9cernent un prix pour son d\u00e9vouement et pour sa contribution \u00e0 la pr\u00e9vention de la d\u00e9linquance juv\u00e9nile. Le Club Rotary l\u2019honore \u00e0 son tour en 1979.<\/span><\/p>\n<p><span style=\"color: #000000;\"><strong>En 1986<\/strong>, le pr\u00e9sident du conseil des gouverneurs ainsi que le directeur g\u00e9n\u00e9ral du Coll\u00e8ge Dawson honorent Sid Stevens pour son leadership inspir\u00e9, sa compassion envers les personnes d\u00e9favoris\u00e9es, et sa contribution remarquable \u00e0 la vie civile.<\/span><\/p>\n<p><span style=\"color: #000000;\"><strong>En 1989<\/strong>, il re\u00e7oit le Certificat du M\u00e9rite civique du minist\u00e8re du Multiculturalisme et de la Citoyennet\u00e9.<\/span><\/p>\n<p><span style=\"color: #000000;\"><strong>En 1992<\/strong>, la Facult\u00e9 de commerce et d\u2019administration de l\u2019Universit\u00e9 Concordia lui d\u00e9cerne un prix soulignant sa distinction professionnelle et ses services exceptionnels \u00e0 la communaut\u00e9.<\/span><\/p>\n<p><span style=\"color: #000000;\">Toujours en 1992, l\u2019Association des m\u00e9decins psychiatres du Qu\u00e9bec le reconna\u00eet pour son engagement social aupr\u00e8s de l\u2019organisme Jeunesse au Soleil. <\/span><\/p>\n<p><span style=\"color: #000000;\">Cette ann\u00e9e-l\u00e0, le Conseil de la citoyennet\u00e9 de Montr\u00e9al lui remet le Certificat de citoyen exceptionnel en reconnaissance de ses services \u00e0 la communaut\u00e9 et de son impact positif sur le bien-\u00eatre de ses concitoyens et de l\u2019humanit\u00e9 en g\u00e9n\u00e9ral.<\/span>[\/vc_column_text][\/vc_column][vc_column width=\u00a0\u00bb1\/2&Prime;][vc_empty_space height=\u00a0\u00bb150px\u00a0\u00bb][vc_column_text css=\u00a0\u00bb\u00a0\u00bb]<span style=\"color: #000000;\"><strong>En 2002<\/strong>, l\u2019Universit\u00e9 McGill lui conf\u00e8re un doctorat honorifique en droit.<\/span><\/p>\n<p><span style=\"color: #000000;\"><strong>En 2010<\/strong>, sa contribution unique \u00e0 la communaut\u00e9 est \u00e9galement reconnue dans le livre Honorable Menschen II de l\u2019auteur Doreen Glazer. <\/span><\/p>\n<p><span style=\"color: #000000;\"><strong>En 2011<\/strong>, il est choisi par la Chambre de commerce du Grand Montr\u00e9al comme Grand Montr\u00e9alais de l\u2019ann\u00e9e dans le domaine social. <\/span><\/p>\n<p><span style=\"color: #000000;\"><strong>En 2017<\/strong>, les deux fondateurs de l\u2019organisme Jeunesse au soleil, Sid Stevens et Earl De La Perralle, ont re\u00e7u le prix Sheila et Victor Goldbloom, qui reconna\u00eet leur apport exceptionnel \u00e0 la communaut\u00e9 anglophone.<\/span><\/p>\n<p><span style=\"color: #000000;\"><strong>En 2018<\/strong>, Sid Stevens est promu Commandeur de l\u2019Ordre de Montr\u00e9al en reconnaissance de son engagement envers la jeunesse montr\u00e9alaise. <\/span><\/p>\n<p><span style=\"color: #000000;\"><strong>En 2022<\/strong>, Sid Stevens a re\u00e7u l\u2019Ordre national du Qu\u00e9bec, la plus haute distinction d\u00e9cern\u00e9e par le gouvernement du Qu\u00e9bec. <\/span><\/p>\n<p><span style=\"color: #000000;\"><strong>En 2024<\/strong>, il est invit\u00e9 \u00e0 l\u2019h\u00f4tel de ville de Montr\u00e9al par la mairesse Val\u00e9rie Plante pour c\u00e9l\u00e9brer le 70e anniversaire de l\u2019organisme. Il a eu l\u2019insigne honneur de signer le Livre d\u2019or de la ville de Montr\u00e9al.<\/span>[\/vc_column_text][\/vc_column][\/vc_row][vc_row][vc_column width=\u00a0\u00bb1\/3&Prime;][vc_single_image image=\u00a0\u00bb166722&Prime; img_size=\u00a0\u00bblarge\u00a0\u00bb onclick=\u00a0\u00bblink_image\u00a0\u00bb css=\u00a0\u00bb\u00a0\u00bb][\/vc_column][vc_column width=\u00a0\u00bb1\/3&Prime;][vc_single_image image=\u00a0\u00bb166720&Prime; img_size=\u00a0\u00bblarge\u00a0\u00bb alignment=\u00a0\u00bbcenter\u00a0\u00bb onclick=\u00a0\u00bblink_image\u00a0\u00bb css=\u00a0\u00bb\u00a0\u00bb][\/vc_column][vc_column width=\u00a0\u00bb1\/3&Prime;][vc_single_image image=\u00a0\u00bb166727&Prime; img_size=\u00a0\u00bblarge\u00a0\u00bb alignment=\u00a0\u00bbright\u00a0\u00bb onclick=\u00a0\u00bblink_image\u00a0\u00bb css=\u00a0\u00bb\u00a0\u00bb][\/vc_column][\/vc_row][vc_row][vc_column width=\u00a0\u00bb1\/2&Prime;][vc_single_image image=\u00a0\u00bb165413&Prime; img_size=\u00a0\u00bb1800 x 1200&Prime; onclick=\u00a0\u00bblink_image\u00a0\u00bb css=\u00a0\u00bb\u00a0\u00bb][\/vc_column][vc_column width=\u00a0\u00bb1\/2&Prime;][vc_single_image image=\u00a0\u00bb153015&Prime; img_size=\u00a0\u00bblarge\u00a0\u00bb onclick=\u00a0\u00bblink_image\u00a0\u00bb css=\u00a0\u00bb\u00a0\u00bb][\/vc_column][\/vc_row][vc_row][vc_column][vc_single_image image=\u00a0\u00bb166694&Prime; img_size=\u00a0\u00bbfull\u00a0\u00bb alignment=\u00a0\u00bbcenter\u00a0\u00bb onclick=\u00a0\u00bblink_image\u00a0\u00bb css=\u00a0\u00bb\u00a0\u00bb][\/vc_column][\/vc_row]<\/p>\n<\/div>","protected":false},"excerpt":{"rendered":"<p>[vc_row full_width=\u00a0\u00bbstretch_row\u00a0\u00bb full_height=\u00a0\u00bbyes\u00a0\u00bb content_placement=\u00a0\u00bbmiddle\u00a0\u00bb background_position_desktop=\u00a0\u00bbcenter center\u00a0\u00bb css=\u00a0\u00bb.vc_custom_1729789323086{margin-bottom: 0px !important;padding-top: 150px !important;padding-bottom: 150px !important;background-image: url(https:\/\/sunyouth.org\/wp-content\/uploads\/2024\/10\/SidStevens-1.jpg?id=166571) !important;background-position: center !important;background-repeat: no-repeat !important;background-size: cover !important;}\u00a0\u00bb el_class=\u00a0\u00bbpetition-page-header\u00a0\u00bb][vc_column&#8230;<\/p>\n","protected":false},"author":34,"featured_media":0,"parent":0,"menu_order":0,"comment_status":"closed","ping_status":"closed","template":"","meta":{"_acf_changed":false,"_monsterinsights_skip_tracking":false,"_monsterinsights_sitenote_active":false,"_monsterinsights_sitenote_note":"","_monsterinsights_sitenote_category":0,"footnotes":""},"class_list":["post-166568","page","type-page","status-publish"],"acf":[],"yoast_head":"<!-- This site is optimized with the Yoast SEO plugin v27.4 - https:\/\/yoast.com\/product\/yoast-seo-wordpress\/ -->\n<title>Sid Stevens - Jeunesse au soleil<\/title>\n<meta name=\"description\" content=\"Sid Stevens \u00e9tait tr\u00e8s fier de ses d\u00e9cennies de service communautaire, sachant qu\u2019il avait r\u00e9alis\u00e9 son r\u00eave de \u00ab\u202ffaire une diff\u00e9rence\u202f\u00bb.\" \/>\n<meta name=\"robots\" content=\"index, follow, max-snippet:-1, max-image-preview:large, max-video-preview:-1\" \/>\n<link rel=\"canonical\" href=\"https:\/\/sunyouth.org\/fr\/sid-stevens\/\" \/>\n<meta property=\"og:locale\" content=\"fr_FR\" \/>\n<meta property=\"og:type\" content=\"article\" \/>\n<meta property=\"og:title\" content=\"Sid Stevens - Jeunesse au soleil\" \/>\n<meta property=\"og:description\" content=\"Sid Stevens \u00e9tait tr\u00e8s fier de ses d\u00e9cennies de service communautaire, sachant qu\u2019il avait r\u00e9alis\u00e9 son r\u00eave de \u00ab\u202ffaire une diff\u00e9rence\u202f\u00bb.\" \/>\n<meta property=\"og:url\" content=\"https:\/\/sunyouth.org\/fr\/sid-stevens\/\" \/>\n<meta property=\"og:site_name\" content=\"Jeunesse au soleil\" \/>\n<meta property=\"article:modified_time\" content=\"2025-08-19T14:07:43+00:00\" \/>\n<meta name=\"twitter:card\" content=\"summary_large_image\" \/>\n<meta name=\"twitter:label1\" content=\"Dur\u00e9e de lecture estim\u00e9e\" \/>\n\t<meta name=\"twitter:data1\" content=\"10 minutes\" \/>\n<script type=\"application\/ld+json\" class=\"yoast-schema-graph\">{\"@context\":\"https:\\\/\\\/schema.org\",\"@graph\":[{\"@type\":\"WebPage\",\"@id\":\"https:\\\/\\\/sunyouth.org\\\/fr\\\/sid-stevens\\\/\",\"url\":\"https:\\\/\\\/sunyouth.org\\\/fr\\\/sid-stevens\\\/\",\"name\":\"Sid Stevens - Jeunesse au soleil\",\"isPartOf\":{\"@id\":\"https:\\\/\\\/sunyouth.org\\\/#website\"},\"datePublished\":\"2024-11-01T20:04:51+00:00\",\"dateModified\":\"2025-08-19T14:07:43+00:00\",\"description\":\"Sid Stevens \u00e9tait tr\u00e8s fier de ses d\u00e9cennies de service communautaire, sachant qu\u2019il avait r\u00e9alis\u00e9 son r\u00eave de \u00ab\u202ffaire une diff\u00e9rence\u202f\u00bb.\",\"breadcrumb\":{\"@id\":\"https:\\\/\\\/sunyouth.org\\\/fr\\\/sid-stevens\\\/#breadcrumb\"},\"inLanguage\":\"fr-FR\",\"potentialAction\":[{\"@type\":\"ReadAction\",\"target\":[\"https:\\\/\\\/sunyouth.org\\\/fr\\\/sid-stevens\\\/\"]}]},{\"@type\":\"BreadcrumbList\",\"@id\":\"https:\\\/\\\/sunyouth.org\\\/fr\\\/sid-stevens\\\/#breadcrumb\",\"itemListElement\":[{\"@type\":\"ListItem\",\"position\":1,\"name\":\"Home\",\"item\":\"https:\\\/\\\/sunyouth.org\\\/fr\\\/\"},{\"@type\":\"ListItem\",\"position\":2,\"name\":\"Sid Stevens\"}]},{\"@type\":\"WebSite\",\"@id\":\"https:\\\/\\\/sunyouth.org\\\/#website\",\"url\":\"https:\\\/\\\/sunyouth.org\\\/\",\"name\":\"Jeunesse au soleil\",\"description\":\"Dedicated since 1954!\",\"publisher\":{\"@id\":\"https:\\\/\\\/sunyouth.org\\\/#organization\"},\"potentialAction\":[{\"@type\":\"SearchAction\",\"target\":{\"@type\":\"EntryPoint\",\"urlTemplate\":\"https:\\\/\\\/sunyouth.org\\\/?s={search_term_string}\"},\"query-input\":{\"@type\":\"PropertyValueSpecification\",\"valueRequired\":true,\"valueName\":\"search_term_string\"}}],\"inLanguage\":\"fr-FR\"},{\"@type\":\"Organization\",\"@id\":\"https:\\\/\\\/sunyouth.org\\\/#organization\",\"name\":\"SUN YOUTH\",\"url\":\"https:\\\/\\\/sunyouth.org\\\/\",\"logo\":{\"@type\":\"ImageObject\",\"inLanguage\":\"fr-FR\",\"@id\":\"https:\\\/\\\/sunyouth.org\\\/#\\\/schema\\\/logo\\\/image\\\/\",\"url\":\"https:\\\/\\\/sunyouth.org\\\/wp-content\\\/uploads\\\/2018\\\/11\\\/LOGO-SUNYOUTH.png\",\"contentUrl\":\"https:\\\/\\\/sunyouth.org\\\/wp-content\\\/uploads\\\/2018\\\/11\\\/LOGO-SUNYOUTH.png\",\"width\":251,\"height\":251,\"caption\":\"SUN YOUTH\"},\"image\":{\"@id\":\"https:\\\/\\\/sunyouth.org\\\/#\\\/schema\\\/logo\\\/image\\\/\"}}]}<\/script>\n<!-- \/ Yoast SEO plugin. -->","yoast_head_json":{"title":"Sid Stevens - Jeunesse au soleil","description":"Sid Stevens \u00e9tait tr\u00e8s fier de ses d\u00e9cennies de service communautaire, sachant qu\u2019il avait r\u00e9alis\u00e9 son r\u00eave de \u00ab\u202ffaire une diff\u00e9rence\u202f\u00bb.","robots":{"index":"index","follow":"follow","max-snippet":"max-snippet:-1","max-image-preview":"max-image-preview:large","max-video-preview":"max-video-preview:-1"},"canonical":"https:\/\/sunyouth.org\/fr\/sid-stevens\/","og_locale":"fr_FR","og_type":"article","og_title":"Sid Stevens - Jeunesse au soleil","og_description":"Sid Stevens \u00e9tait tr\u00e8s fier de ses d\u00e9cennies de service communautaire, sachant qu\u2019il avait r\u00e9alis\u00e9 son r\u00eave de \u00ab\u202ffaire une diff\u00e9rence\u202f\u00bb.","og_url":"https:\/\/sunyouth.org\/fr\/sid-stevens\/","og_site_name":"Jeunesse au soleil","article_modified_time":"2025-08-19T14:07:43+00:00","twitter_card":"summary_large_image","twitter_misc":{"Dur\u00e9e de lecture estim\u00e9e":"10 minutes"},"schema":{"@context":"https:\/\/schema.org","@graph":[{"@type":"WebPage","@id":"https:\/\/sunyouth.org\/fr\/sid-stevens\/","url":"https:\/\/sunyouth.org\/fr\/sid-stevens\/","name":"Sid Stevens - Jeunesse au soleil","isPartOf":{"@id":"https:\/\/sunyouth.org\/#website"},"datePublished":"2024-11-01T20:04:51+00:00","dateModified":"2025-08-19T14:07:43+00:00","description":"Sid Stevens \u00e9tait tr\u00e8s fier de ses d\u00e9cennies de service communautaire, sachant qu\u2019il avait r\u00e9alis\u00e9 son r\u00eave de \u00ab\u202ffaire une diff\u00e9rence\u202f\u00bb.","breadcrumb":{"@id":"https:\/\/sunyouth.org\/fr\/sid-stevens\/#breadcrumb"},"inLanguage":"fr-FR","potentialAction":[{"@type":"ReadAction","target":["https:\/\/sunyouth.org\/fr\/sid-stevens\/"]}]},{"@type":"BreadcrumbList","@id":"https:\/\/sunyouth.org\/fr\/sid-stevens\/#breadcrumb","itemListElement":[{"@type":"ListItem","position":1,"name":"Home","item":"https:\/\/sunyouth.org\/fr\/"},{"@type":"ListItem","position":2,"name":"Sid Stevens"}]},{"@type":"WebSite","@id":"https:\/\/sunyouth.org\/#website","url":"https:\/\/sunyouth.org\/","name":"Jeunesse au soleil","description":"Dedicated since 1954!","publisher":{"@id":"https:\/\/sunyouth.org\/#organization"},"potentialAction":[{"@type":"SearchAction","target":{"@type":"EntryPoint","urlTemplate":"https:\/\/sunyouth.org\/?s={search_term_string}"},"query-input":{"@type":"PropertyValueSpecification","valueRequired":true,"valueName":"search_term_string"}}],"inLanguage":"fr-FR"},{"@type":"Organization","@id":"https:\/\/sunyouth.org\/#organization","name":"SUN YOUTH","url":"https:\/\/sunyouth.org\/","logo":{"@type":"ImageObject","inLanguage":"fr-FR","@id":"https:\/\/sunyouth.org\/#\/schema\/logo\/image\/","url":"https:\/\/sunyouth.org\/wp-content\/uploads\/2018\/11\/LOGO-SUNYOUTH.png","contentUrl":"https:\/\/sunyouth.org\/wp-content\/uploads\/2018\/11\/LOGO-SUNYOUTH.png","width":251,"height":251,"caption":"SUN YOUTH"},"image":{"@id":"https:\/\/sunyouth.org\/#\/schema\/logo\/image\/"}}]}},"_links":{"self":[{"href":"https:\/\/sunyouth.org\/fr\/wp-json\/wp\/v2\/pages\/166568","targetHints":{"allow":["GET"]}}],"collection":[{"href":"https:\/\/sunyouth.org\/fr\/wp-json\/wp\/v2\/pages"}],"about":[{"href":"https:\/\/sunyouth.org\/fr\/wp-json\/wp\/v2\/types\/page"}],"author":[{"embeddable":true,"href":"https:\/\/sunyouth.org\/fr\/wp-json\/wp\/v2\/users\/34"}],"replies":[{"embeddable":true,"href":"https:\/\/sunyouth.org\/fr\/wp-json\/wp\/v2\/comments?post=166568"}],"version-history":[{"count":71,"href":"https:\/\/sunyouth.org\/fr\/wp-json\/wp\/v2\/pages\/166568\/revisions"}],"predecessor-version":[{"id":171709,"href":"https:\/\/sunyouth.org\/fr\/wp-json\/wp\/v2\/pages\/166568\/revisions\/171709"}],"wp:attachment":[{"href":"https:\/\/sunyouth.org\/fr\/wp-json\/wp\/v2\/media?parent=166568"}],"curies":[{"name":"wp","href":"https:\/\/api.w.org\/{rel}","templated":true}]}}