{"id":165692,"date":"2024-08-01T12:14:56","date_gmt":"2024-08-01T17:14:56","guid":{"rendered":"https:\/\/sunyouth.org\/?page_id=165692"},"modified":"2025-09-23T14:03:08","modified_gmt":"2025-09-23T19:03:08","slug":"rapports","status":"publish","type":"page","link":"https:\/\/sunyouth.org\/fr\/rapports\/","title":{"rendered":"Rapports"},"content":{"rendered":"<div class=\"wpb-content-wrapper\"><p>[vc_row full_width=\u00a0\u00bbstretch_row\u00a0\u00bb full_height=\u00a0\u00bbyes\u00a0\u00bb equal_height=\u00a0\u00bbyes\u00a0\u00bb el_disable_tablet=\u00a0\u00bb1&Prime; el_disable_mobile=\u00a0\u00bb1&Prime; css=\u00a0\u00bb.vc_custom_1758634120884{margin-top: 0px !important;margin-bottom: 50px !important;padding-bottom: 0px !important;background-image: url(https:\/\/sunyouth.org\/wp-content\/uploads\/2025\/09\/AnnualReport_Fr_Crop.png?id=172102) !important;background-position: center !important;background-repeat: no-repeat !important;background-size: cover !important;}\u00a0\u00bb el_class=\u00a0\u00bbannual-report-section-1&Prime;][vc_column width=\u00a0\u00bb3\/5&Prime;][\/vc_column][vc_column width=\u00a0\u00bb2\/5&Prime;][vc_empty_space height=\u00a0\u00bb25px\u00a0\u00bb][vc_custom_heading text=\u00a0\u00bbRapports\u00a0\u00bb font_container=\u00a0\u00bbtag:h1|font_size:75|text_align:left|color:%23ffffff\u00a0\u00bb use_theme_fonts=\u00a0\u00bbyes\u00a0\u00bb css=\u00a0\u00bb\u00a0\u00bb css_animation=\u00a0\u00bbnone\u00a0\u00bb][vc_empty_space height=\u00a0\u00bb25px\u00a0\u00bb][vc_empty_space height=\u00a0\u00bb25px\u00a0\u00bb][vc_column_text css=\u00a0\u00bb\u00a0\u00bb css_animation=\u00a0\u00bbnone\u00a0\u00bb]<span style=\"color: #ffffff;\"><strong><a style=\"color: #ffffff;\" href=\"https:\/\/sunyouth.org\/wp-content\/uploads\/2025\/07\/24-25-Etats-financiers_Jeunesse-au-Soleil-FR-FINAL-et-SIGNE.pdf\">\u00c9TATS FINANCIERS V\u00c9RIFI\u00c9S 24-25<\/a><\/strong><\/span><\/p>\n<p><span style=\"color: #ffffff;\"><strong><a style=\"color: #ffffff;\" href=\"https:\/\/sunyouth.org\/wp-content\/uploads\/2025\/01\/2024-03-31_Etats-financiers_Jeunesse-au-Soleil_FINAL-et-SIGNE.pdf\">\u00c9TATS FINANCIERS V\u00c9RIFI\u00c9S 23-24<\/a><\/strong><\/span><\/p>\n<p><span style=\"color: #ffffff;\"><strong><a style=\"color: #ffffff;\" href=\"https:\/\/sunyouth.org\/wp-content\/uploads\/2025\/07\/AnnualReport-v26-FR-3.pdf\">RAPPORT ANNUEL 24-25<\/a><\/strong><\/span><\/p>\n<p><span style=\"color: #ffffff;\"><strong><a style=\"color: #ffffff;\" href=\"https:\/\/sunyouth.org\/wp-content\/uploads\/2024\/08\/Rapport-annuel-23-24_final.pdf\">RAPPORT ANNUEL 23-24<\/a><\/strong><\/span>[\/vc_column_text][\/vc_column][\/vc_row][vc_row full_width=\u00a0\u00bbstretch_row\u00a0\u00bb full_height=\u00a0\u00bbyes\u00a0\u00bb equal_height=\u00a0\u00bbyes\u00a0\u00bb el_disable_desktop=\u00a0\u00bb1&Prime; css=\u00a0\u00bb.vc_custom_1758653064198{margin-top: 0px !important;margin-bottom: 50px !important;padding-bottom: 0px !important;background-image: url(https:\/\/sunyouth.org\/wp-content\/uploads\/2025\/09\/A_Report_Fr.png?id=172121) !important;background-position: center !important;background-repeat: no-repeat !important;background-size: cover !important;}\u00a0\u00bb el_class=\u00a0\u00bbannual-report-section-1&Prime;][vc_column width=\u00a0\u00bb3\/5&Prime;][\/vc_column][vc_column width=\u00a0\u00bb2\/5&Prime;][vc_column_text css=\u00a0\u00bb.vc_custom_1758654153443{margin-bottom: 100px !important;}\u00a0\u00bb css_animation=\u00a0\u00bbnone\u00a0\u00bb]<\/p>\n<p style=\"text-align: center;\"><span style=\"color: #ffffff;\"><strong><a style=\"color: #ffffff;\" href=\"https:\/\/sunyouth.org\/wp-content\/uploads\/2025\/07\/AnnualReport-v26-FR-3.pdf\">RAPPORT ANNUEL 24-25<\/a><\/strong><\/span><\/p>\n<p style=\"text-align: center;\"><span style=\"color: #ffffff;\"><strong><a style=\"color: #ffffff;\" href=\"https:\/\/sunyouth.org\/wp-content\/uploads\/2025\/07\/24-25-Etats-financiers_Jeunesse-au-Soleil-FR-FINAL-et-SIGNE.pdf\">\u00c9TATS FINANCIERS V\u00c9RIFI\u00c9S 24-25<\/a><\/strong><\/span><\/p>\n<p style=\"text-align: center;\"><span style=\"color: #ffffff;\"><strong><a style=\"color: #ffffff;\" href=\"https:\/\/sunyouth.org\/wp-content\/uploads\/2025\/01\/2024-03-31_Etats-financiers_Jeunesse-au-Soleil_FINAL-et-SIGNE.pdf\"><span style=\"color: #ffffff;\">\u00c9TATS FINANCIERS V\u00c9RIFI\u00c9S 23-24<\/span><\/a><\/strong><\/span><\/p>\n<p>[\/vc_column_text][\/vc_column][\/vc_row][vc_row content_placement=\u00a0\u00bbmiddle\u00a0\u00bb disable_element=\u00a0\u00bbyes\u00a0\u00bb el_class=\u00a0\u00bbannual-report-section-3&Prime; css=\u00a0\u00bb.vc_custom_1758283687316{padding-top: 50px !important;padding-bottom: 50px !important;}\u00a0\u00bb][vc_column][vc_custom_heading text=\u00a0\u00bbRapport Annuel 2023-2024&Prime; font_container=\u00a0\u00bbtag:h2|font_size:34|text_align:left|color:%23000000&Prime; use_theme_fonts=\u00a0\u00bbyes\u00a0\u00bb css=\u00a0\u00bb\u00a0\u00bb css_animation=\u00a0\u00bbfadeIn\u00a0\u00bb][vc_column_text css=\u00a0\u00bb\u00a0\u00bb css_animation=\u00a0\u00bbfadeIn\u00a0\u00bb]L\u2019ann\u00e9e qui vient de se terminer nous a apport\u00e9 de grandes opportunit\u00e9s, \u00e0 commencer par notre campagne de financement pour acqu\u00e9rir notre toute premi\u00e8re demeure bien \u00e0 nous. Nous nous rapprochons de notre objectif : \u00eatre plus pr\u00e8s des communaut\u00e9s que nous servons, plus pr\u00e8s des gens qui ont besoin de nous et plus pr\u00e8s du moment o\u00f9 nous ouvrirons nos portes.<\/p>\n<p>Nous sommes fiers d&rsquo;annoncer qu&rsquo;au cours de l\u2019ann\u00e9e derni\u00e8re, nous avons aid\u00e9 plus de 90 000 personnes, soit 10 % de plus que l&rsquo;ann\u00e9e pass\u00e9e.<\/p>\n<p>Nous vous invitons \u00e0 d\u00e9couvrir comment notre mission \u00e0 volets multiples s&rsquo;est traduite en actions au fil de l\u2019ann\u00e9e 2023-2024.[\/vc_column_text][vc_empty_space][vc_btn title=\u00a0\u00bbT\u00c9L\u00c9CHARGER LE RAPPORT ANNUEL 2023-2024&Prime; css_animation=\u00a0\u00bbfadeIn\u00a0\u00bb css=\u00a0\u00bb\u00a0\u00bb link=\u00a0\u00bburl:https%3A%2F%2Fsunyouth.org%2Fwp-content%2Fuploads%2F2024%2F08%2FRapport-annuel-23-24_final.pdf|title:Rapport%20Annuel%2023-24|target:_blank\u00a0\u00bb][\/vc_column][\/vc_row][vc_row content_placement=\u00a0\u00bbmiddle\u00a0\u00bb disable_element=\u00a0\u00bbyes\u00a0\u00bb el_class=\u00a0\u00bbannual-report-section-3&Prime; css=\u00a0\u00bb.vc_custom_1758283699465{padding-top: 50px !important;padding-bottom: 50px !important;}\u00a0\u00bb][vc_column width=\u00a0\u00bb1\/2&Prime;][vc_custom_heading text=\u00a0\u00bbNourrir avant tout\u00a0\u00bb font_container=\u00a0\u00bbtag:h2|font_size:34|text_align:left|color:%23000000&Prime; use_theme_fonts=\u00a0\u00bbyes\u00a0\u00bb css=\u00a0\u00bb\u00a0\u00bb css_animation=\u00a0\u00bbfadeIn\u00a0\u00bb][vc_column_text css=\u00a0\u00bb\u00a0\u00bb css_animation=\u00a0\u00bbfadeIn\u00a0\u00bb]Avoir aid\u00e9 plus de personnes est une excellente nouvelle, mais il y a un revers \u00e0 cette m\u00e9daille.<\/p>\n<p>Cette situation nous a oblig\u00e9s \u00e0 r\u00e9\u00e9valuer nos activit\u00e9s, et nous en avons beaucoup appris.<\/p>\n<p>Nous avons sond\u00e9 nos clients au sujet de leurs pr\u00e9f\u00e9rences alimentaires \u00e0 l\u2019aide d\u2019un financement de la <a href=\"https:\/\/montreal.ca\/unites\/service-de-la-diversite-et-de-linclusion-sociale\">Ville de Montr\u00e9al<\/a>. Nous avons adapt\u00e9 nos achats et permettons dor\u00e9navant \u00e0 nos clients de choisir des aliments selon leurs go\u00fbts dans une atmosph\u00e8re d&rsquo;\u00e9picerie plut\u00f4t qu\u2019en distribuant \u00e0 tous des sacs identiques.[\/vc_column_text][vc_empty_space][vc_btn title=\u00a0\u00bbT\u00c9L\u00c9CHARGER LE RAPPORT ANNUEL 2023-2024&Prime; css_animation=\u00a0\u00bbfadeIn\u00a0\u00bb css=\u00a0\u00bb\u00a0\u00bb link=\u00a0\u00bburl:https%3A%2F%2Fsunyouth.org%2Fwp-content%2Fuploads%2F2024%2F08%2FRapport-annuel-23-24_final.pdf|title:Rapport%20Annuel%2023-24|target:_blank\u00a0\u00bb][\/vc_column][vc_column width=\u00a0\u00bb1\/2&Prime;][vc_single_image image=\u00a0\u00bb165747&Prime; img_size=\u00a0\u00bbfull\u00a0\u00bb css=\u00a0\u00bb\u00a0\u00bb][\/vc_column][\/vc_row][vc_row full_width=\u00a0\u00bbstretch_row\u00a0\u00bb disable_element=\u00a0\u00bbyes\u00a0\u00bb thegem_revesrse_columns_mobile=\u00a0\u00bbtrue\u00a0\u00bb el_class=\u00a0\u00bbannual-report-section-2&Prime; css=\u00a0\u00bb.vc_custom_1758283717048{padding-top: 100px !important;padding-bottom: 100px !important;background-color: #f5f5f5 !important;}\u00a0\u00bb][vc_column width=\u00a0\u00bb1\/2&Prime;][vc_single_image image=\u00a0\u00bb165707&Prime; img_size=\u00a0\u00bbfull\u00a0\u00bb css=\u00a0\u00bb\u00a0\u00bb][\/vc_column][vc_column width=\u00a0\u00bb1\/2&Prime;][vc_empty_space][vc_custom_heading text=\u00a0\u00bbT\u00e9moignage\u00a0\u00bb font_container=\u00a0\u00bbtag:h2|font_size:36|text_align:left|color:%23000000&Prime; use_theme_fonts=\u00a0\u00bbyes\u00a0\u00bb css=\u00a0\u00bb\u00a0\u00bb css_animation=\u00a0\u00bbfadeIn\u00a0\u00bb][vc_empty_space][vc_column_text css=\u00a0\u00bb\u00a0\u00bb css_animation=\u00a0\u00bbfadeIn\u00a0\u00bb]<em>\u00ab Gr\u00e2ce \u00e0 vous, 53 de nos \u00e9l\u00e8ves ont re\u00e7u de beaux sacs \u00e0 dos remplis de fournitures scolaires. Quel plaisir de voir leurs yeux s&rsquo;illuminer en voyant ces sacs qui les aident \u00e0 sentir qu\u2019ils font partie du groupe. Cette joie, cette fiert\u00e9, sont tellement importantes et contribuent \u00e0 l&rsquo;estime de soi des enfants et changent leur attitude envers l&rsquo;\u00e9cole, augmentant leurs chances de r\u00e9ussite. \u00bb <\/em><\/p>\n<p>&#8211; Francine Goyette, directrice adjointe, L&rsquo;\u00c9cole de la mosa\u00efque[\/vc_column_text][vc_empty_space][vc_btn title=\u00a0\u00bbT\u00c9L\u00c9CHARGER LE RAPPORT ANNUEL 2023-2024&Prime; css_animation=\u00a0\u00bbfadeIn\u00a0\u00bb css=\u00a0\u00bb\u00a0\u00bb link=\u00a0\u00bburl:https%3A%2F%2Fsunyouth.org%2Fwp-content%2Fuploads%2F2024%2F08%2FRapport-annuel-23-24_final.pdf|title:Rapport%20Annuel%2023-24|target:_blank\u00a0\u00bb][\/vc_column][\/vc_row][vc_row content_placement=\u00a0\u00bbmiddle\u00a0\u00bb disable_element=\u00a0\u00bbyes\u00a0\u00bb el_class=\u00a0\u00bbannual-report-section-3&Prime; css=\u00a0\u00bb.vc_custom_1758283733405{padding-top: 50px !important;padding-bottom: 50px !important;}\u00a0\u00bb][vc_column width=\u00a0\u00bb1\/2&Prime;][vc_custom_heading text=\u00a0\u00bbPlus que du sport\u00a0\u00bb font_container=\u00a0\u00bbtag:h2|font_size:34|text_align:left|color:%23000000&Prime; use_theme_fonts=\u00a0\u00bbyes\u00a0\u00bb css=\u00a0\u00bb\u00a0\u00bb css_animation=\u00a0\u00bbfadeIn\u00a0\u00bb][vc_column_text css=\u00a0\u00bb\u00a0\u00bb css_animation=\u00a0\u00bbfadeIn\u00a0\u00bb]Le sport \u00e0 Jeunesse au soleil, c&rsquo;est bien plus que du plaisir et de l&rsquo;exercice : il contribue \u00e0 l&rsquo;engagement et \u00e0 la motivation scolaire, et \u00e0 la lutte contre la pauvret\u00e9. C\u2019est pour \u00e7a que nous y croyons tant.<\/p>\n<p>Les statistiques montrent des taux alarmants de d\u00e9crochage scolaire chez les gar\u00e7ons, ou le fait qu&rsquo;ils mettent souvent plus de 5 ans \u00e0 obtenir leur dipl\u00f4me d&rsquo;\u00e9tudes secondaires : c&rsquo;est l\u00e0 que les sports et nos autres activit\u00e9s de loisirs entrent en jeu, car la r\u00e9ussite scolaire est une condition sine qua non \u00e0 la participation \u00e0 nos activit\u00e9s.[\/vc_column_text][vc_empty_space][vc_btn title=\u00a0\u00bbT\u00c9L\u00c9CHARGER LE RAPPORT ANNUEL 2023-2024&Prime; css_animation=\u00a0\u00bbfadeIn\u00a0\u00bb css=\u00a0\u00bb\u00a0\u00bb link=\u00a0\u00bburl:https%3A%2F%2Fsunyouth.org%2Fwp-content%2Fuploads%2F2024%2F08%2FRapport-annuel-23-24_final.pdf|title:Rapport%20Annuel%2023-24|target:_blank\u00a0\u00bb][\/vc_column][vc_column width=\u00a0\u00bb1\/2&Prime;][vc_single_image image=\u00a0\u00bb165709&Prime; img_size=\u00a0\u00bbfull\u00a0\u00bb css=\u00a0\u00bb\u00a0\u00bb][\/vc_column][\/vc_row][vc_row full_width=\u00a0\u00bbstretch_row\u00a0\u00bb disable_element=\u00a0\u00bbyes\u00a0\u00bb thegem_revesrse_columns_mobile=\u00a0\u00bbtrue\u00a0\u00bb el_class=\u00a0\u00bbannual-report-section-2&Prime; css=\u00a0\u00bb.vc_custom_1758283745718{padding-top: 100px !important;padding-bottom: 100px !important;background-color: #f5f5f5 !important;}\u00a0\u00bb][vc_column width=\u00a0\u00bb1\/2&Prime;][vc_single_image image=\u00a0\u00bb165712&Prime; img_size=\u00a0\u00bbfull\u00a0\u00bb css=\u00a0\u00bb\u00a0\u00bb][\/vc_column][vc_column width=\u00a0\u00bb1\/2&Prime;][vc_custom_heading text=\u00a0\u00bbL&rsquo;oeuvre de<br \/>\n2 000 b\u00e9n\u00e9voles\u00a0\u00bb font_container=\u00a0\u00bbtag:h2|font_size:36|text_align:left|color:%23000000&Prime; use_theme_fonts=\u00a0\u00bbyes\u00a0\u00bb css_animation=\u00a0\u00bbfadeIn\u00a0\u00bb][vc_column_text css=\u00a0\u00bb\u00a0\u00bb css_animation=\u00a0\u00bbfadeIn\u00a0\u00bb]Sans ses b\u00e9n\u00e9voles, l\u2019organisme ne pourrait pas offrir ses grands programmes ni organiser des activit\u00e9s sp\u00e9ciales au b\u00e9n\u00e9fice de la communaut\u00e9. En 2023-2024, plus de 2 100 b\u00e9n\u00e9voles ont consacr\u00e9 32 400 heures de travail \u00e0 l\u2019organisme. Un engagement de cette envergure a une incidence \u00e9norme sur nos activit\u00e9s et repr\u00e9sente plus d\u2019un demi-million de dollars. Mais aux yeux de Jeunesse au Soleil et de ses b\u00e9n\u00e9ficiaires, cette implication a une valeur encore plus pr\u00e9cieuse sur le plan social.[\/vc_column_text][vc_empty_space][vc_btn title=\u00a0\u00bbT\u00c9L\u00c9CHARGER LE RAPPORT ANNUEL 2023-2024&Prime; css_animation=\u00a0\u00bbfadeIn\u00a0\u00bb css=\u00a0\u00bb\u00a0\u00bb link=\u00a0\u00bburl:https%3A%2F%2Fsunyouth.org%2Fwp-content%2Fuploads%2F2024%2F08%2FRapport-annuel-23-24_final.pdf|title:Rapport%20Annuel%2023-24|target:_blank\u00a0\u00bb][\/vc_column][\/vc_row][vc_row content_placement=\u00a0\u00bbmiddle\u00a0\u00bb el_class=\u00a0\u00bbannual-report-section-3&Prime; css=\u00a0\u00bb.vc_custom_1668020398951{padding-top: 50px !important;padding-bottom: 50px !important;}\u00a0\u00bb][vc_column][vc_custom_heading text=\u00a0\u00bbConsultez nos rapports pr\u00e9c\u00e9dents\u00a0\u00bb font_container=\u00a0\u00bbtag:h2|font_size:34|text_align:left|color:%23000000&Prime; use_theme_fonts=\u00a0\u00bbyes\u00a0\u00bb css_animation=\u00a0\u00bbfadeIn\u00a0\u00bb][vc_row_inner][vc_column_inner][vc_empty_space][\/vc_column_inner][\/vc_row_inner][vc_row_inner][vc_column_inner width=\u00a0\u00bb1\/4&Prime;][vc_single_image image=\u00a0\u00bb172082&Prime; img_size=\u00a0\u00bblarge\u00a0\u00bb onclick=\u00a0\u00bbcustom_link\u00a0\u00bb css=\u00a0\u00bb\u00a0\u00bb link=\u00a0\u00bbhttps:\/\/sunyouth.org\/wp-content\/uploads\/2024\/08\/Rapport-annuel-23-24_final.pdf\u00a0\u00bb][\/vc_column_inner][vc_column_inner width=\u00a0\u00bb1\/4&Prime;][vc_single_image image=\u00a0\u00bb161184&Prime; img_size=\u00a0\u00bblarge\u00a0\u00bb alignment=\u00a0\u00bbcenter\u00a0\u00bb onclick=\u00a0\u00bbcustom_link\u00a0\u00bb img_link_target=\u00a0\u00bb_blank\u00a0\u00bb css=\u00a0\u00bb\u00a0\u00bb link=\u00a0\u00bbhttps:\/\/sunyouth.org\/wp-content\/uploads\/2023\/09\/Rapport-annuel-22-23_final_web-3.pdf\u00a0\u00bb][\/vc_column_inner][vc_column_inner width=\u00a0\u00bb1\/4&Prime;][vc_single_image image=\u00a0\u00bb161194&Prime; img_size=\u00a0\u00bblarge\u00a0\u00bb alignment=\u00a0\u00bbcenter\u00a0\u00bb onclick=\u00a0\u00bbcustom_link\u00a0\u00bb img_link_target=\u00a0\u00bb_blank\u00a0\u00bb css=\u00a0\u00bb\u00a0\u00bb link=\u00a0\u00bbhttps:\/\/sunyouth.org\/wp-content\/uploads\/2022\/11\/Rapport-annuel-Version-17-octobre-2022.pdf\u00a0\u00bb][\/vc_column_inner][vc_column_inner width=\u00a0\u00bb1\/4&Prime;][vc_single_image image=\u00a0\u00bb161188&Prime; img_size=\u00a0\u00bblarge\u00a0\u00bb alignment=\u00a0\u00bbcenter\u00a0\u00bb onclick=\u00a0\u00bbcustom_link\u00a0\u00bb img_link_target=\u00a0\u00bb_blank\u00a0\u00bb css=\u00a0\u00bb\u00a0\u00bb link=\u00a0\u00bbhttps:\/\/sunyouth.org\/wp-content\/uploads\/2021\/07\/Rapport-dactivite\u0301s-de-Jeunesse-au-Soleil-2020-2021.pdf\u00a0\u00bb][\/vc_column_inner][\/vc_row_inner][\/vc_column][\/vc_row]<\/p>\n<\/div>","protected":false},"excerpt":{"rendered":"<p>[vc_row full_width=\u00a0\u00bbstretch_row\u00a0\u00bb full_height=\u00a0\u00bbyes\u00a0\u00bb equal_height=\u00a0\u00bbyes\u00a0\u00bb el_disable_tablet=\u00a0\u00bb1&Prime; el_disable_mobile=\u00a0\u00bb1&Prime; css=\u00a0\u00bb.vc_custom_1758634120884{margin-top: 0px !important;margin-bottom: 50px !important;padding-bottom: 0px !important;background-image: url(https:\/\/sunyouth.org\/wp-content\/uploads\/2025\/09\/AnnualReport_Fr_Crop.png?id=172102) !important;background-position: center !important;background-repeat: no-repeat !important;background-size: cover !important;}\u00a0\u00bb el_class=\u00a0\u00bbannual-report-section-1&Prime;][vc_column&#8230;<\/p>\n","protected":false},"author":34,"featured_media":171894,"parent":0,"menu_order":0,"comment_status":"closed","ping_status":"closed","template":"","meta":{"_acf_changed":false,"_monsterinsights_skip_tracking":false,"_monsterinsights_sitenote_active":false,"_monsterinsights_sitenote_note":"","_monsterinsights_sitenote_category":0,"footnotes":""},"class_list":["post-165692","page","type-page","status-publish","has-post-thumbnail"],"acf":[],"yoast_head":"<!-- This site is optimized with the Yoast SEO plugin v27.4 - https:\/\/yoast.com\/product\/yoast-seo-wordpress\/ -->\n<title>Rapports - Jeunesse au soleil<\/title>\n<meta name=\"description\" content=\"Nous sommes fiers d&#039;annoncer qu&#039;au cours de l\u2019ann\u00e9e derni\u00e8re, nous avons aid\u00e9 plus de 90 000 personnes, soit 10 % de plus que l&#039;ann\u00e9e pass\u00e9e. Nous vous invitons \u00e0 d\u00e9couvrir comment notre rapport annuel 2023-2024.\" \/>\n<meta name=\"robots\" content=\"index, follow, max-snippet:-1, max-image-preview:large, max-video-preview:-1\" \/>\n<link rel=\"canonical\" href=\"https:\/\/sunyouth.org\/fr\/rapports\/\" \/>\n<meta property=\"og:locale\" content=\"fr_FR\" \/>\n<meta property=\"og:type\" content=\"article\" \/>\n<meta property=\"og:title\" content=\"RAPPORT ANNUEL 2022-23\" \/>\n<meta property=\"og:description\" content=\"Voici notre rapport annuel 2022-23 qui dresse le plus r\u00e9cent portrait de la situation de notre organisme.\" \/>\n<meta property=\"og:url\" content=\"https:\/\/sunyouth.org\/fr\/rapports\/\" \/>\n<meta property=\"og:site_name\" content=\"Jeunesse au soleil\" \/>\n<meta property=\"article:modified_time\" content=\"2025-09-23T19:03:08+00:00\" \/>\n<meta property=\"og:image\" content=\"https:\/\/sunyouth.org\/wp-content\/uploads\/2023\/09\/Rapport-annuel-22-23_final-scaled.jpg\" \/>\n\t<meta property=\"og:image:width\" content=\"1978\" \/>\n\t<meta property=\"og:image:height\" content=\"2560\" \/>\n\t<meta property=\"og:image:type\" content=\"image\/jpeg\" \/>\n<meta name=\"twitter:card\" content=\"summary_large_image\" \/>\n<meta name=\"twitter:title\" content=\"RAPPORT ANNUEL 2022-23\" \/>\n<meta name=\"twitter:description\" content=\"Voici notre rapport annuel 2022-23 qui dresse le plus r\u00e9cent portrait de la situation de notre organisme.\" \/>\n<meta name=\"twitter:image\" content=\"https:\/\/sunyouth.org\/wp-content\/uploads\/2023\/09\/1-1024x1024.png\" \/>\n<meta name=\"twitter:label1\" content=\"Dur\u00e9e de lecture estim\u00e9e\" \/>\n\t<meta name=\"twitter:data1\" content=\"5 minutes\" \/>\n<script type=\"application\/ld+json\" class=\"yoast-schema-graph\">{\"@context\":\"https:\\\/\\\/schema.org\",\"@graph\":[{\"@type\":\"WebPage\",\"@id\":\"https:\\\/\\\/sunyouth.org\\\/fr\\\/rapports\\\/\",\"url\":\"https:\\\/\\\/sunyouth.org\\\/fr\\\/rapports\\\/\",\"name\":\"Rapports - Jeunesse au soleil\",\"isPartOf\":{\"@id\":\"https:\\\/\\\/sunyouth.org\\\/#website\"},\"primaryImageOfPage\":{\"@id\":\"https:\\\/\\\/sunyouth.org\\\/fr\\\/rapports\\\/#primaryimage\"},\"image\":{\"@id\":\"https:\\\/\\\/sunyouth.org\\\/fr\\\/rapports\\\/#primaryimage\"},\"thumbnailUrl\":\"https:\\\/\\\/sunyouth.org\\\/wp-content\\\/uploads\\\/2025\\\/09\\\/AnnualReport-v26-FR-3_Page_01.jpg\",\"datePublished\":\"2024-08-01T17:14:56+00:00\",\"dateModified\":\"2025-09-23T19:03:08+00:00\",\"description\":\"Nous sommes fiers d'annoncer qu'au cours de l\u2019ann\u00e9e derni\u00e8re, nous avons aid\u00e9 plus de 90 000 personnes, soit 10 % de plus que l'ann\u00e9e pass\u00e9e. Nous vous invitons \u00e0 d\u00e9couvrir comment notre rapport annuel 2023-2024.\",\"breadcrumb\":{\"@id\":\"https:\\\/\\\/sunyouth.org\\\/fr\\\/rapports\\\/#breadcrumb\"},\"inLanguage\":\"fr-FR\",\"potentialAction\":[{\"@type\":\"ReadAction\",\"target\":[\"https:\\\/\\\/sunyouth.org\\\/fr\\\/rapports\\\/\"]}]},{\"@type\":\"ImageObject\",\"inLanguage\":\"fr-FR\",\"@id\":\"https:\\\/\\\/sunyouth.org\\\/fr\\\/rapports\\\/#primaryimage\",\"url\":\"https:\\\/\\\/sunyouth.org\\\/wp-content\\\/uploads\\\/2025\\\/09\\\/AnnualReport-v26-FR-3_Page_01.jpg\",\"contentUrl\":\"https:\\\/\\\/sunyouth.org\\\/wp-content\\\/uploads\\\/2025\\\/09\\\/AnnualReport-v26-FR-3_Page_01.jpg\",\"width\":2068,\"height\":1598},{\"@type\":\"BreadcrumbList\",\"@id\":\"https:\\\/\\\/sunyouth.org\\\/fr\\\/rapports\\\/#breadcrumb\",\"itemListElement\":[{\"@type\":\"ListItem\",\"position\":1,\"name\":\"Home\",\"item\":\"https:\\\/\\\/sunyouth.org\\\/fr\\\/\"},{\"@type\":\"ListItem\",\"position\":2,\"name\":\"Rapports\"}]},{\"@type\":\"WebSite\",\"@id\":\"https:\\\/\\\/sunyouth.org\\\/#website\",\"url\":\"https:\\\/\\\/sunyouth.org\\\/\",\"name\":\"Jeunesse au soleil\",\"description\":\"Dedicated since 1954!\",\"publisher\":{\"@id\":\"https:\\\/\\\/sunyouth.org\\\/#organization\"},\"potentialAction\":[{\"@type\":\"SearchAction\",\"target\":{\"@type\":\"EntryPoint\",\"urlTemplate\":\"https:\\\/\\\/sunyouth.org\\\/?s={search_term_string}\"},\"query-input\":{\"@type\":\"PropertyValueSpecification\",\"valueRequired\":true,\"valueName\":\"search_term_string\"}}],\"inLanguage\":\"fr-FR\"},{\"@type\":\"Organization\",\"@id\":\"https:\\\/\\\/sunyouth.org\\\/#organization\",\"name\":\"SUN YOUTH\",\"url\":\"https:\\\/\\\/sunyouth.org\\\/\",\"logo\":{\"@type\":\"ImageObject\",\"inLanguage\":\"fr-FR\",\"@id\":\"https:\\\/\\\/sunyouth.org\\\/#\\\/schema\\\/logo\\\/image\\\/\",\"url\":\"https:\\\/\\\/sunyouth.org\\\/wp-content\\\/uploads\\\/2018\\\/11\\\/LOGO-SUNYOUTH.png\",\"contentUrl\":\"https:\\\/\\\/sunyouth.org\\\/wp-content\\\/uploads\\\/2018\\\/11\\\/LOGO-SUNYOUTH.png\",\"width\":251,\"height\":251,\"caption\":\"SUN YOUTH\"},\"image\":{\"@id\":\"https:\\\/\\\/sunyouth.org\\\/#\\\/schema\\\/logo\\\/image\\\/\"}}]}<\/script>\n<!-- \/ Yoast SEO plugin. -->","yoast_head_json":{"title":"Rapports - Jeunesse au soleil","description":"Nous sommes fiers d'annoncer qu'au cours de l\u2019ann\u00e9e derni\u00e8re, nous avons aid\u00e9 plus de 90 000 personnes, soit 10 % de plus que l'ann\u00e9e pass\u00e9e. Nous vous invitons \u00e0 d\u00e9couvrir comment notre rapport annuel 2023-2024.","robots":{"index":"index","follow":"follow","max-snippet":"max-snippet:-1","max-image-preview":"max-image-preview:large","max-video-preview":"max-video-preview:-1"},"canonical":"https:\/\/sunyouth.org\/fr\/rapports\/","og_locale":"fr_FR","og_type":"article","og_title":"RAPPORT ANNUEL 2022-23","og_description":"Voici notre rapport annuel 2022-23 qui dresse le plus r\u00e9cent portrait de la situation de notre organisme.","og_url":"https:\/\/sunyouth.org\/fr\/rapports\/","og_site_name":"Jeunesse au soleil","article_modified_time":"2025-09-23T19:03:08+00:00","og_image":[{"width":1978,"height":2560,"url":"https:\/\/sunyouth.org\/wp-content\/uploads\/2023\/09\/Rapport-annuel-22-23_final-scaled.jpg","type":"image\/jpeg"}],"twitter_card":"summary_large_image","twitter_title":"RAPPORT ANNUEL 2022-23","twitter_description":"Voici notre rapport annuel 2022-23 qui dresse le plus r\u00e9cent portrait de la situation de notre organisme.","twitter_image":"https:\/\/sunyouth.org\/wp-content\/uploads\/2023\/09\/1-1024x1024.png","twitter_misc":{"Dur\u00e9e de lecture estim\u00e9e":"5 minutes"},"schema":{"@context":"https:\/\/schema.org","@graph":[{"@type":"WebPage","@id":"https:\/\/sunyouth.org\/fr\/rapports\/","url":"https:\/\/sunyouth.org\/fr\/rapports\/","name":"Rapports - Jeunesse au soleil","isPartOf":{"@id":"https:\/\/sunyouth.org\/#website"},"primaryImageOfPage":{"@id":"https:\/\/sunyouth.org\/fr\/rapports\/#primaryimage"},"image":{"@id":"https:\/\/sunyouth.org\/fr\/rapports\/#primaryimage"},"thumbnailUrl":"https:\/\/sunyouth.org\/wp-content\/uploads\/2025\/09\/AnnualReport-v26-FR-3_Page_01.jpg","datePublished":"2024-08-01T17:14:56+00:00","dateModified":"2025-09-23T19:03:08+00:00","description":"Nous sommes fiers d'annoncer qu'au cours de l\u2019ann\u00e9e derni\u00e8re, nous avons aid\u00e9 plus de 90 000 personnes, soit 10 % de plus que l'ann\u00e9e pass\u00e9e. Nous vous invitons \u00e0 d\u00e9couvrir comment notre rapport annuel 2023-2024.","breadcrumb":{"@id":"https:\/\/sunyouth.org\/fr\/rapports\/#breadcrumb"},"inLanguage":"fr-FR","potentialAction":[{"@type":"ReadAction","target":["https:\/\/sunyouth.org\/fr\/rapports\/"]}]},{"@type":"ImageObject","inLanguage":"fr-FR","@id":"https:\/\/sunyouth.org\/fr\/rapports\/#primaryimage","url":"https:\/\/sunyouth.org\/wp-content\/uploads\/2025\/09\/AnnualReport-v26-FR-3_Page_01.jpg","contentUrl":"https:\/\/sunyouth.org\/wp-content\/uploads\/2025\/09\/AnnualReport-v26-FR-3_Page_01.jpg","width":2068,"height":1598},{"@type":"BreadcrumbList","@id":"https:\/\/sunyouth.org\/fr\/rapports\/#breadcrumb","itemListElement":[{"@type":"ListItem","position":1,"name":"Home","item":"https:\/\/sunyouth.org\/fr\/"},{"@type":"ListItem","position":2,"name":"Rapports"}]},{"@type":"WebSite","@id":"https:\/\/sunyouth.org\/#website","url":"https:\/\/sunyouth.org\/","name":"Jeunesse au soleil","description":"Dedicated since 1954!","publisher":{"@id":"https:\/\/sunyouth.org\/#organization"},"potentialAction":[{"@type":"SearchAction","target":{"@type":"EntryPoint","urlTemplate":"https:\/\/sunyouth.org\/?s={search_term_string}"},"query-input":{"@type":"PropertyValueSpecification","valueRequired":true,"valueName":"search_term_string"}}],"inLanguage":"fr-FR"},{"@type":"Organization","@id":"https:\/\/sunyouth.org\/#organization","name":"SUN YOUTH","url":"https:\/\/sunyouth.org\/","logo":{"@type":"ImageObject","inLanguage":"fr-FR","@id":"https:\/\/sunyouth.org\/#\/schema\/logo\/image\/","url":"https:\/\/sunyouth.org\/wp-content\/uploads\/2018\/11\/LOGO-SUNYOUTH.png","contentUrl":"https:\/\/sunyouth.org\/wp-content\/uploads\/2018\/11\/LOGO-SUNYOUTH.png","width":251,"height":251,"caption":"SUN YOUTH"},"image":{"@id":"https:\/\/sunyouth.org\/#\/schema\/logo\/image\/"}}]}},"_links":{"self":[{"href":"https:\/\/sunyouth.org\/fr\/wp-json\/wp\/v2\/pages\/165692","targetHints":{"allow":["GET"]}}],"collection":[{"href":"https:\/\/sunyouth.org\/fr\/wp-json\/wp\/v2\/pages"}],"about":[{"href":"https:\/\/sunyouth.org\/fr\/wp-json\/wp\/v2\/types\/page"}],"author":[{"embeddable":true,"href":"https:\/\/sunyouth.org\/fr\/wp-json\/wp\/v2\/users\/34"}],"replies":[{"embeddable":true,"href":"https:\/\/sunyouth.org\/fr\/wp-json\/wp\/v2\/comments?post=165692"}],"version-history":[{"count":44,"href":"https:\/\/sunyouth.org\/fr\/wp-json\/wp\/v2\/pages\/165692\/revisions"}],"predecessor-version":[{"id":172129,"href":"https:\/\/sunyouth.org\/fr\/wp-json\/wp\/v2\/pages\/165692\/revisions\/172129"}],"wp:featuredmedia":[{"embeddable":true,"href":"https:\/\/sunyouth.org\/fr\/wp-json\/wp\/v2\/media\/171894"}],"wp:attachment":[{"href":"https:\/\/sunyouth.org\/fr\/wp-json\/wp\/v2\/media?parent=165692"}],"curies":[{"name":"wp","href":"https:\/\/api.w.org\/{rel}","templated":true}]}}