{"id":165562,"date":"2024-07-05T13:00:16","date_gmt":"2024-07-05T18:00:16","guid":{"rendered":"https:\/\/sunyouth.org\/?page_id=165562"},"modified":"2024-07-05T13:00:16","modified_gmt":"2024-07-05T18:00:16","slug":"campagne","status":"publish","type":"page","link":"https:\/\/sunyouth.org\/fr\/campagne\/","title":{"rendered":"campagne"},"content":{"rendered":"<div class=\"wpb-content-wrapper\"><p>[vc_row full_width=\u00a0\u00bbstretch_row_content\u00a0\u00bb content_placement=\u00a0\u00bbmiddle\u00a0\u00bb background_position_desktop=\u00a0\u00bbcenter top\u00a0\u00bb css_animation=\u00a0\u00bbfadeIn\u00a0\u00bb css=\u00a0\u00bb.vc_custom_1720194881431{margin-left: 200px !important;background-image: url(https:\/\/sunyouth.org\/wp-content\/uploads\/2024\/07\/ramadhan-azmi-uImjXFN46ZU-unsplash-scaled.jpg?id=165566) !important;background-position: center !important;background-repeat: no-repeat !important;background-size: cover !important;}\u00a0\u00bb el_class=\u00a0\u00bbsports-detail-page-header\u00a0\u00bb mobile_padding_top=\u00a0\u00bb15&Prime;][vc_column el_class=\u00a0\u00bbsports-detail-page-header\u00a0\u00bb css=\u00a0\u00bb.vc_custom_1696372468115{margin-top: 50px !important;margin-left: 200px !important;}\u00a0\u00bb mobile_padding_left=\u00a0\u00bb50&Prime; mobile_margin_left=\u00a0\u00bb0&Prime;][vc_column_text css=\u00a0\u00bb.vc_custom_1720195047342{margin-bottom: 250px !important;}\u00a0\u00bb]<\/p>\n<h2><span style=\"color: #000000;\"><span style=\"color: #ffffff;\">Campagne \u00e0 venir<\/span><br \/>\n<\/span><\/h2>\n<p>[\/vc_column_text][vc_column_inner][\/vc_column_inner][\/vc_column][\/vc_row]<\/p>\n<\/div>","protected":false},"excerpt":{"rendered":"<p>[vc_row full_width=\u00a0\u00bbstretch_row_content\u00a0\u00bb content_placement=\u00a0\u00bbmiddle\u00a0\u00bb background_position_desktop=\u00a0\u00bbcenter top\u00a0\u00bb css_animation=\u00a0\u00bbfadeIn\u00a0\u00bb css=\u00a0\u00bb.vc_custom_1720194881431{margin-left: 200px !important;background-image: url(https:\/\/sunyouth.org\/wp-content\/uploads\/2024\/07\/ramadhan-azmi-uImjXFN46ZU-unsplash-scaled.jpg?id=165566) !important;background-position: center !important;background-repeat: no-repeat !important;background-size: cover !important;}\u00a0\u00bb el_class=\u00a0\u00bbsports-detail-page-header\u00a0\u00bb mobile_padding_top=\u00a0\u00bb15&Prime;][vc_column el_class=\u00a0\u00bbsports-detail-page-header\u00a0\u00bb css=\u00a0\u00bb.vc_custom_1696372468115{margin-top: 50px&#8230;<\/p>\n","protected":false},"author":34,"featured_media":0,"parent":0,"menu_order":0,"comment_status":"closed","ping_status":"closed","template":"","meta":{"_acf_changed":false,"_monsterinsights_skip_tracking":false,"_monsterinsights_sitenote_active":false,"_monsterinsights_sitenote_note":"","_monsterinsights_sitenote_category":0,"footnotes":""},"class_list":["post-165562","page","type-page","status-publish"],"acf":[],"yoast_head":"<!-- This site is optimized with the Yoast SEO plugin v27.4 - https:\/\/yoast.com\/product\/yoast-seo-wordpress\/ -->\n<title>campagne - Jeunesse au soleil<\/title>\n<meta name=\"description\" content=\"Notre programme de basketball est offert \u00e0 l\u2019ann\u00e9e et s&#039;adresse aux jeunes de 7 \u00e0 17 ans qui d\u00e9sirent d\u00e9couvrir ce sport et acqu\u00e9rir de pr\u00e9cieuses le\u00e7ons de vie.\u00a0\" \/>\n<meta name=\"robots\" content=\"index, follow, max-snippet:-1, max-image-preview:large, max-video-preview:-1\" \/>\n<link rel=\"canonical\" href=\"https:\/\/sunyouth.org\/fr\/campagne\/\" \/>\n<meta property=\"og:locale\" content=\"fr_FR\" \/>\n<meta property=\"og:type\" content=\"article\" \/>\n<meta property=\"og:title\" content=\"campagne - Jeunesse au soleil\" \/>\n<meta property=\"og:description\" content=\"Notre programme de basketball est offert \u00e0 l\u2019ann\u00e9e et s&#039;adresse aux jeunes de 7 \u00e0 17 ans qui d\u00e9sirent d\u00e9couvrir ce sport et acqu\u00e9rir de pr\u00e9cieuses le\u00e7ons de vie.\u00a0\" \/>\n<meta property=\"og:url\" content=\"https:\/\/sunyouth.org\/fr\/campagne\/\" \/>\n<meta property=\"og:site_name\" content=\"Jeunesse au soleil\" \/>\n<meta name=\"twitter:card\" content=\"summary_large_image\" \/>\n<meta name=\"twitter:label1\" content=\"Dur\u00e9e de lecture estim\u00e9e\" \/>\n\t<meta name=\"twitter:data1\" content=\"1 minute\" \/>\n<script type=\"application\/ld+json\" class=\"yoast-schema-graph\">{\"@context\":\"https:\\\/\\\/schema.org\",\"@graph\":[{\"@type\":\"WebPage\",\"@id\":\"https:\\\/\\\/sunyouth.org\\\/fr\\\/campagne\\\/\",\"url\":\"https:\\\/\\\/sunyouth.org\\\/fr\\\/campagne\\\/\",\"name\":\"campagne - Jeunesse au soleil\",\"isPartOf\":{\"@id\":\"https:\\\/\\\/sunyouth.org\\\/#website\"},\"datePublished\":\"2024-07-05T18:00:16+00:00\",\"description\":\"Notre programme de basketball est offert \u00e0 l\u2019ann\u00e9e et s'adresse aux jeunes de 7 \u00e0 17 ans qui d\u00e9sirent d\u00e9couvrir ce sport et acqu\u00e9rir de pr\u00e9cieuses le\u00e7ons de vie.\u00a0\",\"breadcrumb\":{\"@id\":\"https:\\\/\\\/sunyouth.org\\\/fr\\\/campagne\\\/#breadcrumb\"},\"inLanguage\":\"fr-FR\",\"potentialAction\":[{\"@type\":\"ReadAction\",\"target\":[\"https:\\\/\\\/sunyouth.org\\\/fr\\\/campagne\\\/\"]}]},{\"@type\":\"BreadcrumbList\",\"@id\":\"https:\\\/\\\/sunyouth.org\\\/fr\\\/campagne\\\/#breadcrumb\",\"itemListElement\":[{\"@type\":\"ListItem\",\"position\":1,\"name\":\"Home\",\"item\":\"https:\\\/\\\/sunyouth.org\\\/fr\\\/\"},{\"@type\":\"ListItem\",\"position\":2,\"name\":\"campagne\"}]},{\"@type\":\"WebSite\",\"@id\":\"https:\\\/\\\/sunyouth.org\\\/#website\",\"url\":\"https:\\\/\\\/sunyouth.org\\\/\",\"name\":\"Jeunesse au soleil\",\"description\":\"Dedicated since 1954!\",\"publisher\":{\"@id\":\"https:\\\/\\\/sunyouth.org\\\/#organization\"},\"potentialAction\":[{\"@type\":\"SearchAction\",\"target\":{\"@type\":\"EntryPoint\",\"urlTemplate\":\"https:\\\/\\\/sunyouth.org\\\/?s={search_term_string}\"},\"query-input\":{\"@type\":\"PropertyValueSpecification\",\"valueRequired\":true,\"valueName\":\"search_term_string\"}}],\"inLanguage\":\"fr-FR\"},{\"@type\":\"Organization\",\"@id\":\"https:\\\/\\\/sunyouth.org\\\/#organization\",\"name\":\"SUN YOUTH\",\"url\":\"https:\\\/\\\/sunyouth.org\\\/\",\"logo\":{\"@type\":\"ImageObject\",\"inLanguage\":\"fr-FR\",\"@id\":\"https:\\\/\\\/sunyouth.org\\\/#\\\/schema\\\/logo\\\/image\\\/\",\"url\":\"https:\\\/\\\/sunyouth.org\\\/wp-content\\\/uploads\\\/2018\\\/11\\\/LOGO-SUNYOUTH.png\",\"contentUrl\":\"https:\\\/\\\/sunyouth.org\\\/wp-content\\\/uploads\\\/2018\\\/11\\\/LOGO-SUNYOUTH.png\",\"width\":251,\"height\":251,\"caption\":\"SUN YOUTH\"},\"image\":{\"@id\":\"https:\\\/\\\/sunyouth.org\\\/#\\\/schema\\\/logo\\\/image\\\/\"}}]}<\/script>\n<!-- \/ Yoast SEO plugin. -->","yoast_head_json":{"title":"campagne - Jeunesse au soleil","description":"Notre programme de basketball est offert \u00e0 l\u2019ann\u00e9e et s'adresse aux jeunes de 7 \u00e0 17 ans qui d\u00e9sirent d\u00e9couvrir ce sport et acqu\u00e9rir de pr\u00e9cieuses le\u00e7ons de vie.\u00a0","robots":{"index":"index","follow":"follow","max-snippet":"max-snippet:-1","max-image-preview":"max-image-preview:large","max-video-preview":"max-video-preview:-1"},"canonical":"https:\/\/sunyouth.org\/fr\/campagne\/","og_locale":"fr_FR","og_type":"article","og_title":"campagne - Jeunesse au soleil","og_description":"Notre programme de basketball est offert \u00e0 l\u2019ann\u00e9e et s'adresse aux jeunes de 7 \u00e0 17 ans qui d\u00e9sirent d\u00e9couvrir ce sport et acqu\u00e9rir de pr\u00e9cieuses le\u00e7ons de vie.\u00a0","og_url":"https:\/\/sunyouth.org\/fr\/campagne\/","og_site_name":"Jeunesse au soleil","twitter_card":"summary_large_image","twitter_misc":{"Dur\u00e9e de lecture estim\u00e9e":"1 minute"},"schema":{"@context":"https:\/\/schema.org","@graph":[{"@type":"WebPage","@id":"https:\/\/sunyouth.org\/fr\/campagne\/","url":"https:\/\/sunyouth.org\/fr\/campagne\/","name":"campagne - Jeunesse au soleil","isPartOf":{"@id":"https:\/\/sunyouth.org\/#website"},"datePublished":"2024-07-05T18:00:16+00:00","description":"Notre programme de basketball est offert \u00e0 l\u2019ann\u00e9e et s'adresse aux jeunes de 7 \u00e0 17 ans qui d\u00e9sirent d\u00e9couvrir ce sport et acqu\u00e9rir de pr\u00e9cieuses le\u00e7ons de vie.\u00a0","breadcrumb":{"@id":"https:\/\/sunyouth.org\/fr\/campagne\/#breadcrumb"},"inLanguage":"fr-FR","potentialAction":[{"@type":"ReadAction","target":["https:\/\/sunyouth.org\/fr\/campagne\/"]}]},{"@type":"BreadcrumbList","@id":"https:\/\/sunyouth.org\/fr\/campagne\/#breadcrumb","itemListElement":[{"@type":"ListItem","position":1,"name":"Home","item":"https:\/\/sunyouth.org\/fr\/"},{"@type":"ListItem","position":2,"name":"campagne"}]},{"@type":"WebSite","@id":"https:\/\/sunyouth.org\/#website","url":"https:\/\/sunyouth.org\/","name":"Jeunesse au soleil","description":"Dedicated since 1954!","publisher":{"@id":"https:\/\/sunyouth.org\/#organization"},"potentialAction":[{"@type":"SearchAction","target":{"@type":"EntryPoint","urlTemplate":"https:\/\/sunyouth.org\/?s={search_term_string}"},"query-input":{"@type":"PropertyValueSpecification","valueRequired":true,"valueName":"search_term_string"}}],"inLanguage":"fr-FR"},{"@type":"Organization","@id":"https:\/\/sunyouth.org\/#organization","name":"SUN YOUTH","url":"https:\/\/sunyouth.org\/","logo":{"@type":"ImageObject","inLanguage":"fr-FR","@id":"https:\/\/sunyouth.org\/#\/schema\/logo\/image\/","url":"https:\/\/sunyouth.org\/wp-content\/uploads\/2018\/11\/LOGO-SUNYOUTH.png","contentUrl":"https:\/\/sunyouth.org\/wp-content\/uploads\/2018\/11\/LOGO-SUNYOUTH.png","width":251,"height":251,"caption":"SUN YOUTH"},"image":{"@id":"https:\/\/sunyouth.org\/#\/schema\/logo\/image\/"}}]}},"_links":{"self":[{"href":"https:\/\/sunyouth.org\/fr\/wp-json\/wp\/v2\/pages\/165562","targetHints":{"allow":["GET"]}}],"collection":[{"href":"https:\/\/sunyouth.org\/fr\/wp-json\/wp\/v2\/pages"}],"about":[{"href":"https:\/\/sunyouth.org\/fr\/wp-json\/wp\/v2\/types\/page"}],"author":[{"embeddable":true,"href":"https:\/\/sunyouth.org\/fr\/wp-json\/wp\/v2\/users\/34"}],"replies":[{"embeddable":true,"href":"https:\/\/sunyouth.org\/fr\/wp-json\/wp\/v2\/comments?post=165562"}],"version-history":[{"count":2,"href":"https:\/\/sunyouth.org\/fr\/wp-json\/wp\/v2\/pages\/165562\/revisions"}],"predecessor-version":[{"id":165571,"href":"https:\/\/sunyouth.org\/fr\/wp-json\/wp\/v2\/pages\/165562\/revisions\/165571"}],"wp:attachment":[{"href":"https:\/\/sunyouth.org\/fr\/wp-json\/wp\/v2\/media?parent=165562"}],"curies":[{"name":"wp","href":"https:\/\/api.w.org\/{rel}","templated":true}]}}