{"id":164570,"date":"2024-03-27T14:05:39","date_gmt":"2024-03-27T19:05:39","guid":{"rendered":"https:\/\/sunyouth.org\/?page_id=164570"},"modified":"2024-03-27T15:02:40","modified_gmt":"2024-03-27T20:02:40","slug":"tournoi-de-golf","status":"publish","type":"page","link":"https:\/\/sunyouth.org\/fr\/tournoi-de-golf\/","title":{"rendered":"Tournoi de Golf"},"content":{"rendered":"<div class=\"wpb-content-wrapper\"><p>[vc_row full_width=\u00a0\u00bbstretch_row_content\u00a0\u00bb content_placement=\u00a0\u00bbmiddle\u00a0\u00bb background_position_desktop=\u00a0\u00bbcenter top\u00a0\u00bb css_animation=\u00a0\u00bbfadeIn\u00a0\u00bb css=\u00a0\u00bb.vc_custom_1704906901143{margin-left: 200px !important;background-image: url(https:\/\/sunyouth.org\/wp-content\/uploads\/2024\/01\/Golf_2024_1H1A1504-scaled.jpg?id=163159) !important;background-position: center !important;background-repeat: no-repeat !important;background-size: cover !important;}\u00a0\u00bb el_class=\u00a0\u00bbsports-detail-page-header\u00a0\u00bb mobile_padding_top=\u00a0\u00bb15&Prime;][vc_column width=\u00a0\u00bb1\/2&Prime; thegem_content_alignment=\u00a0\u00bbcenter\u00a0\u00bb el_class=\u00a0\u00bbsports-detail-page-header\u00a0\u00bb css=\u00a0\u00bb.vc_custom_1706903559893{margin-top: 50px !important;margin-left: 200px !important;}\u00a0\u00bb mobile_padding_left=\u00a0\u00bb50&Prime; mobile_margin_left=\u00a0\u00bb0&Prime;][vc_column_text css=\u00a0\u00bb.vc_custom_1706905153589{margin-bottom: 250px !important;}\u00a0\u00bb]<\/p>\n<h2 style=\"text-align: center;\"><span style=\"color: #ffffff;\">TOURNOI DE GOLF<\/span><br \/>\n<span style=\"color: #ffffff;\">MORDY GORDON<\/span><\/h2>\n<p>[\/vc_column_text][vc_column_text css=\u00a0\u00bb.vc_custom_1706904801171{margin-top: -140px !important;}\u00a0\u00bb]<\/p>\n<h2><span style=\"color: #ffffff;\">8 ao\u00fbt 2024<\/span><\/h2>\n<p>[\/vc_column_text][vc_column_inner][vc_btn title=\u00a0\u00bbr\u00e9servez votre place\u00a0\u00bb link=\u00a0\u00bburl:https%3A%2F%2Fwww.imakeanonlinedonation.org%2Fjeunesseausoleil-sunyouth%2FGOLF%2F%3Flng%3D0&Prime;][\/vc_column_inner][\/vc_column][vc_column width=\u00a0\u00bb1\/2&Prime;][\/vc_column][\/vc_row][vc_row][vc_column][vc_empty_space][\/vc_column][\/vc_row][vc_row full_width=\u00a0\u00bbstretch_row_content\u00a0\u00bb thegem_revesrse_columns_mobile=\u00a0\u00bbtrue\u00a0\u00bb css=\u00a0\u00bb.vc_custom_1707511073840{padding-right: 50px !important;padding-left: 50px !important;}\u00a0\u00bb][vc_column width=\u00a0\u00bb1\/2&Prime; css=\u00a0\u00bb.vc_custom_1708975029457{padding-left: 50px !important;}\u00a0\u00bb][vc_custom_heading text=\u00a0\u00bbJouez avec nous!\u00a0\u00bb font_container=\u00a0\u00bbtag:h5|font_size:36|text_align:center\u00a0\u00bb use_theme_fonts=\u00a0\u00bbyes\u00a0\u00bb][vc_empty_space][vc_column_text]<span style=\"color: #000000;\">Rejoignez-nous le jeudi 8 ao\u00fbt 2024 sur le magnifique parcours de golf Elm Ridge.<\/span><\/p>\n<p><span style=\"color: #000000;\">Au cours des derni\u00e8res ann\u00e9es, le tournoi a permis de r\u00e9colter plus d&rsquo;un million de dollars, et ce gr\u00e2ce \u00e0 la g\u00e9n\u00e9rosit\u00e9 de PERSONNES COMME VOUS ! Rejoignez-nous cet \u00e9t\u00e9 pour faire une diff\u00e9rence significative dans la vie des enfants qui comptent sur nous !<\/span><\/p>\n<p><span style=\"color: #000000;\">Les golfeurs auront droit \u00e0 un petit-d\u00e9jeuner avant l&rsquo;\u00e9v\u00e9nement, \u00e0 de la nourriture et des boissons sur le parcours, \u00e0 l&rsquo;acc\u00e8s aux installations du club de golf pendant la journ\u00e9e (y compris la piscine), ainsi qu&rsquo;au cocktail, au d\u00eener et \u00e0 la vente aux ench\u00e8res qui suivront l&rsquo;\u00e9v\u00e9nement. De superbes prix sont \u00e0 gagner au cours de la journ\u00e9e, y compris une voiture pour un trou d&rsquo;un coup !<\/span>[\/vc_column_text][vc_empty_space][vc_btn title=\u00a0\u00bbr\u00e9servez votre place\u00a0\u00bb align=\u00a0\u00bbcenter\u00a0\u00bb link=\u00a0\u00bburl:https%3A%2F%2Fwww.imakeanonlinedonation.org%2Fjeunesseausoleil-sunyouth%2FGOLF%2F%3Flng%3D0&Prime;][\/vc_column][vc_column width=\u00a0\u00bb1\/2&Prime; css=\u00a0\u00bb.vc_custom_1705606255222{border-radius: 2px !important;}\u00a0\u00bb][vc_single_image image=\u00a0\u00bb163544&Prime; img_size=\u00a0\u00bb600&#215;400&Prime; alignment=\u00a0\u00bbcenter\u00a0\u00bb style=\u00a0\u00bbvc_box_shadow_3d\u00a0\u00bb css=\u00a0\u00bb.vc_custom_1706912676398{margin-top: 0px !important;border-radius: 3px !important;}\u00a0\u00bb][\/vc_column][\/vc_row][vc_row][vc_column][vc_empty_space][\/vc_column][\/vc_row][vc_row full_width=\u00a0\u00bbstretch_row_content\u00a0\u00bb css=\u00a0\u00bb.vc_custom_1707511089095{padding-right: 50px !important;padding-left: 50px !important;}\u00a0\u00bb][vc_column width=\u00a0\u00bb1\/2&Prime;][vc_single_image image=\u00a0\u00bb163416&Prime; img_size=\u00a0\u00bb600&#215;400&Prime; alignment=\u00a0\u00bbcenter\u00a0\u00bb style=\u00a0\u00bbvc_box_shadow_3d\u00a0\u00bb css=\u00a0\u00bb.vc_custom_1706912691939{margin-top: 0px !important;border-radius: 5px !important;}\u00a0\u00bb][\/vc_column][vc_column width=\u00a0\u00bb1\/2&Prime; css=\u00a0\u00bb.vc_custom_1708975101417{padding-right: 50px !important;background-position: center !important;background-repeat: no-repeat !important;background-size: contain !important;}\u00a0\u00bb][vc_custom_heading text=\u00a0\u00bbPassez la soir\u00e9e avec nous\u00a0\u00bb font_container=\u00a0\u00bbtag:h5|font_size:36|text_align:center\u00a0\u00bb use_theme_fonts=\u00a0\u00bbyes\u00a0\u00bb][vc_empty_space][vc_column_text]<span style=\"color: #000000;\">Si vous ne pouvez pas vous joindre \u00e0 nous pour jouer au golf, rejoignez-nous pour un cocktail exclusif, avec un bar ouvert et un d\u00eener, dans le cadre pittoresque des greens immacul\u00e9s du club.<\/span><\/p>\n<p><span style=\"color: #000000;\">La camaraderie partag\u00e9e, l&rsquo;animation, les prix et les ventes aux ench\u00e8res rendront certainement cette soir\u00e9e inoubliable. Nous sommes impatients de partager ce d\u00e9licieux d\u00eener avec vous et de cr\u00e9er des souvenirs inoubliables au Elmridge Golf Club, tout cela pour une bonne cause.<\/span>[\/vc_column_text][vc_empty_space][vc_btn title=\u00a0\u00bbr\u00e9servez votre place\u00a0\u00bb align=\u00a0\u00bbcenter\u00a0\u00bb link=\u00a0\u00bburl:https%3A%2F%2Fwww.imakeanonlinedonation.org%2Fjeunesseausoleil-sunyouth%2FGOLF%2F%3Flng%3D0&Prime;][\/vc_column][\/vc_row][vc_row][vc_column][vc_empty_space][\/vc_column][\/vc_row][vc_row full_width=\u00a0\u00bbstretch_row_content\u00a0\u00bb thegem_revesrse_columns_mobile=\u00a0\u00bbtrue\u00a0\u00bb css=\u00a0\u00bb.vc_custom_1707511289668{padding-right: 50px !important;padding-left: 50px !important;}\u00a0\u00bb][vc_column width=\u00a0\u00bb1\/2&Prime; css=\u00a0\u00bb.vc_custom_1708975606972{padding-left: 50px !important;}\u00a0\u00bb][vc_custom_heading text=\u00a0\u00bbCommanditez l&rsquo;\u00e9v\u00e9nement\u00a0\u00bb font_container=\u00a0\u00bbtag:h5|font_size:36|text_align:center\u00a0\u00bb use_theme_fonts=\u00a0\u00bbyes\u00a0\u00bb][vc_empty_space][vc_column_text]<span style=\"color: #000000;\">Rien de tout ceci ne serait possible sans l\u2019apport de nos commanditaires et nous sommes toujours heureux d\u2019accueillir de nouveaux supporters. Plusieurs opportunit\u00e9s de commandite sont ainsi disponibles. Contactez-nous si vous souhaitez nous donner un coup de main cette ann\u00e9e.<\/span><\/p>\n<p><span style=\"color: #000000;\">Un don mon\u00e9taire peut faire beaucoup de chemin alors que des produits ou des services offerts font d\u2019excellents prix de pr\u00e9sence, articles pour notre vente aux ench\u00e8res en ligne ou cadeaux aux participants.<\/span>[\/vc_column_text][vc_empty_space][vc_btn title=\u00a0\u00bb\u00e0 venir les opportunit\u00e9s de commandite\u00a0\u00bb align=\u00a0\u00bbcenter\u00a0\u00bb link=\u00a0\u00bburl:https%3A%2F%2Fwww.imakeanonlinedonation.org%2Fjeunesseausoleil-sunyouth%2FGOLF%2F%3Flng%3D0&Prime;][\/vc_column][vc_column width=\u00a0\u00bb1\/2&Prime; css=\u00a0\u00bb.vc_custom_1704917331998{background-position: center !important;background-repeat: no-repeat !important;background-size: contain !important;}\u00a0\u00bb][vc_single_image image=\u00a0\u00bb163931&Prime; img_size=\u00a0\u00bb600&#215;400&Prime; alignment=\u00a0\u00bbcenter\u00a0\u00bb style=\u00a0\u00bbvc_box_shadow_3d\u00a0\u00bb css=\u00a0\u00bb.vc_custom_1706912707611{margin-top: 0px !important;border-radius: 5px !important;}\u00a0\u00bb][\/vc_column][\/vc_row][vc_row][vc_column][vc_empty_space][\/vc_column][\/vc_row][vc_row css=\u00a0\u00bb.vc_custom_1707511206755{padding-right: 50px !important;padding-left: 50px !important;}\u00a0\u00bb][vc_column width=\u00a0\u00bb1\/2&Prime;][vc_custom_heading text=\u00a0\u00bbMordy Gordon\u00a0\u00bb font_container=\u00a0\u00bbtag:h5|font_size:36|text_align:center\u00a0\u00bb use_theme_fonts=\u00a0\u00bbyes\u00a0\u00bb][vc_single_image image=\u00a0\u00bb163909&Prime; img_size=\u00a0\u00bb900&#215;600&Prime;][vc_column_text]<span style=\"color: #000000;\">Quand nous avons cr\u00e9\u00e9 notre tournoi de golf annuel il y a 20 ans de cela, nous n\u2019aurions jamais pu nous imaginer que l\u2019\u00e9v\u00e9nement deviendrait si populaire. Un groupe d\u2019anciens de Jeunesse au Soleil Mordy Gordon, Lewis Israel, Marvin Pascal ont \u00e0 l\u2019\u00e9poque joint leurs forces afin d\u2019amasser des fonds et faire conna\u00eetre nos programmes de sports et loisirs pour enfants et ainsi redonner \u00e0 l\u2019organisme qui les a vu grandir et devenir des membres influents de la communaut\u00e9.<\/span>[\/vc_column_text][\/vc_column][vc_column width=\u00a0\u00bb1\/2&Prime;][vc_custom_heading text=\u00a0\u00bbO\u00f9 va l&rsquo;argent?\u00a0\u00bb font_container=\u00a0\u00bbtag:h5|font_size:36|text_align:center\u00a0\u00bb use_theme_fonts=\u00a0\u00bbyes\u00a0\u00bb][vc_single_image image=\u00a0\u00bb163913&Prime; img_size=\u00a0\u00bb900X600&Prime;][vc_column_text]<\/p>\n<div class=\"wpb_wrapper\">\n<p><span style=\"color: #000000;\">Depuis sa fondation en 1954, Jeunesse au Soleil fait la promotion des saines habitudes de vie et de la pers\u00e9v\u00e9rance scolaire. Chaque ann\u00e9e, plus de 800 jeunes b\u00e9n\u00e9ficient des programmes sportifs et r\u00e9cr\u00e9atifs de l\u2019organisation. Nous contribuons \u00e0 leur d\u00e9veloppement physique, social et intellectuel par le biais de programmes sportifs les pr\u00e9parant \u00e0 la comp\u00e9tition et nous leur fournissons un soutien dans leur cheminement scolaire.<\/span><\/p>\n<\/div>\n<p>[\/vc_column_text][\/vc_column][\/vc_row][vc_row full_width=\u00a0\u00bbstretch_row_content_no_spaces\u00a0\u00bb css=\u00a0\u00bb.vc_custom_1704912143600{margin-bottom: 35px !important;}\u00a0\u00bb][vc_column thegem_content_alignment=\u00a0\u00bbcenter\u00a0\u00bb background_position_desktop=\u00a0\u00bbcenter center\u00a0\u00bb][vc_column_text css=\u00a0\u00bb.vc_custom_1704911924454{margin-bottom: 35px !important;}\u00a0\u00bb]<\/p>\n<h6>album Golf 2023<\/h6>\n<p>[\/vc_column_text][vc_gallery type=\u00a0\u00bbimage_grid\u00a0\u00bb images=\u00a0\u00bb163273,163256,163254,163252,163360,163362,163364,163366,163368,163370,163372,163374,163376,163378&Prime; img_size=\u00a0\u00bb200&#215;100&Prime; css=\u00a0\u00bb.vc_custom_1706889521482{margin-right: 100px !important;margin-left: 100px !important;}\u00a0\u00bb][vc_column_text]<\/p>\n<h5 style=\"text-align: center;\">VOIR PLUS SUR <a class=\"_ps2id\" href=\"https:\/\/www.facebook.com\/media\/set?vanity=SunYouthOrg&amp;set=a.687974660035798\" data-ps2id-offset=\"\"><span style=\"color: #3366ff;\">Facebook<\/span><\/a><\/h5>\n<p>[\/vc_column_text][\/vc_column][\/vc_row][vc_row][vc_column][vc_custom_heading text=\u00a0\u00bbLe cours\u00a0\u00bb font_container=\u00a0\u00bbtag:h2|text_align:center\u00a0\u00bb use_theme_fonts=\u00a0\u00bbyes\u00a0\u00bb][vc_row_inner css=\u00a0\u00bb.vc_custom_1707511370121{padding-right: 50px !important;padding-left: 50px !important;}\u00a0\u00bb][vc_column_inner width=\u00a0\u00bb1\/3&Prime;][vc_single_image image=\u00a0\u00bb163577&Prime; img_size=\u00a0\u00bb900&#215;600&Prime;][\/vc_column_inner][vc_column_inner width=\u00a0\u00bb1\/3&Prime;][vc_single_image image=\u00a0\u00bb163579&Prime; img_size=\u00a0\u00bb900&#215;600&Prime;][\/vc_column_inner][vc_column_inner width=\u00a0\u00bb1\/3&Prime;][vc_single_image image=\u00a0\u00bb163575&Prime; img_size=\u00a0\u00bb900&#215;600&Prime;][\/vc_column_inner][\/vc_row_inner][vc_empty_space][vc_column_text]<\/p>\n<p style=\"text-align: center;\"><span style=\"color: #000000;\">CLUB DE GOLF ELM RIDGE<\/span><\/p>\n<p style=\"text-align: center;\"><span style=\"color: #000000;\">851 Cherrier,<\/span><br \/>\n<span style=\"color: #000000;\">Ile Bizard (Qu\u00e9bec) H9E 1C3<\/span><br \/>\n<span style=\"color: #000000;\">(514) 626-3992<\/span><\/p>\n<p>[\/vc_column_text][\/vc_column][\/vc_row][vc_row css=\u00a0\u00bb.vc_custom_1707511413670{padding-right: 50px !important;padding-left: 50px !important;}\u00a0\u00bb][vc_column][vc_gmaps link=\u00a0\u00bb#E-8_JTNDaWZyYW1lJTIwc3JjJTNEJTIyaHR0cHMlM0ElMkYlMkZ3d3cuZ29vZ2xlLmNvbSUyRm1hcHMlMkZkJTJGZW1iZWQlM0ZtaWQlM0QxcjBSUHBRT3NiZlQyQUJ4R0pGalRuYk5oOUpER2xlRSUyNmVoYmMlM0QyRTMxMkYlMjZub3Byb2YlM0QxJTIyJTIwd2lkdGglM0QlMjI2NDAlMjIlMjBoZWlnaHQlM0QlMjI0ODAlMjIlM0UlM0MlMkZpZnJhbWUlM0U=\u00a0\u00bb][\/vc_column][\/vc_row][vc_row el_disable_desktop=\u00a0\u00bb1&Prime; el_disable_tablet=\u00a0\u00bb1&Prime; el_disable_mobile=\u00a0\u00bb1&Prime;][vc_column width=\u00a0\u00bb1\/4&Prime;][vc_single_image image=\u00a0\u00bb160698&Prime; img_size=\u00a0\u00bb200&#215;100&Prime; alignment=\u00a0\u00bbcenter\u00a0\u00bb][\/vc_column][vc_column width=\u00a0\u00bb1\/4&Prime;][vc_single_image image=\u00a0\u00bb160948&Prime; img_size=\u00a0\u00bbfull\u00a0\u00bb][\/vc_column][vc_column width=\u00a0\u00bb1\/4&Prime;][vc_single_image image=\u00a0\u00bb160952&Prime;][\/vc_column][vc_column width=\u00a0\u00bb1\/4&Prime;][vc_single_image image=\u00a0\u00bb160946&Prime; img_size=\u00a0\u00bb310&#215;140&Prime;][\/vc_column][\/vc_row][vc_row el_disable_desktop=\u00a0\u00bb1&Prime; el_disable_tablet=\u00a0\u00bb1&Prime; el_disable_mobile=\u00a0\u00bb1&Prime;][vc_column width=\u00a0\u00bb1\/4&Prime;][vc_single_image image=\u00a0\u00bb160696&Prime; img_size=\u00a0\u00bb620&#215;170&Prime;][\/vc_column][vc_column width=\u00a0\u00bb1\/4&Prime;][vc_single_image image=\u00a0\u00bb160724&Prime; img_size=\u00a0\u00bb600&#215;160&Prime;][\/vc_column][vc_column width=\u00a0\u00bb1\/4&Prime;][vc_single_image image=\u00a0\u00bb160722&Prime; img_size=\u00a0\u00bb680&#215;190&Prime;][\/vc_column][vc_column width=\u00a0\u00bb1\/4&Prime;][vc_single_image image=\u00a0\u00bb160726&Prime; img_size=\u00a0\u00bb680&#215;190&Prime;][\/vc_column][\/vc_row][vc_row el_disable_desktop=\u00a0\u00bb1&Prime; el_disable_tablet=\u00a0\u00bb1&Prime; el_disable_mobile=\u00a0\u00bb1&Prime;][vc_column width=\u00a0\u00bb1\/3&Prime;][vc_single_image image=\u00a0\u00bb160955&Prime; img_size=\u00a0\u00bb150&#215;150&Prime; alignment=\u00a0\u00bbcenter\u00a0\u00bb][\/vc_column][vc_column width=\u00a0\u00bb1\/3&Prime;][vc_single_image image=\u00a0\u00bb160729&Prime; img_size=\u00a0\u00bb680X200&Prime;][\/vc_column][vc_column width=\u00a0\u00bb1\/3&Prime;][vc_single_image image=\u00a0\u00bb160694&Prime; img_size=\u00a0\u00bb150&#215;150&Prime; alignment=\u00a0\u00bbcenter\u00a0\u00bb][\/vc_column][\/vc_row][vc_row][vc_column][\/vc_column][\/vc_row][vc_row][vc_column][vc_column_text]<\/p>\n<h4 style=\"text-align: center;\"><a href=\"https:\/\/sunyouth.org\/wp-content\/uploads\/2024\/03\/Golf_commandites_2024_fr.pdf\"><strong><span style=\"color: #000000;\">Cliquez ici pour t\u00e9l\u00e9charger les opportunit\u00e9s de commandite de golf<\/span><\/strong><\/a><\/h4>\n<p>[\/vc_column_text][vc_row_inner][vc_column_inner width=\u00a0\u00bb1\/3&Prime;][\/vc_column_inner][vc_column_inner width=\u00a0\u00bb1\/3&Prime;][vc_column_text]<a href=\"https:\/\/sunyouth.org\/wp-content\/uploads\/2024\/03\/Golf_commandites_2024_fr.pdf\" class=\"pdfemb-viewer\" style=\"width:400px;height:600px;\" data-width=\"400\" data-height=\"600\" data-toolbar=\"top\" data-toolbar-fixed=\"on\">Golf_commandites_2024_fr<\/a>[\/vc_column_text][\/vc_column_inner][vc_column_inner width=\u00a0\u00bb1\/3&Prime;][\/vc_column_inner][\/vc_row_inner][\/vc_column][\/vc_row]<\/p>\n<\/div>","protected":false},"excerpt":{"rendered":"<p>[vc_row full_width=\u00a0\u00bbstretch_row_content\u00a0\u00bb content_placement=\u00a0\u00bbmiddle\u00a0\u00bb background_position_desktop=\u00a0\u00bbcenter top\u00a0\u00bb css_animation=\u00a0\u00bbfadeIn\u00a0\u00bb css=\u00a0\u00bb.vc_custom_1704906901143{margin-left: 200px !important;background-image: url(https:\/\/sunyouth.org\/wp-content\/uploads\/2024\/01\/Golf_2024_1H1A1504-scaled.jpg?id=163159) !important;background-position: center !important;background-repeat: no-repeat !important;background-size: cover !important;}\u00a0\u00bb el_class=\u00a0\u00bbsports-detail-page-header\u00a0\u00bb mobile_padding_top=\u00a0\u00bb15&Prime;][vc_column width=\u00a0\u00bb1\/2&Prime; thegem_content_alignment=\u00a0\u00bbcenter\u00a0\u00bb el_class=\u00a0\u00bbsports-detail-page-header\u00a0\u00bb&#8230;<\/p>\n","protected":false},"author":34,"featured_media":0,"parent":0,"menu_order":0,"comment_status":"closed","ping_status":"closed","template":"","meta":{"_acf_changed":false,"_monsterinsights_skip_tracking":false,"_monsterinsights_sitenote_active":false,"_monsterinsights_sitenote_note":"","_monsterinsights_sitenote_category":0,"footnotes":""},"class_list":["post-164570","page","type-page","status-publish"],"acf":[],"yoast_head":"<!-- This site is optimized with the Yoast SEO plugin v27.4 - https:\/\/yoast.com\/product\/yoast-seo-wordpress\/ -->\n<title>Tournoi de Golf - Jeunesse au soleil<\/title>\n<meta name=\"description\" content=\"Golf Tournament\" \/>\n<meta name=\"robots\" content=\"index, follow, max-snippet:-1, max-image-preview:large, max-video-preview:-1\" \/>\n<link rel=\"canonical\" href=\"https:\/\/sunyouth.org\/fr\/tournoi-de-golf\/\" \/>\n<meta property=\"og:locale\" content=\"fr_FR\" \/>\n<meta property=\"og:type\" content=\"article\" \/>\n<meta property=\"og:title\" content=\"Tournoi de Golf - Jeunesse au soleil\" \/>\n<meta property=\"og:description\" content=\"Golf Tournament\" \/>\n<meta property=\"og:url\" content=\"https:\/\/sunyouth.org\/fr\/tournoi-de-golf\/\" \/>\n<meta property=\"og:site_name\" content=\"Jeunesse au soleil\" \/>\n<meta property=\"article:modified_time\" content=\"2024-03-27T20:02:40+00:00\" \/>\n<meta name=\"twitter:card\" content=\"summary_large_image\" \/>\n<meta name=\"twitter:label1\" content=\"Dur\u00e9e de lecture estim\u00e9e\" \/>\n\t<meta name=\"twitter:data1\" content=\"4 minutes\" \/>\n<script type=\"application\/ld+json\" class=\"yoast-schema-graph\">{\"@context\":\"https:\\\/\\\/schema.org\",\"@graph\":[{\"@type\":\"WebPage\",\"@id\":\"https:\\\/\\\/sunyouth.org\\\/fr\\\/tournoi-de-golf\\\/\",\"url\":\"https:\\\/\\\/sunyouth.org\\\/fr\\\/tournoi-de-golf\\\/\",\"name\":\"Tournoi de Golf - Jeunesse au soleil\",\"isPartOf\":{\"@id\":\"https:\\\/\\\/sunyouth.org\\\/#website\"},\"datePublished\":\"2024-03-27T19:05:39+00:00\",\"dateModified\":\"2024-03-27T20:02:40+00:00\",\"description\":\"Golf Tournament\",\"breadcrumb\":{\"@id\":\"https:\\\/\\\/sunyouth.org\\\/fr\\\/tournoi-de-golf\\\/#breadcrumb\"},\"inLanguage\":\"fr-FR\",\"potentialAction\":[{\"@type\":\"ReadAction\",\"target\":[\"https:\\\/\\\/sunyouth.org\\\/fr\\\/tournoi-de-golf\\\/\"]}]},{\"@type\":\"BreadcrumbList\",\"@id\":\"https:\\\/\\\/sunyouth.org\\\/fr\\\/tournoi-de-golf\\\/#breadcrumb\",\"itemListElement\":[{\"@type\":\"ListItem\",\"position\":1,\"name\":\"Home\",\"item\":\"https:\\\/\\\/sunyouth.org\\\/fr\\\/\"},{\"@type\":\"ListItem\",\"position\":2,\"name\":\"Tournoi de Golf\"}]},{\"@type\":\"WebSite\",\"@id\":\"https:\\\/\\\/sunyouth.org\\\/#website\",\"url\":\"https:\\\/\\\/sunyouth.org\\\/\",\"name\":\"Jeunesse au soleil\",\"description\":\"Dedicated since 1954!\",\"publisher\":{\"@id\":\"https:\\\/\\\/sunyouth.org\\\/#organization\"},\"potentialAction\":[{\"@type\":\"SearchAction\",\"target\":{\"@type\":\"EntryPoint\",\"urlTemplate\":\"https:\\\/\\\/sunyouth.org\\\/?s={search_term_string}\"},\"query-input\":{\"@type\":\"PropertyValueSpecification\",\"valueRequired\":true,\"valueName\":\"search_term_string\"}}],\"inLanguage\":\"fr-FR\"},{\"@type\":\"Organization\",\"@id\":\"https:\\\/\\\/sunyouth.org\\\/#organization\",\"name\":\"SUN YOUTH\",\"url\":\"https:\\\/\\\/sunyouth.org\\\/\",\"logo\":{\"@type\":\"ImageObject\",\"inLanguage\":\"fr-FR\",\"@id\":\"https:\\\/\\\/sunyouth.org\\\/#\\\/schema\\\/logo\\\/image\\\/\",\"url\":\"https:\\\/\\\/sunyouth.org\\\/wp-content\\\/uploads\\\/2018\\\/11\\\/LOGO-SUNYOUTH.png\",\"contentUrl\":\"https:\\\/\\\/sunyouth.org\\\/wp-content\\\/uploads\\\/2018\\\/11\\\/LOGO-SUNYOUTH.png\",\"width\":251,\"height\":251,\"caption\":\"SUN YOUTH\"},\"image\":{\"@id\":\"https:\\\/\\\/sunyouth.org\\\/#\\\/schema\\\/logo\\\/image\\\/\"}}]}<\/script>\n<!-- \/ Yoast SEO plugin. -->","yoast_head_json":{"title":"Tournoi de Golf - Jeunesse au soleil","description":"Golf Tournament","robots":{"index":"index","follow":"follow","max-snippet":"max-snippet:-1","max-image-preview":"max-image-preview:large","max-video-preview":"max-video-preview:-1"},"canonical":"https:\/\/sunyouth.org\/fr\/tournoi-de-golf\/","og_locale":"fr_FR","og_type":"article","og_title":"Tournoi de Golf - Jeunesse au soleil","og_description":"Golf Tournament","og_url":"https:\/\/sunyouth.org\/fr\/tournoi-de-golf\/","og_site_name":"Jeunesse au soleil","article_modified_time":"2024-03-27T20:02:40+00:00","twitter_card":"summary_large_image","twitter_misc":{"Dur\u00e9e de lecture estim\u00e9e":"4 minutes"},"schema":{"@context":"https:\/\/schema.org","@graph":[{"@type":"WebPage","@id":"https:\/\/sunyouth.org\/fr\/tournoi-de-golf\/","url":"https:\/\/sunyouth.org\/fr\/tournoi-de-golf\/","name":"Tournoi de Golf - Jeunesse au soleil","isPartOf":{"@id":"https:\/\/sunyouth.org\/#website"},"datePublished":"2024-03-27T19:05:39+00:00","dateModified":"2024-03-27T20:02:40+00:00","description":"Golf Tournament","breadcrumb":{"@id":"https:\/\/sunyouth.org\/fr\/tournoi-de-golf\/#breadcrumb"},"inLanguage":"fr-FR","potentialAction":[{"@type":"ReadAction","target":["https:\/\/sunyouth.org\/fr\/tournoi-de-golf\/"]}]},{"@type":"BreadcrumbList","@id":"https:\/\/sunyouth.org\/fr\/tournoi-de-golf\/#breadcrumb","itemListElement":[{"@type":"ListItem","position":1,"name":"Home","item":"https:\/\/sunyouth.org\/fr\/"},{"@type":"ListItem","position":2,"name":"Tournoi de Golf"}]},{"@type":"WebSite","@id":"https:\/\/sunyouth.org\/#website","url":"https:\/\/sunyouth.org\/","name":"Jeunesse au soleil","description":"Dedicated since 1954!","publisher":{"@id":"https:\/\/sunyouth.org\/#organization"},"potentialAction":[{"@type":"SearchAction","target":{"@type":"EntryPoint","urlTemplate":"https:\/\/sunyouth.org\/?s={search_term_string}"},"query-input":{"@type":"PropertyValueSpecification","valueRequired":true,"valueName":"search_term_string"}}],"inLanguage":"fr-FR"},{"@type":"Organization","@id":"https:\/\/sunyouth.org\/#organization","name":"SUN YOUTH","url":"https:\/\/sunyouth.org\/","logo":{"@type":"ImageObject","inLanguage":"fr-FR","@id":"https:\/\/sunyouth.org\/#\/schema\/logo\/image\/","url":"https:\/\/sunyouth.org\/wp-content\/uploads\/2018\/11\/LOGO-SUNYOUTH.png","contentUrl":"https:\/\/sunyouth.org\/wp-content\/uploads\/2018\/11\/LOGO-SUNYOUTH.png","width":251,"height":251,"caption":"SUN YOUTH"},"image":{"@id":"https:\/\/sunyouth.org\/#\/schema\/logo\/image\/"}}]}},"_links":{"self":[{"href":"https:\/\/sunyouth.org\/fr\/wp-json\/wp\/v2\/pages\/164570","targetHints":{"allow":["GET"]}}],"collection":[{"href":"https:\/\/sunyouth.org\/fr\/wp-json\/wp\/v2\/pages"}],"about":[{"href":"https:\/\/sunyouth.org\/fr\/wp-json\/wp\/v2\/types\/page"}],"author":[{"embeddable":true,"href":"https:\/\/sunyouth.org\/fr\/wp-json\/wp\/v2\/users\/34"}],"replies":[{"embeddable":true,"href":"https:\/\/sunyouth.org\/fr\/wp-json\/wp\/v2\/comments?post=164570"}],"version-history":[{"count":12,"href":"https:\/\/sunyouth.org\/fr\/wp-json\/wp\/v2\/pages\/164570\/revisions"}],"predecessor-version":[{"id":164598,"href":"https:\/\/sunyouth.org\/fr\/wp-json\/wp\/v2\/pages\/164570\/revisions\/164598"}],"wp:attachment":[{"href":"https:\/\/sunyouth.org\/fr\/wp-json\/wp\/v2\/media?parent=164570"}],"curies":[{"name":"wp","href":"https:\/\/api.w.org\/{rel}","templated":true}]}}