{"id":163043,"date":"2024-01-06T19:38:25","date_gmt":"2024-01-06T19:38:25","guid":{"rendered":"https:\/\/sunyouth.org\/?page_id=163043"},"modified":"2024-01-11T15:12:27","modified_gmt":"2024-01-11T15:12:27","slug":"danse","status":"publish","type":"page","link":"https:\/\/sunyouth.org\/fr\/danse\/","title":{"rendered":"Danse"},"content":{"rendered":"<div class=\"wpb-content-wrapper\"><p>[vc_row full_width=\u00a0\u00bbstretch_row_content\u00a0\u00bb content_placement=\u00a0\u00bbmiddle\u00a0\u00bb background_position_desktop=\u00a0\u00bbcenter top\u00a0\u00bb css_animation=\u00a0\u00bbfadeIn\u00a0\u00bb css=\u00a0\u00bb.vc_custom_1704727438525{margin-left: 200px !important;background-image: url(https:\/\/sunyouth.org\/wp-content\/uploads\/2024\/01\/1_Dancer_hip-hop-2733137_1920.jpg?id=163080) !important;background-position: center !important;background-repeat: no-repeat !important;background-size: cover !important;}\u00a0\u00bb el_class=\u00a0\u00bbsports-detail-page-header\u00a0\u00bb mobile_padding_top=\u00a0\u00bb15&Prime;][vc_column el_class=\u00a0\u00bbsports-detail-page-header\u00a0\u00bb css=\u00a0\u00bb.vc_custom_1696372468115{margin-top: 50px !important;margin-left: 200px !important;}\u00a0\u00bb mobile_padding_left=\u00a0\u00bb50&Prime; mobile_margin_left=\u00a0\u00bb0&Prime;][vc_column_text css=\u00a0\u00bb.vc_custom_1704727353183{margin-bottom: 250px !important;}\u00a0\u00bb]<\/p>\n<h2><span style=\"color: #ffffff;\">Cours de danse<\/span><\/h2>\n<p>[\/vc_column_text][vc_column_inner][\/vc_column_inner][\/vc_column][\/vc_row][vc_row css=\u00a0\u00bb.vc_custom_1704729414700{margin-bottom: -10px !important;}\u00a0\u00bb][vc_column]<div class=\"gem-table gem-table-responsive gem-table-style-1\"><h2 style=\"text-align: center;\">Cat\u00e9gories d&rsquo;\u00e2ge<\/h2>\n<table style=\"width: 100%;\">\n<thead><\/thead>\n<tbody>\n<tr>\n<td style=\"text-align: center;\">\n<h3>5-7<\/h3>\n<\/td>\n<td style=\"text-align: center;\">\n<h3>\u00a09h00<\/h3>\n<\/td>\n<td style=\"text-align: center;\">\n<h3>45 MINUTES<\/h3>\n<\/td>\n<\/tr>\n<tr>\n<td style=\"text-align: center;\">\n<h3>8-9<\/h3>\n<\/td>\n<td style=\"text-align: center;\">\n<h3>10h00<\/h3>\n<\/td>\n<td style=\"text-align: center;\">\n<h3>45 MINUTES<\/h3>\n<\/td>\n<\/tr>\n<tr>\n<td style=\"text-align: center;\">\n<h3>10-12<\/h3>\n<\/td>\n<td style=\"text-align: center;\">\n<h3>11h00<\/h3>\n<\/td>\n<td style=\"text-align: center;\">\n<h3>45 MINUTES<\/h3>\n<\/td>\n<\/tr>\n<\/tbody>\n<\/table>\n<\/div>[vc_column_text]<\/p>\n<p style=\"text-align: center;\"><span style=\"color: #000000;\">L&rsquo;adresse est 6610 Rue Hutchison, Outremont, QC H2V 1A5, 2e \u00e9tage. Passez par l&rsquo;entr\u00e9e arri\u00e8re en montant les escaliers.<\/span><\/p>\n<p>[\/vc_column_text][vc_btn title=\u00a0\u00bbCours de danse\u00a0\u00bb align=\u00a0\u00bbcenter\u00a0\u00bb][\/vc_column][\/vc_row]<\/p>\n<\/div>","protected":false},"excerpt":{"rendered":"<p>[vc_row full_width=\u00a0\u00bbstretch_row_content\u00a0\u00bb content_placement=\u00a0\u00bbmiddle\u00a0\u00bb background_position_desktop=\u00a0\u00bbcenter top\u00a0\u00bb css_animation=\u00a0\u00bbfadeIn\u00a0\u00bb css=\u00a0\u00bb.vc_custom_1704727438525{margin-left: 200px !important;background-image: url(https:\/\/sunyouth.org\/wp-content\/uploads\/2024\/01\/1_Dancer_hip-hop-2733137_1920.jpg?id=163080) !important;background-position: center !important;background-repeat: no-repeat !important;background-size: cover !important;}\u00a0\u00bb el_class=\u00a0\u00bbsports-detail-page-header\u00a0\u00bb mobile_padding_top=\u00a0\u00bb15&Prime;][vc_column el_class=\u00a0\u00bbsports-detail-page-header\u00a0\u00bb css=\u00a0\u00bb.vc_custom_1696372468115{margin-top: 50px&#8230;<\/p>\n","protected":false},"author":34,"featured_media":0,"parent":0,"menu_order":0,"comment_status":"closed","ping_status":"closed","template":"","meta":{"_acf_changed":false,"_monsterinsights_skip_tracking":false,"_monsterinsights_sitenote_active":false,"_monsterinsights_sitenote_note":"","_monsterinsights_sitenote_category":0,"footnotes":""},"class_list":["post-163043","page","type-page","status-publish"],"acf":[],"yoast_head":"<!-- This site is optimized with the Yoast SEO plugin v27.4 - https:\/\/yoast.com\/product\/yoast-seo-wordpress\/ -->\n<title>Danse - Jeunesse au soleil<\/title>\n<meta name=\"description\" content=\"Notre programme de basketball est offert \u00e0 l\u2019ann\u00e9e et s&#039;adresse aux jeunes de 7 \u00e0 17 ans qui d\u00e9sirent d\u00e9couvrir ce sport et acqu\u00e9rir de pr\u00e9cieuses le\u00e7ons de vie.\u00a0\" \/>\n<meta name=\"robots\" content=\"index, follow, max-snippet:-1, max-image-preview:large, max-video-preview:-1\" \/>\n<link rel=\"canonical\" href=\"https:\/\/sunyouth.org\/fr\/danse\/\" \/>\n<meta property=\"og:locale\" content=\"fr_FR\" \/>\n<meta property=\"og:type\" content=\"article\" \/>\n<meta property=\"og:title\" content=\"Danse - Jeunesse au soleil\" \/>\n<meta property=\"og:description\" content=\"Notre programme de basketball est offert \u00e0 l\u2019ann\u00e9e et s&#039;adresse aux jeunes de 7 \u00e0 17 ans qui d\u00e9sirent d\u00e9couvrir ce sport et acqu\u00e9rir de pr\u00e9cieuses le\u00e7ons de vie.\u00a0\" \/>\n<meta property=\"og:url\" content=\"https:\/\/sunyouth.org\/fr\/danse\/\" \/>\n<meta property=\"og:site_name\" content=\"Jeunesse au soleil\" \/>\n<meta property=\"article:modified_time\" content=\"2024-01-11T15:12:27+00:00\" \/>\n<meta name=\"twitter:card\" content=\"summary_large_image\" \/>\n<meta name=\"twitter:label1\" content=\"Dur\u00e9e de lecture estim\u00e9e\" \/>\n\t<meta name=\"twitter:data1\" content=\"1 minute\" \/>\n<script type=\"application\/ld+json\" class=\"yoast-schema-graph\">{\"@context\":\"https:\\\/\\\/schema.org\",\"@graph\":[{\"@type\":\"WebPage\",\"@id\":\"https:\\\/\\\/sunyouth.org\\\/fr\\\/danse\\\/\",\"url\":\"https:\\\/\\\/sunyouth.org\\\/fr\\\/danse\\\/\",\"name\":\"Danse - Jeunesse au soleil\",\"isPartOf\":{\"@id\":\"https:\\\/\\\/sunyouth.org\\\/#website\"},\"datePublished\":\"2024-01-06T19:38:25+00:00\",\"dateModified\":\"2024-01-11T15:12:27+00:00\",\"description\":\"Notre programme de basketball est offert \u00e0 l\u2019ann\u00e9e et s'adresse aux jeunes de 7 \u00e0 17 ans qui d\u00e9sirent d\u00e9couvrir ce sport et acqu\u00e9rir de pr\u00e9cieuses le\u00e7ons de vie.\u00a0\",\"breadcrumb\":{\"@id\":\"https:\\\/\\\/sunyouth.org\\\/fr\\\/danse\\\/#breadcrumb\"},\"inLanguage\":\"fr-FR\",\"potentialAction\":[{\"@type\":\"ReadAction\",\"target\":[\"https:\\\/\\\/sunyouth.org\\\/fr\\\/danse\\\/\"]}]},{\"@type\":\"BreadcrumbList\",\"@id\":\"https:\\\/\\\/sunyouth.org\\\/fr\\\/danse\\\/#breadcrumb\",\"itemListElement\":[{\"@type\":\"ListItem\",\"position\":1,\"name\":\"Home\",\"item\":\"https:\\\/\\\/sunyouth.org\\\/fr\\\/\"},{\"@type\":\"ListItem\",\"position\":2,\"name\":\"Danse\"}]},{\"@type\":\"WebSite\",\"@id\":\"https:\\\/\\\/sunyouth.org\\\/#website\",\"url\":\"https:\\\/\\\/sunyouth.org\\\/\",\"name\":\"Jeunesse au soleil\",\"description\":\"Dedicated since 1954!\",\"publisher\":{\"@id\":\"https:\\\/\\\/sunyouth.org\\\/#organization\"},\"potentialAction\":[{\"@type\":\"SearchAction\",\"target\":{\"@type\":\"EntryPoint\",\"urlTemplate\":\"https:\\\/\\\/sunyouth.org\\\/?s={search_term_string}\"},\"query-input\":{\"@type\":\"PropertyValueSpecification\",\"valueRequired\":true,\"valueName\":\"search_term_string\"}}],\"inLanguage\":\"fr-FR\"},{\"@type\":\"Organization\",\"@id\":\"https:\\\/\\\/sunyouth.org\\\/#organization\",\"name\":\"SUN YOUTH\",\"url\":\"https:\\\/\\\/sunyouth.org\\\/\",\"logo\":{\"@type\":\"ImageObject\",\"inLanguage\":\"fr-FR\",\"@id\":\"https:\\\/\\\/sunyouth.org\\\/#\\\/schema\\\/logo\\\/image\\\/\",\"url\":\"https:\\\/\\\/sunyouth.org\\\/wp-content\\\/uploads\\\/2018\\\/11\\\/LOGO-SUNYOUTH.png\",\"contentUrl\":\"https:\\\/\\\/sunyouth.org\\\/wp-content\\\/uploads\\\/2018\\\/11\\\/LOGO-SUNYOUTH.png\",\"width\":251,\"height\":251,\"caption\":\"SUN YOUTH\"},\"image\":{\"@id\":\"https:\\\/\\\/sunyouth.org\\\/#\\\/schema\\\/logo\\\/image\\\/\"}}]}<\/script>\n<!-- \/ Yoast SEO plugin. -->","yoast_head_json":{"title":"Danse - Jeunesse au soleil","description":"Notre programme de basketball est offert \u00e0 l\u2019ann\u00e9e et s'adresse aux jeunes de 7 \u00e0 17 ans qui d\u00e9sirent d\u00e9couvrir ce sport et acqu\u00e9rir de pr\u00e9cieuses le\u00e7ons de vie.\u00a0","robots":{"index":"index","follow":"follow","max-snippet":"max-snippet:-1","max-image-preview":"max-image-preview:large","max-video-preview":"max-video-preview:-1"},"canonical":"https:\/\/sunyouth.org\/fr\/danse\/","og_locale":"fr_FR","og_type":"article","og_title":"Danse - Jeunesse au soleil","og_description":"Notre programme de basketball est offert \u00e0 l\u2019ann\u00e9e et s'adresse aux jeunes de 7 \u00e0 17 ans qui d\u00e9sirent d\u00e9couvrir ce sport et acqu\u00e9rir de pr\u00e9cieuses le\u00e7ons de vie.\u00a0","og_url":"https:\/\/sunyouth.org\/fr\/danse\/","og_site_name":"Jeunesse au soleil","article_modified_time":"2024-01-11T15:12:27+00:00","twitter_card":"summary_large_image","twitter_misc":{"Dur\u00e9e de lecture estim\u00e9e":"1 minute"},"schema":{"@context":"https:\/\/schema.org","@graph":[{"@type":"WebPage","@id":"https:\/\/sunyouth.org\/fr\/danse\/","url":"https:\/\/sunyouth.org\/fr\/danse\/","name":"Danse - Jeunesse au soleil","isPartOf":{"@id":"https:\/\/sunyouth.org\/#website"},"datePublished":"2024-01-06T19:38:25+00:00","dateModified":"2024-01-11T15:12:27+00:00","description":"Notre programme de basketball est offert \u00e0 l\u2019ann\u00e9e et s'adresse aux jeunes de 7 \u00e0 17 ans qui d\u00e9sirent d\u00e9couvrir ce sport et acqu\u00e9rir de pr\u00e9cieuses le\u00e7ons de vie.\u00a0","breadcrumb":{"@id":"https:\/\/sunyouth.org\/fr\/danse\/#breadcrumb"},"inLanguage":"fr-FR","potentialAction":[{"@type":"ReadAction","target":["https:\/\/sunyouth.org\/fr\/danse\/"]}]},{"@type":"BreadcrumbList","@id":"https:\/\/sunyouth.org\/fr\/danse\/#breadcrumb","itemListElement":[{"@type":"ListItem","position":1,"name":"Home","item":"https:\/\/sunyouth.org\/fr\/"},{"@type":"ListItem","position":2,"name":"Danse"}]},{"@type":"WebSite","@id":"https:\/\/sunyouth.org\/#website","url":"https:\/\/sunyouth.org\/","name":"Jeunesse au soleil","description":"Dedicated since 1954!","publisher":{"@id":"https:\/\/sunyouth.org\/#organization"},"potentialAction":[{"@type":"SearchAction","target":{"@type":"EntryPoint","urlTemplate":"https:\/\/sunyouth.org\/?s={search_term_string}"},"query-input":{"@type":"PropertyValueSpecification","valueRequired":true,"valueName":"search_term_string"}}],"inLanguage":"fr-FR"},{"@type":"Organization","@id":"https:\/\/sunyouth.org\/#organization","name":"SUN YOUTH","url":"https:\/\/sunyouth.org\/","logo":{"@type":"ImageObject","inLanguage":"fr-FR","@id":"https:\/\/sunyouth.org\/#\/schema\/logo\/image\/","url":"https:\/\/sunyouth.org\/wp-content\/uploads\/2018\/11\/LOGO-SUNYOUTH.png","contentUrl":"https:\/\/sunyouth.org\/wp-content\/uploads\/2018\/11\/LOGO-SUNYOUTH.png","width":251,"height":251,"caption":"SUN YOUTH"},"image":{"@id":"https:\/\/sunyouth.org\/#\/schema\/logo\/image\/"}}]}},"_links":{"self":[{"href":"https:\/\/sunyouth.org\/fr\/wp-json\/wp\/v2\/pages\/163043","targetHints":{"allow":["GET"]}}],"collection":[{"href":"https:\/\/sunyouth.org\/fr\/wp-json\/wp\/v2\/pages"}],"about":[{"href":"https:\/\/sunyouth.org\/fr\/wp-json\/wp\/v2\/types\/page"}],"author":[{"embeddable":true,"href":"https:\/\/sunyouth.org\/fr\/wp-json\/wp\/v2\/users\/34"}],"replies":[{"embeddable":true,"href":"https:\/\/sunyouth.org\/fr\/wp-json\/wp\/v2\/comments?post=163043"}],"version-history":[{"count":26,"href":"https:\/\/sunyouth.org\/fr\/wp-json\/wp\/v2\/pages\/163043\/revisions"}],"predecessor-version":[{"id":163442,"href":"https:\/\/sunyouth.org\/fr\/wp-json\/wp\/v2\/pages\/163043\/revisions\/163442"}],"wp:attachment":[{"href":"https:\/\/sunyouth.org\/fr\/wp-json\/wp\/v2\/media?parent=163043"}],"curies":[{"name":"wp","href":"https:\/\/api.w.org\/{rel}","templated":true}]}}