{"id":159597,"date":"2022-11-09T18:46:33","date_gmt":"2022-11-09T18:46:33","guid":{"rendered":"https:\/\/sunyouth.org\/?page_id=159597"},"modified":"2023-09-25T19:50:18","modified_gmt":"2023-09-25T19:50:18","slug":"rapport-annuel-2022-2023","status":"publish","type":"page","link":"https:\/\/sunyouth.org\/fr\/rapport-annuel-2022-2023\/","title":{"rendered":"Rapports Annuels"},"content":{"rendered":"<div class=\"wpb-content-wrapper\"><p>[vc_row css=\u00a0\u00bb.vc_custom_1694692973774{margin-bottom: 0px !important;padding-top: 200px !important;padding-bottom: 0px !important;background-image: url(https:\/\/sunyouth.org\/wp-content\/uploads\/2023\/05\/EXT_ETE_LOGO_COMP_Dark-scaled.jpg?id=160440) !important;background-position: center !important;background-repeat: no-repeat !important;background-size: cover !important;}\u00a0\u00bb el_class=\u00a0\u00bbannual-report-section-1&Prime;][vc_column width=\u00a0\u00bb2\/5&Prime;][vc_custom_heading text=\u00a0\u00bbJEUNESSE<br \/>\nAU SOLEIL\u00a0\u00bb font_container=\u00a0\u00bbtag:h1|font_size:75|text_align:left|color:%23ffffff\u00a0\u00bb use_theme_fonts=\u00a0\u00bbyes\u00a0\u00bb css_animation=\u00a0\u00bbfadeIn\u00a0\u00bb][vc_custom_heading text=\u00a0\u00bbRapport annuel<br \/>\n2022-2023&Prime; font_container=\u00a0\u00bbtag:h3|font_size:40|text_align:left|color:%23ffffff\u00a0\u00bb use_theme_fonts=\u00a0\u00bbyes\u00a0\u00bb css_animation=\u00a0\u00bbfadeIn\u00a0\u00bb][vc_empty_space height=\u00a0\u00bb52px\u00a0\u00bb][vc_column_text css_animation=\u00a0\u00bbfadeIn\u00a0\u00bb]<strong><span style=\"color: #ffffff;\"><a style=\"color: #ffffff;\" href=\"https:\/\/sunyouth.org\/wp-content\/uploads\/2023\/09\/Rapport-annuel-22-23_final_web-3.pdf\">T\u00c9L\u00c9CHARGER LE RAPPORT<\/a><\/span><\/strong><br \/>\n<strong><span style=\"color: #ffffff;\"><a class=\"report-share-this\" style=\"color: #ffffff;\" href=\"#\">PARTAGER<\/a><\/span><\/strong><br \/>\n<strong><span style=\"color: #ffffff;\"><a style=\"color: #ffffff;\" href=\"https:\/\/www.facebook.com\/SunYouthOrg\/\" target=\"_blank\" rel=\"noopener\">SUIVEZ-NOUS!<\/a><\/span><\/strong>[\/vc_column_text][\/vc_column][vc_column width=\u00a0\u00bb3\/5&Prime;][\/vc_column][\/vc_row][vc_row content_placement=\u00a0\u00bbmiddle\u00a0\u00bb el_class=\u00a0\u00bbannual-report-section-3&Prime; css=\u00a0\u00bb.vc_custom_1695662592636{padding-top: 50px !important;padding-bottom: 50px !important;}\u00a0\u00bb][vc_column width=\u00a0\u00bb1\/2&Prime;][vc_custom_heading text=\u00a0\u00bbRapport Annuel 2022-2023&Prime; font_container=\u00a0\u00bbtag:h2|font_size:34|text_align:left|color:%23000000&Prime; use_theme_fonts=\u00a0\u00bbyes\u00a0\u00bb css_animation=\u00a0\u00bbfadeIn\u00a0\u00bb][vc_column_text css_animation=\u00a0\u00bbfadeIn\u00a0\u00bb]L&rsquo;ann\u00e9e qui vient de s\u2019\u00e9couler a \u00e9t\u00e9 riche en d\u00e9fis pour les Montr\u00e9alais gravement touch\u00e9s par l\u2019augmentation du co\u00fbt de la vie et la p\u00e9nurie de logements. Comme pour bien d&rsquo;autres, le climat \u00e9conomique a entra\u00een\u00e9 une inflation qui a \u00e9galement affect\u00e9 notre organisation.<\/p>\n<p>Gra\u0109e \u00e0 nos donateurs et partenaires nous continuons d&rsquo;offrir un filet de s\u00e9curit\u00e9 pour les nombreuses personnes qui ont besoin d\u2019un coup de main.<\/p>\n<p>Voici notre rapport annuel 2022-23 qui dresse le plus r\u00e9cent portrait de la situation de notre organisme.[\/vc_column_text][vc_empty_space][vc_btn title=\u00a0\u00bbT\u00c9L\u00c9CHARGER LE RAPPORT ANNUEL 2022-2023&Prime; css_animation=\u00a0\u00bbfadeIn\u00a0\u00bb link=\u00a0\u00bburl:https%3A%2F%2Fsunyouth.org%2Fwp-content%2Fuploads%2F2023%2F09%2FRapport-annuel-22-23_final_web-3.pdf|title:Rapport%20Annuel%2022-23|target:_blank\u00a0\u00bb][\/vc_column][vc_column width=\u00a0\u00bb1\/2&Prime;][vc_single_image image=\u00a0\u00bb161090&Prime; img_size=\u00a0\u00bbfull\u00a0\u00bb][\/vc_column][\/vc_row][vc_row full_width=\u00a0\u00bbstretch_row\u00a0\u00bb thegem_revesrse_columns_mobile=\u00a0\u00bbtrue\u00a0\u00bb el_class=\u00a0\u00bbannual-report-section-2&Prime; css=\u00a0\u00bb.vc_custom_1695665793748{padding-top: 100px !important;padding-bottom: 100px !important;background-color: #f5f5f5 !important;}\u00a0\u00bb][vc_column width=\u00a0\u00bb1\/2&Prime;][vc_single_image image=\u00a0\u00bb161094&Prime; img_size=\u00a0\u00bbfull\u00a0\u00bb][\/vc_column][vc_column width=\u00a0\u00bb1\/2&Prime;][vc_custom_heading text=\u00a0\u00bbHausse marqu\u00e9e des b\u00e9n\u00e9ficiaires\u00a0\u00bb font_container=\u00a0\u00bbtag:h2|font_size:36|text_align:left|color:%23000000&Prime; use_theme_fonts=\u00a0\u00bbyes\u00a0\u00bb css_animation=\u00a0\u00bbfadeIn\u00a0\u00bb][vc_column_text css_animation=\u00a0\u00bbfadeIn\u00a0\u00bb]En 2022-2023, le nombre de b\u00e9n\u00e9ficiaires de Jeunesse au Soleil a augment\u00e9 de pr\u00e8s du tiers (32 %) pour se chiffrer \u00e0 presque 90000, compar\u00e9 \u00e0 un peu moins de 68000 en 2021-2022. Les b\u00e9n\u00e9ficiaires de nos services se r\u00e9partissent presque \u00e9galement entre les hommes (32 %), les femmes (33 %) et les enfants (36 %). Nous desservons une population r\u00e9partie sur l\u2019ensemble de l\u2019\u00eele. Les cinq arrondissements de Montr\u00e9al les plus repr\u00e9sent\u00e9s sont C\u00f4te-des-Neiges \u2014 Notre-Dame-de-Gr\u00e2ce, Villeray \u2014Saint-Michel \u2014 Parc-Extension, Le Plateau-Mont-Royal, Rosemont \u2014 La Petite-Patrie et Montr\u00e9al-Nord.[\/vc_column_text][vc_empty_space][vc_btn title=\u00a0\u00bbT\u00c9L\u00c9CHARGER LE RAPPORT ANNUEL 2022-2023&Prime; css_animation=\u00a0\u00bbfadeIn\u00a0\u00bb link=\u00a0\u00bburl:https%3A%2F%2Fsunyouth.org%2Fwp-content%2Fuploads%2F2023%2F09%2FRapport-annuel-22-23_final_web-3.pdf|title:Rapport%20Annuel%2022-23|target:_blank\u00a0\u00bb][\/vc_column][\/vc_row][vc_row content_placement=\u00a0\u00bbmiddle\u00a0\u00bb el_class=\u00a0\u00bbannual-report-section-3&Prime; css=\u00a0\u00bb.vc_custom_1668020398951{padding-top: 50px !important;padding-bottom: 50px !important;}\u00a0\u00bb][vc_column width=\u00a0\u00bb1\/2&Prime;][vc_custom_heading text=\u00a0\u00bbLe droit de jouer\u00a0\u00bb font_container=\u00a0\u00bbtag:h2|font_size:34|text_align:left|color:%23000000&Prime; use_theme_fonts=\u00a0\u00bbyes\u00a0\u00bb css_animation=\u00a0\u00bbfadeIn\u00a0\u00bb][vc_column_text css_animation=\u00a0\u00bbfadeIn\u00a0\u00bb]Une facette positive de l\u2019exercice 2022-2023 a \u00e9t\u00e9 la reprise de ces activit\u00e9s vitales \u00e0 un niveau semblable \u00e0 celui de l\u2019avant-pand\u00e9mie. Les programmes sportifs de Jeunesse au Soleil s\u2019appuient sur la m\u00eame philosophie depuis le tout d\u00e9but : peu importe la situation financi\u00e8re familiale ou le niveau d\u2019aptitudes, tous les enfants ont le droit de pratiquer un sport et de prendre part \u00e0 un camp de jour. L\u2019organisme offre aussi du mentorat et des bourses d\u2019\u00e9tudes postsecondaires. Au total, 2 500 enfants participent \u00e0 nos activit\u00e9s, toutes ligues confondues, et 834 \u00e9taient inscrits \u00e0 nos \u00e9quipes et programmes en 2022-2023.[\/vc_column_text][vc_empty_space][vc_btn title=\u00a0\u00bbT\u00c9L\u00c9CHARGER LE RAPPORT ANNUEL 2022-2023&Prime; css_animation=\u00a0\u00bbfadeIn\u00a0\u00bb link=\u00a0\u00bburl:https%3A%2F%2Fsunyouth.org%2Fwp-content%2Fuploads%2F2023%2F09%2FRapport-annuel-22-23_final_web-3.pdf|title:Rapport%20Annuel%2022-23|target:_blank\u00a0\u00bb][\/vc_column][vc_column width=\u00a0\u00bb1\/2&Prime;][vc_single_image image=\u00a0\u00bb161098&Prime; img_size=\u00a0\u00bbfull\u00a0\u00bb][\/vc_column][\/vc_row][vc_row full_width=\u00a0\u00bbstretch_row\u00a0\u00bb thegem_revesrse_columns_mobile=\u00a0\u00bbtrue\u00a0\u00bb el_class=\u00a0\u00bbannual-report-section-2&Prime; css=\u00a0\u00bb.vc_custom_1695662665986{padding-top: 100px !important;padding-bottom: 100px !important;background-color: #f5f5f5 !important;}\u00a0\u00bb][vc_column width=\u00a0\u00bb1\/2&Prime;][vc_single_image image=\u00a0\u00bb161100&Prime; img_size=\u00a0\u00bbfull\u00a0\u00bb][\/vc_column][vc_column width=\u00a0\u00bb1\/2&Prime;][vc_custom_heading text=\u00a0\u00bbL&rsquo;oeuvre de<br \/>\n2 000 b\u00e9n\u00e9voles\u00a0\u00bb font_container=\u00a0\u00bbtag:h2|font_size:36|text_align:left|color:%23000000&Prime; use_theme_fonts=\u00a0\u00bbyes\u00a0\u00bb css_animation=\u00a0\u00bbfadeIn\u00a0\u00bb][vc_column_text css_animation=\u00a0\u00bbfadeIn\u00a0\u00bb]Sans ses b\u00e9n\u00e9voles, l\u2019organisme ne pourrait pas offrir ses grands programmes ni organiser des activit\u00e9s sp\u00e9ciales au b\u00e9n\u00e9fice de la communaut\u00e9. En 2022-2023, plus de 2 000 b\u00e9n\u00e9voles ont consacr\u00e9 36 254 heures de travail \u00e0 l\u2019organisme. Un engagement de cette envergure a une incidence \u00e9norme sur nos activit\u00e9s et repr\u00e9sente plus d\u2019un demi-million de dollars. Mais aux yeux de Jeunesse au Soleil et de ses b\u00e9n\u00e9ficiaires, cette implication a une valeur encore plus pr\u00e9cieuse sur le plan social.[\/vc_column_text][vc_empty_space][vc_btn title=\u00a0\u00bbT\u00c9L\u00c9CHARGER LE RAPPORT ANNUEL 2022-2023&Prime; css_animation=\u00a0\u00bbfadeIn\u00a0\u00bb link=\u00a0\u00bburl:https%3A%2F%2Fsunyouth.org%2Fwp-content%2Fuploads%2F2023%2F09%2FRapport-annuel-22-23_final_web-3.pdf|title:Rapport%20Annuel%2022-23|target:_blank\u00a0\u00bb][\/vc_column][\/vc_row][vc_row content_placement=\u00a0\u00bbmiddle\u00a0\u00bb el_class=\u00a0\u00bbannual-report-section-3&Prime; css=\u00a0\u00bb.vc_custom_1668020398951{padding-top: 50px !important;padding-bottom: 50px !important;}\u00a0\u00bb][vc_column][vc_custom_heading text=\u00a0\u00bbConsultez nos rapports pr\u00e9c\u00e9dents\u00a0\u00bb font_container=\u00a0\u00bbtag:h2|font_size:34|text_align:left|color:%23000000&Prime; use_theme_fonts=\u00a0\u00bbyes\u00a0\u00bb css_animation=\u00a0\u00bbfadeIn\u00a0\u00bb][vc_row_inner][vc_column_inner][vc_empty_space][\/vc_column_inner][\/vc_row_inner][vc_row_inner][vc_column_inner width=\u00a0\u00bb1\/3&Prime;][vc_single_image image=\u00a0\u00bb161184&Prime; onclick=\u00a0\u00bbcustom_link\u00a0\u00bb img_link_target=\u00a0\u00bb_blank\u00a0\u00bb link=\u00a0\u00bbhttps:\/\/sunyouth.org\/wp-content\/uploads\/2023\/09\/Rapport-annuel-22-23_final_web-3.pdf\u00a0\u00bb][\/vc_column_inner][vc_column_inner width=\u00a0\u00bb1\/3&Prime;][vc_single_image image=\u00a0\u00bb161194&Prime; onclick=\u00a0\u00bbcustom_link\u00a0\u00bb img_link_target=\u00a0\u00bb_blank\u00a0\u00bb link=\u00a0\u00bbhttps:\/\/sunyouth.org\/wp-content\/uploads\/2022\/11\/Rapport-annuel-Version-17-octobre-2022.pdf\u00a0\u00bb][\/vc_column_inner][vc_column_inner width=\u00a0\u00bb1\/3&Prime;][vc_single_image image=\u00a0\u00bb161188&Prime; onclick=\u00a0\u00bbcustom_link\u00a0\u00bb img_link_target=\u00a0\u00bb_blank\u00a0\u00bb link=\u00a0\u00bbhttps:\/\/sunyouth.org\/wp-content\/uploads\/2021\/07\/Rapport-dactivite\u0301s-de-Jeunesse-au-Soleil-2020-2021.pdf\u00a0\u00bb][\/vc_column_inner][\/vc_row_inner][\/vc_column][\/vc_row]<\/p>\n<\/div>","protected":false},"excerpt":{"rendered":"<p>[vc_row css=\u00a0\u00bb.vc_custom_1694692973774{margin-bottom: 0px !important;padding-top: 200px !important;padding-bottom: 0px !important;background-image: url(https:\/\/sunyouth.org\/wp-content\/uploads\/2023\/05\/EXT_ETE_LOGO_COMP_Dark-scaled.jpg?id=160440) !important;background-position: center !important;background-repeat: no-repeat !important;background-size: cover !important;}\u00a0\u00bb el_class=\u00a0\u00bbannual-report-section-1&Prime;][vc_column width=\u00a0\u00bb2\/5&Prime;][vc_custom_heading text=\u00a0\u00bbJEUNESSE AU SOLEIL\u00a0\u00bb font_container=\u00a0\u00bbtag:h1|font_size:75|text_align:left|color:%23ffffff\u00a0\u00bb&#8230;<\/p>\n","protected":false},"author":23,"featured_media":161190,"parent":0,"menu_order":0,"comment_status":"closed","ping_status":"closed","template":"","meta":{"_acf_changed":false,"_monsterinsights_skip_tracking":false,"_monsterinsights_sitenote_active":false,"_monsterinsights_sitenote_note":"","_monsterinsights_sitenote_category":0,"footnotes":""},"class_list":["post-159597","page","type-page","status-publish","has-post-thumbnail"],"acf":[],"yoast_head":"<!-- This site is optimized with the Yoast SEO plugin v27.2 - https:\/\/yoast.com\/product\/yoast-seo-wordpress\/ -->\n<title>Rapports Annuels - Jeunesse au soleil<\/title>\n<meta name=\"description\" content=\"L&#039;ann\u00e9e 22-23 a \u00e9t\u00e9 marqu\u00e9e par une hausse des b\u00e9n\u00e9ficiaires et un retour \u00e0 la normale pour nos activit\u00e9s sportives. Lisez notre rapport.\" \/>\n<meta name=\"robots\" content=\"index, follow, max-snippet:-1, max-image-preview:large, max-video-preview:-1\" \/>\n<link rel=\"canonical\" href=\"https:\/\/sunyouth.org\/fr\/rapport-annuel-2022-2023\/\" \/>\n<meta property=\"og:locale\" content=\"fr_FR\" \/>\n<meta property=\"og:type\" content=\"article\" \/>\n<meta property=\"og:title\" content=\"RAPPORT ANNUEL 2022-23\" \/>\n<meta property=\"og:description\" content=\"Voici notre rapport annuel 2022-23 qui dresse le plus r\u00e9cent portrait de la situation de notre organisme.\" \/>\n<meta property=\"og:url\" content=\"https:\/\/sunyouth.org\/fr\/rapport-annuel-2022-2023\/\" \/>\n<meta property=\"og:site_name\" content=\"Jeunesse au soleil\" \/>\n<meta property=\"article:modified_time\" content=\"2023-09-25T19:50:18+00:00\" \/>\n<meta property=\"og:image\" content=\"https:\/\/sunyouth.org\/wp-content\/uploads\/2023\/09\/Rapport-annuel-22-23_final-scaled.jpg\" \/>\n\t<meta property=\"og:image:width\" content=\"1978\" \/>\n\t<meta property=\"og:image:height\" content=\"2560\" \/>\n\t<meta property=\"og:image:type\" content=\"image\/jpeg\" \/>\n<meta name=\"twitter:card\" content=\"summary_large_image\" \/>\n<meta name=\"twitter:title\" content=\"RAPPORT ANNUEL 2022-23\" \/>\n<meta name=\"twitter:description\" content=\"Voici notre rapport annuel 2022-23 qui dresse le plus r\u00e9cent portrait de la situation de notre organisme.\" \/>\n<meta name=\"twitter:label1\" content=\"Dur\u00e9e de lecture estim\u00e9e\" \/>\n\t<meta name=\"twitter:data1\" content=\"3 minutes\" \/>\n<script type=\"application\/ld+json\" class=\"yoast-schema-graph\">{\"@context\":\"https:\/\/schema.org\",\"@graph\":[{\"@type\":\"WebPage\",\"@id\":\"https:\/\/sunyouth.org\/fr\/rapport-annuel-2022-2023\/\",\"url\":\"https:\/\/sunyouth.org\/fr\/rapport-annuel-2022-2023\/\",\"name\":\"Rapports Annuels - Jeunesse au soleil\",\"isPartOf\":{\"@id\":\"https:\/\/sunyouth.org\/#website\"},\"primaryImageOfPage\":{\"@id\":\"https:\/\/sunyouth.org\/fr\/rapport-annuel-2022-2023\/#primaryimage\"},\"image\":{\"@id\":\"https:\/\/sunyouth.org\/fr\/rapport-annuel-2022-2023\/#primaryimage\"},\"thumbnailUrl\":\"https:\/\/sunyouth.org\/wp-content\/uploads\/2023\/09\/Annual-report-22-23_cover.png\",\"datePublished\":\"2022-11-09T18:46:33+00:00\",\"dateModified\":\"2023-09-25T19:50:18+00:00\",\"description\":\"L'ann\u00e9e 22-23 a \u00e9t\u00e9 marqu\u00e9e par une hausse des b\u00e9n\u00e9ficiaires et un retour \u00e0 la normale pour nos activit\u00e9s sportives. Lisez notre rapport.\",\"breadcrumb\":{\"@id\":\"https:\/\/sunyouth.org\/fr\/rapport-annuel-2022-2023\/#breadcrumb\"},\"inLanguage\":\"fr-FR\",\"potentialAction\":[{\"@type\":\"ReadAction\",\"target\":[\"https:\/\/sunyouth.org\/fr\/rapport-annuel-2022-2023\/\"]}]},{\"@type\":\"ImageObject\",\"inLanguage\":\"fr-FR\",\"@id\":\"https:\/\/sunyouth.org\/fr\/rapport-annuel-2022-2023\/#primaryimage\",\"url\":\"https:\/\/sunyouth.org\/wp-content\/uploads\/2023\/09\/Annual-report-22-23_cover.png\",\"contentUrl\":\"https:\/\/sunyouth.org\/wp-content\/uploads\/2023\/09\/Annual-report-22-23_cover.png\",\"width\":10200,\"height\":13200},{\"@type\":\"BreadcrumbList\",\"@id\":\"https:\/\/sunyouth.org\/fr\/rapport-annuel-2022-2023\/#breadcrumb\",\"itemListElement\":[{\"@type\":\"ListItem\",\"position\":1,\"name\":\"Home\",\"item\":\"https:\/\/sunyouth.org\/fr\/\"},{\"@type\":\"ListItem\",\"position\":2,\"name\":\"Rapports Annuels\"}]},{\"@type\":\"WebSite\",\"@id\":\"https:\/\/sunyouth.org\/#website\",\"url\":\"https:\/\/sunyouth.org\/\",\"name\":\"Jeunesse au soleil\",\"description\":\"Dedicated since 1954!\",\"publisher\":{\"@id\":\"https:\/\/sunyouth.org\/#organization\"},\"potentialAction\":[{\"@type\":\"SearchAction\",\"target\":{\"@type\":\"EntryPoint\",\"urlTemplate\":\"https:\/\/sunyouth.org\/?s={search_term_string}\"},\"query-input\":{\"@type\":\"PropertyValueSpecification\",\"valueRequired\":true,\"valueName\":\"search_term_string\"}}],\"inLanguage\":\"fr-FR\"},{\"@type\":\"Organization\",\"@id\":\"https:\/\/sunyouth.org\/#organization\",\"name\":\"SUN YOUTH\",\"url\":\"https:\/\/sunyouth.org\/\",\"logo\":{\"@type\":\"ImageObject\",\"inLanguage\":\"fr-FR\",\"@id\":\"https:\/\/sunyouth.org\/#\/schema\/logo\/image\/\",\"url\":\"https:\/\/sunyouth.org\/wp-content\/uploads\/2018\/11\/LOGO-SUNYOUTH.png\",\"contentUrl\":\"https:\/\/sunyouth.org\/wp-content\/uploads\/2018\/11\/LOGO-SUNYOUTH.png\",\"width\":251,\"height\":251,\"caption\":\"SUN YOUTH\"},\"image\":{\"@id\":\"https:\/\/sunyouth.org\/#\/schema\/logo\/image\/\"}}]}<\/script>\n<!-- \/ Yoast SEO plugin. -->","yoast_head_json":{"title":"Rapports Annuels - Jeunesse au soleil","description":"L'ann\u00e9e 22-23 a \u00e9t\u00e9 marqu\u00e9e par une hausse des b\u00e9n\u00e9ficiaires et un retour \u00e0 la normale pour nos activit\u00e9s sportives. Lisez notre rapport.","robots":{"index":"index","follow":"follow","max-snippet":"max-snippet:-1","max-image-preview":"max-image-preview:large","max-video-preview":"max-video-preview:-1"},"canonical":"https:\/\/sunyouth.org\/fr\/rapport-annuel-2022-2023\/","og_locale":"fr_FR","og_type":"article","og_title":"RAPPORT ANNUEL 2022-23","og_description":"Voici notre rapport annuel 2022-23 qui dresse le plus r\u00e9cent portrait de la situation de notre organisme.","og_url":"https:\/\/sunyouth.org\/fr\/rapport-annuel-2022-2023\/","og_site_name":"Jeunesse au soleil","article_modified_time":"2023-09-25T19:50:18+00:00","og_image":[{"width":1978,"height":2560,"url":"https:\/\/sunyouth.org\/wp-content\/uploads\/2023\/09\/Rapport-annuel-22-23_final-scaled.jpg","type":"image\/jpeg"}],"twitter_card":"summary_large_image","twitter_title":"RAPPORT ANNUEL 2022-23","twitter_description":"Voici notre rapport annuel 2022-23 qui dresse le plus r\u00e9cent portrait de la situation de notre organisme.","twitter_misc":{"Dur\u00e9e de lecture estim\u00e9e":"3 minutes"},"schema":{"@context":"https:\/\/schema.org","@graph":[{"@type":"WebPage","@id":"https:\/\/sunyouth.org\/fr\/rapport-annuel-2022-2023\/","url":"https:\/\/sunyouth.org\/fr\/rapport-annuel-2022-2023\/","name":"Rapports Annuels - Jeunesse au soleil","isPartOf":{"@id":"https:\/\/sunyouth.org\/#website"},"primaryImageOfPage":{"@id":"https:\/\/sunyouth.org\/fr\/rapport-annuel-2022-2023\/#primaryimage"},"image":{"@id":"https:\/\/sunyouth.org\/fr\/rapport-annuel-2022-2023\/#primaryimage"},"thumbnailUrl":"https:\/\/sunyouth.org\/wp-content\/uploads\/2023\/09\/Annual-report-22-23_cover.png","datePublished":"2022-11-09T18:46:33+00:00","dateModified":"2023-09-25T19:50:18+00:00","description":"L'ann\u00e9e 22-23 a \u00e9t\u00e9 marqu\u00e9e par une hausse des b\u00e9n\u00e9ficiaires et un retour \u00e0 la normale pour nos activit\u00e9s sportives. Lisez notre rapport.","breadcrumb":{"@id":"https:\/\/sunyouth.org\/fr\/rapport-annuel-2022-2023\/#breadcrumb"},"inLanguage":"fr-FR","potentialAction":[{"@type":"ReadAction","target":["https:\/\/sunyouth.org\/fr\/rapport-annuel-2022-2023\/"]}]},{"@type":"ImageObject","inLanguage":"fr-FR","@id":"https:\/\/sunyouth.org\/fr\/rapport-annuel-2022-2023\/#primaryimage","url":"https:\/\/sunyouth.org\/wp-content\/uploads\/2023\/09\/Annual-report-22-23_cover.png","contentUrl":"https:\/\/sunyouth.org\/wp-content\/uploads\/2023\/09\/Annual-report-22-23_cover.png","width":10200,"height":13200},{"@type":"BreadcrumbList","@id":"https:\/\/sunyouth.org\/fr\/rapport-annuel-2022-2023\/#breadcrumb","itemListElement":[{"@type":"ListItem","position":1,"name":"Home","item":"https:\/\/sunyouth.org\/fr\/"},{"@type":"ListItem","position":2,"name":"Rapports Annuels"}]},{"@type":"WebSite","@id":"https:\/\/sunyouth.org\/#website","url":"https:\/\/sunyouth.org\/","name":"Jeunesse au soleil","description":"Dedicated since 1954!","publisher":{"@id":"https:\/\/sunyouth.org\/#organization"},"potentialAction":[{"@type":"SearchAction","target":{"@type":"EntryPoint","urlTemplate":"https:\/\/sunyouth.org\/?s={search_term_string}"},"query-input":{"@type":"PropertyValueSpecification","valueRequired":true,"valueName":"search_term_string"}}],"inLanguage":"fr-FR"},{"@type":"Organization","@id":"https:\/\/sunyouth.org\/#organization","name":"SUN YOUTH","url":"https:\/\/sunyouth.org\/","logo":{"@type":"ImageObject","inLanguage":"fr-FR","@id":"https:\/\/sunyouth.org\/#\/schema\/logo\/image\/","url":"https:\/\/sunyouth.org\/wp-content\/uploads\/2018\/11\/LOGO-SUNYOUTH.png","contentUrl":"https:\/\/sunyouth.org\/wp-content\/uploads\/2018\/11\/LOGO-SUNYOUTH.png","width":251,"height":251,"caption":"SUN YOUTH"},"image":{"@id":"https:\/\/sunyouth.org\/#\/schema\/logo\/image\/"}}]}},"_links":{"self":[{"href":"https:\/\/sunyouth.org\/fr\/wp-json\/wp\/v2\/pages\/159597","targetHints":{"allow":["GET"]}}],"collection":[{"href":"https:\/\/sunyouth.org\/fr\/wp-json\/wp\/v2\/pages"}],"about":[{"href":"https:\/\/sunyouth.org\/fr\/wp-json\/wp\/v2\/types\/page"}],"author":[{"embeddable":true,"href":"https:\/\/sunyouth.org\/fr\/wp-json\/wp\/v2\/users\/23"}],"replies":[{"embeddable":true,"href":"https:\/\/sunyouth.org\/fr\/wp-json\/wp\/v2\/comments?post=159597"}],"version-history":[{"count":41,"href":"https:\/\/sunyouth.org\/fr\/wp-json\/wp\/v2\/pages\/159597\/revisions"}],"predecessor-version":[{"id":161116,"href":"https:\/\/sunyouth.org\/fr\/wp-json\/wp\/v2\/pages\/159597\/revisions\/161116"}],"wp:featuredmedia":[{"embeddable":true,"href":"https:\/\/sunyouth.org\/fr\/wp-json\/wp\/v2\/media\/161190"}],"wp:attachment":[{"href":"https:\/\/sunyouth.org\/fr\/wp-json\/wp\/v2\/media?parent=159597"}],"curies":[{"name":"wp","href":"https:\/\/api.w.org\/{rel}","templated":true}]}}