{"id":157134,"date":"2021-07-07T13:53:38","date_gmt":"2021-07-07T13:53:38","guid":{"rendered":"https:\/\/sunyouth.org\/?page_id=157134"},"modified":"2026-01-23T14:01:33","modified_gmt":"2026-01-23T19:01:33","slug":"club-dart","status":"publish","type":"page","link":"https:\/\/sunyouth.org\/fr\/club-dart\/","title":{"rendered":"CLUB D&rsquo;ART"},"content":{"rendered":"<div class=\"wpb-content-wrapper\"><p>[vc_row full_width=\u00a0\u00bbstretch_row_content\u00a0\u00bb full_height=\u00a0\u00bbyes\u00a0\u00bb el_disable_mobile=\u00a0\u00bb1&Prime; thegem_shadow_color=\u00a0\u00bb#000000&Prime; thegem_enable_shadow=\u00a0\u00bbtrue\u00a0\u00bb css=\u00a0\u00bb.vc_custom_1758208369624{background-image: url(https:\/\/sunyouth.org\/wp-content\/uploads\/2024\/10\/ReTouch_DSC0206-Enhanced-NR-scaled.jpg?id=166301) !important;background-position: center !important;background-repeat: no-repeat !important;background-size: cover !important;}\u00a0\u00bb el_class=\u00a0\u00bbsports-detail-page-header\u00a0\u00bb][vc_column width=\u00a0\u00bb1\/2&Prime; el_class=\u00a0\u00bbsports-detail-page-header-col1&Prime;][vc_custom_heading text=\u00a0\u00bbCLUB D\u2019ART\u00a0\u00bb font_container=\u00a0\u00bbtag:h2|font_size:67|text_align:center|color:%23ffcb08|line_height:70&Prime; google_fonts=\u00a0\u00bbfont_family:Montserrat%20UltraLight%3Aregular|font_style:400%20regular%3A400%3Anormal\u00a0\u00bb css=\u00a0\u00bb\u00a0\u00bb][vc_column_text css=\u00a0\u00bb.vc_custom_1758210207995{margin-left: 200px !important;}\u00a0\u00bb]<\/p>\n<p style=\"text-align: left;\"><span style=\"color: #000000;\"><strong>Pour les gar\u00e7ons et filles de 5 \u00e0 12 ans qui souhaitent d\u00e9velopper leur cr\u00e9ativit\u00e9.<\/strong><\/span><\/p>\n<p>[\/vc_column_text][\/vc_column][vc_column width=\u00a0\u00bb1\/2&Prime;][\/vc_column][\/vc_row][vc_row full_width=\u00a0\u00bbstretch_row_content\u00a0\u00bb full_height=\u00a0\u00bbyes\u00a0\u00bb el_disable_desktop=\u00a0\u00bb1&Prime; el_disable_tablet=\u00a0\u00bb1&Prime; thegem_background_overlay=\u00a0\u00bbtrue\u00a0\u00bb disable_custom_paddings_tablet=\u00a0\u00bbtrue\u00a0\u00bb css=\u00a0\u00bb.vc_custom_1727982032594{background-image: url(https:\/\/sunyouth.org\/wp-content\/uploads\/2024\/10\/ReTouch_DSC0206-Enhanced-NR-scaled.jpg?id=166300) !important;background-position: center !important;background-repeat: no-repeat !important;background-size: cover !important;}\u00a0\u00bb el_class=\u00a0\u00bbsports-detail-page-header\u00a0\u00bb mobile_padding_left=\u00a0\u00bb0&Prime; mobile_margin_left=\u00a0\u00bb0&Prime; thegem_background_overlay_color=\u00a0\u00bb#00000087&Prime;][vc_column width=\u00a0\u00bb1\/3&Prime; thegem_content_alignment=\u00a0\u00bbcenter\u00a0\u00bb disable_custom_paddings_tablet=\u00a0\u00bbtrue\u00a0\u00bb disable_custom_paddings_mobile=\u00a0\u00bbtrue\u00a0\u00bb][vc_custom_heading text=\u00a0\u00bbCLUB D\u2019ART\u00a0\u00bb font_container=\u00a0\u00bbtag:h2|font_size:67|text_align:center|color:%23ffcb08|line_height:70&Prime; google_fonts=\u00a0\u00bbfont_family:Montserrat%20UltraLight%3Aregular|font_style:400%20regular%3A400%3Anormal\u00a0\u00bb css=\u00a0\u00bb\u00a0\u00bb][vc_column_text css=\u00a0\u00bb.vc_custom_1727985141079{padding-left: 50px !important;}\u00a0\u00bb]<strong><span style=\"color: #ffffff;\">Pour les gar\u00e7ons et filles de 5 \u00e0 12 ans qui souhaitent d\u00e9velopper leur cr\u00e9ativit\u00e9.<\/span><\/strong>[\/vc_column_text][\/vc_column][vc_column width=\u00a0\u00bb1\/3&Prime;][\/vc_column][vc_column width=\u00a0\u00bb1\/3&Prime;][\/vc_column][\/vc_row][vc_row][vc_column][\/vc_column][\/vc_row][vc_row][vc_column width=\u00a0\u00bb1\/2&Prime;][vc_column_text css=\u00a0\u00bb\u00a0\u00bb]<\/p>\n<h2 style=\"text-align: center;\"><span style=\"color: #000000;\">LE CLUB D&rsquo;ART EST DE RETOUR!<\/span><\/h2>\n<p>[\/vc_column_text][vc_column_text css=\u00a0\u00bb\u00a0\u00bb]<span style=\"color: #000000;\">Si votre enfant est passionn\u00e9 d&rsquo;art et cherche un moyen d&rsquo;exprimer sa cr\u00e9ativit\u00e9, notre club d&rsquo;art est pour vous. Les enfants auront l&rsquo;occasion de donner libre cours \u00e0 leur imagination \u00e0 travers diverses d&rsquo;activit\u00e9s artistiques.<\/span><\/p>\n<p>&nbsp;<\/p>\n<p><strong><span style=\"color: #000000;\">Objectifs du cours<\/span><\/strong><\/p>\n<ul>\n<li><span style=\"color: #000000;\">&#8211; D\u00e9couvrir les couleurs et les mat\u00e9riaux par le jeu<\/span><\/li>\n<li><span style=\"color: #000000;\">&#8211; Apprendre les bases de la th\u00e9orie des couleurs<\/span><\/li>\n<li><span style=\"color: #000000;\">&#8211; Apprendre \u00e0 utiliser \u00ab la page enti\u00e8re \u00bb<\/span><\/li>\n<li><span style=\"color: #000000;\">&#8211; Stimuler sa cr\u00e9ativit\u00e9<\/span><\/li>\n<li><span style=\"color: #000000;\">&#8211; Visites au mus\u00e9e<\/span><\/li>\n<\/ul>\n<p><span style=\"color: #000000;\">Pour plus d&rsquo;informations, \u00e9crivez \u00e0<\/span>\u00a0<a href=\"mailto:rec@jas-sy.org\">rec@jas-sy.org<\/a>[\/vc_column_text][vc_empty_space][vc_empty_space][vc_btn title=\u00a0\u00bbInscription\u00a0\u00bb align=\u00a0\u00bbcenter\u00a0\u00bb css=\u00a0\u00bb\u00a0\u00bb link=\u00a0\u00bburl:https%3A%2F%2Fapp.amilia.com%2Fstore%2Ffr%2Fsun-youth%2Fshop%2Fprograms%2F107841&Prime;][\/vc_column][vc_column width=\u00a0\u00bb1\/2&Prime;][vc_single_image image=\u00a0\u00bb171311&Prime; img_size=\u00a0\u00bblarge\u00a0\u00bb alignment=\u00a0\u00bbcenter\u00a0\u00bb style=\u00a0\u00bbvc_box_shadow_3d\u00a0\u00bb onclick=\u00a0\u00bbcustom_link\u00a0\u00bb css=\u00a0\u00bb\u00a0\u00bb link=\u00a0\u00bbhttps:\/\/sunyouth.org\/wp-content\/uploads\/2025\/07\/Grille-tariffaire-5&#215;7-1.pdf\u00a0\u00bb][vc_btn title=\u00a0\u00bbt\u00e9l\u00e9charger le pdf\u00a0\u00bb align=\u00a0\u00bbcenter\u00a0\u00bb css=\u00a0\u00bb\u00a0\u00bb link=\u00a0\u00bburl:https%3A%2F%2Fsunyouth.org%2Fwp-content%2Fuploads%2F2025%2F07%2FGrille-tariffaire-5&#215;7-1.pdf\u00a0\u00bb][vc_column_text css=\u00a0\u00bb\u00a0\u00bb]<\/p>\n<p style=\"text-align: center;\"><span data-ogsc=\"rgb(0, 0, 0)\" data-olk-copy-source=\"MessageBody\"><span style=\"color: #000000;\">Si vous pensez \u00eatre \u00e9ligibles \u00e0 recevoir un rabais, selon la grille tarifaire, veuillez nous contacter par courriel au<\/span> <a href=\"mailto:basketball@jas-sy.org?subject=\u00e9ligibles \u00e0 recevoir un rabais\">rec@jas-sy.org<\/a> <span style=\"color: #000000;\">afin de recevoir votre code promotionnel.<\/span><\/span><\/p>\n<p>[\/vc_column_text][\/vc_column][\/vc_row][vc_row][vc_column][vc_empty_space][vc_empty_space][\/vc_column][\/vc_row][vc_row][vc_column width=\u00a0\u00bb1\/4&Prime;][vc_single_image image=\u00a0\u00bb171913&Prime; img_size=\u00a0\u00bblarge\u00a0\u00bb alignment=\u00a0\u00bbcenter\u00a0\u00bb style=\u00a0\u00bbvc_box_shadow_3d\u00a0\u00bb css=\u00a0\u00bb\u00a0\u00bb][\/vc_column][vc_column width=\u00a0\u00bb1\/4&Prime;][vc_single_image image=\u00a0\u00bb171866&Prime; img_size=\u00a0\u00bblarge\u00a0\u00bb alignment=\u00a0\u00bbcenter\u00a0\u00bb style=\u00a0\u00bbvc_box_shadow_3d\u00a0\u00bb css=\u00a0\u00bb\u00a0\u00bb][\/vc_column][vc_column width=\u00a0\u00bb1\/4&Prime;][vc_single_image image=\u00a0\u00bb171918&Prime; img_size=\u00a0\u00bblarge\u00a0\u00bb alignment=\u00a0\u00bbcenter\u00a0\u00bb style=\u00a0\u00bbvc_box_shadow_3d\u00a0\u00bb css=\u00a0\u00bb\u00a0\u00bb][\/vc_column][vc_column width=\u00a0\u00bb1\/4&Prime;][vc_single_image image=\u00a0\u00bb171920&Prime; img_size=\u00a0\u00bblarge\u00a0\u00bb alignment=\u00a0\u00bbcenter\u00a0\u00bb style=\u00a0\u00bbvc_box_shadow_3d\u00a0\u00bb css=\u00a0\u00bb\u00a0\u00bb][\/vc_column][\/vc_row][vc_row][vc_column width=\u00a0\u00bb1\/2&Prime;][vc_single_image image=\u00a0\u00bb171860&Prime; img_size=\u00a0\u00bblarge\u00a0\u00bb alignment=\u00a0\u00bbcenter\u00a0\u00bb style=\u00a0\u00bbvc_box_shadow_3d\u00a0\u00bb css=\u00a0\u00bb\u00a0\u00bb][\/vc_column][vc_column width=\u00a0\u00bb1\/2&Prime;][vc_single_image image=\u00a0\u00bb171862&Prime; img_size=\u00a0\u00bblarge\u00a0\u00bb alignment=\u00a0\u00bbcenter\u00a0\u00bb style=\u00a0\u00bbvc_box_shadow_3d\u00a0\u00bb css=\u00a0\u00bb\u00a0\u00bb][\/vc_column][\/vc_row][vc_row disable_element=\u00a0\u00bbyes\u00a0\u00bb][vc_column][vc_column_text css=\u00a0\u00bb\u00a0\u00bb]<\/p>\n<table style=\"width: 100%;\">\n<thead>\n<tr>\n<th colspan=\"6\"><span style=\"color: #000000;\"><strong>CALENDRIER<\/strong><\/span><\/th>\n<\/tr>\n<tr>\n<th colspan=\"6\"><span style=\"color: #000000;\">6610 Rue Hutchison, 2e \u00e9tage, Stationnement arri\u00e8re, Outremont, H2V 1A5<\/span><\/th>\n<\/tr>\n<\/thead>\n<tbody>\n<tr>\n<td style=\"text-align: center;\"><span style=\"color: #000000;\">\u00a05 \u00e0 7 ans<\/span><\/td>\n<td style=\"text-align: center;\"><span style=\"color: #000000;\">9h30<br \/>\n<\/span><\/td>\n<td style=\"text-align: center;\"><span style=\"color: #000000;\">10h15 <strong><br \/>\n<\/strong><\/span><\/td>\n<\/tr>\n<tr>\n<td style=\"text-align: center;\"><span style=\"color: #000000;\">8 \u00e0 9 ans<br \/>\n<\/span><\/td>\n<td style=\"text-align: center;\"><span style=\"color: #000000;\">10h30<br \/>\n<\/span><\/td>\n<td style=\"text-align: center;\"><span style=\"color: #000000;\">11h45 <strong><br \/>\n<\/strong><\/span><\/td>\n<\/tr>\n<tr>\n<td style=\"text-align: center;\"><span style=\"color: #000000;\">10 \u00e012<br \/>\n<\/span><\/td>\n<td style=\"text-align: center;\"><span style=\"color: #000000;\">12h<br \/>\n<\/span><\/td>\n<td style=\"text-align: center;\"><span style=\"color: #000000;\">13h15 <strong><br \/>\n<\/strong><\/span><\/td>\n<\/tr>\n<tr>\n<td colspan=\"3\"><\/td>\n<\/tr>\n<tr>\n<td style=\"text-align: center;\"><span style=\"color: #000000;\"><strong>AUTOMNE<\/strong><\/span><\/td>\n<td style=\"text-align: center;\"><span style=\"color: #000000;\"><strong>HIVER<\/strong><\/span><\/td>\n<td style=\"text-align: center;\"><span style=\"color: #000000;\"><strong>PRINTEMPS<\/strong><\/span><\/td>\n<\/tr>\n<tr>\n<td style=\"text-align: center;\"><span style=\"color: #000000;\">13-Oct-24<\/span><\/td>\n<td style=\"text-align: center;\"><span style=\"color: #000000;\">05-Jan-25<\/span><\/td>\n<td style=\"text-align: center;\"><span style=\"color: #000000;\">09-Mar-25<\/span><\/td>\n<\/tr>\n<tr>\n<td style=\"text-align: center;\"><span style=\"color: #000000;\">20-Oct-24<\/span><\/td>\n<td style=\"text-align: center;\"><span style=\"color: #000000;\">12-Jan-25<\/span><\/td>\n<td style=\"text-align: center;\"><span style=\"color: #000000;\">16-Mar-25<\/span><\/td>\n<\/tr>\n<tr>\n<td style=\"text-align: center;\"><span style=\"color: #000000;\">27-Oct-24<\/span><\/td>\n<td style=\"text-align: center;\"><span style=\"color: #000000;\">19-Jan-25<\/span><\/td>\n<td style=\"text-align: center;\"><span style=\"color: #000000;\">23-Mar-25<\/span><\/td>\n<\/tr>\n<tr>\n<td style=\"text-align: center;\"><span style=\"color: #000000;\">03-Nov-24<\/span><\/td>\n<td style=\"text-align: center;\"><span style=\"color: #000000;\">26-Jan-25<\/span><\/td>\n<td style=\"text-align: center;\"><span style=\"color: #000000;\">30-Mar-25<\/span><\/td>\n<\/tr>\n<tr>\n<td style=\"text-align: center;\"><span style=\"color: #000000;\">10-Nov-24<\/span><\/td>\n<td style=\"text-align: center;\"><span style=\"color: #000000;\">02-F\u00e9-25<\/span><\/td>\n<td style=\"text-align: center;\"><span style=\"color: #000000;\">06-Avr-25<\/span><\/td>\n<\/tr>\n<tr>\n<td style=\"text-align: center;\"><span style=\"color: #000000;\">17-Nov-24<\/span><\/td>\n<td style=\"text-align: center;\"><span style=\"color: #000000;\">09-F\u00e9v-25<\/span><\/td>\n<td style=\"text-align: center;\"><span style=\"color: #000000;\">27-Avr-25<\/span><\/td>\n<\/tr>\n<tr>\n<td style=\"text-align: center;\"><span style=\"color: #000000;\">24-Nov-24<\/span><\/td>\n<td style=\"text-align: center;\"><span style=\"color: #000000;\">16-F\u00e9v-25<\/span><\/td>\n<td style=\"text-align: center;\"><span style=\"color: #000000;\">04-Mai-25<\/span><\/td>\n<\/tr>\n<tr>\n<td style=\"text-align: center;\"><span style=\"color: #000000;\">01-D\u00e9c-24<\/span><\/td>\n<td style=\"text-align: center;\"><span style=\"color: #000000;\">23-F\u00e9v-25<\/span><\/td>\n<td style=\"text-align: center;\"><span style=\"color: #000000;\">11-Mai-25<\/span><\/td>\n<\/tr>\n<\/tbody>\n<\/table>\n<p>[\/vc_column_text][\/vc_column][\/vc_row]<\/p>\n<\/div>","protected":false},"excerpt":{"rendered":"<p>[vc_row full_width=\u00a0\u00bbstretch_row_content\u00a0\u00bb full_height=\u00a0\u00bbyes\u00a0\u00bb el_disable_mobile=\u00a0\u00bb1&Prime; thegem_shadow_color=\u00a0\u00bb#000000&Prime; thegem_enable_shadow=\u00a0\u00bbtrue\u00a0\u00bb css=\u00a0\u00bb.vc_custom_1758208369624{background-image: url(https:\/\/sunyouth.org\/wp-content\/uploads\/2024\/10\/ReTouch_DSC0206-Enhanced-NR-scaled.jpg?id=166301) !important;background-position: center !important;background-repeat: no-repeat !important;background-size: cover !important;}\u00a0\u00bb el_class=\u00a0\u00bbsports-detail-page-header\u00a0\u00bb][vc_column width=\u00a0\u00bb1\/2&Prime; el_class=\u00a0\u00bbsports-detail-page-header-col1&Prime;][vc_custom_heading text=\u00a0\u00bbCLUB D\u2019ART\u00a0\u00bb font_container=\u00a0\u00bbtag:h2|font_size:67|text_align:center|color:%23ffcb08|line_height:70&Prime; google_fonts=\u00a0\u00bbfont_family:Montserrat%20UltraLight%3Aregular|font_style:400%20regular%3A400%3Anormal\u00a0\u00bb&#8230;<\/p>\n","protected":false},"author":12,"featured_media":0,"parent":0,"menu_order":0,"comment_status":"closed","ping_status":"closed","template":"","meta":{"_acf_changed":false,"_monsterinsights_skip_tracking":false,"_monsterinsights_sitenote_active":false,"_monsterinsights_sitenote_note":"","_monsterinsights_sitenote_category":0,"footnotes":""},"class_list":["post-157134","page","type-page","status-publish"],"acf":[],"yoast_head":"<!-- This site is optimized with the Yoast SEO plugin v27.2 - https:\/\/yoast.com\/product\/yoast-seo-wordpress\/ -->\n<title>CLUB D&#039;ART - Jeunesse au soleil<\/title>\n<meta name=\"description\" content=\"Jeunesse au soleil organise un cours d\u2019art pour l\u2019\u00e9t\u00e9. Ce cours d\u2019art vous aidera \u00e0 d\u00e9finir votre propre style de dessin en explorant une grande quantit\u00e9 de techniques et de styles diff\u00e9rents. Dans ce cours d\u2019\u00e9t\u00e9, vous apprendrez \u00e0 dessiner des gens, des expressions faciales, des plantes, des animaux, des paysages et des paysages urbains. Vous serez \u00e9galement initi\u00e9 \u00e0 diff\u00e9rentes techniques de dessin pour d\u00e9couvrir votre style de dessin et aider \u00e0 d\u00e9velopper vos comp\u00e9tences techniques. Alors rejoignez-nous cet \u00e9t\u00e9 au parc et commen\u00e7ons \u00e0 dessiner !\" \/>\n<meta name=\"robots\" content=\"index, follow, max-snippet:-1, max-image-preview:large, max-video-preview:-1\" \/>\n<link rel=\"canonical\" href=\"https:\/\/sunyouth.org\/fr\/club-dart\/\" \/>\n<meta property=\"og:locale\" content=\"fr_FR\" \/>\n<meta property=\"og:type\" content=\"article\" \/>\n<meta property=\"og:title\" content=\"LE\u00c7ONS DE DESSINS AU PARC CET \u00c9T\u00c9\" \/>\n<meta property=\"og:description\" content=\"Jeunesse au soleil organise un cours d\u2019art pour l\u2019\u00e9t\u00e9. Ce cours d\u2019art vous aidera \u00e0 d\u00e9finir votre propre style de dessin en explorant une grande quantit\u00e9 de techniques et de styles diff\u00e9rents. Dans ce cours d\u2019\u00e9t\u00e9, vous apprendrez \u00e0 dessiner des gens, des expressions faciales, des plantes, des animaux, des paysages et des paysages urbains. Vous serez \u00e9galement initi\u00e9 \u00e0 diff\u00e9rentes techniques de dessin pour d\u00e9couvrir votre style de dessin et aider \u00e0 d\u00e9velopper vos comp\u00e9tences techniques. Alors rejoignez-nous cet \u00e9t\u00e9 au parc et commen\u00e7ons \u00e0 dessiner !\" \/>\n<meta property=\"og:url\" content=\"https:\/\/sunyouth.org\/fr\/club-dart\/\" \/>\n<meta property=\"og:site_name\" content=\"Jeunesse au soleil\" \/>\n<meta property=\"article:modified_time\" content=\"2026-01-23T19:01:33+00:00\" \/>\n<meta property=\"og:image\" content=\"https:\/\/sunyouth.org\/wp-content\/uploads\/2021\/07\/95921120-8EA3-46BD-B77A-30D3FA6D4BD8.jpeg\" \/>\n\t<meta property=\"og:image:width\" content=\"1600\" \/>\n\t<meta property=\"og:image:height\" content=\"1066\" \/>\n\t<meta property=\"og:image:type\" content=\"image\/jpeg\" \/>\n<meta name=\"twitter:card\" content=\"summary_large_image\" \/>\n<meta name=\"twitter:title\" content=\"LE\u00c7ONS DE DESSINS AU PARC CET \u00c9T\u00c9\" \/>\n<meta name=\"twitter:description\" content=\"Jeunesse au soleil organise un cours d\u2019art pour l\u2019\u00e9t\u00e9. Ce cours d\u2019art vous aidera \u00e0 d\u00e9finir votre propre style de dessin en explorant une grande quantit\u00e9 de techniques et de styles diff\u00e9rents. Dans ce cours d\u2019\u00e9t\u00e9, vous apprendrez \u00e0 dessiner des gens, des expressions faciales, des plantes, des animaux, des paysages et des paysages urbains. Vous serez \u00e9galement initi\u00e9 \u00e0 diff\u00e9rentes techniques de dessin pour d\u00e9couvrir votre style de dessin et aider \u00e0 d\u00e9velopper vos comp\u00e9tences techniques. Alors rejoignez-nous cet \u00e9t\u00e9 au parc et commen\u00e7ons \u00e0 dessiner !\" \/>\n<meta name=\"twitter:image\" content=\"https:\/\/sunyouth.org\/wp-content\/uploads\/2021\/07\/95921120-8EA3-46BD-B77A-30D3FA6D4BD8.jpeg\" \/>\n<meta name=\"twitter:label1\" content=\"Dur\u00e9e de lecture estim\u00e9e\" \/>\n\t<meta name=\"twitter:data1\" content=\"3 minutes\" \/>\n<script type=\"application\/ld+json\" class=\"yoast-schema-graph\">{\"@context\":\"https:\/\/schema.org\",\"@graph\":[{\"@type\":\"WebPage\",\"@id\":\"https:\/\/sunyouth.org\/fr\/club-dart\/\",\"url\":\"https:\/\/sunyouth.org\/fr\/club-dart\/\",\"name\":\"CLUB D'ART - Jeunesse au soleil\",\"isPartOf\":{\"@id\":\"https:\/\/sunyouth.org\/#website\"},\"datePublished\":\"2021-07-07T13:53:38+00:00\",\"dateModified\":\"2026-01-23T19:01:33+00:00\",\"description\":\"Jeunesse au soleil organise un cours d\u2019art pour l\u2019\u00e9t\u00e9. Ce cours d\u2019art vous aidera \u00e0 d\u00e9finir votre propre style de dessin en explorant une grande quantit\u00e9 de techniques et de styles diff\u00e9rents. Dans ce cours d\u2019\u00e9t\u00e9, vous apprendrez \u00e0 dessiner des gens, des expressions faciales, des plantes, des animaux, des paysages et des paysages urbains. Vous serez \u00e9galement initi\u00e9 \u00e0 diff\u00e9rentes techniques de dessin pour d\u00e9couvrir votre style de dessin et aider \u00e0 d\u00e9velopper vos comp\u00e9tences techniques. Alors rejoignez-nous cet \u00e9t\u00e9 au parc et commen\u00e7ons \u00e0 dessiner !\",\"breadcrumb\":{\"@id\":\"https:\/\/sunyouth.org\/fr\/club-dart\/#breadcrumb\"},\"inLanguage\":\"fr-FR\",\"potentialAction\":[{\"@type\":\"ReadAction\",\"target\":[\"https:\/\/sunyouth.org\/fr\/club-dart\/\"]}]},{\"@type\":\"BreadcrumbList\",\"@id\":\"https:\/\/sunyouth.org\/fr\/club-dart\/#breadcrumb\",\"itemListElement\":[{\"@type\":\"ListItem\",\"position\":1,\"name\":\"Home\",\"item\":\"https:\/\/sunyouth.org\/fr\/\"},{\"@type\":\"ListItem\",\"position\":2,\"name\":\"CLUB D&#8217;ART\"}]},{\"@type\":\"WebSite\",\"@id\":\"https:\/\/sunyouth.org\/#website\",\"url\":\"https:\/\/sunyouth.org\/\",\"name\":\"Jeunesse au soleil\",\"description\":\"Dedicated since 1954!\",\"publisher\":{\"@id\":\"https:\/\/sunyouth.org\/#organization\"},\"potentialAction\":[{\"@type\":\"SearchAction\",\"target\":{\"@type\":\"EntryPoint\",\"urlTemplate\":\"https:\/\/sunyouth.org\/?s={search_term_string}\"},\"query-input\":{\"@type\":\"PropertyValueSpecification\",\"valueRequired\":true,\"valueName\":\"search_term_string\"}}],\"inLanguage\":\"fr-FR\"},{\"@type\":\"Organization\",\"@id\":\"https:\/\/sunyouth.org\/#organization\",\"name\":\"SUN YOUTH\",\"url\":\"https:\/\/sunyouth.org\/\",\"logo\":{\"@type\":\"ImageObject\",\"inLanguage\":\"fr-FR\",\"@id\":\"https:\/\/sunyouth.org\/#\/schema\/logo\/image\/\",\"url\":\"https:\/\/sunyouth.org\/wp-content\/uploads\/2018\/11\/LOGO-SUNYOUTH.png\",\"contentUrl\":\"https:\/\/sunyouth.org\/wp-content\/uploads\/2018\/11\/LOGO-SUNYOUTH.png\",\"width\":251,\"height\":251,\"caption\":\"SUN YOUTH\"},\"image\":{\"@id\":\"https:\/\/sunyouth.org\/#\/schema\/logo\/image\/\"}}]}<\/script>\n<!-- \/ Yoast SEO plugin. -->","yoast_head_json":{"title":"CLUB D'ART - Jeunesse au soleil","description":"Jeunesse au soleil organise un cours d\u2019art pour l\u2019\u00e9t\u00e9. Ce cours d\u2019art vous aidera \u00e0 d\u00e9finir votre propre style de dessin en explorant une grande quantit\u00e9 de techniques et de styles diff\u00e9rents. Dans ce cours d\u2019\u00e9t\u00e9, vous apprendrez \u00e0 dessiner des gens, des expressions faciales, des plantes, des animaux, des paysages et des paysages urbains. Vous serez \u00e9galement initi\u00e9 \u00e0 diff\u00e9rentes techniques de dessin pour d\u00e9couvrir votre style de dessin et aider \u00e0 d\u00e9velopper vos comp\u00e9tences techniques. Alors rejoignez-nous cet \u00e9t\u00e9 au parc et commen\u00e7ons \u00e0 dessiner !","robots":{"index":"index","follow":"follow","max-snippet":"max-snippet:-1","max-image-preview":"max-image-preview:large","max-video-preview":"max-video-preview:-1"},"canonical":"https:\/\/sunyouth.org\/fr\/club-dart\/","og_locale":"fr_FR","og_type":"article","og_title":"LE\u00c7ONS DE DESSINS AU PARC CET \u00c9T\u00c9","og_description":"Jeunesse au soleil organise un cours d\u2019art pour l\u2019\u00e9t\u00e9. Ce cours d\u2019art vous aidera \u00e0 d\u00e9finir votre propre style de dessin en explorant une grande quantit\u00e9 de techniques et de styles diff\u00e9rents. Dans ce cours d\u2019\u00e9t\u00e9, vous apprendrez \u00e0 dessiner des gens, des expressions faciales, des plantes, des animaux, des paysages et des paysages urbains. Vous serez \u00e9galement initi\u00e9 \u00e0 diff\u00e9rentes techniques de dessin pour d\u00e9couvrir votre style de dessin et aider \u00e0 d\u00e9velopper vos comp\u00e9tences techniques. Alors rejoignez-nous cet \u00e9t\u00e9 au parc et commen\u00e7ons \u00e0 dessiner !","og_url":"https:\/\/sunyouth.org\/fr\/club-dart\/","og_site_name":"Jeunesse au soleil","article_modified_time":"2026-01-23T19:01:33+00:00","og_image":[{"width":1600,"height":1066,"url":"https:\/\/sunyouth.org\/wp-content\/uploads\/2021\/07\/95921120-8EA3-46BD-B77A-30D3FA6D4BD8.jpeg","type":"image\/jpeg"}],"twitter_card":"summary_large_image","twitter_title":"LE\u00c7ONS DE DESSINS AU PARC CET \u00c9T\u00c9","twitter_description":"Jeunesse au soleil organise un cours d\u2019art pour l\u2019\u00e9t\u00e9. Ce cours d\u2019art vous aidera \u00e0 d\u00e9finir votre propre style de dessin en explorant une grande quantit\u00e9 de techniques et de styles diff\u00e9rents. Dans ce cours d\u2019\u00e9t\u00e9, vous apprendrez \u00e0 dessiner des gens, des expressions faciales, des plantes, des animaux, des paysages et des paysages urbains. Vous serez \u00e9galement initi\u00e9 \u00e0 diff\u00e9rentes techniques de dessin pour d\u00e9couvrir votre style de dessin et aider \u00e0 d\u00e9velopper vos comp\u00e9tences techniques. Alors rejoignez-nous cet \u00e9t\u00e9 au parc et commen\u00e7ons \u00e0 dessiner !","twitter_image":"https:\/\/sunyouth.org\/wp-content\/uploads\/2021\/07\/95921120-8EA3-46BD-B77A-30D3FA6D4BD8.jpeg","twitter_misc":{"Dur\u00e9e de lecture estim\u00e9e":"3 minutes"},"schema":{"@context":"https:\/\/schema.org","@graph":[{"@type":"WebPage","@id":"https:\/\/sunyouth.org\/fr\/club-dart\/","url":"https:\/\/sunyouth.org\/fr\/club-dart\/","name":"CLUB D'ART - Jeunesse au soleil","isPartOf":{"@id":"https:\/\/sunyouth.org\/#website"},"datePublished":"2021-07-07T13:53:38+00:00","dateModified":"2026-01-23T19:01:33+00:00","description":"Jeunesse au soleil organise un cours d\u2019art pour l\u2019\u00e9t\u00e9. Ce cours d\u2019art vous aidera \u00e0 d\u00e9finir votre propre style de dessin en explorant une grande quantit\u00e9 de techniques et de styles diff\u00e9rents. Dans ce cours d\u2019\u00e9t\u00e9, vous apprendrez \u00e0 dessiner des gens, des expressions faciales, des plantes, des animaux, des paysages et des paysages urbains. Vous serez \u00e9galement initi\u00e9 \u00e0 diff\u00e9rentes techniques de dessin pour d\u00e9couvrir votre style de dessin et aider \u00e0 d\u00e9velopper vos comp\u00e9tences techniques. Alors rejoignez-nous cet \u00e9t\u00e9 au parc et commen\u00e7ons \u00e0 dessiner !","breadcrumb":{"@id":"https:\/\/sunyouth.org\/fr\/club-dart\/#breadcrumb"},"inLanguage":"fr-FR","potentialAction":[{"@type":"ReadAction","target":["https:\/\/sunyouth.org\/fr\/club-dart\/"]}]},{"@type":"BreadcrumbList","@id":"https:\/\/sunyouth.org\/fr\/club-dart\/#breadcrumb","itemListElement":[{"@type":"ListItem","position":1,"name":"Home","item":"https:\/\/sunyouth.org\/fr\/"},{"@type":"ListItem","position":2,"name":"CLUB D&#8217;ART"}]},{"@type":"WebSite","@id":"https:\/\/sunyouth.org\/#website","url":"https:\/\/sunyouth.org\/","name":"Jeunesse au soleil","description":"Dedicated since 1954!","publisher":{"@id":"https:\/\/sunyouth.org\/#organization"},"potentialAction":[{"@type":"SearchAction","target":{"@type":"EntryPoint","urlTemplate":"https:\/\/sunyouth.org\/?s={search_term_string}"},"query-input":{"@type":"PropertyValueSpecification","valueRequired":true,"valueName":"search_term_string"}}],"inLanguage":"fr-FR"},{"@type":"Organization","@id":"https:\/\/sunyouth.org\/#organization","name":"SUN YOUTH","url":"https:\/\/sunyouth.org\/","logo":{"@type":"ImageObject","inLanguage":"fr-FR","@id":"https:\/\/sunyouth.org\/#\/schema\/logo\/image\/","url":"https:\/\/sunyouth.org\/wp-content\/uploads\/2018\/11\/LOGO-SUNYOUTH.png","contentUrl":"https:\/\/sunyouth.org\/wp-content\/uploads\/2018\/11\/LOGO-SUNYOUTH.png","width":251,"height":251,"caption":"SUN YOUTH"},"image":{"@id":"https:\/\/sunyouth.org\/#\/schema\/logo\/image\/"}}]}},"_links":{"self":[{"href":"https:\/\/sunyouth.org\/fr\/wp-json\/wp\/v2\/pages\/157134","targetHints":{"allow":["GET"]}}],"collection":[{"href":"https:\/\/sunyouth.org\/fr\/wp-json\/wp\/v2\/pages"}],"about":[{"href":"https:\/\/sunyouth.org\/fr\/wp-json\/wp\/v2\/types\/page"}],"author":[{"embeddable":true,"href":"https:\/\/sunyouth.org\/fr\/wp-json\/wp\/v2\/users\/12"}],"replies":[{"embeddable":true,"href":"https:\/\/sunyouth.org\/fr\/wp-json\/wp\/v2\/comments?post=157134"}],"version-history":[{"count":73,"href":"https:\/\/sunyouth.org\/fr\/wp-json\/wp\/v2\/pages\/157134\/revisions"}],"predecessor-version":[{"id":173142,"href":"https:\/\/sunyouth.org\/fr\/wp-json\/wp\/v2\/pages\/157134\/revisions\/173142"}],"wp:attachment":[{"href":"https:\/\/sunyouth.org\/fr\/wp-json\/wp\/v2\/media?parent=157134"}],"curies":[{"name":"wp","href":"https:\/\/api.w.org\/{rel}","templated":true}]}}