{"id":151735,"date":"2019-04-11T17:59:21","date_gmt":"2019-04-11T17:59:21","guid":{"rendered":"https:\/\/sunyouth.org\/lfa-hockey\/?lang=fr"},"modified":"2019-04-11T17:59:21","modified_gmt":"2019-04-11T17:59:21","slug":"lfa-hockey","status":"publish","type":"page","link":"https:\/\/sunyouth.org\/fr\/lfa-hockey\/","title":{"rendered":"LFA Hockey"},"content":{"rendered":"<div class=\"wpb-content-wrapper\"><p>[vc_row full_width=\u00a0\u00bbstretch_row\u00a0\u00bb content_placement=\u00a0\u00bbmiddle\u00a0\u00bb video_bg=\u00a0\u00bbyes\u00a0\u00bb video_bg_url=\u00a0\u00bbhttps:\/\/www.youtube.com\/watch?v=7_gqyoz3m4A&amp;feature=youtu.be\u00a0\u00bb css=\u00a0\u00bb.vc_custom_1555431114335{margin-bottom: 0px !important;background-image: url(https:\/\/sunyouth.org\/wp-content\/uploads\/2019\/04\/First-Image-LFA.jpg?id=149098) !important;background-position: center !important;background-repeat: no-repeat !important;background-size: cover !important;}\u00a0\u00bb el_class=\u00a0\u00bbabout-page-header\u00a0\u00bb][vc_column css_animation=\u00a0\u00bbnone\u00a0\u00bb][vc_empty_space height=\u00a0\u00bb40px\u00a0\u00bb][vc_custom_heading text=\u00a0\u00bbGrande Finale LFA\u00a0\u00bb font_container=\u00a0\u00bbtag:h1|font_size:72|text_align:center|color:%23ffffff\u00a0\u00bb google_fonts=\u00a0\u00bbfont_family:Open%20Sans%3A300%2C300italic%2Cregular%2Citalic%2C600%2C600italic%2C700%2C700italic%2C800%2C800italic|font_style:700%20bold%20regular%3A700%3Anormal\u00a0\u00bb css_animation=\u00a0\u00bbfadeInUp\u00a0\u00bb][vc_custom_heading text=\u00a0\u00bbAchetez vos billets pour la grande finale de la LFA 2019,<br \/>\nTous les profits vont au programme de Hockey SLAP de Jeunesse au Soleil.\u00a0\u00bb font_container=\u00a0\u00bbtag:h3|font_size:32px|text_align:center|color:%23000000&Prime; google_fonts=\u00a0\u00bbfont_family:Open%20Sans%3A300%2C300italic%2Cregular%2Citalic%2C600%2C600italic%2C700%2C700italic%2C800%2C800italic|font_style:400%20regular%3A400%3Anormal\u00a0\u00bb css_animation=\u00a0\u00bbfadeInUp\u00a0\u00bb][vc_empty_space height=\u00a0\u00bb40px\u00a0\u00bb][\/vc_column][\/vc_row][vc_row full_width=\u00a0\u00bbstretch_row\u00a0\u00bb css_animation=\u00a0\u00bbfadeIn\u00a0\u00bb css=\u00a0\u00bb.vc_custom_1553633514728{padding-top: 180px !important;padding-bottom: 180px !important;background-color: #ffffff !important;background-position: center !important;background-repeat: no-repeat !important;background-size: cover !important;}\u00a0\u00bb el_class=\u00a0\u00bbabout-our-mession golf-page-content-section\u00a0\u00bb el_id=\u00a0\u00bbabout-fame-1&Prime;][vc_column width=\u00a0\u00bb1\/2&Prime;][vc_custom_heading text=\u00a0\u00bbSOYEZ DE LA PARTIE!\u00a0\u00bb font_container=\u00a0\u00bbtag:h2|font_size:46|text_align:left|color:%23000000&Prime; google_fonts=\u00a0\u00bbfont_family:Open%20Sans%3A300%2C300italic%2Cregular%2Citalic%2C600%2C600italic%2C700%2C700italic%2C800%2C800italic|font_style:700%20bold%20regular%3A700%3Anormal\u00a0\u00bb css_animation=\u00a0\u00bbfadeInLeft\u00a0\u00bb css=\u00a0\u00bb.vc_custom_1555417202043{margin-bottom: 45px !important;}\u00a0\u00bb][vc_column_text css_animation=\u00a0\u00bbfadeInLeft\u00a0\u00bb el_class=\u00a0\u00bbabout-frames-col-1-txt\u00a0\u00bb]Chaque ann\u00e9e, la LFA organise un \u00e9v\u00e9nement sp\u00e9cial pour sa grande finale, avec pour objectif d&rsquo;offrir une exp\u00e9rience unique \u00e0 ses joueurs tout en obtenant des dons en argent au profit d\u2019un organisme de bienfaisance de la communaut\u00e9. Cette ann\u00e9e, le match aura lieu le vendredi 3 mai \u00e0 partir de 19h30, \u00e0 l\u2019ar\u00e9na du Coll\u00e8ge Notre-Dame. La soir\u00e9e sera anim\u00e9e gr\u00e2ce \u00e0 la pr\u00e9sence de notre DJ et vous trouverez sur le site des kiosques proposant des souvenirs, de la bi\u00e8re fra\u00eeche et m\u00eame un \u00ab food truck \u00bb cette ann\u00e9e pour vos fringales entre les p\u00e9riodes! De plus, vous pourriez gagner l&rsquo;un de nos nombreux prix de pr\u00e9sence![\/vc_column_text][\/vc_column][vc_column width=\u00a0\u00bb1\/2&Prime; css=\u00a0\u00bb.vc_custom_1544038195761{margin-top: 98px !important;}\u00a0\u00bb el_class=\u00a0\u00bbabout-our-mession-column-2&Prime;]<div class=\"gem-youtube gem-wrapbox gem-wrapbox-style-no-style rounded-corners gem-wrapbox-position-below\" style=\"width: 100%;\"><div class=\"gem-wrapbox-inner gem-ratio-style\" style=\"padding-top: 56.25%\"><iframe class=\"gem-wrapbox-element img-responsive\" width=\"100%\" height=\"300\" allowfullscreen=\"allowfullscreen\" frameborder=\"0\" scrolling=\"no\" marginheight=\"0\" marginwidth=\"0\" src=\"\/\/www.youtube.com\/embed\/prCcfNuX2hE?rel=0&amp;wmode=opaque\"><\/iframe><\/div><\/div>[vc_column_text css_animation=\u00a0\u00bbfadeInLeft\u00a0\u00bb]Vous pouvez acheter vos billets d\u00e8s maintenant. 100% des montants r\u00e9colt\u00e9s iront directement \u00e0 Jeunesse au Soleil au profit de notre programme de d\u00e9veloppement de Hockey SLAP. Les billets co\u00fbtent seulement 10$. Pour acheter vos billets, cliquer <a href=\"http:\/\/www.lfahockey.com\/grande-finale-fr\">ici<\/a>.[\/vc_column_text][\/vc_column][\/vc_row][vc_row][vc_column][vc_empty_space height=\u00a0\u00bb40px\u00a0\u00bb][\/vc_column][\/vc_row][vc_row full_width=\u00a0\u00bbstretch_row_content\u00a0\u00bb css_animation=\u00a0\u00bbfadeInLeft\u00a0\u00bb el_class=\u00a0\u00bbabout-our-history\u00a0\u00bb css=\u00a0\u00bb.vc_custom_1555505362518{background-position: 0 0 !important;background-repeat: no-repeat !important;}\u00a0\u00bb][vc_column width=\u00a0\u00bb1\/2&Prime; el_class=\u00a0\u00bbabout-our-history-col-1&Prime;][vc_single_image image=\u00a0\u00bb149113&Prime; img_size=\u00a0\u00bbfull\u00a0\u00bb alignment=\u00a0\u00bbcenter\u00a0\u00bb css_animation=\u00a0\u00bbfadeInLeft\u00a0\u00bb][\/vc_column][vc_column width=\u00a0\u00bb1\/2&Prime; el_class=\u00a0\u00bbabout-our-history-col-2&Prime;][vc_custom_heading text=\u00a0\u00bbJoignez-vous<br \/>\n\u00e0 nous!\u00a0\u00bb css_animation=\u00a0\u00bbfadeInRight\u00a0\u00bb][vc_column_text]Faites un don et aidez-nous \u00e0 atteindre notre objectif de soutenir les programmes communautaires de Jeunesse au Soleil. La totalit\u00e9 des montants amass\u00e9s leur seront remis dans les jours suivants la Grand Finale.<\/p>\n<p>Chaque don de $20 et plus vous permet d&rsquo;obtenir un re\u00e7u \u00e0 fins d&rsquo;imp\u00f4ts. Chaque geste compte![\/vc_column_text][vc_column_text css_animation=\u00a0\u00bbfadeInRight\u00a0\u00bb]<\/p>\n<div class=\"our-history-box\">Jean-Fran\u00e7ois Desbois remet un ch\u00e8que \u00e0 Jeunesse au Soleil<\/div>\n<p>[\/vc_column_text][\/vc_column][\/vc_row][vc_row][vc_column][vc_empty_space height=\u00a0\u00bb40px\u00a0\u00bb][\/vc_column][\/vc_row][vc_row el_class=\u00a0\u00bbgolf-page-content-section\u00a0\u00bb][vc_column][vc_column_text]Veuillez remplir ce formulaire en indiquant le nom de l&rsquo;\u00e9quipe que vous encouragez et quel joueur vous a sollicit\u00e9 pour faire un don. Vous serez redirig\u00e9 directement sur notre page de don.[\/vc_column_text]\n<div class=\"wpcf7 no-js\" id=\"wpcf7-f154434-o1\" lang=\"fr-FR\" dir=\"ltr\" data-wpcf7-id=\"154434\">\n<div class=\"screen-reader-response\"><p role=\"status\" aria-live=\"polite\" aria-atomic=\"true\"><\/p> <ul><\/ul><\/div>\n<form action=\"\/fr\/wp-json\/wp\/v2\/pages\/151735#wpcf7-f154434-o1\" method=\"post\" class=\"wpcf7-form init\" aria-label=\"Formulaire de contact\" novalidate=\"novalidate\" data-status=\"init\">\n<fieldset class=\"hidden-fields-container\"><input type=\"hidden\" name=\"_wpcf7\" value=\"154434\" \/><input type=\"hidden\" name=\"_wpcf7_version\" value=\"6.1.4\" \/><input type=\"hidden\" name=\"_wpcf7_locale\" value=\"fr_FR\" \/><input type=\"hidden\" name=\"_wpcf7_unit_tag\" value=\"wpcf7-f154434-o1\" \/><input type=\"hidden\" name=\"_wpcf7_container_post\" value=\"0\" \/><input type=\"hidden\" name=\"_wpcf7_posted_data_hash\" value=\"\" \/>\n<\/fieldset>\n<label>Nom<\/label>\r\n<span class=\"wpcf7-form-control-wrap\" data-name=\"last-name\"><input size=\"40\" maxlength=\"400\" class=\"wpcf7-form-control wpcf7-text wpcf7-validates-as-required\" aria-required=\"true\" aria-invalid=\"false\" value=\"\" type=\"text\" name=\"last-name\" \/><\/span>\r\n<label>Pr\u00e9nom<\/label>\r\n<span class=\"wpcf7-form-control-wrap\" data-name=\"first-name\"><input size=\"40\" maxlength=\"400\" class=\"wpcf7-form-control wpcf7-text wpcf7-validates-as-required\" aria-required=\"true\" aria-invalid=\"false\" value=\"\" type=\"text\" name=\"first-name\" \/><\/span>\r\n<label>Courriel<\/label>\r\n<span class=\"wpcf7-form-control-wrap\" data-name=\"your-email\"><input size=\"40\" maxlength=\"400\" class=\"wpcf7-form-control wpcf7-text wpcf7-validates-as-required\" aria-required=\"true\" aria-invalid=\"false\" value=\"\" type=\"text\" name=\"your-email\" \/><\/span>\r\nNom de l'\u00e9quipe (Choisir une option)<span class=\"wpcf7-form-control-wrap\" data-name=\"team-name\"><select class=\"wpcf7-form-control wpcf7-select\" aria-invalid=\"false\" name=\"team-name\"><option value=\"Ramjets\">Ramjets<\/option><option value=\"Sputnick\">Sputnick<\/option><option value=\"Rebels\">Rebels<\/option><option value=\"Torpedoes\">Torpedoes<\/option><option value=\"Avengers\">Avengers<\/option><option value=\"Molotov\">Molotov<\/option><option value=\"Tomahawks\">Tomahawks<\/option><option value=\"M\u00e9t\u00e9ores\">M\u00e9t\u00e9ores<\/option><option value=\"Barbares\">Barbares<\/option><option value=\"Kamikazes\">Kamikazes<\/option><\/select><\/span><\/label>\r\n<label>Nom du joueur<\/label>\r\n<span class=\"wpcf7-form-control-wrap\" data-name=\"Player-name\"><input size=\"40\" maxlength=\"400\" class=\"wpcf7-form-control wpcf7-text wpcf7-validates-as-required\" aria-required=\"true\" aria-invalid=\"false\" value=\"\" type=\"text\" name=\"Player-name\" \/><\/span>\r\n<input class=\"wpcf7-form-control wpcf7-submit has-spinner\" type=\"submit\" value=\"Faire un don\" \/><input type='hidden' class='wpcf7-pum' value='{\"closepopup\":false,\"closedelay\":0,\"openpopup\":false,\"openpopup_id\":0}' \/><div class=\"wpcf7-response-output\" aria-hidden=\"true\"><\/div>\n<\/form>\n<\/div>\n[\/vc_column][\/vc_row][vc_row full_width=\u00a0\u00bbstretch_row\u00a0\u00bb content_placement=\u00a0\u00bbmiddle\u00a0\u00bb video_bg=\u00a0\u00bbyes\u00a0\u00bb video_bg_url=\u00a0\u00bbhttps:\/\/www.youtube.com\/watch?v=7_gqyoz3m4A&amp;feature=youtu.be\u00a0\u00bb css=\u00a0\u00bb.vc_custom_1555514955320{margin-bottom: 50px !important;background-image: url(https:\/\/sunyouth.org\/wp-content\/uploads\/2019\/04\/Third-Image-LFA-1.jpg?id=149148) !important;background-position: center !important;background-repeat: no-repeat !important;background-size: cover !important;}\u00a0\u00bb el_class=\u00a0\u00bbabout-page-header\u00a0\u00bb][vc_column css_animation=\u00a0\u00bbnone\u00a0\u00bb][vc_empty_space height=\u00a0\u00bb40px\u00a0\u00bb][vc_empty_space height=\u00a0\u00bb40px\u00a0\u00bb][\/vc_column][\/vc_row]<\/p>\n<\/div>","protected":false},"excerpt":{"rendered":"<p>[vc_row full_width=\u00a0\u00bbstretch_row\u00a0\u00bb content_placement=\u00a0\u00bbmiddle\u00a0\u00bb video_bg=\u00a0\u00bbyes\u00a0\u00bb video_bg_url=\u00a0\u00bbhttps:\/\/www.youtube.com\/watch?v=7_gqyoz3m4A&amp;feature=youtu.be\u00a0\u00bb css=\u00a0\u00bb.vc_custom_1555431114335{margin-bottom: 0px !important;background-image: url(https:\/\/sunyouth.org\/wp-content\/uploads\/2019\/04\/First-Image-LFA.jpg?id=149098) !important;background-position: center !important;background-repeat: no-repeat !important;background-size: cover !important;}\u00a0\u00bb el_class=\u00a0\u00bbabout-page-header\u00a0\u00bb][vc_column css_animation=\u00a0\u00bbnone\u00a0\u00bb][vc_empty_space height=\u00a0\u00bb40px\u00a0\u00bb][vc_custom_heading text=\u00a0\u00bbGrande Finale LFA\u00a0\u00bb&#8230;<\/p>\n","protected":false},"author":12,"featured_media":0,"parent":0,"menu_order":0,"comment_status":"closed","ping_status":"closed","template":"","meta":{"_acf_changed":false,"_monsterinsights_skip_tracking":false,"_monsterinsights_sitenote_active":false,"_monsterinsights_sitenote_note":"","_monsterinsights_sitenote_category":0,"footnotes":""},"class_list":["post-151735","page","type-page","status-publish"],"acf":[],"yoast_head":"<!-- This site is optimized with the Yoast SEO plugin v27.2 - https:\/\/yoast.com\/product\/yoast-seo-wordpress\/ -->\n<title>LFA Hockey - Jeunesse au soleil<\/title>\n<meta name=\"robots\" content=\"index, follow, max-snippet:-1, max-image-preview:large, max-video-preview:-1\" \/>\n<link rel=\"canonical\" href=\"https:\/\/sunyouth.org\/fr\/lfa-hockey\/\" \/>\n<meta property=\"og:locale\" content=\"fr_FR\" \/>\n<meta property=\"og:type\" content=\"article\" \/>\n<meta property=\"og:title\" content=\"LFA Hockey - Jeunesse au soleil\" \/>\n<meta property=\"og:description\" content=\"[vc_row full_width=\u00a0\u00bbstretch_row\u00a0\u00bb content_placement=\u00a0\u00bbmiddle\u00a0\u00bb video_bg=\u00a0\u00bbyes\u00a0\u00bb video_bg_url=\u00a0\u00bbhttps:\/\/www.youtube.com\/watch?v=7_gqyoz3m4A&amp;feature=youtu.be\u00a0\u00bb css=\u00a0\u00bb.vc_custom_1555431114335{margin-bottom: 0px !important;background-image: url(https:\/\/sunyouth.org\/wp-content\/uploads\/2019\/04\/First-Image-LFA.jpg?id=149098) !important;background-position: center !important;background-repeat: no-repeat !important;background-size: cover !important;}\u00a0\u00bb el_class=\u00a0\u00bbabout-page-header\u00a0\u00bb][vc_column css_animation=\u00a0\u00bbnone\u00a0\u00bb][vc_empty_space height=\u00a0\u00bb40px\u00a0\u00bb][vc_custom_heading text=\u00a0\u00bbGrande Finale LFA\u00a0\u00bb...\" \/>\n<meta property=\"og:url\" content=\"https:\/\/sunyouth.org\/fr\/lfa-hockey\/\" \/>\n<meta property=\"og:site_name\" content=\"Jeunesse au soleil\" \/>\n<meta name=\"twitter:card\" content=\"summary_large_image\" \/>\n<meta name=\"twitter:label1\" content=\"Dur\u00e9e de lecture estim\u00e9e\" \/>\n\t<meta name=\"twitter:data1\" content=\"4 minutes\" \/>\n<script type=\"application\/ld+json\" class=\"yoast-schema-graph\">{\"@context\":\"https:\/\/schema.org\",\"@graph\":[{\"@type\":\"WebPage\",\"@id\":\"https:\/\/sunyouth.org\/fr\/lfa-hockey\/\",\"url\":\"https:\/\/sunyouth.org\/fr\/lfa-hockey\/\",\"name\":\"LFA Hockey - Jeunesse au soleil\",\"isPartOf\":{\"@id\":\"https:\/\/sunyouth.org\/#website\"},\"datePublished\":\"2019-04-11T17:59:21+00:00\",\"breadcrumb\":{\"@id\":\"https:\/\/sunyouth.org\/fr\/lfa-hockey\/#breadcrumb\"},\"inLanguage\":\"fr-FR\",\"potentialAction\":[{\"@type\":\"ReadAction\",\"target\":[\"https:\/\/sunyouth.org\/fr\/lfa-hockey\/\"]}]},{\"@type\":\"BreadcrumbList\",\"@id\":\"https:\/\/sunyouth.org\/fr\/lfa-hockey\/#breadcrumb\",\"itemListElement\":[{\"@type\":\"ListItem\",\"position\":1,\"name\":\"Home\",\"item\":\"https:\/\/sunyouth.org\/fr\/\"},{\"@type\":\"ListItem\",\"position\":2,\"name\":\"LFA Hockey\"}]},{\"@type\":\"WebSite\",\"@id\":\"https:\/\/sunyouth.org\/#website\",\"url\":\"https:\/\/sunyouth.org\/\",\"name\":\"Jeunesse au soleil\",\"description\":\"Dedicated since 1954!\",\"publisher\":{\"@id\":\"https:\/\/sunyouth.org\/#organization\"},\"potentialAction\":[{\"@type\":\"SearchAction\",\"target\":{\"@type\":\"EntryPoint\",\"urlTemplate\":\"https:\/\/sunyouth.org\/?s={search_term_string}\"},\"query-input\":{\"@type\":\"PropertyValueSpecification\",\"valueRequired\":true,\"valueName\":\"search_term_string\"}}],\"inLanguage\":\"fr-FR\"},{\"@type\":\"Organization\",\"@id\":\"https:\/\/sunyouth.org\/#organization\",\"name\":\"SUN YOUTH\",\"url\":\"https:\/\/sunyouth.org\/\",\"logo\":{\"@type\":\"ImageObject\",\"inLanguage\":\"fr-FR\",\"@id\":\"https:\/\/sunyouth.org\/#\/schema\/logo\/image\/\",\"url\":\"https:\/\/sunyouth.org\/wp-content\/uploads\/2018\/11\/LOGO-SUNYOUTH.png\",\"contentUrl\":\"https:\/\/sunyouth.org\/wp-content\/uploads\/2018\/11\/LOGO-SUNYOUTH.png\",\"width\":251,\"height\":251,\"caption\":\"SUN YOUTH\"},\"image\":{\"@id\":\"https:\/\/sunyouth.org\/#\/schema\/logo\/image\/\"}}]}<\/script>\n<!-- \/ Yoast SEO plugin. -->","yoast_head_json":{"title":"LFA Hockey - Jeunesse au soleil","robots":{"index":"index","follow":"follow","max-snippet":"max-snippet:-1","max-image-preview":"max-image-preview:large","max-video-preview":"max-video-preview:-1"},"canonical":"https:\/\/sunyouth.org\/fr\/lfa-hockey\/","og_locale":"fr_FR","og_type":"article","og_title":"LFA Hockey - Jeunesse au soleil","og_description":"[vc_row full_width=\u00a0\u00bbstretch_row\u00a0\u00bb content_placement=\u00a0\u00bbmiddle\u00a0\u00bb video_bg=\u00a0\u00bbyes\u00a0\u00bb video_bg_url=\u00a0\u00bbhttps:\/\/www.youtube.com\/watch?v=7_gqyoz3m4A&amp;feature=youtu.be\u00a0\u00bb css=\u00a0\u00bb.vc_custom_1555431114335{margin-bottom: 0px !important;background-image: url(https:\/\/sunyouth.org\/wp-content\/uploads\/2019\/04\/First-Image-LFA.jpg?id=149098) !important;background-position: center !important;background-repeat: no-repeat !important;background-size: cover !important;}\u00a0\u00bb el_class=\u00a0\u00bbabout-page-header\u00a0\u00bb][vc_column css_animation=\u00a0\u00bbnone\u00a0\u00bb][vc_empty_space height=\u00a0\u00bb40px\u00a0\u00bb][vc_custom_heading text=\u00a0\u00bbGrande Finale LFA\u00a0\u00bb...","og_url":"https:\/\/sunyouth.org\/fr\/lfa-hockey\/","og_site_name":"Jeunesse au soleil","twitter_card":"summary_large_image","twitter_misc":{"Dur\u00e9e de lecture estim\u00e9e":"4 minutes"},"schema":{"@context":"https:\/\/schema.org","@graph":[{"@type":"WebPage","@id":"https:\/\/sunyouth.org\/fr\/lfa-hockey\/","url":"https:\/\/sunyouth.org\/fr\/lfa-hockey\/","name":"LFA Hockey - Jeunesse au soleil","isPartOf":{"@id":"https:\/\/sunyouth.org\/#website"},"datePublished":"2019-04-11T17:59:21+00:00","breadcrumb":{"@id":"https:\/\/sunyouth.org\/fr\/lfa-hockey\/#breadcrumb"},"inLanguage":"fr-FR","potentialAction":[{"@type":"ReadAction","target":["https:\/\/sunyouth.org\/fr\/lfa-hockey\/"]}]},{"@type":"BreadcrumbList","@id":"https:\/\/sunyouth.org\/fr\/lfa-hockey\/#breadcrumb","itemListElement":[{"@type":"ListItem","position":1,"name":"Home","item":"https:\/\/sunyouth.org\/fr\/"},{"@type":"ListItem","position":2,"name":"LFA Hockey"}]},{"@type":"WebSite","@id":"https:\/\/sunyouth.org\/#website","url":"https:\/\/sunyouth.org\/","name":"Jeunesse au soleil","description":"Dedicated since 1954!","publisher":{"@id":"https:\/\/sunyouth.org\/#organization"},"potentialAction":[{"@type":"SearchAction","target":{"@type":"EntryPoint","urlTemplate":"https:\/\/sunyouth.org\/?s={search_term_string}"},"query-input":{"@type":"PropertyValueSpecification","valueRequired":true,"valueName":"search_term_string"}}],"inLanguage":"fr-FR"},{"@type":"Organization","@id":"https:\/\/sunyouth.org\/#organization","name":"SUN YOUTH","url":"https:\/\/sunyouth.org\/","logo":{"@type":"ImageObject","inLanguage":"fr-FR","@id":"https:\/\/sunyouth.org\/#\/schema\/logo\/image\/","url":"https:\/\/sunyouth.org\/wp-content\/uploads\/2018\/11\/LOGO-SUNYOUTH.png","contentUrl":"https:\/\/sunyouth.org\/wp-content\/uploads\/2018\/11\/LOGO-SUNYOUTH.png","width":251,"height":251,"caption":"SUN YOUTH"},"image":{"@id":"https:\/\/sunyouth.org\/#\/schema\/logo\/image\/"}}]}},"_links":{"self":[{"href":"https:\/\/sunyouth.org\/fr\/wp-json\/wp\/v2\/pages\/151735","targetHints":{"allow":["GET"]}}],"collection":[{"href":"https:\/\/sunyouth.org\/fr\/wp-json\/wp\/v2\/pages"}],"about":[{"href":"https:\/\/sunyouth.org\/fr\/wp-json\/wp\/v2\/types\/page"}],"author":[{"embeddable":true,"href":"https:\/\/sunyouth.org\/fr\/wp-json\/wp\/v2\/users\/12"}],"replies":[{"embeddable":true,"href":"https:\/\/sunyouth.org\/fr\/wp-json\/wp\/v2\/comments?post=151735"}],"version-history":[{"count":0,"href":"https:\/\/sunyouth.org\/fr\/wp-json\/wp\/v2\/pages\/151735\/revisions"}],"wp:attachment":[{"href":"https:\/\/sunyouth.org\/fr\/wp-json\/wp\/v2\/media?parent=151735"}],"curies":[{"name":"wp","href":"https:\/\/api.w.org\/{rel}","templated":true}]}}