{"id":151727,"date":"2018-11-14T17:48:08","date_gmt":"2018-11-14T17:48:08","guid":{"rendered":"https:\/\/sunyouth.org\/nous-contacter\/?lang=fr"},"modified":"2026-03-19T12:57:28","modified_gmt":"2026-03-19T17:57:28","slug":"nous-contacter","status":"publish","type":"page","link":"https:\/\/sunyouth.org\/fr\/nous-contacter\/","title":{"rendered":"Nous contacter"},"content":{"rendered":"<div class=\"wpb-content-wrapper\"><p>[vc_row full_width=\u00a0\u00bbstretch_row\u00a0\u00bb el_class=\u00a0\u00bbcontact-us-page\u00a0\u00bb][vc_column][vc_custom_heading text=\u00a0\u00bbDemandes g\u00e9n\u00e9rales\u00a0\u00bb font_container=\u00a0\u00bbtag:h2|text_align:left|color:%23ffde02&Prime;][vc_column_text]Vous avez des questions, des commentaires ou des suggestions?<br \/>\n\u00c9crivez-nous et nous vous r\u00e9pondrons dans les plus brefs d\u00e9lais.[\/vc_column_text]\n<div class=\"wpcf7 no-js\" id=\"wpcf7-f154438-o1\" lang=\"fr-FR\" dir=\"ltr\" data-wpcf7-id=\"154438\">\n<div class=\"screen-reader-response\"><p role=\"status\" aria-live=\"polite\" aria-atomic=\"true\"><\/p> <ul><\/ul><\/div>\n<form action=\"\/fr\/wp-json\/wp\/v2\/pages\/151727#wpcf7-f154438-o1\" method=\"post\" class=\"wpcf7-form init\" aria-label=\"Formulaire de contact\" novalidate=\"novalidate\" data-status=\"init\">\n<fieldset class=\"hidden-fields-container\"><input type=\"hidden\" name=\"_wpcf7\" value=\"154438\" \/><input type=\"hidden\" name=\"_wpcf7_version\" value=\"6.1.4\" \/><input type=\"hidden\" name=\"_wpcf7_locale\" value=\"fr_FR\" \/><input type=\"hidden\" name=\"_wpcf7_unit_tag\" value=\"wpcf7-f154438-o1\" \/><input type=\"hidden\" name=\"_wpcf7_container_post\" value=\"0\" \/><input type=\"hidden\" name=\"_wpcf7_posted_data_hash\" value=\"\" \/>\n<\/fieldset>\n<div class=\"row\"><div class=\"col-md-6\">\n<label>Nom de famille<\/label>\n<span class=\"wpcf7-form-control-wrap\" data-name=\"last-name\"><input size=\"40\" maxlength=\"400\" class=\"wpcf7-form-control wpcf7-text wpcf7-validates-as-required\" aria-required=\"true\" aria-invalid=\"false\" value=\"\" type=\"text\" name=\"last-name\" \/><\/span>\n<\/div><div class=\"col-md-6\">\n<label>T\u00e9l.<\/label>\n<span class=\"wpcf7-form-control-wrap\" data-name=\"tel-number\"><input size=\"40\" maxlength=\"400\" class=\"wpcf7-form-control wpcf7-text wpcf7-validates-as-required\" aria-required=\"true\" aria-invalid=\"false\" value=\"\" type=\"text\" name=\"tel-number\" \/><\/span>\n<\/div><div class=\"col-md-6\">\n<label>Pr\u00e9nom<\/label>\n<span class=\"wpcf7-form-control-wrap\" data-name=\"first-name\"><input size=\"40\" maxlength=\"400\" class=\"wpcf7-form-control wpcf7-text wpcf7-validates-as-required\" aria-required=\"true\" aria-invalid=\"false\" value=\"\" type=\"text\" name=\"first-name\" \/><\/span>\n<\/div><div class=\"col-md-6\">\n<label>Compagnie<\/label>\n<span class=\"wpcf7-form-control-wrap\" data-name=\"company\"><input size=\"40\" maxlength=\"400\" class=\"wpcf7-form-control wpcf7-text\" aria-invalid=\"false\" value=\"\" type=\"text\" name=\"company\" \/><\/span>\n<\/div><div class=\"col-md-6\">\n<label>Courriel<\/label>\n<span class=\"wpcf7-form-control-wrap\" data-name=\"email\"><input size=\"40\" maxlength=\"400\" class=\"wpcf7-form-control wpcf7-email wpcf7-validates-as-required wpcf7-text wpcf7-validates-as-email\" aria-required=\"true\" aria-invalid=\"false\" value=\"\" type=\"email\" name=\"email\" \/><\/span>\n<\/div><div class=\"col-md-6\">\n<\/div><div class=\"col-md-12\">\n<label>Message<\/label>\n<span class=\"wpcf7-form-control-wrap\" data-name=\"message\"><textarea cols=\"40\" rows=\"10\" maxlength=\"2000\" class=\"wpcf7-form-control wpcf7-textarea wpcf7-validates-as-required\" aria-required=\"true\" aria-invalid=\"false\" name=\"message\"><\/textarea><\/span>\n<\/div>\n<div class=\"col-md-12\"><!-- Mailchimp for WordPress v4.12.0 - https:\/\/www.mc4wp.com\/ --><input type=\"hidden\" name=\"_mc4wp_subscribe_contact-form-7\" value=\"0\" \/><span class=\"mc4wp-checkbox mc4wp-checkbox-contact-form-7 \"><label><input type=\"checkbox\" name=\"_mc4wp_subscribe_contact-form-7\" value=\"1\" ><span>Oui, m'envoyer votre infolettre.<\/span><\/label><\/span><!-- \/ Mailchimp for WordPress --><\/div>\n<div class=\"col-md-12\"><input class=\"wpcf7-form-control wpcf7-submit has-spinner\" type=\"submit\" value=\"ENVOYER\" \/><\/div><\/div><input type='hidden' class='wpcf7-pum' value='{\"closepopup\":false,\"closedelay\":0,\"openpopup\":false,\"openpopup_id\":0}' \/><div class=\"wpcf7-response-output\" aria-hidden=\"true\"><\/div>\n<\/form>\n<\/div>\n[vc_empty_space height=\u00a0\u00bb30px\u00a0\u00bb][vc_separator color=\u00a0\u00bbcustom\u00a0\u00bb align=\u00a0\u00bbalign_left\u00a0\u00bb border_width=\u00a0\u00bb2&Prime; accent_color=\u00a0\u00bb#dddddd\u00a0\u00bb][vc_empty_space height=\u00a0\u00bb30px\u00a0\u00bb][vc_custom_heading text=\u00a0\u00bbR\u00e9pertoire\u00a0\u00bb font_container=\u00a0\u00bbtag:h2|text_align:left|color:%23ffde02&Prime;][vc_column_text]Cliquez sur l&rsquo;adresse courriel correspondant au service pour lequel vous\u00a0souhaitez avoir de l&rsquo;information afin de contacter les personnes\u00a0responsables.[\/vc_column_text][vc_row_inner el_class=\u00a0\u00bbcontact-us-page-columns\u00a0\u00bb][vc_column_inner width=\u00a0\u00bb1\/3&Prime;][vc_column_text css=\u00a0\u00bb\u00a0\u00bb]<\/p>\n<pre><span style=\"color: #000000;\"><strong>B\u00e9n\u00e9volat<\/strong>\r\n<a style=\"color: #000000;\" href=\"mailto:bvt@jas-sy.org\">bvt@jas-sy.org<\/a>\r\n\r\n<strong>Cueillette<\/strong>\r\n<a style=\"color: #000000;\" href=\"mailto:pickup@jas-sy.org\">pickup@jas-sy.org<\/a>\r\n\r\n<strong>Services<\/strong>\r\n<a style=\"color: #000000;\" href=\"mailto:services@jas-sy.org\">services@jas-sy.org<\/a>\r\n\r\n<strong>Services aux sinistr\u00e9s<\/strong>\r\n<a style=\"color: #000000;\" href=\"mailto:incendie@jas-sy.org\">incendie@jas-sy.org<\/a>\r\n\r\n<strong>Pr\u00e9vention du crime<\/strong>\r\n<a style=\"color: #000000;\" href=\"mailto:prevention@jas-sy.org\">prevention@jas-sy.org<\/a>\r\n\r\n<strong>Plaintes <\/strong>\r\n<a style=\"color: #000000;\" href=\"mailto:plaintes@jas-sy.org\">plaintes@jas-sy.org<\/a><\/span><\/pre>\n<p>[\/vc_column_text][\/vc_column_inner][vc_column_inner width=\u00a0\u00bb1\/3&Prime;][vc_column_text css=\u00a0\u00bb\u00a0\u00bb]<\/p>\n<pre><span style=\"color: #000000;\"><strong>Communications<\/strong><\/span>\r\n<span style=\"color: #000000;\"><a style=\"color: #000000;\" href=\"mailto:communications@jas-sy.org\">communications@jas-sy.org<\/a><\/span>\r\n\r\n<span style=\"color: #000000;\"><strong>Finances<\/strong><\/span>\r\n<span style=\"color: #000000;\"><a style=\"color: #000000;\" href=\"mailto:finance@jas-sy.org\">finance@jas-sy.org<\/a><\/span>\r\n\r\n<span style=\"color: #000000;\"><strong>Football<\/strong><\/span>\r\n<span style=\"color: #000000;\"><a style=\"color: #000000;\" href=\"mailto:football@jas-sy.org\">football@jas-sy.org<\/a><\/span>\r\n\r\n<span style=\"color: #000000;\"><strong>Basketball<\/strong><\/span>\r\n<span style=\"color: #000000;\"><a style=\"color: #000000;\" href=\"mailto:basketball@jas-sy.org\">basketball@jas-sy.org<\/a><\/span>\r\n\r\n<span style=\"color: #000000;\"><strong>Camp de jour <\/strong><\/span>\r\n<span style=\"color: #000000;\"><a style=\"color: #000000;\" href=\"mailto:daycamp@jas-sy.org\">daycamp@jas-sy.org<\/a><\/span>\r\n\r\n<span style=\"color: #000000;\"><strong>Loisirs<\/strong><\/span>\r\n<span style=\"color: #000000;\"><a style=\"color: #000000;\" href=\"mailto:rec@jas-sy.org\">rec@jas-sy.org<\/a><\/span><\/pre>\n<p>[\/vc_column_text][\/vc_column_inner][vc_column_inner width=\u00a0\u00bb1\/3&Prime;][vc_column_text css=\u00a0\u00bb\u00a0\u00bb]<\/p>\n<pre><span style=\"color: #000000;\"><strong>Directrice G\u00e9n\u00e9rale<\/strong>\r\n<a style=\"color: #000000;\" href=\"mailto:marina.boulos@jas-sy.org\">marina.boulos@jas-sy.org<\/a><strong>\r\n\r\nVice-pr\u00e9sident, Finances<\/strong>\r\n<a style=\"color: #000000;\" href=\"mailto:Daniel.Rousseau@jas-sy.org\">daniel.rousseau@jas-sy.org<\/a>\r\n<strong>\r\nDirecteur de l\u2019approvisionnement<\/strong>\r\n<a style=\"color: #000000;\" href=\"mailto:billy.provias@jas-sy.org\">billy.provias@jas-sy.org<\/a>\r\n<strong>\r\nDirecteur, services communautaires<\/strong>\r\n<a style=\"color: #000000;\" href=\"mailto:guinness.rider@jas-sy.org\">guinness.rider@jas-sy.org<\/a>\r\n<strong>\r\nDirecteur de la gestion immobili\u00e8re<\/strong>\r\n<a style=\"color: #000000;\" href=\"mailto:Ernie.Rosa@jas-sy.org\">ernie.rosa@jas-sy.org<\/a>\r\n<strong>\r\nDirectrice des communications<\/strong>\r\n<a style=\"color: #000000;\" href=\"mailto:ann.st.arnaud@jas-sy.org\">ann.st.arnaud@jas-sy.org<\/a>\r\n<strong>\r\nDirecteur des services d\u2019urgence<\/strong>\r\n<a style=\"color: #000000;\" href=\"mailto:jorgen.ulloa@jas-sy.org\">jorgen.ulloa@jas-sy.org<\/a>\r\n\r\n\r\n<\/span><\/pre>\n<p>[\/vc_column_text][\/vc_column_inner][\/vc_row_inner][vc_separator color=\u00a0\u00bbcustom\u00a0\u00bb align=\u00a0\u00bbalign_left\u00a0\u00bb border_width=\u00a0\u00bb2&Prime; accent_color=\u00a0\u00bb#dddddd\u00a0\u00bb][vc_empty_space height=\u00a0\u00bb30px\u00a0\u00bb][vc_custom_heading text=\u00a0\u00bbCONTACTEZ-NOUS\u00a0\u00bb font_container=\u00a0\u00bbtag:h2|text_align:left|color:%23ffde02&Prime;][vc_column_text css=\u00a0\u00bb\u00a0\u00bb]T\u00c9L. : 514 842-6822<br \/>\nFAX : 514 842-5241<\/p>\n<p><strong>CENTRE ADMINISTRATIF<\/strong><br \/>\n<span style=\"color: #000000;\">7501, Blvd St-Laurent<\/span><br \/>\n<span style=\"color: #000000;\">Montr\u00e9al, Qu\u00e9bec<\/span><br \/>\n<span style=\"color: #000000;\">H2R 1W9<\/span><\/p>\n<p>info@jas-sy.org[\/vc_column_text][vc_column_text]<span style=\"font-weight: 400;\">Conform\u00e9ment \u00e0 la Loi 25 du Qu\u00e9bec (Loi modernisant des dispositions l\u00e9gislatives en mati\u00e8re de protection des renseignements personnels &#8211; SQ 2021, c. 25), Jeunesse au Soleil a nomm\u00e9 Daniel Rousseau, vice-pr\u00e9sident finance, comme responsable de la protection des renseignements personnels. Jeunesse au Soleil s&rsquo;engage \u00e0 informer toutes les personnes concern\u00e9es de tout incident de confidentialit\u00e9 qui pourrait leur causer un pr\u00e9judice grave.<\/span>[\/vc_column_text][\/vc_column][\/vc_row]<\/p>\n<\/div>","protected":false},"excerpt":{"rendered":"<p>[vc_row full_width=\u00a0\u00bbstretch_row\u00a0\u00bb el_class=\u00a0\u00bbcontact-us-page\u00a0\u00bb][vc_column][vc_custom_heading text=\u00a0\u00bbDemandes g\u00e9n\u00e9rales\u00a0\u00bb font_container=\u00a0\u00bbtag:h2|text_align:left|color:%23ffde02&Prime;][vc_column_text]Vous avez des questions, des commentaires ou des suggestions? \u00c9crivez-nous et nous vous r\u00e9pondrons dans les plus&#8230;<\/p>\n","protected":false},"author":32,"featured_media":0,"parent":0,"menu_order":0,"comment_status":"closed","ping_status":"closed","template":"page-contact.php","meta":{"_acf_changed":false,"_monsterinsights_skip_tracking":false,"_monsterinsights_sitenote_active":false,"_monsterinsights_sitenote_note":"","_monsterinsights_sitenote_category":0,"footnotes":""},"class_list":["post-151727","page","type-page","status-publish"],"acf":[],"yoast_head":"<!-- This site is optimized with the Yoast SEO plugin v27.2 - https:\/\/yoast.com\/product\/yoast-seo-wordpress\/ -->\n<title>Nous contacter<\/title>\n<meta name=\"description\" content=\"Vous avez des questions, des commentaires ou des suggestions?\u00c9crivez-nous et nous vous r\u00e9pondrons dans les plus brefs d\u00e9lais.\" \/>\n<meta name=\"robots\" content=\"index, follow, max-snippet:-1, max-image-preview:large, max-video-preview:-1\" \/>\n<link rel=\"canonical\" href=\"https:\/\/sunyouth.org\/fr\/nous-contacter\/\" \/>\n<meta property=\"og:locale\" content=\"fr_FR\" \/>\n<meta property=\"og:type\" content=\"article\" \/>\n<meta property=\"og:title\" content=\"Nous contacter\" \/>\n<meta property=\"og:description\" content=\"Vous avez des questions, des commentaires ou des suggestions?\u00c9crivez-nous et nous vous r\u00e9pondrons dans les plus brefs d\u00e9lais.\" \/>\n<meta property=\"og:url\" content=\"https:\/\/sunyouth.org\/fr\/nous-contacter\/\" \/>\n<meta property=\"og:site_name\" content=\"Jeunesse au soleil\" \/>\n<meta property=\"article:modified_time\" content=\"2026-03-19T17:57:28+00:00\" \/>\n<meta name=\"twitter:card\" content=\"summary_large_image\" \/>\n<meta name=\"twitter:label1\" content=\"Dur\u00e9e de lecture estim\u00e9e\" \/>\n\t<meta name=\"twitter:data1\" content=\"1 minute\" \/>\n<script type=\"application\/ld+json\" class=\"yoast-schema-graph\">{\"@context\":\"https:\/\/schema.org\",\"@graph\":[{\"@type\":\"WebPage\",\"@id\":\"https:\/\/sunyouth.org\/fr\/nous-contacter\/\",\"url\":\"https:\/\/sunyouth.org\/fr\/nous-contacter\/\",\"name\":\"Nous contacter\",\"isPartOf\":{\"@id\":\"https:\/\/sunyouth.org\/#website\"},\"datePublished\":\"2018-11-14T17:48:08+00:00\",\"dateModified\":\"2026-03-19T17:57:28+00:00\",\"description\":\"Vous avez des questions, des commentaires ou des suggestions?\u00c9crivez-nous et nous vous r\u00e9pondrons dans les plus brefs d\u00e9lais.\",\"breadcrumb\":{\"@id\":\"https:\/\/sunyouth.org\/fr\/nous-contacter\/#breadcrumb\"},\"inLanguage\":\"fr-FR\",\"potentialAction\":[{\"@type\":\"ReadAction\",\"target\":[\"https:\/\/sunyouth.org\/fr\/nous-contacter\/\"]}]},{\"@type\":\"BreadcrumbList\",\"@id\":\"https:\/\/sunyouth.org\/fr\/nous-contacter\/#breadcrumb\",\"itemListElement\":[{\"@type\":\"ListItem\",\"position\":1,\"name\":\"Home\",\"item\":\"https:\/\/sunyouth.org\/fr\/\"},{\"@type\":\"ListItem\",\"position\":2,\"name\":\"Nous contacter\"}]},{\"@type\":\"WebSite\",\"@id\":\"https:\/\/sunyouth.org\/#website\",\"url\":\"https:\/\/sunyouth.org\/\",\"name\":\"Jeunesse au soleil\",\"description\":\"Dedicated since 1954!\",\"publisher\":{\"@id\":\"https:\/\/sunyouth.org\/#organization\"},\"potentialAction\":[{\"@type\":\"SearchAction\",\"target\":{\"@type\":\"EntryPoint\",\"urlTemplate\":\"https:\/\/sunyouth.org\/?s={search_term_string}\"},\"query-input\":{\"@type\":\"PropertyValueSpecification\",\"valueRequired\":true,\"valueName\":\"search_term_string\"}}],\"inLanguage\":\"fr-FR\"},{\"@type\":\"Organization\",\"@id\":\"https:\/\/sunyouth.org\/#organization\",\"name\":\"SUN YOUTH\",\"url\":\"https:\/\/sunyouth.org\/\",\"logo\":{\"@type\":\"ImageObject\",\"inLanguage\":\"fr-FR\",\"@id\":\"https:\/\/sunyouth.org\/#\/schema\/logo\/image\/\",\"url\":\"https:\/\/sunyouth.org\/wp-content\/uploads\/2018\/11\/LOGO-SUNYOUTH.png\",\"contentUrl\":\"https:\/\/sunyouth.org\/wp-content\/uploads\/2018\/11\/LOGO-SUNYOUTH.png\",\"width\":251,\"height\":251,\"caption\":\"SUN YOUTH\"},\"image\":{\"@id\":\"https:\/\/sunyouth.org\/#\/schema\/logo\/image\/\"}}]}<\/script>\n<!-- \/ Yoast SEO plugin. -->","yoast_head_json":{"title":"Nous contacter","description":"Vous avez des questions, des commentaires ou des suggestions?\u00c9crivez-nous et nous vous r\u00e9pondrons dans les plus brefs d\u00e9lais.","robots":{"index":"index","follow":"follow","max-snippet":"max-snippet:-1","max-image-preview":"max-image-preview:large","max-video-preview":"max-video-preview:-1"},"canonical":"https:\/\/sunyouth.org\/fr\/nous-contacter\/","og_locale":"fr_FR","og_type":"article","og_title":"Nous contacter","og_description":"Vous avez des questions, des commentaires ou des suggestions?\u00c9crivez-nous et nous vous r\u00e9pondrons dans les plus brefs d\u00e9lais.","og_url":"https:\/\/sunyouth.org\/fr\/nous-contacter\/","og_site_name":"Jeunesse au soleil","article_modified_time":"2026-03-19T17:57:28+00:00","twitter_card":"summary_large_image","twitter_misc":{"Dur\u00e9e de lecture estim\u00e9e":"1 minute"},"schema":{"@context":"https:\/\/schema.org","@graph":[{"@type":"WebPage","@id":"https:\/\/sunyouth.org\/fr\/nous-contacter\/","url":"https:\/\/sunyouth.org\/fr\/nous-contacter\/","name":"Nous contacter","isPartOf":{"@id":"https:\/\/sunyouth.org\/#website"},"datePublished":"2018-11-14T17:48:08+00:00","dateModified":"2026-03-19T17:57:28+00:00","description":"Vous avez des questions, des commentaires ou des suggestions?\u00c9crivez-nous et nous vous r\u00e9pondrons dans les plus brefs d\u00e9lais.","breadcrumb":{"@id":"https:\/\/sunyouth.org\/fr\/nous-contacter\/#breadcrumb"},"inLanguage":"fr-FR","potentialAction":[{"@type":"ReadAction","target":["https:\/\/sunyouth.org\/fr\/nous-contacter\/"]}]},{"@type":"BreadcrumbList","@id":"https:\/\/sunyouth.org\/fr\/nous-contacter\/#breadcrumb","itemListElement":[{"@type":"ListItem","position":1,"name":"Home","item":"https:\/\/sunyouth.org\/fr\/"},{"@type":"ListItem","position":2,"name":"Nous contacter"}]},{"@type":"WebSite","@id":"https:\/\/sunyouth.org\/#website","url":"https:\/\/sunyouth.org\/","name":"Jeunesse au soleil","description":"Dedicated since 1954!","publisher":{"@id":"https:\/\/sunyouth.org\/#organization"},"potentialAction":[{"@type":"SearchAction","target":{"@type":"EntryPoint","urlTemplate":"https:\/\/sunyouth.org\/?s={search_term_string}"},"query-input":{"@type":"PropertyValueSpecification","valueRequired":true,"valueName":"search_term_string"}}],"inLanguage":"fr-FR"},{"@type":"Organization","@id":"https:\/\/sunyouth.org\/#organization","name":"SUN YOUTH","url":"https:\/\/sunyouth.org\/","logo":{"@type":"ImageObject","inLanguage":"fr-FR","@id":"https:\/\/sunyouth.org\/#\/schema\/logo\/image\/","url":"https:\/\/sunyouth.org\/wp-content\/uploads\/2018\/11\/LOGO-SUNYOUTH.png","contentUrl":"https:\/\/sunyouth.org\/wp-content\/uploads\/2018\/11\/LOGO-SUNYOUTH.png","width":251,"height":251,"caption":"SUN YOUTH"},"image":{"@id":"https:\/\/sunyouth.org\/#\/schema\/logo\/image\/"}}]}},"_links":{"self":[{"href":"https:\/\/sunyouth.org\/fr\/wp-json\/wp\/v2\/pages\/151727","targetHints":{"allow":["GET"]}}],"collection":[{"href":"https:\/\/sunyouth.org\/fr\/wp-json\/wp\/v2\/pages"}],"about":[{"href":"https:\/\/sunyouth.org\/fr\/wp-json\/wp\/v2\/types\/page"}],"author":[{"embeddable":true,"href":"https:\/\/sunyouth.org\/fr\/wp-json\/wp\/v2\/users\/32"}],"replies":[{"embeddable":true,"href":"https:\/\/sunyouth.org\/fr\/wp-json\/wp\/v2\/comments?post=151727"}],"version-history":[{"count":24,"href":"https:\/\/sunyouth.org\/fr\/wp-json\/wp\/v2\/pages\/151727\/revisions"}],"predecessor-version":[{"id":173485,"href":"https:\/\/sunyouth.org\/fr\/wp-json\/wp\/v2\/pages\/151727\/revisions\/173485"}],"wp:attachment":[{"href":"https:\/\/sunyouth.org\/fr\/wp-json\/wp\/v2\/media?parent=151727"}],"curies":[{"name":"wp","href":"https:\/\/api.w.org\/{rel}","templated":true}]}}