{"id":151718,"date":"2018-10-31T17:01:26","date_gmt":"2018-10-31T17:01:26","guid":{"rendered":"https:\/\/sunyouth.org\/services\/?lang=fr"},"modified":"2020-11-25T10:01:20","modified_gmt":"2020-11-25T10:01:20","slug":"service","status":"publish","type":"page","link":"https:\/\/sunyouth.org\/fr\/service\/","title":{"rendered":"Services"},"content":{"rendered":"<div class=\"wpb-content-wrapper\"><p>[vc_row full_width=\u00a0\u00bbstretch_row\u00a0\u00bb el_class=\u00a0\u00bbservices-page-header-main\u00a0\u00bb css=\u00a0\u00bb.vc_custom_1552330762633{background-image: url(https:\/\/sunyouth.org\/wp-content\/uploads\/2019\/03\/services_header.jpg?id=149058) !important;background-position: center !important;background-repeat: no-repeat !important;background-size: cover !important;}\u00a0\u00bb][vc_column][vc_custom_heading text=\u00a0\u00bbPrestations de service\u00a0\u00bb][vc_column_text]<em>Nos services sont aussi vari\u00e9s que la client\u00e8le que nous desservons, r\u00e9pondent \u00e0 un besoin sp\u00e9cifique et refl\u00e8tent les pr\u00e9occupations de celle-ci. Ils sont flexibles, personnalis\u00e9s et en constante \u00e9volution.<\/em><\/p>\n<p>Nos services se traduisent par de l&rsquo;aide mat\u00e9rielle ou financi\u00e8re, incluant les domaines reli\u00e9s \u00e0 la sant\u00e9 et \u00e0 l&rsquo;adoption de saines habitudes de vie. Ils visent une client\u00e8le vuln\u00e9rable sp\u00e9cifique (personnes \u00e2g\u00e9es, victimes de crime, femmes enceintes, personnes vivant avec le VIH, etc.) ainsi que la population en g\u00e9n\u00e9ral, notamment par des initiatives en pr\u00e9vention du crime.<\/p>\n<p>La plupart de nos initiatives sont r\u00e9alis\u00e9es en partenariat avec diff\u00e9rents acteurs des milieux communautaire, corporatif, municipal et provincial, incluant divers corps de police, agences gouvernementales en sant\u00e9 et services sociaux et le Service de s\u00e9curit\u00e9 incendie de Montr\u00e9al. Outre ces pr\u00e9cieux partenaires, nous comptons sur l\u2019appui de nos donateurs pour mener \u00e0 bien notre mission et offrir ces services.[\/vc_column_text][\/vc_column][\/vc_row]<\/p>\n<\/div>","protected":false},"excerpt":{"rendered":"<p>[vc_row full_width=\u00a0\u00bbstretch_row\u00a0\u00bb el_class=\u00a0\u00bbservices-page-header-main\u00a0\u00bb css=\u00a0\u00bb.vc_custom_1552330762633{background-image: url(https:\/\/sunyouth.org\/wp-content\/uploads\/2019\/03\/services_header.jpg?id=149058) !important;background-position: center !important;background-repeat: no-repeat !important;background-size: cover !important;}\u00a0\u00bb][vc_column][vc_custom_heading text=\u00a0\u00bbPrestations de service\u00a0\u00bb][vc_column_text]Nos services sont aussi vari\u00e9s que la client\u00e8le&#8230;<\/p>\n","protected":false},"author":32,"featured_media":0,"parent":0,"menu_order":0,"comment_status":"closed","ping_status":"closed","template":"page-services-template.php","meta":{"_acf_changed":false,"_monsterinsights_skip_tracking":false,"_monsterinsights_sitenote_active":false,"_monsterinsights_sitenote_note":"","_monsterinsights_sitenote_category":0,"footnotes":""},"class_list":["post-151718","page","type-page","status-publish"],"acf":[],"yoast_head":"<!-- This site is optimized with the Yoast SEO plugin v27.4 - https:\/\/yoast.com\/product\/yoast-seo-wordpress\/ -->\n<title>Prestations de services<\/title>\n<meta name=\"description\" content=\"Nos services se traduisent par de l\u2019aide mat\u00e9rielle ou financi\u00e8re, incluant les domaines reli\u00e9s \u00e0 la sant\u00e9 et \u00e0 l\u2019adoption de saines habitudes de vie.\" \/>\n<meta name=\"robots\" content=\"index, follow, max-snippet:-1, max-image-preview:large, max-video-preview:-1\" \/>\n<link rel=\"canonical\" href=\"https:\/\/sunyouth.org\/fr\/service\/\" \/>\n<meta property=\"og:locale\" content=\"fr_FR\" \/>\n<meta property=\"og:type\" content=\"article\" \/>\n<meta property=\"og:title\" content=\"Prestations de services\" \/>\n<meta property=\"og:description\" content=\"Nos services se traduisent par de l\u2019aide mat\u00e9rielle ou financi\u00e8re, incluant les domaines reli\u00e9s \u00e0 la sant\u00e9 et \u00e0 l\u2019adoption de saines habitudes de vie.\" \/>\n<meta property=\"og:url\" content=\"https:\/\/sunyouth.org\/fr\/service\/\" \/>\n<meta property=\"og:site_name\" content=\"Jeunesse au soleil\" \/>\n<meta property=\"article:modified_time\" content=\"2020-11-25T10:01:20+00:00\" \/>\n<meta name=\"twitter:card\" content=\"summary_large_image\" \/>\n<meta name=\"twitter:label1\" content=\"Dur\u00e9e de lecture estim\u00e9e\" \/>\n\t<meta name=\"twitter:data1\" content=\"1 minute\" \/>\n<script type=\"application\/ld+json\" class=\"yoast-schema-graph\">{\"@context\":\"https:\\\/\\\/schema.org\",\"@graph\":[{\"@type\":\"WebPage\",\"@id\":\"https:\\\/\\\/sunyouth.org\\\/fr\\\/service\\\/\",\"url\":\"https:\\\/\\\/sunyouth.org\\\/fr\\\/service\\\/\",\"name\":\"Prestations de services\",\"isPartOf\":{\"@id\":\"https:\\\/\\\/sunyouth.org\\\/#website\"},\"datePublished\":\"2018-10-31T17:01:26+00:00\",\"dateModified\":\"2020-11-25T10:01:20+00:00\",\"description\":\"Nos services se traduisent par de l\u2019aide mat\u00e9rielle ou financi\u00e8re, incluant les domaines reli\u00e9s \u00e0 la sant\u00e9 et \u00e0 l\u2019adoption de saines habitudes de vie.\",\"breadcrumb\":{\"@id\":\"https:\\\/\\\/sunyouth.org\\\/fr\\\/service\\\/#breadcrumb\"},\"inLanguage\":\"fr-FR\",\"potentialAction\":[{\"@type\":\"ReadAction\",\"target\":[\"https:\\\/\\\/sunyouth.org\\\/fr\\\/service\\\/\"]}]},{\"@type\":\"BreadcrumbList\",\"@id\":\"https:\\\/\\\/sunyouth.org\\\/fr\\\/service\\\/#breadcrumb\",\"itemListElement\":[{\"@type\":\"ListItem\",\"position\":1,\"name\":\"Home\",\"item\":\"https:\\\/\\\/sunyouth.org\\\/fr\\\/\"},{\"@type\":\"ListItem\",\"position\":2,\"name\":\"Services\"}]},{\"@type\":\"WebSite\",\"@id\":\"https:\\\/\\\/sunyouth.org\\\/#website\",\"url\":\"https:\\\/\\\/sunyouth.org\\\/\",\"name\":\"Jeunesse au soleil\",\"description\":\"Dedicated since 1954!\",\"publisher\":{\"@id\":\"https:\\\/\\\/sunyouth.org\\\/#organization\"},\"potentialAction\":[{\"@type\":\"SearchAction\",\"target\":{\"@type\":\"EntryPoint\",\"urlTemplate\":\"https:\\\/\\\/sunyouth.org\\\/?s={search_term_string}\"},\"query-input\":{\"@type\":\"PropertyValueSpecification\",\"valueRequired\":true,\"valueName\":\"search_term_string\"}}],\"inLanguage\":\"fr-FR\"},{\"@type\":\"Organization\",\"@id\":\"https:\\\/\\\/sunyouth.org\\\/#organization\",\"name\":\"SUN YOUTH\",\"url\":\"https:\\\/\\\/sunyouth.org\\\/\",\"logo\":{\"@type\":\"ImageObject\",\"inLanguage\":\"fr-FR\",\"@id\":\"https:\\\/\\\/sunyouth.org\\\/#\\\/schema\\\/logo\\\/image\\\/\",\"url\":\"https:\\\/\\\/sunyouth.org\\\/wp-content\\\/uploads\\\/2018\\\/11\\\/LOGO-SUNYOUTH.png\",\"contentUrl\":\"https:\\\/\\\/sunyouth.org\\\/wp-content\\\/uploads\\\/2018\\\/11\\\/LOGO-SUNYOUTH.png\",\"width\":251,\"height\":251,\"caption\":\"SUN YOUTH\"},\"image\":{\"@id\":\"https:\\\/\\\/sunyouth.org\\\/#\\\/schema\\\/logo\\\/image\\\/\"}}]}<\/script>\n<!-- \/ Yoast SEO plugin. -->","yoast_head_json":{"title":"Prestations de services","description":"Nos services se traduisent par de l\u2019aide mat\u00e9rielle ou financi\u00e8re, incluant les domaines reli\u00e9s \u00e0 la sant\u00e9 et \u00e0 l\u2019adoption de saines habitudes de vie.","robots":{"index":"index","follow":"follow","max-snippet":"max-snippet:-1","max-image-preview":"max-image-preview:large","max-video-preview":"max-video-preview:-1"},"canonical":"https:\/\/sunyouth.org\/fr\/service\/","og_locale":"fr_FR","og_type":"article","og_title":"Prestations de services","og_description":"Nos services se traduisent par de l\u2019aide mat\u00e9rielle ou financi\u00e8re, incluant les domaines reli\u00e9s \u00e0 la sant\u00e9 et \u00e0 l\u2019adoption de saines habitudes de vie.","og_url":"https:\/\/sunyouth.org\/fr\/service\/","og_site_name":"Jeunesse au soleil","article_modified_time":"2020-11-25T10:01:20+00:00","twitter_card":"summary_large_image","twitter_misc":{"Dur\u00e9e de lecture estim\u00e9e":"1 minute"},"schema":{"@context":"https:\/\/schema.org","@graph":[{"@type":"WebPage","@id":"https:\/\/sunyouth.org\/fr\/service\/","url":"https:\/\/sunyouth.org\/fr\/service\/","name":"Prestations de services","isPartOf":{"@id":"https:\/\/sunyouth.org\/#website"},"datePublished":"2018-10-31T17:01:26+00:00","dateModified":"2020-11-25T10:01:20+00:00","description":"Nos services se traduisent par de l\u2019aide mat\u00e9rielle ou financi\u00e8re, incluant les domaines reli\u00e9s \u00e0 la sant\u00e9 et \u00e0 l\u2019adoption de saines habitudes de vie.","breadcrumb":{"@id":"https:\/\/sunyouth.org\/fr\/service\/#breadcrumb"},"inLanguage":"fr-FR","potentialAction":[{"@type":"ReadAction","target":["https:\/\/sunyouth.org\/fr\/service\/"]}]},{"@type":"BreadcrumbList","@id":"https:\/\/sunyouth.org\/fr\/service\/#breadcrumb","itemListElement":[{"@type":"ListItem","position":1,"name":"Home","item":"https:\/\/sunyouth.org\/fr\/"},{"@type":"ListItem","position":2,"name":"Services"}]},{"@type":"WebSite","@id":"https:\/\/sunyouth.org\/#website","url":"https:\/\/sunyouth.org\/","name":"Jeunesse au soleil","description":"Dedicated since 1954!","publisher":{"@id":"https:\/\/sunyouth.org\/#organization"},"potentialAction":[{"@type":"SearchAction","target":{"@type":"EntryPoint","urlTemplate":"https:\/\/sunyouth.org\/?s={search_term_string}"},"query-input":{"@type":"PropertyValueSpecification","valueRequired":true,"valueName":"search_term_string"}}],"inLanguage":"fr-FR"},{"@type":"Organization","@id":"https:\/\/sunyouth.org\/#organization","name":"SUN YOUTH","url":"https:\/\/sunyouth.org\/","logo":{"@type":"ImageObject","inLanguage":"fr-FR","@id":"https:\/\/sunyouth.org\/#\/schema\/logo\/image\/","url":"https:\/\/sunyouth.org\/wp-content\/uploads\/2018\/11\/LOGO-SUNYOUTH.png","contentUrl":"https:\/\/sunyouth.org\/wp-content\/uploads\/2018\/11\/LOGO-SUNYOUTH.png","width":251,"height":251,"caption":"SUN YOUTH"},"image":{"@id":"https:\/\/sunyouth.org\/#\/schema\/logo\/image\/"}}]}},"_links":{"self":[{"href":"https:\/\/sunyouth.org\/fr\/wp-json\/wp\/v2\/pages\/151718","targetHints":{"allow":["GET"]}}],"collection":[{"href":"https:\/\/sunyouth.org\/fr\/wp-json\/wp\/v2\/pages"}],"about":[{"href":"https:\/\/sunyouth.org\/fr\/wp-json\/wp\/v2\/types\/page"}],"author":[{"embeddable":true,"href":"https:\/\/sunyouth.org\/fr\/wp-json\/wp\/v2\/users\/32"}],"replies":[{"embeddable":true,"href":"https:\/\/sunyouth.org\/fr\/wp-json\/wp\/v2\/comments?post=151718"}],"version-history":[{"count":2,"href":"https:\/\/sunyouth.org\/fr\/wp-json\/wp\/v2\/pages\/151718\/revisions"}],"predecessor-version":[{"id":154439,"href":"https:\/\/sunyouth.org\/fr\/wp-json\/wp\/v2\/pages\/151718\/revisions\/154439"}],"wp:attachment":[{"href":"https:\/\/sunyouth.org\/fr\/wp-json\/wp\/v2\/media?parent=151718"}],"curies":[{"name":"wp","href":"https:\/\/api.w.org\/{rel}","templated":true}]}}