{"id":151716,"date":"2018-10-30T14:42:58","date_gmt":"2018-10-30T14:42:58","guid":{"rendered":"https:\/\/sunyouth.org\/donation-terms-and-conditions\/?lang=fr"},"modified":"2018-10-30T14:42:58","modified_gmt":"2018-10-30T14:42:58","slug":"donation-terms-and-conditions","status":"publish","type":"page","link":"https:\/\/sunyouth.org\/fr\/donation-terms-and-conditions\/","title":{"rendered":"Donation Terms And Conditions"},"content":{"rendered":"<div class=\"wpb-content-wrapper\"><p>[vc_row][vc_column][vc_column_text]<strong>D\u00e9finition<\/strong><\/p>\n<p>Pour les fins de cette politique, les renseignements personnels d\u00e9signent tout\u00a0renseignement\u00a0concernant un individu identifiable y compris des renseignements qui peuvent servir \u00e0 reconna\u00eetre, identifier ou contacter une personne en particulier, qu&rsquo;il s&rsquo;agisse d&rsquo;une adresse \u00e9lectronique, de son adresse de r\u00e9sidence, ou de ses int\u00e9r\u00eats et des causes et organisations avec lesquelles elle transige.<\/p>\n<p>Le terme \u00ab\u00a0donateur\u00a0\u00bb r\u00e9f\u00e8re \u00e0 une personne, physique ou morale, ou organisation qui transf\u00e8re \u00e0 Jeunesse au Soleil la propri\u00e9t\u00e9 d\u2019un bien ou d\u2019une somme d\u2019argent sans qu\u2019une quelconque compensation ne lui soit exig\u00e9e.<\/p>\n<p>Le terme \u00ab\u00a0donation\u00a0\u00bb est le bien ou le montant d\u2019argent qui fait l\u2019objet d\u2019un transf\u00e8re de propri\u00e9t\u00e9.<\/p>\n<p><strong>Responsabilit\u00e9 <\/strong><\/p>\n<p>Jeunesse au Soleil n&rsquo;\u00e9change pas, n&rsquo;accorde pas par licence, ne loue pas ni ne vend de renseignements personnels, et ce, de quelque fa\u00e7on que ce soit.<\/p>\n<p>Jeunesse au soleil est responsable des renseignements personnels qu\u2019elle re\u00e7oit et s\u2019engage \u00e0 prendre les moyens n\u00e9cessaires pour respecter la confidentialit\u00e9 des informations fournies. Jeunesse au Soleil n\u2019est pas responsable des fautes commises par une tierce partie ou de l\u2019utilisation fautive de renseignements personnels faite par une tierce partie.<\/p>\n<p>Jeunesse au Soleil s\u2019engage \u00e0 ne pas utiliser ou communiquer les renseignements personnels \u00e0 des fins autres que pour le traitement de la donation.<\/p>\n<p>Jeunesse au Soleil s\u2019engage \u00e0 respecter les normes applicables sur la protection des renseignements personnels \u00e9tablies en vertu de la <em>Loi sur la protection des renseignements personnels et les documents \u00e9lectroniques<\/em>.<\/p>\n<p><strong>D\u00e9termination des fins de la collecte de renseignements<\/strong><\/p>\n<p>Jeunesse aux Soleils collecte des renseignements personnels afin de notamment permettre la r\u00e9ception de la donation, \u00e9mettre les re\u00e7us d\u2019imp\u00f4t et communiquer avec le donateur (en cas de probl\u00e8mes, lettres de nouvelles, etc.)<\/p>\n<p><strong>Consentement<\/strong><\/p>\n<p>Le donateur consent \u00e0 transmettre les renseignements suivants\u00a0:<\/p>\n<ol>\n<li>Nom et pr\u00e9nom<\/li>\n<li>Nom de la compagnie (s\u2019il y a lieu)<\/li>\n<li>Adresse<\/li>\n<li>Adresse courriel<\/li>\n<li>T\u00e9l\u00e9phone<\/li>\n<li>Renseignements bancaires n\u00e9cessaires pour faire la donation<\/li>\n<li>Historique de donation<\/li>\n<li>Informations pour les re\u00e7us officiels<\/li>\n<li>Autres informations (ex. \u00e2ge, etc)<\/li>\n<\/ol>\n<p>Les renseignements personnels fournis doivent \u00eatre exactes, complets et \u00e0 jour. Dans le cas de donations mensuels, s\u2019il y a une modification des renseignements personnels, le donateur doit informer Jeunesse au Soleil.<\/p>\n<p>Le donateur consent \u00e0 tous les termes et conditions pr\u00e9vue dans cette politique.<\/p>\n<p>Le donateur affirme \u00eatre propri\u00e9taire du bien, de l\u2019argent ou de la carte de cr\u00e9dit utilis\u00e9e aux fins de la donation. Si le donateur n\u2019est pas le propri\u00e9taire du bien, de l\u2019argent ou de la carte de cr\u00e9dit utilis\u00e9 et qu\u2019il fait la donation au nom d\u2019une tierce personne, le donateur doit avoir obtenu pr\u00e9alablement le consentement de cette dite personne.<\/p>\n<p>Le donateur consent \u00e0 permettre Jeunesse au Soleil de transmettre les renseignements personnels ainsi que les modifications pertinentes \u00e0 des tierces parties qu\u2019il juge pertinent pour le traitement de la donation.<\/p>\n<p><strong>Acc\u00e8s aux renseignements personnels<\/strong><\/p>\n<p>\u00c0 la demande du donateur, Jeunesse au Soleil pourra lui fournir une liste des personnes ou organisations \u00e0 qui les renseignements ont \u00e9t\u00e9 transmis. Jeunesse au Soleil donnera aux donateurs l&rsquo;acc\u00e8s \u00e0 leurs renseignements personnels qui sont sous sa garde ou sa gestion, sous r\u00e9serve des restrictions juridiques.<\/p>\n<p><strong>Limitations <\/strong><\/p>\n<p>Toutes les donations sont finales et aucun remboursement ou retour n\u2019est permis.<\/p>\n<p>Jeunesse au Soleil se r\u00e9serve le droit de v\u00e9rifier les donations avant de les accepter. Jeunesse au Soleil se r\u00e9serve le droit de refuser toutes donations notamment celles qui ne pourront servir \u00e0 la mission de Jeunesse au Soleil, dont l\u2019objet est illicite ou qui met \u00e0 risque la s\u00e9curit\u00e9 financi\u00e8re du donateur.<\/p>\n<p>Dans le cas de donations mensuelles successives, Jeunesse au Soleil se r\u00e9serve le droit de mettre fin aux pr\u00e9l\u00e8vements mensuels lorsqu\u2019elle est en pr\u00e9sence notamment d\u2019une irr\u00e9gularit\u00e9 ou d\u2019un manque de fonds.<\/p>\n<p><strong>Plaintes<\/strong><\/p>\n<p>Un donateur qui d\u00e9sire se plaindre du non-respect d\u2019une des conditions ou des normes application en vertu de la <em>Loi sur la protection des renseignements personnels et les documents \u00e9lectroniques<\/em> peut communiquer directement avec Jeunesse au Soleil\u00a0:<\/p>\n<p style=\"text-align: center;\">Jeunesse au Soleil<\/p>\n<p style=\"text-align: center;\">370avenue Mont-Royal Ouest<\/p>\n<p style=\"text-align: center;\">Montr\u00e9al (Qu\u00e9bec)<\/p>\n<p style=\"text-align: center;\">H2V 2S4<\/p>\n<p>[\/vc_column_text][\/vc_column][\/vc_row]<\/p>\n<\/div>","protected":false},"excerpt":{"rendered":"<p>[vc_row][vc_column][vc_column_text]D\u00e9finition Pour les fins de cette politique, les renseignements personnels d\u00e9signent tout\u00a0renseignement\u00a0concernant un individu identifiable y compris des renseignements qui peuvent servir&#8230;<\/p>\n","protected":false},"author":23,"featured_media":0,"parent":0,"menu_order":0,"comment_status":"closed","ping_status":"closed","template":"sample-template.php","meta":{"_acf_changed":false,"_monsterinsights_skip_tracking":false,"_monsterinsights_sitenote_active":false,"_monsterinsights_sitenote_note":"","_monsterinsights_sitenote_category":0,"footnotes":""},"class_list":["post-151716","page","type-page","status-publish"],"acf":[],"yoast_head":"<!-- This site is optimized with the Yoast SEO plugin v27.2 - https:\/\/yoast.com\/product\/yoast-seo-wordpress\/ -->\n<title>Donation Terms And Conditions - Jeunesse au soleil<\/title>\n<meta name=\"robots\" content=\"index, follow, max-snippet:-1, max-image-preview:large, max-video-preview:-1\" \/>\n<link rel=\"canonical\" href=\"https:\/\/sunyouth.org\/fr\/donation-terms-and-conditions\/\" \/>\n<meta property=\"og:locale\" content=\"fr_FR\" \/>\n<meta property=\"og:type\" content=\"article\" \/>\n<meta property=\"og:title\" content=\"Donation Terms And Conditions - Jeunesse au soleil\" \/>\n<meta property=\"og:description\" content=\"[vc_row][vc_column][vc_column_text]D\u00e9finition Pour les fins de cette politique, les renseignements personnels d\u00e9signent tout\u00a0renseignement\u00a0concernant un individu identifiable y compris des renseignements qui peuvent servir...\" \/>\n<meta property=\"og:url\" content=\"https:\/\/sunyouth.org\/fr\/donation-terms-and-conditions\/\" \/>\n<meta property=\"og:site_name\" content=\"Jeunesse au soleil\" \/>\n<meta name=\"twitter:card\" content=\"summary_large_image\" \/>\n<meta name=\"twitter:label1\" content=\"Dur\u00e9e de lecture estim\u00e9e\" \/>\n\t<meta name=\"twitter:data1\" content=\"4 minutes\" \/>\n<script type=\"application\/ld+json\" class=\"yoast-schema-graph\">{\"@context\":\"https:\/\/schema.org\",\"@graph\":[{\"@type\":\"WebPage\",\"@id\":\"https:\/\/sunyouth.org\/fr\/donation-terms-and-conditions\/\",\"url\":\"https:\/\/sunyouth.org\/fr\/donation-terms-and-conditions\/\",\"name\":\"Donation Terms And Conditions - Jeunesse au soleil\",\"isPartOf\":{\"@id\":\"https:\/\/sunyouth.org\/#website\"},\"datePublished\":\"2018-10-30T14:42:58+00:00\",\"breadcrumb\":{\"@id\":\"https:\/\/sunyouth.org\/fr\/donation-terms-and-conditions\/#breadcrumb\"},\"inLanguage\":\"fr-FR\",\"potentialAction\":[{\"@type\":\"ReadAction\",\"target\":[\"https:\/\/sunyouth.org\/fr\/donation-terms-and-conditions\/\"]}]},{\"@type\":\"BreadcrumbList\",\"@id\":\"https:\/\/sunyouth.org\/fr\/donation-terms-and-conditions\/#breadcrumb\",\"itemListElement\":[{\"@type\":\"ListItem\",\"position\":1,\"name\":\"Home\",\"item\":\"https:\/\/sunyouth.org\/fr\/\"},{\"@type\":\"ListItem\",\"position\":2,\"name\":\"Donation Terms And Conditions\"}]},{\"@type\":\"WebSite\",\"@id\":\"https:\/\/sunyouth.org\/#website\",\"url\":\"https:\/\/sunyouth.org\/\",\"name\":\"Jeunesse au soleil\",\"description\":\"Dedicated since 1954!\",\"publisher\":{\"@id\":\"https:\/\/sunyouth.org\/#organization\"},\"potentialAction\":[{\"@type\":\"SearchAction\",\"target\":{\"@type\":\"EntryPoint\",\"urlTemplate\":\"https:\/\/sunyouth.org\/?s={search_term_string}\"},\"query-input\":{\"@type\":\"PropertyValueSpecification\",\"valueRequired\":true,\"valueName\":\"search_term_string\"}}],\"inLanguage\":\"fr-FR\"},{\"@type\":\"Organization\",\"@id\":\"https:\/\/sunyouth.org\/#organization\",\"name\":\"SUN YOUTH\",\"url\":\"https:\/\/sunyouth.org\/\",\"logo\":{\"@type\":\"ImageObject\",\"inLanguage\":\"fr-FR\",\"@id\":\"https:\/\/sunyouth.org\/#\/schema\/logo\/image\/\",\"url\":\"https:\/\/sunyouth.org\/wp-content\/uploads\/2018\/11\/LOGO-SUNYOUTH.png\",\"contentUrl\":\"https:\/\/sunyouth.org\/wp-content\/uploads\/2018\/11\/LOGO-SUNYOUTH.png\",\"width\":251,\"height\":251,\"caption\":\"SUN YOUTH\"},\"image\":{\"@id\":\"https:\/\/sunyouth.org\/#\/schema\/logo\/image\/\"}}]}<\/script>\n<!-- \/ Yoast SEO plugin. -->","yoast_head_json":{"title":"Donation Terms And Conditions - Jeunesse au soleil","robots":{"index":"index","follow":"follow","max-snippet":"max-snippet:-1","max-image-preview":"max-image-preview:large","max-video-preview":"max-video-preview:-1"},"canonical":"https:\/\/sunyouth.org\/fr\/donation-terms-and-conditions\/","og_locale":"fr_FR","og_type":"article","og_title":"Donation Terms And Conditions - Jeunesse au soleil","og_description":"[vc_row][vc_column][vc_column_text]D\u00e9finition Pour les fins de cette politique, les renseignements personnels d\u00e9signent tout\u00a0renseignement\u00a0concernant un individu identifiable y compris des renseignements qui peuvent servir...","og_url":"https:\/\/sunyouth.org\/fr\/donation-terms-and-conditions\/","og_site_name":"Jeunesse au soleil","twitter_card":"summary_large_image","twitter_misc":{"Dur\u00e9e de lecture estim\u00e9e":"4 minutes"},"schema":{"@context":"https:\/\/schema.org","@graph":[{"@type":"WebPage","@id":"https:\/\/sunyouth.org\/fr\/donation-terms-and-conditions\/","url":"https:\/\/sunyouth.org\/fr\/donation-terms-and-conditions\/","name":"Donation Terms And Conditions - Jeunesse au soleil","isPartOf":{"@id":"https:\/\/sunyouth.org\/#website"},"datePublished":"2018-10-30T14:42:58+00:00","breadcrumb":{"@id":"https:\/\/sunyouth.org\/fr\/donation-terms-and-conditions\/#breadcrumb"},"inLanguage":"fr-FR","potentialAction":[{"@type":"ReadAction","target":["https:\/\/sunyouth.org\/fr\/donation-terms-and-conditions\/"]}]},{"@type":"BreadcrumbList","@id":"https:\/\/sunyouth.org\/fr\/donation-terms-and-conditions\/#breadcrumb","itemListElement":[{"@type":"ListItem","position":1,"name":"Home","item":"https:\/\/sunyouth.org\/fr\/"},{"@type":"ListItem","position":2,"name":"Donation Terms And Conditions"}]},{"@type":"WebSite","@id":"https:\/\/sunyouth.org\/#website","url":"https:\/\/sunyouth.org\/","name":"Jeunesse au soleil","description":"Dedicated since 1954!","publisher":{"@id":"https:\/\/sunyouth.org\/#organization"},"potentialAction":[{"@type":"SearchAction","target":{"@type":"EntryPoint","urlTemplate":"https:\/\/sunyouth.org\/?s={search_term_string}"},"query-input":{"@type":"PropertyValueSpecification","valueRequired":true,"valueName":"search_term_string"}}],"inLanguage":"fr-FR"},{"@type":"Organization","@id":"https:\/\/sunyouth.org\/#organization","name":"SUN YOUTH","url":"https:\/\/sunyouth.org\/","logo":{"@type":"ImageObject","inLanguage":"fr-FR","@id":"https:\/\/sunyouth.org\/#\/schema\/logo\/image\/","url":"https:\/\/sunyouth.org\/wp-content\/uploads\/2018\/11\/LOGO-SUNYOUTH.png","contentUrl":"https:\/\/sunyouth.org\/wp-content\/uploads\/2018\/11\/LOGO-SUNYOUTH.png","width":251,"height":251,"caption":"SUN YOUTH"},"image":{"@id":"https:\/\/sunyouth.org\/#\/schema\/logo\/image\/"}}]}},"_links":{"self":[{"href":"https:\/\/sunyouth.org\/fr\/wp-json\/wp\/v2\/pages\/151716","targetHints":{"allow":["GET"]}}],"collection":[{"href":"https:\/\/sunyouth.org\/fr\/wp-json\/wp\/v2\/pages"}],"about":[{"href":"https:\/\/sunyouth.org\/fr\/wp-json\/wp\/v2\/types\/page"}],"author":[{"embeddable":true,"href":"https:\/\/sunyouth.org\/fr\/wp-json\/wp\/v2\/users\/23"}],"replies":[{"embeddable":true,"href":"https:\/\/sunyouth.org\/fr\/wp-json\/wp\/v2\/comments?post=151716"}],"version-history":[{"count":0,"href":"https:\/\/sunyouth.org\/fr\/wp-json\/wp\/v2\/pages\/151716\/revisions"}],"wp:attachment":[{"href":"https:\/\/sunyouth.org\/fr\/wp-json\/wp\/v2\/media?parent=151716"}],"curies":[{"name":"wp","href":"https:\/\/api.w.org\/{rel}","templated":true}]}}